{"id":785,"date":"2020-05-27T08:29:13","date_gmt":"2020-05-27T06:29:13","guid":{"rendered":"https:\/\/www.europlast.cz\/kontakt\/"},"modified":"2020-12-18T10:24:39","modified_gmt":"2020-12-18T09:24:39","slug":"contact-us","status":"publish","type":"page","link":"https:\/\/www.europlast.cz\/en\/contact-us\/","title":{"rendered":"Contact us"},"content":{"rendered":"<p>[et_pb_section fb_built=&#8221;1&#8243; _builder_version=&#8221;4.4.7&#8243; background_color=&#8221;#eaeaea&#8221; use_background_color_gradient=&#8221;on&#8221; background_image=&#8221;https:\/\/www.europlast.cz\/wp-content\/uploads\/2020\/06\/kontakt-banner.jpg&#8221; overflow-x=&#8221;hidden&#8221; overflow-y=&#8221;hidden&#8221;][et_pb_row _builder_version=&#8221;4.4.7&#8243;][et_pb_column type=&#8221;4_4&#8243; _builder_version=&#8221;4.4.7&#8243;][et_pb_text _builder_version=&#8221;4.4.7&#8243;]<\/p>\n<h2>Contact<\/h2>\n<p>[\/et_pb_text][\/et_pb_column][\/et_pb_row][\/et_pb_section][et_pb_section fb_built=&#8221;1&#8243; disabled_on=&#8221;off|off|on&#8221; module_class=&#8221;contact-map-box even&#8221; _builder_version=&#8221;4.4.7&#8243; custom_margin=&#8221;0px|0px|0px|0px|false|false&#8221; custom_padding=&#8221;0px|0px|0px|0px|false|false&#8221;][et_pb_row column_structure=&#8221;2_3,1_3&#8243; make_equal=&#8221;on&#8221; _builder_version=&#8221;4.4.7&#8243; width=&#8221;100%&#8221; max_width=&#8221;100%&#8221; custom_margin=&#8221;0px|0px|0px|0px|false|false&#8221; custom_padding=&#8221;0px|0px|0px|0px|false|false&#8221;][et_pb_column type=&#8221;2_3&#8243; _builder_version=&#8221;4.4.7&#8243;][et_pb_map address=&#8221;Velk\u00e9 N\u011bm\u010dice &#8211; Zele\u0148\u00e1k, 691 63 Nosislav, \u010cesko&#8221; zoom_level=&#8221;17&#8243; address_lat=&#8221;49.0160533&#8243; address_lng=&#8221;16.6844601&#8243; mouse_wheel=&#8221;off&#8221; _builder_version=&#8221;4.4.7&#8243;][\/et_pb_map][\/et_pb_column][et_pb_column type=&#8221;1_3&#8243; _builder_version=&#8221;4.4.7&#8243; z_index=&#8221;262&#8243; custom_padding=&#8221;80px||50px||false|false&#8221; custom_padding_tablet=&#8221;30px|50px||50px|false|false&#8221; custom_padding_phone=&#8221;30px|50px|80px|50px|false|false&#8221; custom_padding_last_edited=&#8221;on|phone&#8221;][et_pb_text _builder_version=&#8221;4.4.7&#8243; module_alignment=&#8221;left&#8221; custom_margin=&#8221;|0px||0px|false|false&#8221; custom_padding=&#8221;|0px||0px|false|false&#8221;]<\/p>\n<p><strong><span>E U R O P L A S T, s.r.o.<\/span><br \/> <\/strong>koresponden\u010dn\u00ed adresa spole\u010dnosti:<br \/> Velk\u00e9 N\u011bm\u010dice &#8211; Zele\u0148\u00e1k<br \/> 691 64 Nosislav<br \/> tel.: +420 515 158 412 &#8211; 415<br \/> tel.: +420 515 158 418<br \/> fax: +420 515 158 411<br \/> e-mail: europlastbrno@europlast.cz<br \/> www.europlast.cz<\/p>\n<p>[\/et_pb_text][\/et_pb_column][\/et_pb_row][\/et_pb_section][et_pb_section fb_built=&#8221;1&#8243; custom_padding_last_edited=&#8221;on|phone&#8221; module_class=&#8221;contact-map-box odd&#8221; _builder_version=&#8221;4.4.7&#8243; background_enable_color=&#8221;off&#8221; custom_margin=&#8221;|0px||0px|false|false&#8221; custom_padding=&#8221;0px|0px|0px|0px|false|false&#8221; custom_padding_tablet=&#8221;&#8221; custom_padding_phone=&#8221;||||false|false&#8221; animation_style=&#8221;fade&#8221; hover_enabled=&#8221;0&#8243; disabled_on=&#8221;on|on|off&#8221;][et_pb_row column_structure=&#8221;1_3,2_3&#8243; make_equal=&#8221;on&#8221; _builder_version=&#8221;4.4.7&#8243; width=&#8221;100%&#8221; max_width=&#8221;100%&#8221; custom_padding=&#8221;0px|0px|0px|0px|false|false&#8221;][et_pb_column type=&#8221;1_3&#8243; _builder_version=&#8221;4.4.7&#8243; z_index=&#8221;194&#8243; custom_padding=&#8221;80px|0px|50px|0px|false|false&#8221; custom_padding_tablet=&#8221;|50px||50px|false|false&#8221; custom_padding_phone=&#8221;100px|50px|100px|50px|false|false&#8221; custom_padding_last_edited=&#8221;on|tablet&#8221;][et_pb_text _builder_version=&#8221;4.4.7&#8243; custom_margin=&#8221;|||165px|false|false&#8221; custom_margin_tablet=&#8221;|||0px|false|false&#8221; custom_margin_phone=&#8221;|||0px|false|false&#8221; custom_margin_last_edited=&#8221;on|phone&#8221; custom_padding=&#8221;0px|||0px|false|false&#8221; custom_padding_phone=&#8221;0px|||0px|false|false&#8221; custom_padding_last_edited=&#8221;off|desktop&#8221;]<\/p>\n<p><span>E U R O P L A S T, s.r.o.<\/span><br \/><span>Company correspondence address<\/span>:<br \/> Velk\u00e9 N\u011bm\u010dice &#8211; Zele\u0148\u00e1k<br \/> 691 64 Nosislav<br \/> tel.: +420 515 158 412 &#8211; 415<br \/> tel.: +420 515 158 418<br \/> fax: +420 515 158 411<br \/> e-mail: europlastbrno@europlast.cz<br \/> www.europlast.cz<\/p>\n<div class=\"et_pb_module et_pb_text et_pb_text_1_tb_footer  et_pb_text_align_left et_pb_bg_layout_light\">\n<div class=\"et_pb_text_inner\">\n<p>&nbsp;<\/p>\n<\/div>\n<\/div>\n<div class=\"et_pb_module et_pb_text et_pb_text_2_tb_footer  et_pb_text_align_left et_pb_bg_layout_light\">\n<div class=\"et_pb_text_inner\"><\/div>\n<\/div>\n<p>[\/et_pb_text][\/et_pb_column][et_pb_column type=&#8221;2_3&#8243; _builder_version=&#8221;4.4.7&#8243;][et_pb_map address=&#8221;Velk\u00e9 N\u011bm\u010dice &#8211; Zele\u0148\u00e1k, 691 63 Nosislav, Czechia&#8221; zoom_level=&#8221;17&#8243; address_lat=&#8221;49.0160533&#8243; address_lng=&#8221;16.6844601&#8243; mouse_wheel=&#8221;off&#8221; _builder_version=&#8221;4.4.7&#8243;][\/et_pb_map][\/et_pb_column][\/et_pb_row][\/et_pb_section][et_pb_section fb_built=&#8221;1&#8243; disabled_on=&#8221;off|off|off&#8221; module_class=&#8221;contact-map-box even&#8221; _builder_version=&#8221;4.4.7&#8243; custom_margin=&#8221;0px|0px|0px|0px|false|false&#8221; custom_padding=&#8221;0px|0px|0px|0px|false|false&#8221; hover_enabled=&#8221;0&#8243;][et_pb_row column_structure=&#8221;2_3,1_3&#8243; make_equal=&#8221;on&#8221; _builder_version=&#8221;4.4.7&#8243; width=&#8221;100%&#8221; max_width=&#8221;100%&#8221; custom_margin=&#8221;0px|0px|0px|0px|false|false&#8221; custom_padding=&#8221;0px|0px|0px|0px|false|false&#8221;][et_pb_column type=&#8221;2_3&#8243; _builder_version=&#8221;4.4.7&#8243;][et_pb_map address=&#8221;V\u00edt\u011bzn\u00e1 183, Sedlec, 284 03 Kutn\u00e1 Hora, \u010cesko&#8221; zoom_level=&#8221;17&#8243; address_lat=&#8221;49.9620787&#8243; address_lng=&#8221;15.2916529&#8243; mouse_wheel=&#8221;off&#8221; _builder_version=&#8221;4.4.7&#8243; hover_enabled=&#8221;0&#8243;][\/et_pb_map][\/et_pb_column][et_pb_column type=&#8221;1_3&#8243; _builder_version=&#8221;4.4.7&#8243; z_index=&#8221;262&#8243; custom_padding=&#8221;80px||50px||false|false&#8221; custom_padding_tablet=&#8221;30px|50px||50px|false|false&#8221; custom_padding_phone=&#8221;30px|50px|80px|50px|false|false&#8221; custom_padding_last_edited=&#8221;on|phone&#8221;][et_pb_text _builder_version=&#8221;4.4.7&#8243; module_alignment=&#8221;left&#8221; custom_margin=&#8221;|0px||0px|false|false&#8221; custom_padding=&#8221;|0px||0px|false|false&#8221;]<\/p>\n<p><strong><span>E U R O P L A S T, s.r.o.<\/span><br \/> <\/strong>V\u00edt\u011bzn\u00e1 183<br \/> 284 03 Kutn\u00e1 Hora &#8211; Sedlec<br \/> tel.: +420 322 310 311<br \/> tel.: +420 322 310 315<br \/> fax: +420 322 310 327<br \/> e-mail: europlastkhora@europlast.cz<br \/> www.europlast.cz<\/p>\n<p>[\/et_pb_text][\/et_pb_column][\/et_pb_row][\/et_pb_section][et_pb_section fb_built=&#8221;1&#8243; disabled_on=&#8221;off|off|on&#8221; module_class=&#8221;contact-map-box even&#8221; _builder_version=&#8221;4.4.7&#8243; custom_margin=&#8221;0px|0px|0px|0px|false|false&#8221; custom_padding=&#8221;0px|0px|0px|0px|false|false&#8221; hover_enabled=&#8221;0&#8243;][et_pb_row column_structure=&#8221;2_3,1_3&#8243; make_equal=&#8221;on&#8221; _builder_version=&#8221;4.4.7&#8243; width=&#8221;100%&#8221; max_width=&#8221;100%&#8221; custom_margin=&#8221;0px|0px|0px|0px|false|false&#8221; custom_padding=&#8221;0px|0px|0px|0px|false|false&#8221; hover_enabled=&#8221;0&#8243;][et_pb_column type=&#8221;2_3&#8243; _builder_version=&#8221;4.4.7&#8243;][et_pb_map address=&#8221;Opavsk\u00e1 3376\/18, 831 01 Bratislava, Slovensko&#8221; zoom_level=&#8221;17&#8243; address_lat=&#8221;48.1643653&#8243; address_lng=&#8221;17.0887092&#8243; mouse_wheel=&#8221;off&#8221; _builder_version=&#8221;4.4.7&#8243; hover_enabled=&#8221;0&#8243; disabled_on=&#8221;off|off|off&#8221;][\/et_pb_map][\/et_pb_column][et_pb_column type=&#8221;1_3&#8243; _builder_version=&#8221;4.4.7&#8243; z_index=&#8221;262&#8243; custom_padding=&#8221;80px||50px||false|false&#8221; custom_padding_tablet=&#8221;30px|50px||50px|false|false&#8221; custom_padding_phone=&#8221;30px|50px|80px|50px|false|false&#8221; custom_padding_last_edited=&#8221;on|phone&#8221;][et_pb_text _builder_version=&#8221;4.4.7&#8243; module_alignment=&#8221;left&#8221; custom_margin=&#8221;|0px||0px|false|false&#8221; custom_padding=&#8221;|0px||0px|false|false&#8221;]<\/p>\n<p><strong>MIROPLAST, s.r.o.<\/strong><br \/> Opavsk\u00e1 3376\/18<br \/> 831 01 Bratislava<br \/> tel.: +421 904 394 937<br \/> e-mail: adam.cizek@miroplast.sk<\/p>\n<p>[\/et_pb_text][\/et_pb_column][\/et_pb_row][\/et_pb_section][et_pb_section fb_built=&#8221;1&#8243; module_class=&#8221;contact-map-box odd&#8221; _builder_version=&#8221;4.4.7&#8243; background_enable_color=&#8221;off&#8221; custom_margin=&#8221;0px||0px||false|false&#8221; custom_padding=&#8221;0px||0px||false|false&#8221; animation_style=&#8221;fade&#8221; animation_delay=&#8221;200ms&#8221; hover_enabled=&#8221;0&#8243; disabled_on=&#8221;on|on|off&#8221;][et_pb_row column_structure=&#8221;1_3,2_3&#8243; make_equal=&#8221;on&#8221; _builder_version=&#8221;4.4.7&#8243; width=&#8221;100%&#8221; max_width=&#8221;100%&#8221; custom_margin=&#8221;|0px|||false|false&#8221; custom_padding=&#8221;0px|0px|0px||false|false&#8221;][et_pb_column type=&#8221;1_3&#8243; _builder_version=&#8221;4.4.7&#8243; z_index=&#8221;73&#8243; custom_padding=&#8221;80px||50px||false|false&#8221; custom_padding_tablet=&#8221;|50px||50px|false|false&#8221; custom_padding_phone=&#8221;100px|50px|100px|50px|false|false&#8221; custom_padding_last_edited=&#8221;on|phone&#8221;][et_pb_text _builder_version=&#8221;4.4.7&#8243; positioning=&#8221;relative&#8221; z_index=&#8221;117&#8243; custom_margin=&#8221;0px|0px|0px|165px|false|false&#8221; custom_margin_tablet=&#8221;|||0px|false|false&#8221; custom_margin_phone=&#8221;0px|0px||0px|false|false&#8221; custom_margin_last_edited=&#8221;on|tablet&#8221; custom_padding=&#8221;0px||0px||false|false&#8221; hover_enabled=&#8221;0&#8243;]<\/p>\n<p><strong>MIROPLAST, s.r.o.<\/strong><br \/> Opavsk\u00e1 3376\/18<br \/> 831 01 Bratislava<br \/> tel.: +421 904 394 937<br \/> e-mail: adam.cizek@miroplast.sk<\/p>\n<p>[\/et_pb_text][\/et_pb_column][et_pb_column type=&#8221;2_3&#8243; _builder_version=&#8221;4.4.7&#8243;][et_pb_map address=&#8221;Opavsk\u00e1 3376\/18, 831 01 Bratislava, Slovakia&#8221; zoom_level=&#8221;17&#8243; address_lat=&#8221;48.1643653&#8243; address_lng=&#8221;17.0887092&#8243; mouse_wheel=&#8221;off&#8221; _builder_version=&#8221;4.4.7&#8243; width=&#8221;100%&#8221; max_width=&#8221;100%&#8221; module_alignment=&#8221;right&#8221; custom_margin=&#8221;|0px|||false|false&#8221; custom_padding=&#8221;|0px||||&#8221; hover_enabled=&#8221;0&#8243;][\/et_pb_map][\/et_pb_column][\/et_pb_row][\/et_pb_section][et_pb_section fb_built=&#8221;1&#8243; _builder_version=&#8221;4.4.7&#8243; background_color=&#8221;rgba(0,0,0,0)&#8221; custom_margin=&#8221;0px||0px||false|false&#8221; custom_padding=&#8221;0px||||false|false&#8221;][et_pb_row column_structure=&#8221;3_5,2_5&#8243; use_custom_gutter=&#8221;on&#8221; gutter_width=&#8221;1&#8243; make_equal=&#8221;on&#8221; _builder_version=&#8221;4.4.7&#8243; width=&#8221;70%&#8221; max_width=&#8221;827px&#8221; custom_margin=&#8221;-50px||||false|false&#8221; custom_padding=&#8221;0px||70px||false|false&#8221; animation_direction=&#8221;bottom&#8221;][et_pb_column type=&#8221;3_5&#8243; _builder_version=&#8221;4.4.7&#8243; background_color=&#8221;#012f51&#8243; custom_padding=&#8221;70px|50px|70px|50px|false|false&#8221;][et_pb_text _builder_version=&#8221;4.4.7&#8243; text_text_color=&#8221;#FFFFFF&#8221; background_layout=&#8221;dark&#8221; custom_margin=&#8221;||33px||false|false&#8221; custom_css_before=&#8221;||&#8221; custom_css_after=&#8221;content: %22%22;||display: block;||height: 3px;||width: 45%;||background: #e30613;||&#8221; border_color_bottom=&#8221;#E02B20&#8243;]<\/p>\n<h2>Billing address, registration<\/h2>\n<p>[\/et_pb_text][et_pb_text _builder_version=&#8221;4.4.7&#8243; text_text_color=&#8221;#FFFFFF&#8221;]<\/p>\n<p>Firma <span>E U R O P L A S T, s.r.o.<\/span> je registrov\u00e1na u M\u011bstsk\u00e9ho soudu v Praze, pod \u010d\u00edslem jednac\u00edm Odd. C, vlo\u017eka 17977, datum z\u00e1pisu 24.2.1993<\/p>\n<p>[\/et_pb_text][\/et_pb_column][et_pb_column type=&#8221;2_5&#8243; _builder_version=&#8221;4.4.7&#8243; background_color=&#8221;#eaeaea&#8221; custom_padding=&#8221;70px|50px|70px|50px|false|false&#8221;][et_pb_text _builder_version=&#8221;4.4.7&#8243; text_text_color=&#8221;#000000&#8243;]<\/p>\n<p><strong>Billing address:<\/strong><\/p>\n<p>[\/et_pb_text][et_pb_text _builder_version=&#8221;4.4.7&#8243;]<\/p>\n<p><span>E U R O P L A S T, s.r.o.<\/span><br \/> K\u0159\u00ed\u017eikova 41\/153<br \/> 186 00 Praha 8 &#8211; Karl\u00edn<br \/> I\u010c 48587010<br \/> DI\u010c CZ48587010<\/p>\n<p>[\/et_pb_text][\/et_pb_column][\/et_pb_row][\/et_pb_section]<\/p>\n","protected":false},"excerpt":{"rendered":"<p>[et_pb_section fb_built=&#8221;1&#8243; _builder_version=&#8221;4.4.7&#8243; background_color=&#8221;#eaeaea&#8221; use_background_color_gradient=&#8221;on&#8221; background_image=&#8221;https:\/\/www.europlast.cz\/wp-content\/uploads\/2020\/06\/kontakt-banner.jpg&#8221; overflow-x=&#8221;hidden&#8221; overflow-y=&#8221;hidden&#8221;][et_pb_row _builder_version=&#8221;4.4.7&#8243;][et_pb_column type=&#8221;4_4&#8243; _builder_version=&#8221;4.4.7&#8243;][et_pb_text _builder_version=&#8221;4.4.7&#8243;] Contact [\/et_pb_text][\/et_pb_column][\/et_pb_row][\/et_pb_section][et_pb_section fb_built=&#8221;1&#8243; disabled_on=&#8221;off|off|on&#8221; module_class=&#8221;contact-map-box even&#8221; _builder_version=&#8221;4.4.7&#8243; custom_margin=&#8221;0px|0px|0px|0px|false|false&#8221; custom_padding=&#8221;0px|0px|0px|0px|false|false&#8221;][et_pb_row column_structure=&#8221;2_3,1_3&#8243; make_equal=&#8221;on&#8221; _builder_version=&#8221;4.4.7&#8243; width=&#8221;100%&#8221; max_width=&#8221;100%&#8221; custom_margin=&#8221;0px|0px|0px|0px|false|false&#8221; custom_padding=&#8221;0px|0px|0px|0px|false|false&#8221;][et_pb_column type=&#8221;2_3&#8243; _builder_version=&#8221;4.4.7&#8243;][et_pb_map address=&#8221;Velk\u00e9 N\u011bm\u010dice &#8211; Zele\u0148\u00e1k, 691 63 Nosislav, \u010cesko&#8221; zoom_level=&#8221;17&#8243; address_lat=&#8221;49.0160533&#8243; address_lng=&#8221;16.6844601&#8243; mouse_wheel=&#8221;off&#8221; _builder_version=&#8221;4.4.7&#8243;][\/et_pb_map][\/et_pb_column][et_pb_column type=&#8221;1_3&#8243; _builder_version=&#8221;4.4.7&#8243; z_index=&#8221;262&#8243; custom_padding=&#8221;80px||50px||false|false&#8221; custom_padding_tablet=&#8221;30px|50px||50px|false|false&#8221; custom_padding_phone=&#8221;30px|50px|80px|50px|false|false&#8221; custom_padding_last_edited=&#8221;on|phone&#8221;][et_pb_text _builder_version=&#8221;4.4.7&#8243; module_alignment=&#8221;left&#8221; custom_margin=&#8221;|0px||0px|false|false&#8221; custom_padding=&#8221;|0px||0px|false|false&#8221;] E [&hellip;]<\/p>\n","protected":false},"author":1,"featured_media":0,"parent":0,"menu_order":0,"comment_status":"closed","ping_status":"closed","template":"","meta":{"_acf_changed":false,"_et_pb_use_builder":"on","_et_pb_old_content":"<!-- wp:divi\/placeholder \/-->","_et_gb_content_width":"","footnotes":""},"class_list":["post-785","page","type-page","status-publish","hentry"],"acf":[],"yoast_head":"<!-- This site is optimized with the Yoast SEO plugin v23.7 - https:\/\/yoast.com\/wordpress\/plugins\/seo\/ -->\n<title>Contact us | Europlast<\/title>\n<meta name=\"robots\" content=\"index, follow, max-snippet:-1, max-image-preview:large, max-video-preview:-1\" \/>\n<link rel=\"canonical\" href=\"https:\/\/www.europlast.cz\/en\/contact-us\/\" \/>\n<meta property=\"og:locale\" content=\"en_US\" \/>\n<meta property=\"og:type\" content=\"article\" \/>\n<meta property=\"og:title\" content=\"Contact us | Europlast\" \/>\n<meta property=\"og:description\" content=\"[et_pb_section fb_built=&#8221;1&#8243; _builder_version=&#8221;4.4.7&#8243; background_color=&#8221;#eaeaea&#8221; use_background_color_gradient=&#8221;on&#8221; background_image=&#8221;https:\/\/www.europlast.cz\/wp-content\/uploads\/2020\/06\/kontakt-banner.jpg&#8221; overflow-x=&#8221;hidden&#8221; overflow-y=&#8221;hidden&#8221;][et_pb_row _builder_version=&#8221;4.4.7&#8243;][et_pb_column type=&#8221;4_4&#8243; _builder_version=&#8221;4.4.7&#8243;][et_pb_text _builder_version=&#8221;4.4.7&#8243;] Contact [\/et_pb_text][\/et_pb_column][\/et_pb_row][\/et_pb_section][et_pb_section fb_built=&#8221;1&#8243; disabled_on=&#8221;off|off|on&#8221; module_class=&#8221;contact-map-box even&#8221; _builder_version=&#8221;4.4.7&#8243; custom_margin=&#8221;0px|0px|0px|0px|false|false&#8221; custom_padding=&#8221;0px|0px|0px|0px|false|false&#8221;][et_pb_row column_structure=&#8221;2_3,1_3&#8243; make_equal=&#8221;on&#8221; _builder_version=&#8221;4.4.7&#8243; width=&#8221;100%&#8221; max_width=&#8221;100%&#8221; custom_margin=&#8221;0px|0px|0px|0px|false|false&#8221; custom_padding=&#8221;0px|0px|0px|0px|false|false&#8221;][et_pb_column type=&#8221;2_3&#8243; _builder_version=&#8221;4.4.7&#8243;][et_pb_map address=&#8221;Velk\u00e9 N\u011bm\u010dice &#8211; Zele\u0148\u00e1k, 691 63 Nosislav, \u010cesko&#8221; zoom_level=&#8221;17&#8243; address_lat=&#8221;49.0160533&#8243; address_lng=&#8221;16.6844601&#8243; mouse_wheel=&#8221;off&#8221; _builder_version=&#8221;4.4.7&#8243;][\/et_pb_map][\/et_pb_column][et_pb_column type=&#8221;1_3&#8243; _builder_version=&#8221;4.4.7&#8243; z_index=&#8221;262&#8243; custom_padding=&#8221;80px||50px||false|false&#8221; custom_padding_tablet=&#8221;30px|50px||50px|false|false&#8221; custom_padding_phone=&#8221;30px|50px|80px|50px|false|false&#8221; custom_padding_last_edited=&#8221;on|phone&#8221;][et_pb_text _builder_version=&#8221;4.4.7&#8243; module_alignment=&#8221;left&#8221; custom_margin=&#8221;|0px||0px|false|false&#8221; custom_padding=&#8221;|0px||0px|false|false&#8221;] E [&hellip;]\" \/>\n<meta property=\"og:url\" content=\"https:\/\/www.europlast.cz\/en\/contact-us\/\" \/>\n<meta property=\"og:site_name\" content=\"Europlast\" \/>\n<meta property=\"article:modified_time\" content=\"2020-12-18T09:24:39+00:00\" \/>\n<meta property=\"og:image\" content=\"https:\/\/www.europlast.cz\/wp-content\/uploads\/2020\/06\/ep_Logo.png\" \/>\n\t<meta property=\"og:image:width\" content=\"381\" \/>\n\t<meta property=\"og:image:height\" content=\"144\" \/>\n\t<meta property=\"og:image:type\" content=\"image\/png\" \/>\n<meta name=\"twitter:card\" content=\"summary_large_image\" \/>\n<meta name=\"twitter:label1\" content=\"Est. reading time\" \/>\n\t<meta name=\"twitter:data1\" content=\"7 minutes\" \/>\n<script type=\"application\/ld+json\" class=\"yoast-schema-graph\">{\"@context\":\"https:\/\/schema.org\",\"@graph\":[{\"@type\":\"WebPage\",\"@id\":\"https:\/\/www.europlast.cz\/en\/contact-us\/\",\"url\":\"https:\/\/www.europlast.cz\/en\/contact-us\/\",\"name\":\"Contact us | Europlast\",\"isPartOf\":{\"@id\":\"https:\/\/www.europlast.cz\/#website\"},\"datePublished\":\"2020-05-27T06:29:13+00:00\",\"dateModified\":\"2020-12-18T09:24:39+00:00\",\"breadcrumb\":{\"@id\":\"https:\/\/www.europlast.cz\/en\/contact-us\/#breadcrumb\"},\"inLanguage\":\"en-US\",\"potentialAction\":[{\"@type\":\"ReadAction\",\"target\":[\"https:\/\/www.europlast.cz\/en\/contact-us\/\"]}]},{\"@type\":\"BreadcrumbList\",\"@id\":\"https:\/\/www.europlast.cz\/en\/contact-us\/#breadcrumb\",\"itemListElement\":[{\"@type\":\"ListItem\",\"position\":1,\"name\":\"Home\",\"item\":\"https:\/\/www.europlast.cz\/en\/\"},{\"@type\":\"ListItem\",\"position\":2,\"name\":\"Contact us\"}]},{\"@type\":\"WebSite\",\"@id\":\"https:\/\/www.europlast.cz\/#website\",\"url\":\"https:\/\/www.europlast.cz\/\",\"name\":\"Europlast\",\"description\":\"Obalov\u00e9 materi\u00e1ly a PE f\u00f3lie v prvot\u0159\u00eddn\u00ed kvalit\u011b\",\"potentialAction\":[{\"@type\":\"SearchAction\",\"target\":{\"@type\":\"EntryPoint\",\"urlTemplate\":\"https:\/\/www.europlast.cz\/?s={search_term_string}\"},\"query-input\":{\"@type\":\"PropertyValueSpecification\",\"valueRequired\":true,\"valueName\":\"search_term_string\"}}],\"inLanguage\":\"en-US\"}]}<\/script>\n<!-- \/ Yoast SEO plugin. -->","yoast_head_json":{"title":"Contact us | Europlast","robots":{"index":"index","follow":"follow","max-snippet":"max-snippet:-1","max-image-preview":"max-image-preview:large","max-video-preview":"max-video-preview:-1"},"canonical":"https:\/\/www.europlast.cz\/en\/contact-us\/","og_locale":"en_US","og_type":"article","og_title":"Contact us | Europlast","og_description":"[et_pb_section fb_built=&#8221;1&#8243; _builder_version=&#8221;4.4.7&#8243; background_color=&#8221;#eaeaea&#8221; use_background_color_gradient=&#8221;on&#8221; background_image=&#8221;https:\/\/www.europlast.cz\/wp-content\/uploads\/2020\/06\/kontakt-banner.jpg&#8221; overflow-x=&#8221;hidden&#8221; overflow-y=&#8221;hidden&#8221;][et_pb_row _builder_version=&#8221;4.4.7&#8243;][et_pb_column type=&#8221;4_4&#8243; _builder_version=&#8221;4.4.7&#8243;][et_pb_text _builder_version=&#8221;4.4.7&#8243;] Contact [\/et_pb_text][\/et_pb_column][\/et_pb_row][\/et_pb_section][et_pb_section fb_built=&#8221;1&#8243; disabled_on=&#8221;off|off|on&#8221; module_class=&#8221;contact-map-box even&#8221; _builder_version=&#8221;4.4.7&#8243; custom_margin=&#8221;0px|0px|0px|0px|false|false&#8221; custom_padding=&#8221;0px|0px|0px|0px|false|false&#8221;][et_pb_row column_structure=&#8221;2_3,1_3&#8243; make_equal=&#8221;on&#8221; _builder_version=&#8221;4.4.7&#8243; width=&#8221;100%&#8221; max_width=&#8221;100%&#8221; custom_margin=&#8221;0px|0px|0px|0px|false|false&#8221; custom_padding=&#8221;0px|0px|0px|0px|false|false&#8221;][et_pb_column type=&#8221;2_3&#8243; _builder_version=&#8221;4.4.7&#8243;][et_pb_map address=&#8221;Velk\u00e9 N\u011bm\u010dice &#8211; Zele\u0148\u00e1k, 691 63 Nosislav, \u010cesko&#8221; zoom_level=&#8221;17&#8243; address_lat=&#8221;49.0160533&#8243; address_lng=&#8221;16.6844601&#8243; mouse_wheel=&#8221;off&#8221; _builder_version=&#8221;4.4.7&#8243;][\/et_pb_map][\/et_pb_column][et_pb_column type=&#8221;1_3&#8243; _builder_version=&#8221;4.4.7&#8243; z_index=&#8221;262&#8243; custom_padding=&#8221;80px||50px||false|false&#8221; custom_padding_tablet=&#8221;30px|50px||50px|false|false&#8221; custom_padding_phone=&#8221;30px|50px|80px|50px|false|false&#8221; custom_padding_last_edited=&#8221;on|phone&#8221;][et_pb_text _builder_version=&#8221;4.4.7&#8243; module_alignment=&#8221;left&#8221; custom_margin=&#8221;|0px||0px|false|false&#8221; custom_padding=&#8221;|0px||0px|false|false&#8221;] E [&hellip;]","og_url":"https:\/\/www.europlast.cz\/en\/contact-us\/","og_site_name":"Europlast","article_modified_time":"2020-12-18T09:24:39+00:00","og_image":[{"width":381,"height":144,"url":"https:\/\/www.europlast.cz\/wp-content\/uploads\/2020\/06\/ep_Logo.png","type":"image\/png"}],"twitter_card":"summary_large_image","twitter_misc":{"Est. reading time":"7 minutes"},"schema":{"@context":"https:\/\/schema.org","@graph":[{"@type":"WebPage","@id":"https:\/\/www.europlast.cz\/en\/contact-us\/","url":"https:\/\/www.europlast.cz\/en\/contact-us\/","name":"Contact us | Europlast","isPartOf":{"@id":"https:\/\/www.europlast.cz\/#website"},"datePublished":"2020-05-27T06:29:13+00:00","dateModified":"2020-12-18T09:24:39+00:00","breadcrumb":{"@id":"https:\/\/www.europlast.cz\/en\/contact-us\/#breadcrumb"},"inLanguage":"en-US","potentialAction":[{"@type":"ReadAction","target":["https:\/\/www.europlast.cz\/en\/contact-us\/"]}]},{"@type":"BreadcrumbList","@id":"https:\/\/www.europlast.cz\/en\/contact-us\/#breadcrumb","itemListElement":[{"@type":"ListItem","position":1,"name":"Home","item":"https:\/\/www.europlast.cz\/en\/"},{"@type":"ListItem","position":2,"name":"Contact us"}]},{"@type":"WebSite","@id":"https:\/\/www.europlast.cz\/#website","url":"https:\/\/www.europlast.cz\/","name":"Europlast","description":"Obalov\u00e9 materi\u00e1ly a PE f\u00f3lie v prvot\u0159\u00eddn\u00ed kvalit\u011b","potentialAction":[{"@type":"SearchAction","target":{"@type":"EntryPoint","urlTemplate":"https:\/\/www.europlast.cz\/?s={search_term_string}"},"query-input":{"@type":"PropertyValueSpecification","valueRequired":true,"valueName":"search_term_string"}}],"inLanguage":"en-US"}]}},"_links":{"self":[{"href":"https:\/\/www.europlast.cz\/en\/wp-json\/wp\/v2\/pages\/785"}],"collection":[{"href":"https:\/\/www.europlast.cz\/en\/wp-json\/wp\/v2\/pages"}],"about":[{"href":"https:\/\/www.europlast.cz\/en\/wp-json\/wp\/v2\/types\/page"}],"author":[{"embeddable":true,"href":"https:\/\/www.europlast.cz\/en\/wp-json\/wp\/v2\/users\/1"}],"replies":[{"embeddable":true,"href":"https:\/\/www.europlast.cz\/en\/wp-json\/wp\/v2\/comments?post=785"}],"version-history":[{"count":45,"href":"https:\/\/www.europlast.cz\/en\/wp-json\/wp\/v2\/pages\/785\/revisions"}],"predecessor-version":[{"id":2956,"href":"https:\/\/www.europlast.cz\/en\/wp-json\/wp\/v2\/pages\/785\/revisions\/2956"}],"wp:attachment":[{"href":"https:\/\/www.europlast.cz\/en\/wp-json\/wp\/v2\/media?parent=785"}],"curies":[{"name":"wp","href":"https:\/\/api.w.org\/{rel}","templated":true}]}}