{"id":779,"date":"2020-05-27T08:28:02","date_gmt":"2020-05-27T06:28:02","guid":{"rendered":"https:\/\/www.europlast.cz\/certifikace\/"},"modified":"2020-11-13T14:36:38","modified_gmt":"2020-11-13T13:36:38","slug":"certification","status":"publish","type":"page","link":"https:\/\/www.europlast.cz\/en\/certification\/","title":{"rendered":"Certification"},"content":{"rendered":"<p>[et_pb_section fb_built=&#8221;1&#8243; _builder_version=&#8221;4.4.7&#8243;][et_pb_row _builder_version=&#8221;4.4.7&#8243;][et_pb_column type=&#8221;4_4&#8243; _builder_version=&#8221;4.4.7&#8243;][et_pb_text _builder_version=&#8221;4.4.7&#8243;]<\/p>\n<h2>Certificates<\/h2>\n<p>[\/et_pb_text][et_pb_text _builder_version=&#8221;4.4.7&#8243; custom_margin=&#8221;||4px|||&#8221;]<\/p>\n<p><strong>Integrated quality management system<\/strong><\/p>\n<p>[\/et_pb_text][et_pb_text _builder_version=&#8221;4.4.7&#8243; custom_margin=&#8221;14px||40px|||&#8221;]<\/p>\n<p>Implementing quality management system and subsequent certification of adherence to the CSN EN ISO 9001 norm serve our customers as a guarantee of following modern management principles and ensuring high quality of products and services connected with packaging materials.<\/p>\n<p>[\/et_pb_text][et_pb_text _builder_version=&#8221;4.4.7&#8243; custom_margin=&#8221;||4px|||&#8221;]<\/p>\n<p><strong>EKO-KOM certificate<\/strong><\/p>\n<p>[\/et_pb_text][et_pb_text _builder_version=&#8221;4.4.7&#8243; custom_margin=&#8221;14px||40px|||&#8221;]<\/p>\n<p>This certificate of EKO-KOM, a.s. company is awarded to co-operating bodies to certify their participation in recovery and recycling of packaging material waste.<\/p>\n<p>[\/et_pb_text][et_pb_text _builder_version=&#8221;4.4.7&#8243; custom_margin=&#8221;||4px|||&#8221;]<\/p>\n<p><strong>Golden Client of the Czech Savings Bank<\/strong><\/p>\n<p>[\/et_pb_text][et_pb_text _builder_version=&#8221;4.4.7&#8243; custom_margin=&#8221;14px||40px|||&#8221;]<\/p>\n<p>The Czech bank Ceska Sporitelna, a. s. awards the Golden Client Certificate to its prominent clients. Our company received this certificate in December 2007.<\/p>\n<p>[\/et_pb_text][et_pb_text _builder_version=&#8221;4.4.7&#8243; custom_margin=&#8221;||4px|||&#8221;]<\/p>\n<p><strong>TESA<\/strong><\/p>\n<p>[\/et_pb_text][et_pb_text _builder_version=&#8221;4.4.7&#8243; custom_margin=&#8221;14px||40px|||&#8221; hover_enabled=&#8221;0&#8243;]<\/p>\n<p>Our company E U R O P L A S T, s.r.o. is the authorized distributor of products of Tesa tape s.r.o. in the Czech Republic.<\/p>\n<p>[\/et_pb_text][\/et_pb_column][\/et_pb_row][et_pb_row column_structure=&#8221;1_4,1_4,1_4,1_4&#8243; _builder_version=&#8221;4.4.7&#8243;][et_pb_column type=&#8221;1_4&#8243; _builder_version=&#8221;4.4.7&#8243;][et_pb_image src=&#8221;https:\/\/www.europlast.cz\/wp-content\/uploads\/2020\/05\/HR-Certifikat-ISO_9001-2009_zlaty_2017.jpg&#8221; title_text=&#8221;HR-Certifikat-ISO_9001-2009_zlaty_2017&#8243; _builder_version=&#8221;4.4.7&#8243;][\/et_pb_image][et_pb_text _builder_version=&#8221;4.4.7&#8243;]<\/p>\n<p style=\"text-align: center;\"><strong>Certifik\u00e1t ISO 9001:2009 zlat\u00fd<\/strong><\/p>\n<p>[\/et_pb_text][\/et_pb_column][et_pb_column type=&#8221;1_4&#8243; _builder_version=&#8221;4.4.7&#8243;][et_pb_image src=&#8221;https:\/\/www.europlast.cz\/wp-content\/uploads\/2020\/05\/HR-Certifikat-ISO_14001-2005_2017.jpg&#8221; title_text=&#8221;HR-Certifikat-ISO_14001-2005_2017&#8243; _builder_version=&#8221;4.4.7&#8243;][\/et_pb_image][et_pb_text _builder_version=&#8221;4.4.7&#8243;]<\/p>\n<p style=\"text-align: center;\"><strong>Certifik\u00e1t ISO 14001:2005<\/strong><\/p>\n<p>[\/et_pb_text][\/et_pb_column][et_pb_column type=&#8221;1_4&#8243; _builder_version=&#8221;4.4.7&#8243;][et_pb_image src=&#8221;https:\/\/www.europlast.cz\/wp-content\/uploads\/2020\/05\/HR-Certifikat-ISO_14001-2005_zlaty_2017.jpg&#8221; title_text=&#8221;HR-Certifikat-ISO_14001-2005_zlaty_2017&#8243; _builder_version=&#8221;4.4.7&#8243;][\/et_pb_image][et_pb_text _builder_version=&#8221;4.4.7&#8243;]<\/p>\n<p style=\"text-align: center;\"><strong>Certifik\u00e1t ISO 14001:2005 zlat\u00fd<\/strong><\/p>\n<p>[\/et_pb_text][\/et_pb_column][et_pb_column type=&#8221;1_4&#8243; _builder_version=&#8221;4.4.7&#8243;][et_pb_image src=&#8221;https:\/\/www.europlast.cz\/wp-content\/uploads\/2020\/05\/HR-Certifikat-tesa-tape.jpg&#8221; title_text=&#8221;HR-Certifikat-tesa-tape&#8221; _builder_version=&#8221;4.4.7&#8243;][\/et_pb_image][et_pb_text _builder_version=&#8221;4.4.7&#8243;]<\/p>\n<p style=\"text-align: center;\"><strong>Certifik\u00e1t TESA tape<\/strong><\/p>\n<p>[\/et_pb_text][\/et_pb_column][\/et_pb_row][et_pb_row column_structure=&#8221;1_4,1_4,1_4,1_4&#8243; _builder_version=&#8221;4.4.7&#8243;][et_pb_column type=&#8221;1_4&#8243; _builder_version=&#8221;4.4.7&#8243;][et_pb_image src=&#8221;https:\/\/www.europlast.cz\/wp-content\/uploads\/2020\/05\/HR-Osvedceni-EKO-KOM.jpg&#8221; title_text=&#8221;HR-Osvedceni-EKO-KOM&#8221; _builder_version=&#8221;4.4.7&#8243;][\/et_pb_image][et_pb_text _builder_version=&#8221;4.4.7&#8243;]<\/p>\n<p style=\"text-align: center;\"><strong>Certifik\u00e1t EKO-KOM, a.s.<\/strong><\/p>\n<p>[\/et_pb_text][\/et_pb_column][et_pb_column type=&#8221;1_4&#8243; _builder_version=&#8221;4.4.7&#8243;][et_pb_image src=&#8221;https:\/\/www.europlast.cz\/wp-content\/uploads\/2020\/05\/HR-Zlaty-klient-CS.jpg&#8221; title_text=&#8221;HR-Zlaty-klient-CS&#8221; _builder_version=&#8221;4.4.7&#8243;][\/et_pb_image][et_pb_text _builder_version=&#8221;4.4.7&#8243;]<\/p>\n<p style=\"text-align: center;\"><strong>Zlat\u00fd klient \u010cS, a.s.<\/strong><\/p>\n<p>[\/et_pb_text][\/et_pb_column][et_pb_column type=&#8221;1_4&#8243; _builder_version=&#8221;4.4.7&#8243;][\/et_pb_column][et_pb_column type=&#8221;1_4&#8243; _builder_version=&#8221;4.4.7&#8243;][\/et_pb_column][\/et_pb_row][\/et_pb_section][et_pb_section fb_built=&#8221;1&#8243; _builder_version=&#8221;4.4.7&#8243; positioning=&#8221;none&#8221;][et_pb_row column_structure=&#8221;1_2,1_2&#8243; _builder_version=&#8221;4.4.7&#8243; positioning=&#8221;none&#8221;][et_pb_column type=&#8221;1_2&#8243; _builder_version=&#8221;4.4.7&#8243;][et_pb_image src=&#8221;https:\/\/www.europlast.cz\/wp-content\/uploads\/2020\/06\/textura-1.svg&#8221; title_text=&#8221;textura 1&#8243; disabled_on=&#8221;on|on|off&#8221; _builder_version=&#8221;4.4.7&#8243; positioning=&#8221;absolute&#8221; vertical_offset=&#8221;-797px&#8221; horizontal_offset=&#8221;-30.78vw&#8221; width=&#8221;100%&#8221;][\/et_pb_image][\/et_pb_column][et_pb_column type=&#8221;1_2&#8243; _builder_version=&#8221;4.4.7&#8243;][et_pb_image src=&#8221;https:\/\/www.europlast.cz\/wp-content\/uploads\/2020\/06\/textura-2.svg&#8221; title_text=&#8221;textura 2&#8243; disabled_on=&#8221;on|on|off&#8221; _builder_version=&#8221;4.4.7&#8243; positioning=&#8221;absolute&#8221; vertical_offset=&#8221;-1409px&#8221; horizontal_offset=&#8221;35vw&#8221; width=&#8221;100%&#8221;][\/et_pb_image][\/et_pb_column][\/et_pb_row][\/et_pb_section]<\/p>\n","protected":false},"excerpt":{"rendered":"<p>[et_pb_section fb_built=&#8221;1&#8243; _builder_version=&#8221;4.4.7&#8243;][et_pb_row _builder_version=&#8221;4.4.7&#8243;][et_pb_column type=&#8221;4_4&#8243; _builder_version=&#8221;4.4.7&#8243;][et_pb_text _builder_version=&#8221;4.4.7&#8243;] Certificates [\/et_pb_text][et_pb_text _builder_version=&#8221;4.4.7&#8243; custom_margin=&#8221;||4px|||&#8221;] Integrated quality management system [\/et_pb_text][et_pb_text _builder_version=&#8221;4.4.7&#8243; custom_margin=&#8221;14px||40px|||&#8221;] Implementing quality management system and subsequent certification of adherence to the CSN EN ISO 9001 norm serve our customers as a guarantee of following modern management principles and ensuring high quality of products and services connected with [&hellip;]<\/p>\n","protected":false},"author":1,"featured_media":0,"parent":0,"menu_order":0,"comment_status":"closed","ping_status":"closed","template":"","meta":{"_acf_changed":false,"_et_pb_use_builder":"on","_et_pb_old_content":"<!-- wp:divi\/placeholder \/-->","_et_gb_content_width":"","footnotes":""},"class_list":["post-779","page","type-page","status-publish","hentry"],"acf":[],"yoast_head":"<!-- This site is optimized with the Yoast SEO plugin v23.7 - https:\/\/yoast.com\/wordpress\/plugins\/seo\/ -->\n<title>Certification | Europlast<\/title>\n<meta name=\"robots\" content=\"index, follow, max-snippet:-1, max-image-preview:large, max-video-preview:-1\" \/>\n<link rel=\"canonical\" href=\"https:\/\/www.europlast.cz\/en\/certification\/\" \/>\n<meta property=\"og:locale\" content=\"en_US\" \/>\n<meta property=\"og:type\" content=\"article\" \/>\n<meta property=\"og:title\" content=\"Certification | Europlast\" \/>\n<meta property=\"og:description\" content=\"[et_pb_section fb_built=&#8221;1&#8243; _builder_version=&#8221;4.4.7&#8243;][et_pb_row _builder_version=&#8221;4.4.7&#8243;][et_pb_column type=&#8221;4_4&#8243; _builder_version=&#8221;4.4.7&#8243;][et_pb_text _builder_version=&#8221;4.4.7&#8243;] Certificates [\/et_pb_text][et_pb_text _builder_version=&#8221;4.4.7&#8243; custom_margin=&#8221;||4px|||&#8221;] Integrated quality management system [\/et_pb_text][et_pb_text _builder_version=&#8221;4.4.7&#8243; custom_margin=&#8221;14px||40px|||&#8221;] Implementing quality management system and subsequent certification of adherence to the CSN EN ISO 9001 norm serve our customers as a guarantee of following modern management principles and ensuring high quality of products and services connected with [&hellip;]\" \/>\n<meta property=\"og:url\" content=\"https:\/\/www.europlast.cz\/en\/certification\/\" \/>\n<meta property=\"og:site_name\" content=\"Europlast\" \/>\n<meta property=\"article:modified_time\" content=\"2020-11-13T13:36:38+00:00\" \/>\n<meta property=\"og:image\" content=\"https:\/\/www.europlast.cz\/wp-content\/uploads\/2020\/06\/ep_Logo.png\" \/>\n\t<meta property=\"og:image:width\" content=\"381\" \/>\n\t<meta property=\"og:image:height\" content=\"144\" \/>\n\t<meta property=\"og:image:type\" content=\"image\/png\" \/>\n<meta name=\"twitter:card\" content=\"summary_large_image\" \/>\n<meta name=\"twitter:label1\" content=\"Est. reading time\" \/>\n\t<meta name=\"twitter:data1\" content=\"3 minutes\" \/>\n<script type=\"application\/ld+json\" class=\"yoast-schema-graph\">{\"@context\":\"https:\/\/schema.org\",\"@graph\":[{\"@type\":\"WebPage\",\"@id\":\"https:\/\/www.europlast.cz\/en\/certification\/\",\"url\":\"https:\/\/www.europlast.cz\/en\/certification\/\",\"name\":\"Certification | Europlast\",\"isPartOf\":{\"@id\":\"https:\/\/www.europlast.cz\/#website\"},\"datePublished\":\"2020-05-27T06:28:02+00:00\",\"dateModified\":\"2020-11-13T13:36:38+00:00\",\"breadcrumb\":{\"@id\":\"https:\/\/www.europlast.cz\/en\/certification\/#breadcrumb\"},\"inLanguage\":\"en-US\",\"potentialAction\":[{\"@type\":\"ReadAction\",\"target\":[\"https:\/\/www.europlast.cz\/en\/certification\/\"]}]},{\"@type\":\"BreadcrumbList\",\"@id\":\"https:\/\/www.europlast.cz\/en\/certification\/#breadcrumb\",\"itemListElement\":[{\"@type\":\"ListItem\",\"position\":1,\"name\":\"Home\",\"item\":\"https:\/\/www.europlast.cz\/en\/\"},{\"@type\":\"ListItem\",\"position\":2,\"name\":\"Certification\"}]},{\"@type\":\"WebSite\",\"@id\":\"https:\/\/www.europlast.cz\/#website\",\"url\":\"https:\/\/www.europlast.cz\/\",\"name\":\"Europlast\",\"description\":\"Obalov\u00e9 materi\u00e1ly a PE f\u00f3lie v prvot\u0159\u00eddn\u00ed kvalit\u011b\",\"potentialAction\":[{\"@type\":\"SearchAction\",\"target\":{\"@type\":\"EntryPoint\",\"urlTemplate\":\"https:\/\/www.europlast.cz\/?s={search_term_string}\"},\"query-input\":{\"@type\":\"PropertyValueSpecification\",\"valueRequired\":true,\"valueName\":\"search_term_string\"}}],\"inLanguage\":\"en-US\"}]}<\/script>\n<!-- \/ Yoast SEO plugin. -->","yoast_head_json":{"title":"Certification | Europlast","robots":{"index":"index","follow":"follow","max-snippet":"max-snippet:-1","max-image-preview":"max-image-preview:large","max-video-preview":"max-video-preview:-1"},"canonical":"https:\/\/www.europlast.cz\/en\/certification\/","og_locale":"en_US","og_type":"article","og_title":"Certification | Europlast","og_description":"[et_pb_section fb_built=&#8221;1&#8243; _builder_version=&#8221;4.4.7&#8243;][et_pb_row _builder_version=&#8221;4.4.7&#8243;][et_pb_column type=&#8221;4_4&#8243; _builder_version=&#8221;4.4.7&#8243;][et_pb_text _builder_version=&#8221;4.4.7&#8243;] Certificates [\/et_pb_text][et_pb_text _builder_version=&#8221;4.4.7&#8243; custom_margin=&#8221;||4px|||&#8221;] Integrated quality management system [\/et_pb_text][et_pb_text _builder_version=&#8221;4.4.7&#8243; custom_margin=&#8221;14px||40px|||&#8221;] Implementing quality management system and subsequent certification of adherence to the CSN EN ISO 9001 norm serve our customers as a guarantee of following modern management principles and ensuring high quality of products and services connected with [&hellip;]","og_url":"https:\/\/www.europlast.cz\/en\/certification\/","og_site_name":"Europlast","article_modified_time":"2020-11-13T13:36:38+00:00","og_image":[{"width":381,"height":144,"url":"https:\/\/www.europlast.cz\/wp-content\/uploads\/2020\/06\/ep_Logo.png","type":"image\/png"}],"twitter_card":"summary_large_image","twitter_misc":{"Est. reading time":"3 minutes"},"schema":{"@context":"https:\/\/schema.org","@graph":[{"@type":"WebPage","@id":"https:\/\/www.europlast.cz\/en\/certification\/","url":"https:\/\/www.europlast.cz\/en\/certification\/","name":"Certification | Europlast","isPartOf":{"@id":"https:\/\/www.europlast.cz\/#website"},"datePublished":"2020-05-27T06:28:02+00:00","dateModified":"2020-11-13T13:36:38+00:00","breadcrumb":{"@id":"https:\/\/www.europlast.cz\/en\/certification\/#breadcrumb"},"inLanguage":"en-US","potentialAction":[{"@type":"ReadAction","target":["https:\/\/www.europlast.cz\/en\/certification\/"]}]},{"@type":"BreadcrumbList","@id":"https:\/\/www.europlast.cz\/en\/certification\/#breadcrumb","itemListElement":[{"@type":"ListItem","position":1,"name":"Home","item":"https:\/\/www.europlast.cz\/en\/"},{"@type":"ListItem","position":2,"name":"Certification"}]},{"@type":"WebSite","@id":"https:\/\/www.europlast.cz\/#website","url":"https:\/\/www.europlast.cz\/","name":"Europlast","description":"Obalov\u00e9 materi\u00e1ly a PE f\u00f3lie v prvot\u0159\u00eddn\u00ed kvalit\u011b","potentialAction":[{"@type":"SearchAction","target":{"@type":"EntryPoint","urlTemplate":"https:\/\/www.europlast.cz\/?s={search_term_string}"},"query-input":{"@type":"PropertyValueSpecification","valueRequired":true,"valueName":"search_term_string"}}],"inLanguage":"en-US"}]}},"_links":{"self":[{"href":"https:\/\/www.europlast.cz\/en\/wp-json\/wp\/v2\/pages\/779"}],"collection":[{"href":"https:\/\/www.europlast.cz\/en\/wp-json\/wp\/v2\/pages"}],"about":[{"href":"https:\/\/www.europlast.cz\/en\/wp-json\/wp\/v2\/types\/page"}],"author":[{"embeddable":true,"href":"https:\/\/www.europlast.cz\/en\/wp-json\/wp\/v2\/users\/1"}],"replies":[{"embeddable":true,"href":"https:\/\/www.europlast.cz\/en\/wp-json\/wp\/v2\/comments?post=779"}],"version-history":[{"count":5,"href":"https:\/\/www.europlast.cz\/en\/wp-json\/wp\/v2\/pages\/779\/revisions"}],"predecessor-version":[{"id":2889,"href":"https:\/\/www.europlast.cz\/en\/wp-json\/wp\/v2\/pages\/779\/revisions\/2889"}],"wp:attachment":[{"href":"https:\/\/www.europlast.cz\/en\/wp-json\/wp\/v2\/media?parent=779"}],"curies":[{"name":"wp","href":"https:\/\/api.w.org\/{rel}","templated":true}]}}