{"id":1928,"date":"2020-05-27T12:50:53","date_gmt":"2020-05-27T10:50:53","guid":{"rendered":"https:\/\/www.europlast.cz\/product-range\/vazaci-pasky\/"},"modified":"2020-08-13T21:53:39","modified_gmt":"2020-08-13T19:53:39","slug":"strapping-tapes","status":"publish","type":"page","link":"https:\/\/www.europlast.cz\/en\/product-range\/strapping-tapes\/","title":{"rendered":"Strapping tapes"},"content":{"rendered":"<p>[et_pb_section fb_built=&#8221;1&#8243; _builder_version=&#8221;4.4.7&#8243;][et_pb_row _builder_version=&#8221;4.4.7&#8243;][et_pb_column type=&#8221;4_4&#8243; _builder_version=&#8221;4.4.7&#8243;][et_pb_text _builder_version=&#8221;4.4.7&#8243; _dynamic_attributes=&#8221;content&#8221;]@ET-DC@eyJkeW5hbWljIjp0cnVlLCJjb250ZW50IjoicG9zdF90aXRsZSIsInNldHRpbmdzIjp7ImJlZm9yZSI6IjxoMj4iLCJhZnRlciI6IjwvaDI+In19@[\/et_pb_text][\/et_pb_column][\/et_pb_row][et_pb_row column_structure=&#8221;3_5,2_5&#8243; _builder_version=&#8221;4.4.7&#8243;][et_pb_column type=&#8221;3_5&#8243; _builder_version=&#8221;4.4.7&#8243;][et_pb_text _builder_version=&#8221;4.4.7&#8243; hover_enabled=&#8221;0&#8243;]<\/p>\n<p><span>Polypropylene and polyester strapping is fully recyclable and conforms to the international ecological requirements for sorting, recovery and storing of plastic packaging (Act No. 477\/2001 Sb. &#8211; Packaging Act).<\/span><\/p>\n<p>[\/et_pb_text][\/et_pb_column][et_pb_column type=&#8221;2_5&#8243; _builder_version=&#8221;4.4.7&#8243;][\/et_pb_column][\/et_pb_row][et_pb_row column_structure=&#8221;1_2,1_2&#8243; _builder_version=&#8221;4.4.7&#8243; custom_padding=&#8221;63px|||||&#8221;][et_pb_column type=&#8221;1_2&#8243; _builder_version=&#8221;4.4.7&#8243;][et_pb_text _builder_version=&#8221;4.4.7&#8243; header_text_color=&#8221;#005795&#8243; header_3_text_color=&#8221;#005795&#8243; hover_enabled=&#8221;0&#8243;]<\/p>\n<h3>Polypropylene PP strapping<\/h3>\n<p>[\/et_pb_text][et_pb_text _builder_version=&#8221;4.4.7&#8243; hover_enabled=&#8221;0&#8243;]<\/p>\n<p><span>High quality plastic\u00a0<\/span><strong>strapping made from 100% polypropylene<\/strong><span>\u00a0can be used with all types of hand strapping tools as well as semi-automatic and automatic strapping machines.<\/span><br \/><span>Joining with ultrasonic or heat sealing, with metal clips or plastic buckles.<\/span><\/p>\n<p><strong>PP straps are used for:<\/strong><br \/><span>&#8211; strapping carton packages<\/span><br \/><span>&#8211; furniture, consumer and printing industry<\/span><br \/><span>&#8211; bundling materials and profiles<\/span><br \/><span>&#8211; pallet unitising, including brick and concrete products<\/span><\/p>\n<p><span>We offer a range of\u00a0<\/span><strong>PP strapping<\/strong><span>\u00a05 \u2013 19 mm wide and 0.35 \u2013 1 mm thick.<\/span><br \/><span>Most commonly used tapes are 12 and 15 mm wide, which we can supply with metal clips, hand tensioners and sealers, as well as weld strapping tools and dispensers.<\/span><\/p>\n<p><strong>PP straps are available in<\/strong><span>\u00a0black, white, yellow or red\u00a0<\/span><strong>colour<\/strong><span>\u00a0and also with one colour print.<\/span><\/p>\n<p>[\/et_pb_text][\/et_pb_column][et_pb_column type=&#8221;1_2&#8243; _builder_version=&#8221;4.4.7&#8243;][et_pb_image src=&#8221;https:\/\/www.europlast.cz\/wp-content\/uploads\/2020\/08\/Vazaci-pasky-1.png&#8221; title_text=&#8221;Vazaci pasky 1&#8243; _builder_version=&#8221;4.4.7&#8243; custom_margin=&#8221;-7px|||||&#8221; custom_padding=&#8221;8px||||false|false&#8221;][\/et_pb_image][et_pb_image src=&#8221;https:\/\/www.europlast.cz\/wp-content\/uploads\/2020\/08\/Vazaci-p\u00faasky-hlavny-obrazok.jpg&#8221; title_text=&#8221;OLYMPUS DIGITAL CAMERA&#8221; _builder_version=&#8221;4.4.7&#8243; custom_margin=&#8221;-7px|||||&#8221; custom_padding=&#8221;8px||||false|false&#8221;][\/et_pb_image][\/et_pb_column][\/et_pb_row][et_pb_row column_structure=&#8221;1_2,1_2&#8243; _builder_version=&#8221;4.4.7&#8243; custom_padding=&#8221;67px|||||&#8221;][et_pb_column type=&#8221;1_2&#8243; _builder_version=&#8221;4.4.7&#8243;][et_pb_image src=&#8221;https:\/\/www.europlast.cz\/wp-content\/uploads\/2020\/08\/Vazaci_paska_PP_cerna_d200.png&#8221; title_text=&#8221;Vazaci_paska_PP_cerna_d200&#8243; _builder_version=&#8221;4.4.7&#8243; custom_margin=&#8221;-7px|||||&#8221; custom_padding=&#8221;8px||||false|false&#8221;][\/et_pb_image][\/et_pb_column][et_pb_column type=&#8221;1_2&#8243; _builder_version=&#8221;4.4.7&#8243;][et_pb_text _builder_version=&#8221;4.4.7&#8243; header_text_color=&#8221;#005795&#8243; header_3_text_color=&#8221;#005795&#8243; hover_enabled=&#8221;0&#8243;]<\/p>\n<h3>Elastic EPP strapping<\/h3>\n<p>[\/et_pb_text][et_pb_text _builder_version=&#8221;4.4.7&#8243; hover_enabled=&#8221;0&#8243;]<\/p>\n<p><strong>Embossed PP strapping<\/strong><span>\u00a0with high recovery properties.<\/span><\/p>\n<p><span>Ideal for transportation of loads that settle or shrink.<\/span><\/p>\n<p>[\/et_pb_text][\/et_pb_column][\/et_pb_row][et_pb_row column_structure=&#8221;1_2,1_2&#8243; _builder_version=&#8221;4.4.7&#8243; custom_padding=&#8221;64px|||||&#8221;][et_pb_column type=&#8221;1_2&#8243; _builder_version=&#8221;4.4.7&#8243;][et_pb_text _builder_version=&#8221;4.4.7&#8243; header_text_color=&#8221;#005795&#8243; header_3_text_color=&#8221;#005795&#8243; hover_enabled=&#8221;0&#8243;]<\/p>\n<h3>Polyester PET strapping<\/h3>\n<p>[\/et_pb_text][et_pb_text _builder_version=&#8221;4.4.7&#8243; hover_enabled=&#8221;0&#8243;]<\/p>\n<p><span>Ideal for fixing and strapping heavy and highly unstable products.<\/span><br \/><span>Standard colour is green.<\/span><\/p>\n<p>[\/et_pb_text][\/et_pb_column][et_pb_column type=&#8221;1_2&#8243; _builder_version=&#8221;4.4.7&#8243;][et_pb_image src=&#8221;https:\/\/www.europlast.cz\/wp-content\/uploads\/2020\/08\/Vazaci_paska_PET_zelena_d400.png&#8221; title_text=&#8221;Vazaci_paska_PET_zelena_d400&#8243; _builder_version=&#8221;4.4.7&#8243; custom_margin=&#8221;-7px|||||&#8221; custom_padding=&#8221;2px||||false|false&#8221;][\/et_pb_image][\/et_pb_column][\/et_pb_row][et_pb_row column_structure=&#8221;1_2,1_2&#8243; _builder_version=&#8221;4.4.7&#8243; custom_padding=&#8221;64px|||||&#8221;][et_pb_column type=&#8221;1_2&#8243; _builder_version=&#8221;4.4.7&#8243;][et_pb_image src=&#8221;https:\/\/www.europlast.cz\/wp-content\/uploads\/2020\/08\/Ocelove_vazaci_pasky.jpg&#8221; title_text=&#8221;-Ocelove_vazaci_pasky&#8221; _builder_version=&#8221;4.4.7&#8243; custom_margin=&#8221;-7px|||||&#8221; custom_padding=&#8221;8px||||false|false&#8221;][\/et_pb_image][\/et_pb_column][et_pb_column type=&#8221;1_2&#8243; _builder_version=&#8221;4.4.7&#8243;][et_pb_text _builder_version=&#8221;4.4.7&#8243; header_text_color=&#8221;#005795&#8243; header_3_text_color=&#8221;#005795&#8243; hover_enabled=&#8221;0&#8243;]<\/p>\n<h3>Steel strapping<\/h3>\n<p>[\/et_pb_text][et_pb_text _builder_version=&#8221;4.4.7&#8243; hover_enabled=&#8221;0&#8243;]<\/p>\n<p><span>Perfect for highest quality and efficiency of packaging.<\/span><br \/><strong>Steel strapping<\/strong><span>\u00a0has permanent optimal physical and geometrical characteristics.<\/span><br \/><span>To be used for easy strapping with maximum assurance.<\/span><\/p>\n<p>&nbsp;<\/p>\n<h4>Steel strapping packaging<\/h4>\n<p><span>Provides excellent tension. Cold-strip medium carbon steel.<\/span><\/p>\n<p><strong>Blued and waxed<\/strong><span>\u00a0\u2013 bluing and waxing the straps ensures protection against rusting.<\/span><\/p>\n<p><strong>Zinc coated and waxed<\/strong><span>\u00a0\u2013 hard wax finish and coating with added zinc for even better rust protection.<\/span><\/p>\n<p>[\/et_pb_text][\/et_pb_column][\/et_pb_row][\/et_pb_section]<\/p>\n","protected":false},"excerpt":{"rendered":"<p>[et_pb_section fb_built=&#8221;1&#8243; _builder_version=&#8221;4.4.7&#8243;][et_pb_row _builder_version=&#8221;4.4.7&#8243;][et_pb_column type=&#8221;4_4&#8243; _builder_version=&#8221;4.4.7&#8243;][et_pb_text _builder_version=&#8221;4.4.7&#8243; _dynamic_attributes=&#8221;content&#8221;]@ET-DC@eyJkeW5hbWljIjp0cnVlLCJjb250ZW50IjoicG9zdF90aXRsZSIsInNldHRpbmdzIjp7ImJlZm9yZSI6IjxoMj4iLCJhZnRlciI6IjwvaDI+In19@[\/et_pb_text][\/et_pb_column][\/et_pb_row][et_pb_row column_structure=&#8221;3_5,2_5&#8243; _builder_version=&#8221;4.4.7&#8243;][et_pb_column type=&#8221;3_5&#8243; _builder_version=&#8221;4.4.7&#8243;][et_pb_text _builder_version=&#8221;4.4.7&#8243; hover_enabled=&#8221;0&#8243;] Polypropylene and polyester strapping is fully recyclable and conforms to the international ecological requirements for sorting, recovery and storing of plastic packaging (Act No. 477\/2001 Sb. &#8211; Packaging Act). [\/et_pb_text][\/et_pb_column][et_pb_column type=&#8221;2_5&#8243; _builder_version=&#8221;4.4.7&#8243;][\/et_pb_column][\/et_pb_row][et_pb_row column_structure=&#8221;1_2,1_2&#8243; _builder_version=&#8221;4.4.7&#8243; custom_padding=&#8221;63px|||||&#8221;][et_pb_column type=&#8221;1_2&#8243; _builder_version=&#8221;4.4.7&#8243;][et_pb_text _builder_version=&#8221;4.4.7&#8243; header_text_color=&#8221;#005795&#8243; header_3_text_color=&#8221;#005795&#8243; hover_enabled=&#8221;0&#8243;] [&hellip;]<\/p>\n","protected":false},"author":1,"featured_media":0,"parent":797,"menu_order":0,"comment_status":"closed","ping_status":"closed","template":"","meta":{"_acf_changed":false,"_et_pb_use_builder":"on","_et_pb_old_content":"<!-- wp:divi\/placeholder \/-->","_et_gb_content_width":"","footnotes":""},"class_list":["post-1928","page","type-page","status-publish","hentry"],"acf":[],"yoast_head":"<!-- This site is optimized with the Yoast SEO plugin v23.7 - https:\/\/yoast.com\/wordpress\/plugins\/seo\/ -->\n<title>Strapping tapes | Europlast<\/title>\n<meta name=\"robots\" content=\"index, follow, max-snippet:-1, max-image-preview:large, max-video-preview:-1\" \/>\n<link rel=\"canonical\" href=\"https:\/\/www.europlast.cz\/en\/product-range\/strapping-tapes\/\" \/>\n<meta property=\"og:locale\" content=\"en_US\" \/>\n<meta property=\"og:type\" content=\"article\" \/>\n<meta property=\"og:title\" content=\"Strapping tapes | Europlast\" \/>\n<meta property=\"og:description\" content=\"[et_pb_section fb_built=&#8221;1&#8243; _builder_version=&#8221;4.4.7&#8243;][et_pb_row _builder_version=&#8221;4.4.7&#8243;][et_pb_column type=&#8221;4_4&#8243; _builder_version=&#8221;4.4.7&#8243;][et_pb_text _builder_version=&#8221;4.4.7&#8243; _dynamic_attributes=&#8221;content&#8221;]@ET-DC@eyJkeW5hbWljIjp0cnVlLCJjb250ZW50IjoicG9zdF90aXRsZSIsInNldHRpbmdzIjp7ImJlZm9yZSI6IjxoMj4iLCJhZnRlciI6IjwvaDI+In19@[\/et_pb_text][\/et_pb_column][\/et_pb_row][et_pb_row column_structure=&#8221;3_5,2_5&#8243; _builder_version=&#8221;4.4.7&#8243;][et_pb_column type=&#8221;3_5&#8243; _builder_version=&#8221;4.4.7&#8243;][et_pb_text _builder_version=&#8221;4.4.7&#8243; hover_enabled=&#8221;0&#8243;] Polypropylene and polyester strapping is fully recyclable and conforms to the international ecological requirements for sorting, recovery and storing of plastic packaging (Act No. 477\/2001 Sb. &#8211; Packaging Act). [\/et_pb_text][\/et_pb_column][et_pb_column type=&#8221;2_5&#8243; _builder_version=&#8221;4.4.7&#8243;][\/et_pb_column][\/et_pb_row][et_pb_row column_structure=&#8221;1_2,1_2&#8243; _builder_version=&#8221;4.4.7&#8243; custom_padding=&#8221;63px|||||&#8221;][et_pb_column type=&#8221;1_2&#8243; _builder_version=&#8221;4.4.7&#8243;][et_pb_text _builder_version=&#8221;4.4.7&#8243; header_text_color=&#8221;#005795&#8243; header_3_text_color=&#8221;#005795&#8243; hover_enabled=&#8221;0&#8243;] [&hellip;]\" \/>\n<meta property=\"og:url\" content=\"https:\/\/www.europlast.cz\/en\/product-range\/strapping-tapes\/\" \/>\n<meta property=\"og:site_name\" content=\"Europlast\" \/>\n<meta property=\"article:modified_time\" content=\"2020-08-13T19:53:39+00:00\" \/>\n<meta property=\"og:image\" content=\"https:\/\/www.europlast.cz\/wp-content\/uploads\/2020\/06\/ep_Logo.png\" \/>\n\t<meta property=\"og:image:width\" content=\"381\" \/>\n\t<meta property=\"og:image:height\" content=\"144\" \/>\n\t<meta property=\"og:image:type\" content=\"image\/png\" \/>\n<meta name=\"twitter:card\" content=\"summary_large_image\" \/>\n<meta name=\"twitter:label1\" content=\"Est. reading time\" \/>\n\t<meta name=\"twitter:data1\" content=\"4 minutes\" \/>\n<script type=\"application\/ld+json\" class=\"yoast-schema-graph\">{\"@context\":\"https:\/\/schema.org\",\"@graph\":[{\"@type\":\"WebPage\",\"@id\":\"https:\/\/www.europlast.cz\/en\/product-range\/strapping-tapes\/\",\"url\":\"https:\/\/www.europlast.cz\/en\/product-range\/strapping-tapes\/\",\"name\":\"Strapping tapes | Europlast\",\"isPartOf\":{\"@id\":\"https:\/\/www.europlast.cz\/#website\"},\"datePublished\":\"2020-05-27T10:50:53+00:00\",\"dateModified\":\"2020-08-13T19:53:39+00:00\",\"breadcrumb\":{\"@id\":\"https:\/\/www.europlast.cz\/en\/product-range\/strapping-tapes\/#breadcrumb\"},\"inLanguage\":\"en-US\",\"potentialAction\":[{\"@type\":\"ReadAction\",\"target\":[\"https:\/\/www.europlast.cz\/en\/product-range\/strapping-tapes\/\"]}]},{\"@type\":\"BreadcrumbList\",\"@id\":\"https:\/\/www.europlast.cz\/en\/product-range\/strapping-tapes\/#breadcrumb\",\"itemListElement\":[{\"@type\":\"ListItem\",\"position\":1,\"name\":\"Home\",\"item\":\"https:\/\/www.europlast.cz\/en\/\"},{\"@type\":\"ListItem\",\"position\":2,\"name\":\"Product range\",\"item\":\"https:\/\/www.europlast.cz\/en\/product-range\/\"},{\"@type\":\"ListItem\",\"position\":3,\"name\":\"Strapping tapes\"}]},{\"@type\":\"WebSite\",\"@id\":\"https:\/\/www.europlast.cz\/#website\",\"url\":\"https:\/\/www.europlast.cz\/\",\"name\":\"Europlast\",\"description\":\"Obalov\u00e9 materi\u00e1ly a PE f\u00f3lie v prvot\u0159\u00eddn\u00ed kvalit\u011b\",\"potentialAction\":[{\"@type\":\"SearchAction\",\"target\":{\"@type\":\"EntryPoint\",\"urlTemplate\":\"https:\/\/www.europlast.cz\/?s={search_term_string}\"},\"query-input\":{\"@type\":\"PropertyValueSpecification\",\"valueRequired\":true,\"valueName\":\"search_term_string\"}}],\"inLanguage\":\"en-US\"}]}<\/script>\n<!-- \/ Yoast SEO plugin. -->","yoast_head_json":{"title":"Strapping tapes | Europlast","robots":{"index":"index","follow":"follow","max-snippet":"max-snippet:-1","max-image-preview":"max-image-preview:large","max-video-preview":"max-video-preview:-1"},"canonical":"https:\/\/www.europlast.cz\/en\/product-range\/strapping-tapes\/","og_locale":"en_US","og_type":"article","og_title":"Strapping tapes | Europlast","og_description":"[et_pb_section fb_built=&#8221;1&#8243; _builder_version=&#8221;4.4.7&#8243;][et_pb_row _builder_version=&#8221;4.4.7&#8243;][et_pb_column type=&#8221;4_4&#8243; _builder_version=&#8221;4.4.7&#8243;][et_pb_text _builder_version=&#8221;4.4.7&#8243; _dynamic_attributes=&#8221;content&#8221;]@ET-DC@eyJkeW5hbWljIjp0cnVlLCJjb250ZW50IjoicG9zdF90aXRsZSIsInNldHRpbmdzIjp7ImJlZm9yZSI6IjxoMj4iLCJhZnRlciI6IjwvaDI+In19@[\/et_pb_text][\/et_pb_column][\/et_pb_row][et_pb_row column_structure=&#8221;3_5,2_5&#8243; _builder_version=&#8221;4.4.7&#8243;][et_pb_column type=&#8221;3_5&#8243; _builder_version=&#8221;4.4.7&#8243;][et_pb_text _builder_version=&#8221;4.4.7&#8243; hover_enabled=&#8221;0&#8243;] Polypropylene and polyester strapping is fully recyclable and conforms to the international ecological requirements for sorting, recovery and storing of plastic packaging (Act No. 477\/2001 Sb. &#8211; Packaging Act). [\/et_pb_text][\/et_pb_column][et_pb_column type=&#8221;2_5&#8243; _builder_version=&#8221;4.4.7&#8243;][\/et_pb_column][\/et_pb_row][et_pb_row column_structure=&#8221;1_2,1_2&#8243; _builder_version=&#8221;4.4.7&#8243; custom_padding=&#8221;63px|||||&#8221;][et_pb_column type=&#8221;1_2&#8243; _builder_version=&#8221;4.4.7&#8243;][et_pb_text _builder_version=&#8221;4.4.7&#8243; header_text_color=&#8221;#005795&#8243; header_3_text_color=&#8221;#005795&#8243; hover_enabled=&#8221;0&#8243;] [&hellip;]","og_url":"https:\/\/www.europlast.cz\/en\/product-range\/strapping-tapes\/","og_site_name":"Europlast","article_modified_time":"2020-08-13T19:53:39+00:00","og_image":[{"width":381,"height":144,"url":"https:\/\/www.europlast.cz\/wp-content\/uploads\/2020\/06\/ep_Logo.png","type":"image\/png"}],"twitter_card":"summary_large_image","twitter_misc":{"Est. reading time":"4 minutes"},"schema":{"@context":"https:\/\/schema.org","@graph":[{"@type":"WebPage","@id":"https:\/\/www.europlast.cz\/en\/product-range\/strapping-tapes\/","url":"https:\/\/www.europlast.cz\/en\/product-range\/strapping-tapes\/","name":"Strapping tapes | Europlast","isPartOf":{"@id":"https:\/\/www.europlast.cz\/#website"},"datePublished":"2020-05-27T10:50:53+00:00","dateModified":"2020-08-13T19:53:39+00:00","breadcrumb":{"@id":"https:\/\/www.europlast.cz\/en\/product-range\/strapping-tapes\/#breadcrumb"},"inLanguage":"en-US","potentialAction":[{"@type":"ReadAction","target":["https:\/\/www.europlast.cz\/en\/product-range\/strapping-tapes\/"]}]},{"@type":"BreadcrumbList","@id":"https:\/\/www.europlast.cz\/en\/product-range\/strapping-tapes\/#breadcrumb","itemListElement":[{"@type":"ListItem","position":1,"name":"Home","item":"https:\/\/www.europlast.cz\/en\/"},{"@type":"ListItem","position":2,"name":"Product range","item":"https:\/\/www.europlast.cz\/en\/product-range\/"},{"@type":"ListItem","position":3,"name":"Strapping tapes"}]},{"@type":"WebSite","@id":"https:\/\/www.europlast.cz\/#website","url":"https:\/\/www.europlast.cz\/","name":"Europlast","description":"Obalov\u00e9 materi\u00e1ly a PE f\u00f3lie v prvot\u0159\u00eddn\u00ed kvalit\u011b","potentialAction":[{"@type":"SearchAction","target":{"@type":"EntryPoint","urlTemplate":"https:\/\/www.europlast.cz\/?s={search_term_string}"},"query-input":{"@type":"PropertyValueSpecification","valueRequired":true,"valueName":"search_term_string"}}],"inLanguage":"en-US"}]}},"_links":{"self":[{"href":"https:\/\/www.europlast.cz\/en\/wp-json\/wp\/v2\/pages\/1928"}],"collection":[{"href":"https:\/\/www.europlast.cz\/en\/wp-json\/wp\/v2\/pages"}],"about":[{"href":"https:\/\/www.europlast.cz\/en\/wp-json\/wp\/v2\/types\/page"}],"author":[{"embeddable":true,"href":"https:\/\/www.europlast.cz\/en\/wp-json\/wp\/v2\/users\/1"}],"replies":[{"embeddable":true,"href":"https:\/\/www.europlast.cz\/en\/wp-json\/wp\/v2\/comments?post=1928"}],"version-history":[{"count":4,"href":"https:\/\/www.europlast.cz\/en\/wp-json\/wp\/v2\/pages\/1928\/revisions"}],"predecessor-version":[{"id":2046,"href":"https:\/\/www.europlast.cz\/en\/wp-json\/wp\/v2\/pages\/1928\/revisions\/2046"}],"up":[{"embeddable":true,"href":"https:\/\/www.europlast.cz\/en\/wp-json\/wp\/v2\/pages\/797"}],"wp:attachment":[{"href":"https:\/\/www.europlast.cz\/en\/wp-json\/wp\/v2\/media?parent=1928"}],"curies":[{"name":"wp","href":"https:\/\/api.w.org\/{rel}","templated":true}]}}