{"id":1920,"date":"2020-05-27T12:53:29","date_gmt":"2020-05-27T10:53:29","guid":{"rendered":"https:\/\/www.europlast.cz\/product-range\/obalova-technika\/ovinovaci-stroje\/"},"modified":"2020-10-16T16:13:32","modified_gmt":"2020-10-16T14:13:32","slug":"pallet-stretch-wrapping-machines","status":"publish","type":"page","link":"https:\/\/www.europlast.cz\/en\/product-range\/packaging-machines\/pallet-stretch-wrapping-machines\/","title":{"rendered":"Pallet Stretch Wrapping Machines"},"content":{"rendered":"<p>[et_pb_section fb_built=&#8221;1&#8243; _builder_version=&#8221;4.4.7&#8243;][et_pb_row _builder_version=&#8221;4.4.7&#8243;][et_pb_column type=&#8221;4_4&#8243; _builder_version=&#8221;4.4.7&#8243;][et_pb_text _builder_version=&#8221;4.4.7&#8243; hover_enabled=&#8221;0&#8243;]<\/p>\n<h2>Packaging machines<\/h2>\n<p>[\/et_pb_text][\/et_pb_column][\/et_pb_row][et_pb_row module_class=&#8221;btn-inline&#8221; _builder_version=&#8221;4.4.7&#8243; module_alignment=&#8221;center&#8221; custom_padding=&#8221;||0px||false|false&#8221; border_width_bottom=&#8221;3px&#8221; border_color_bottom=&#8221;rgba(51,51,51,0.1)&#8221;][et_pb_column type=&#8221;4_4&#8243; _builder_version=&#8221;4.4.7&#8243;][et_pb_button button_url=&#8221;@ET-DC@eyJkeW5hbWljIjp0cnVlLCJjb250ZW50IjoicG9zdF9saW5rX3VybF9wYWdlIiwic2V0dGluZ3MiOnsicG9zdF9pZCI6Ijg3In19@&#8221; button_text=&#8221;Pallet Stretch Wrapping Machines&#8221; module_class=&#8221;btn-inline&#8221; _builder_version=&#8221;4.4.7&#8243; _dynamic_attributes=&#8221;button_url&#8221; custom_button=&#8221;on&#8221; button_text_size=&#8221;18px&#8221; button_text_color=&#8221;#000000&#8243; button_border_width=&#8221;3px&#8221; button_border_color=&#8221;#e02b20&#8243; button_border_radius=&#8221;0px&#8221; button_use_icon=&#8221;off&#8221; custom_margin=&#8221;|10px|-3px|10px|false|false&#8221; custom_padding=&#8221;|0px||0px|false|false&#8221; custom_css_main_element=&#8221;border-top: none !important;||border-left: none !important;||border-right: none !important;&#8221;][\/et_pb_button][et_pb_button button_url=&#8221;@ET-DC@eyJkeW5hbWljIjp0cnVlLCJjb250ZW50IjoicG9zdF9saW5rX3VybF9wYWdlIiwic2V0dGluZ3MiOnsicG9zdF9pZCI6Ijg1In19@&#8221; button_text=&#8221;Strapping machines&#8221; module_class=&#8221;btn-inline&#8221; _builder_version=&#8221;4.4.7&#8243; _dynamic_attributes=&#8221;button_url&#8221; custom_button=&#8221;on&#8221; button_text_size=&#8221;18px&#8221; button_text_color=&#8221;rgba(12,113,195,0.39)&#8221; button_border_width=&#8221;0px&#8221; button_use_icon=&#8221;off&#8221; custom_margin=&#8221;|10px|0px|10px|false|false&#8221; custom_padding=&#8221;|0px||0px|false|false&#8221;][\/et_pb_button][\/et_pb_column][\/et_pb_row][et_pb_row column_structure=&#8221;2_3,1_3&#8243; _builder_version=&#8221;4.4.7&#8243; custom_padding=&#8221;65px|||||&#8221;][et_pb_column type=&#8221;2_3&#8243; _builder_version=&#8221;4.4.7&#8243;][et_pb_text _builder_version=&#8221;4.4.7&#8243; header_3_text_color=&#8221;#005795&#8243;]<\/p>\n<p><span>Designed mainly for <strong>wrapping palletised goods with stretch film<\/strong>. Our complete product range offers also other types of machines, additional modifications or accessories. <\/span><\/p>\n<p>[\/et_pb_text][\/et_pb_column][et_pb_column type=&#8221;1_3&#8243; _builder_version=&#8221;4.4.7&#8243;][\/et_pb_column][\/et_pb_row][et_pb_row column_structure=&#8221;1_2,1_2&#8243; _builder_version=&#8221;4.4.7&#8243; custom_padding=&#8221;65px|||||&#8221;][et_pb_column type=&#8221;1_2&#8243; _builder_version=&#8221;4.4.7&#8243;][et_pb_image src=&#8221;https:\/\/www.europlast.cz\/wp-content\/uploads\/2020\/08\/30-0-43.jpg&#8221; title_text=&#8221;30-0-43&#8243; _builder_version=&#8221;4.4.7&#8243;][\/et_pb_image][\/et_pb_column][et_pb_column type=&#8221;1_2&#8243; _builder_version=&#8221;4.4.7&#8243;][et_pb_text _builder_version=&#8221;4.4.7&#8243; header_3_text_color=&#8221;#005795&#8243;]<\/p>\n<h3><span lang=\"CS\">EURM-400 \u2013 rotary arm<o:p><\/o:p><\/span><\/h3>\n<p>[\/et_pb_text][et_pb_text _builder_version=&#8221;4.4.7&#8243; header_3_text_color=&#8221;#005795&#8243;]<\/p>\n<p><span>For productions with high volume packaging (up to 40 pallets per hour). Suitable also for packaging light-weight goods.<\/p>\n<p> Fully automatic packaging cycle. For single use or to be fitted into in-line systems. Up to 20 packaging programs \u201eOne Touch\u201c. Pre-stretch 300 %. Programming and communication with the control unit via operator panel. Automatic mounting and deployment of film (at the beginning and end of wrapping cycle). Other features are the same as for OSZ-420.<br \/> <\/span><\/p>\n<p>[\/et_pb_text][\/et_pb_column][\/et_pb_row][et_pb_row column_structure=&#8221;1_2,1_2&#8243; _builder_version=&#8221;4.4.7&#8243; custom_padding=&#8221;65px|||||&#8221;][et_pb_column type=&#8221;1_2&#8243; _builder_version=&#8221;4.4.7&#8243;][et_pb_text _builder_version=&#8221;4.4.7&#8243; header_3_text_color=&#8221;#005795&#8243; min_height=&#8221;20px&#8221;]<\/p>\n<h3><span lang=\"CS\">OSZ-420 &#8211; automatic<o:p><\/o:p><\/span><\/h3>\n<p>[\/et_pb_text][et_pb_text _builder_version=&#8221;4.4.7&#8243; header_3_text_color=&#8221;#005795&#8243;]<\/p>\n<p><span>Three pre-set programs, spring loaded film brake. Communication with operation board via mini-display and keyboard. Load height optical sensing. Turntable positioning system, slow start and stop of the turntable. Smooth regulation of turntable rotation speed and film carriage travel.<\/span><\/p>\n<p>[\/et_pb_text][\/et_pb_column][et_pb_column type=&#8221;1_2&#8243; _builder_version=&#8221;4.4.7&#8243;][et_pb_image src=&#8221;https:\/\/www.europlast.cz\/wp-content\/uploads\/2020\/08\/30-0-44.jpg&#8221; title_text=&#8221;30-0-44&#8243; _builder_version=&#8221;4.4.7&#8243;][\/et_pb_image][\/et_pb_column][\/et_pb_row][et_pb_row column_structure=&#8221;1_2,1_2&#8243; _builder_version=&#8221;4.4.7&#8243; custom_padding=&#8221;65px|||||&#8221;][et_pb_column type=&#8221;1_2&#8243; _builder_version=&#8221;4.4.7&#8243;][et_pb_image src=&#8221;https:\/\/www.europlast.cz\/wp-content\/uploads\/2020\/08\/30-0-45.jpg&#8221; title_text=&#8221;30-0-45&#8243; _builder_version=&#8221;4.4.7&#8243;][\/et_pb_image][\/et_pb_column][et_pb_column type=&#8221;1_2&#8243; _builder_version=&#8221;4.4.7&#8243;][et_pb_text _builder_version=&#8221;4.4.7&#8243; header_3_text_color=&#8221;#005795&#8243;]<\/p>\n<h3><span lang=\"CS\">OSS-410 \u2013 automatic<o:p><\/o:p><\/span><\/h3>\n<p>[\/et_pb_text][et_pb_text _builder_version=&#8221;4.4.7&#8243; header_3_text_color=&#8221;#005795&#8243;]<\/p>\n<p><span>Three configurable programs, motorised power pre-stretch. Suitable for businesses with medium to high volume packaging (up to 25 pallets per hour). Motorised pre-stretch +230 % or + 300 % (stretching 1 m of film to 4 m). Communication with operation board via mini-display and keyboard.<\/p>\n<p> Automatic film cutting at the end of packaging program. Built-in diagnostic programme. Pallet height sensing photo-eye. Exact turntable positioning system, slow start and stop of the turntable. Smooth regulation of wrapping tension, turntable rotation speed and film carriage travel. <br \/> <\/span><\/p>\n<p>[\/et_pb_text][\/et_pb_column][\/et_pb_row][et_pb_row column_structure=&#8221;1_2,1_2&#8243; _builder_version=&#8221;4.4.7&#8243; custom_padding=&#8221;65px|||||&#8221;][et_pb_column type=&#8221;1_2&#8243; _builder_version=&#8221;4.4.7&#8243;][et_pb_text _builder_version=&#8221;4.4.7&#8243; header_3_text_color=&#8221;#005795&#8243; min_height=&#8221;20px&#8221;]<\/p>\n<h3><span lang=\"CS\">OSS-430 \u2013 automatic<o:p><\/o:p><\/span><\/h3>\n<p>[\/et_pb_text][et_pb_text _builder_version=&#8221;4.4.7&#8243; header_3_text_color=&#8221;#005795&#8243;]<\/p>\n<p><span>Three configurable programs, motorised power pre-stretch. Differs from the A 410 in that it has automatic heat cutting of the film.<br \/> Automatic holding of the film when attaching onto pallet. Large touch screen. Electro-pneumatic drive.<\/span><\/p>\n<p>[\/et_pb_text][\/et_pb_column][et_pb_column type=&#8221;1_2&#8243; _builder_version=&#8221;4.4.7&#8243;][et_pb_image src=&#8221;https:\/\/www.europlast.cz\/wp-content\/uploads\/2020\/08\/30-0-46-1.jpg&#8221; title_text=&#8221;30-0-46&#8243; _builder_version=&#8221;4.4.7&#8243;][\/et_pb_image][\/et_pb_column][\/et_pb_row][et_pb_row column_structure=&#8221;2_3,1_3&#8243; _builder_version=&#8221;4.4.7&#8243; custom_padding=&#8221;107px|||||&#8221;][et_pb_column type=&#8221;2_3&#8243; _builder_version=&#8221;4.4.7&#8243;][et_pb_text _builder_version=&#8221;4.4.7&#8243; header_3_text_color=&#8221;#005795&#8243; min_height=&#8221;20px&#8221;]<\/p>\n<h3><span lang=\"CS\">Manual dispensers<o:p><\/o:p><\/span><\/h3>\n<p>[\/et_pb_text][et_pb_text _builder_version=&#8221;4.4.7&#8243; header_3_text_color=&#8221;#005795&#8243;]<\/p>\n<p><strong>Used in<\/strong> businesses with low volume packaging or on premises where placing a pallet wrapping machine would not be possible or convenient, such as businesses with more locations of packing, for drivers, etc.<\/p>\n<p>[\/et_pb_text][\/et_pb_column][et_pb_column type=&#8221;1_3&#8243; _builder_version=&#8221;4.4.7&#8243;][\/et_pb_column][\/et_pb_row][et_pb_row column_structure=&#8221;1_2,1_2&#8243; _builder_version=&#8221;4.4.7&#8243; custom_padding=&#8221;65px|||||&#8221;][et_pb_column type=&#8221;1_2&#8243; _builder_version=&#8221;4.4.7&#8243;][et_pb_image src=&#8221;https:\/\/www.europlast.cz\/wp-content\/uploads\/2020\/08\/Hand_stretch_wrapp_02.jpg&#8221; title_text=&#8221;Hand_stretch_wrapp_02&#8243; _builder_version=&#8221;4.4.7&#8243;][\/et_pb_image][\/et_pb_column][et_pb_column type=&#8221;1_2&#8243; _builder_version=&#8221;4.4.7&#8243;][et_pb_text _builder_version=&#8221;4.4.7&#8243; header_3_text_color=&#8221;#005795&#8243;]<\/p>\n<h3><span lang=\"CS\">Handwrapper AE 3000<o:p><\/o:p><\/span><\/h3>\n<p>[\/et_pb_text][et_pb_text _builder_version=&#8221;4.4.7&#8243; header_3_text_color=&#8221;#005795&#8243;]<\/p>\n<p><span>Enables easy pre-stretch of film with just two fingers, thus lowering amount of film necessary for wrapping a pallet. Works on the same principle as stretch wrap machines.<\/span><\/p>\n<p>[\/et_pb_text][\/et_pb_column][\/et_pb_row][et_pb_row column_structure=&#8221;1_2,1_2&#8243; _builder_version=&#8221;4.4.7&#8243; custom_padding=&#8221;103px|||||&#8221;][et_pb_column type=&#8221;1_2&#8243; _builder_version=&#8221;4.4.7&#8243;][et_pb_text _builder_version=&#8221;4.4.7&#8243; header_3_text_color=&#8221;#005795&#8243;]<\/p>\n<h3><span lang=\"CS\">Other types of stretch wrapping machines<o:p><\/o:p><\/span><\/h3>\n<p>[\/et_pb_text][et_pb_text _builder_version=&#8221;4.4.7&#8243; header_3_text_color=&#8221;#005795&#8243;]<\/p>\n<p><span>Within our product range we are <strong>ready to offer you also other types of stretch wrapping applications<\/strong>, including wrappers for horizontal packaging of long-length products (boards, ladder, etc.) or machinery with special features, such as cut-out turntable for pallet trucks, upper pressure plate, etc.<\/span><\/p>\n<p>[\/et_pb_text][\/et_pb_column][et_pb_column type=&#8221;1_2&#8243; _builder_version=&#8221;4.4.7&#8243;][et_pb_image src=&#8221;https:\/\/www.europlast.cz\/wp-content\/uploads\/2020\/08\/ostatni-modely.jpg&#8221; title_text=&#8221;ostatni modely&#8221; _builder_version=&#8221;4.4.7&#8243;][\/et_pb_image][\/et_pb_column][\/et_pb_row][\/et_pb_section]<\/p>\n","protected":false},"excerpt":{"rendered":"<p>[et_pb_section fb_built=&#8221;1&#8243; _builder_version=&#8221;4.4.7&#8243;][et_pb_row _builder_version=&#8221;4.4.7&#8243;][et_pb_column type=&#8221;4_4&#8243; _builder_version=&#8221;4.4.7&#8243;][et_pb_text _builder_version=&#8221;4.4.7&#8243; hover_enabled=&#8221;0&#8243;] Packaging machines [\/et_pb_text][\/et_pb_column][\/et_pb_row][et_pb_row module_class=&#8221;btn-inline&#8221; _builder_version=&#8221;4.4.7&#8243; module_alignment=&#8221;center&#8221; custom_padding=&#8221;||0px||false|false&#8221; border_width_bottom=&#8221;3px&#8221; border_color_bottom=&#8221;rgba(51,51,51,0.1)&#8221;][et_pb_column type=&#8221;4_4&#8243; _builder_version=&#8221;4.4.7&#8243;][et_pb_button button_url=&#8221;@ET-DC@eyJkeW5hbWljIjp0cnVlLCJjb250ZW50IjoicG9zdF9saW5rX3VybF9wYWdlIiwic2V0dGluZ3MiOnsicG9zdF9pZCI6Ijg3In19@&#8221; button_text=&#8221;Pallet Stretch Wrapping Machines&#8221; module_class=&#8221;btn-inline&#8221; _builder_version=&#8221;4.4.7&#8243; _dynamic_attributes=&#8221;button_url&#8221; custom_button=&#8221;on&#8221; button_text_size=&#8221;18px&#8221; button_text_color=&#8221;#000000&#8243; button_border_width=&#8221;3px&#8221; button_border_color=&#8221;#e02b20&#8243; button_border_radius=&#8221;0px&#8221; button_use_icon=&#8221;off&#8221; custom_margin=&#8221;|10px|-3px|10px|false|false&#8221; custom_padding=&#8221;|0px||0px|false|false&#8221; custom_css_main_element=&#8221;border-top: none !important;||border-left: none !important;||border-right: none !important;&#8221;][\/et_pb_button][et_pb_button button_url=&#8221;@ET-DC@eyJkeW5hbWljIjp0cnVlLCJjb250ZW50IjoicG9zdF9saW5rX3VybF9wYWdlIiwic2V0dGluZ3MiOnsicG9zdF9pZCI6Ijg1In19@&#8221; button_text=&#8221;Strapping machines&#8221; module_class=&#8221;btn-inline&#8221; _builder_version=&#8221;4.4.7&#8243; _dynamic_attributes=&#8221;button_url&#8221; custom_button=&#8221;on&#8221; button_text_size=&#8221;18px&#8221; button_text_color=&#8221;rgba(12,113,195,0.39)&#8221; button_border_width=&#8221;0px&#8221; button_use_icon=&#8221;off&#8221; custom_margin=&#8221;|10px|0px|10px|false|false&#8221; [&hellip;]<\/p>\n","protected":false},"author":1,"featured_media":0,"parent":1916,"menu_order":0,"comment_status":"closed","ping_status":"closed","template":"","meta":{"_acf_changed":false,"_et_pb_use_builder":"on","_et_pb_old_content":"<!-- wp:divi\/placeholder \/-->","_et_gb_content_width":"","footnotes":""},"class_list":["post-1920","page","type-page","status-publish","hentry"],"acf":[],"yoast_head":"<!-- This site is optimized with the Yoast SEO plugin v23.7 - https:\/\/yoast.com\/wordpress\/plugins\/seo\/ -->\n<title>Pallet Stretch Wrapping Machines | Europlast<\/title>\n<meta name=\"robots\" content=\"index, follow, max-snippet:-1, max-image-preview:large, max-video-preview:-1\" \/>\n<link rel=\"canonical\" href=\"https:\/\/www.europlast.cz\/en\/product-range\/packaging-machines\/pallet-stretch-wrapping-machines\/\" \/>\n<meta property=\"og:locale\" content=\"en_US\" \/>\n<meta property=\"og:type\" content=\"article\" \/>\n<meta property=\"og:title\" content=\"Pallet Stretch Wrapping Machines | Europlast\" \/>\n<meta property=\"og:description\" content=\"[et_pb_section fb_built=&#8221;1&#8243; _builder_version=&#8221;4.4.7&#8243;][et_pb_row _builder_version=&#8221;4.4.7&#8243;][et_pb_column type=&#8221;4_4&#8243; _builder_version=&#8221;4.4.7&#8243;][et_pb_text _builder_version=&#8221;4.4.7&#8243; hover_enabled=&#8221;0&#8243;] Packaging machines [\/et_pb_text][\/et_pb_column][\/et_pb_row][et_pb_row module_class=&#8221;btn-inline&#8221; _builder_version=&#8221;4.4.7&#8243; module_alignment=&#8221;center&#8221; custom_padding=&#8221;||0px||false|false&#8221; border_width_bottom=&#8221;3px&#8221; border_color_bottom=&#8221;rgba(51,51,51,0.1)&#8221;][et_pb_column type=&#8221;4_4&#8243; _builder_version=&#8221;4.4.7&#8243;][et_pb_button button_url=&#8221;@ET-DC@eyJkeW5hbWljIjp0cnVlLCJjb250ZW50IjoicG9zdF9saW5rX3VybF9wYWdlIiwic2V0dGluZ3MiOnsicG9zdF9pZCI6Ijg3In19@&#8221; button_text=&#8221;Pallet Stretch Wrapping Machines&#8221; module_class=&#8221;btn-inline&#8221; _builder_version=&#8221;4.4.7&#8243; _dynamic_attributes=&#8221;button_url&#8221; custom_button=&#8221;on&#8221; button_text_size=&#8221;18px&#8221; button_text_color=&#8221;#000000&#8243; button_border_width=&#8221;3px&#8221; button_border_color=&#8221;#e02b20&#8243; button_border_radius=&#8221;0px&#8221; button_use_icon=&#8221;off&#8221; custom_margin=&#8221;|10px|-3px|10px|false|false&#8221; custom_padding=&#8221;|0px||0px|false|false&#8221; custom_css_main_element=&#8221;border-top: none !important;||border-left: none !important;||border-right: none !important;&#8221;][\/et_pb_button][et_pb_button button_url=&#8221;@ET-DC@eyJkeW5hbWljIjp0cnVlLCJjb250ZW50IjoicG9zdF9saW5rX3VybF9wYWdlIiwic2V0dGluZ3MiOnsicG9zdF9pZCI6Ijg1In19@&#8221; button_text=&#8221;Strapping machines&#8221; module_class=&#8221;btn-inline&#8221; _builder_version=&#8221;4.4.7&#8243; _dynamic_attributes=&#8221;button_url&#8221; custom_button=&#8221;on&#8221; button_text_size=&#8221;18px&#8221; button_text_color=&#8221;rgba(12,113,195,0.39)&#8221; button_border_width=&#8221;0px&#8221; button_use_icon=&#8221;off&#8221; custom_margin=&#8221;|10px|0px|10px|false|false&#8221; [&hellip;]\" \/>\n<meta property=\"og:url\" content=\"https:\/\/www.europlast.cz\/en\/product-range\/packaging-machines\/pallet-stretch-wrapping-machines\/\" \/>\n<meta property=\"og:site_name\" content=\"Europlast\" \/>\n<meta property=\"article:modified_time\" content=\"2020-10-16T14:13:32+00:00\" \/>\n<meta property=\"og:image\" content=\"https:\/\/www.europlast.cz\/wp-content\/uploads\/2020\/06\/ep_Logo.png\" \/>\n\t<meta property=\"og:image:width\" content=\"381\" \/>\n\t<meta property=\"og:image:height\" content=\"144\" \/>\n\t<meta property=\"og:image:type\" content=\"image\/png\" \/>\n<meta name=\"twitter:card\" content=\"summary_large_image\" \/>\n<meta name=\"twitter:label1\" content=\"Est. reading time\" \/>\n\t<meta name=\"twitter:data1\" content=\"6 minutes\" \/>\n<script type=\"application\/ld+json\" class=\"yoast-schema-graph\">{\"@context\":\"https:\/\/schema.org\",\"@graph\":[{\"@type\":\"WebPage\",\"@id\":\"https:\/\/www.europlast.cz\/en\/product-range\/packaging-machines\/pallet-stretch-wrapping-machines\/\",\"url\":\"https:\/\/www.europlast.cz\/en\/product-range\/packaging-machines\/pallet-stretch-wrapping-machines\/\",\"name\":\"Pallet Stretch Wrapping Machines | Europlast\",\"isPartOf\":{\"@id\":\"https:\/\/www.europlast.cz\/#website\"},\"datePublished\":\"2020-05-27T10:53:29+00:00\",\"dateModified\":\"2020-10-16T14:13:32+00:00\",\"breadcrumb\":{\"@id\":\"https:\/\/www.europlast.cz\/en\/product-range\/packaging-machines\/pallet-stretch-wrapping-machines\/#breadcrumb\"},\"inLanguage\":\"en-US\",\"potentialAction\":[{\"@type\":\"ReadAction\",\"target\":[\"https:\/\/www.europlast.cz\/en\/product-range\/packaging-machines\/pallet-stretch-wrapping-machines\/\"]}]},{\"@type\":\"BreadcrumbList\",\"@id\":\"https:\/\/www.europlast.cz\/en\/product-range\/packaging-machines\/pallet-stretch-wrapping-machines\/#breadcrumb\",\"itemListElement\":[{\"@type\":\"ListItem\",\"position\":1,\"name\":\"Home\",\"item\":\"https:\/\/www.europlast.cz\/en\/\"},{\"@type\":\"ListItem\",\"position\":2,\"name\":\"Product range\",\"item\":\"https:\/\/www.europlast.cz\/en\/product-range\/\"},{\"@type\":\"ListItem\",\"position\":3,\"name\":\"Packaging machines\",\"item\":\"https:\/\/www.europlast.cz\/en\/product-range\/packaging-machines\/\"},{\"@type\":\"ListItem\",\"position\":4,\"name\":\"Pallet Stretch Wrapping Machines\"}]},{\"@type\":\"WebSite\",\"@id\":\"https:\/\/www.europlast.cz\/#website\",\"url\":\"https:\/\/www.europlast.cz\/\",\"name\":\"Europlast\",\"description\":\"Obalov\u00e9 materi\u00e1ly a PE f\u00f3lie v prvot\u0159\u00eddn\u00ed kvalit\u011b\",\"potentialAction\":[{\"@type\":\"SearchAction\",\"target\":{\"@type\":\"EntryPoint\",\"urlTemplate\":\"https:\/\/www.europlast.cz\/?s={search_term_string}\"},\"query-input\":{\"@type\":\"PropertyValueSpecification\",\"valueRequired\":true,\"valueName\":\"search_term_string\"}}],\"inLanguage\":\"en-US\"}]}<\/script>\n<!-- \/ Yoast SEO plugin. -->","yoast_head_json":{"title":"Pallet Stretch Wrapping Machines | Europlast","robots":{"index":"index","follow":"follow","max-snippet":"max-snippet:-1","max-image-preview":"max-image-preview:large","max-video-preview":"max-video-preview:-1"},"canonical":"https:\/\/www.europlast.cz\/en\/product-range\/packaging-machines\/pallet-stretch-wrapping-machines\/","og_locale":"en_US","og_type":"article","og_title":"Pallet Stretch Wrapping Machines | Europlast","og_description":"[et_pb_section fb_built=&#8221;1&#8243; _builder_version=&#8221;4.4.7&#8243;][et_pb_row _builder_version=&#8221;4.4.7&#8243;][et_pb_column type=&#8221;4_4&#8243; _builder_version=&#8221;4.4.7&#8243;][et_pb_text _builder_version=&#8221;4.4.7&#8243; hover_enabled=&#8221;0&#8243;] Packaging machines [\/et_pb_text][\/et_pb_column][\/et_pb_row][et_pb_row module_class=&#8221;btn-inline&#8221; _builder_version=&#8221;4.4.7&#8243; module_alignment=&#8221;center&#8221; custom_padding=&#8221;||0px||false|false&#8221; border_width_bottom=&#8221;3px&#8221; border_color_bottom=&#8221;rgba(51,51,51,0.1)&#8221;][et_pb_column type=&#8221;4_4&#8243; _builder_version=&#8221;4.4.7&#8243;][et_pb_button button_url=&#8221;@ET-DC@eyJkeW5hbWljIjp0cnVlLCJjb250ZW50IjoicG9zdF9saW5rX3VybF9wYWdlIiwic2V0dGluZ3MiOnsicG9zdF9pZCI6Ijg3In19@&#8221; button_text=&#8221;Pallet Stretch Wrapping Machines&#8221; module_class=&#8221;btn-inline&#8221; _builder_version=&#8221;4.4.7&#8243; _dynamic_attributes=&#8221;button_url&#8221; custom_button=&#8221;on&#8221; button_text_size=&#8221;18px&#8221; button_text_color=&#8221;#000000&#8243; button_border_width=&#8221;3px&#8221; button_border_color=&#8221;#e02b20&#8243; button_border_radius=&#8221;0px&#8221; button_use_icon=&#8221;off&#8221; custom_margin=&#8221;|10px|-3px|10px|false|false&#8221; custom_padding=&#8221;|0px||0px|false|false&#8221; custom_css_main_element=&#8221;border-top: none !important;||border-left: none !important;||border-right: none !important;&#8221;][\/et_pb_button][et_pb_button button_url=&#8221;@ET-DC@eyJkeW5hbWljIjp0cnVlLCJjb250ZW50IjoicG9zdF9saW5rX3VybF9wYWdlIiwic2V0dGluZ3MiOnsicG9zdF9pZCI6Ijg1In19@&#8221; button_text=&#8221;Strapping machines&#8221; module_class=&#8221;btn-inline&#8221; _builder_version=&#8221;4.4.7&#8243; _dynamic_attributes=&#8221;button_url&#8221; custom_button=&#8221;on&#8221; button_text_size=&#8221;18px&#8221; button_text_color=&#8221;rgba(12,113,195,0.39)&#8221; button_border_width=&#8221;0px&#8221; button_use_icon=&#8221;off&#8221; custom_margin=&#8221;|10px|0px|10px|false|false&#8221; [&hellip;]","og_url":"https:\/\/www.europlast.cz\/en\/product-range\/packaging-machines\/pallet-stretch-wrapping-machines\/","og_site_name":"Europlast","article_modified_time":"2020-10-16T14:13:32+00:00","og_image":[{"width":381,"height":144,"url":"https:\/\/www.europlast.cz\/wp-content\/uploads\/2020\/06\/ep_Logo.png","type":"image\/png"}],"twitter_card":"summary_large_image","twitter_misc":{"Est. reading time":"6 minutes"},"schema":{"@context":"https:\/\/schema.org","@graph":[{"@type":"WebPage","@id":"https:\/\/www.europlast.cz\/en\/product-range\/packaging-machines\/pallet-stretch-wrapping-machines\/","url":"https:\/\/www.europlast.cz\/en\/product-range\/packaging-machines\/pallet-stretch-wrapping-machines\/","name":"Pallet Stretch Wrapping Machines | Europlast","isPartOf":{"@id":"https:\/\/www.europlast.cz\/#website"},"datePublished":"2020-05-27T10:53:29+00:00","dateModified":"2020-10-16T14:13:32+00:00","breadcrumb":{"@id":"https:\/\/www.europlast.cz\/en\/product-range\/packaging-machines\/pallet-stretch-wrapping-machines\/#breadcrumb"},"inLanguage":"en-US","potentialAction":[{"@type":"ReadAction","target":["https:\/\/www.europlast.cz\/en\/product-range\/packaging-machines\/pallet-stretch-wrapping-machines\/"]}]},{"@type":"BreadcrumbList","@id":"https:\/\/www.europlast.cz\/en\/product-range\/packaging-machines\/pallet-stretch-wrapping-machines\/#breadcrumb","itemListElement":[{"@type":"ListItem","position":1,"name":"Home","item":"https:\/\/www.europlast.cz\/en\/"},{"@type":"ListItem","position":2,"name":"Product range","item":"https:\/\/www.europlast.cz\/en\/product-range\/"},{"@type":"ListItem","position":3,"name":"Packaging machines","item":"https:\/\/www.europlast.cz\/en\/product-range\/packaging-machines\/"},{"@type":"ListItem","position":4,"name":"Pallet Stretch Wrapping Machines"}]},{"@type":"WebSite","@id":"https:\/\/www.europlast.cz\/#website","url":"https:\/\/www.europlast.cz\/","name":"Europlast","description":"Obalov\u00e9 materi\u00e1ly a PE f\u00f3lie v prvot\u0159\u00eddn\u00ed kvalit\u011b","potentialAction":[{"@type":"SearchAction","target":{"@type":"EntryPoint","urlTemplate":"https:\/\/www.europlast.cz\/?s={search_term_string}"},"query-input":{"@type":"PropertyValueSpecification","valueRequired":true,"valueName":"search_term_string"}}],"inLanguage":"en-US"}]}},"_links":{"self":[{"href":"https:\/\/www.europlast.cz\/en\/wp-json\/wp\/v2\/pages\/1920"}],"collection":[{"href":"https:\/\/www.europlast.cz\/en\/wp-json\/wp\/v2\/pages"}],"about":[{"href":"https:\/\/www.europlast.cz\/en\/wp-json\/wp\/v2\/types\/page"}],"author":[{"embeddable":true,"href":"https:\/\/www.europlast.cz\/en\/wp-json\/wp\/v2\/users\/1"}],"replies":[{"embeddable":true,"href":"https:\/\/www.europlast.cz\/en\/wp-json\/wp\/v2\/comments?post=1920"}],"version-history":[{"count":8,"href":"https:\/\/www.europlast.cz\/en\/wp-json\/wp\/v2\/pages\/1920\/revisions"}],"predecessor-version":[{"id":2774,"href":"https:\/\/www.europlast.cz\/en\/wp-json\/wp\/v2\/pages\/1920\/revisions\/2774"}],"up":[{"embeddable":true,"href":"https:\/\/www.europlast.cz\/en\/wp-json\/wp\/v2\/pages\/1916"}],"wp:attachment":[{"href":"https:\/\/www.europlast.cz\/en\/wp-json\/wp\/v2\/media?parent=1920"}],"curies":[{"name":"wp","href":"https:\/\/api.w.org\/{rel}","templated":true}]}}