{"id":1868,"date":"2020-05-27T12:49:27","date_gmt":"2020-05-27T10:49:27","guid":{"rendered":"https:\/\/www.europlast.cz\/product-range\/antikorozni-folie\/"},"modified":"2020-10-11T12:23:02","modified_gmt":"2020-10-11T10:23:02","slug":"anti-corrosion-film","status":"publish","type":"page","link":"https:\/\/www.europlast.cz\/en\/product-range\/anti-corrosion-film\/","title":{"rendered":"Anti-corrosion Film"},"content":{"rendered":"<p>[et_pb_section fb_built=&#8221;1&#8243; _builder_version=&#8221;4.4.7&#8243;][et_pb_row _builder_version=&#8221;4.4.7&#8243;][et_pb_column type=&#8221;4_4&#8243; _builder_version=&#8221;4.4.7&#8243;][et_pb_text _builder_version=&#8221;4.4.7&#8243; _dynamic_attributes=&#8221;content&#8221;]@ET-DC@eyJkeW5hbWljIjp0cnVlLCJjb250ZW50IjoicG9zdF90aXRsZSIsInNldHRpbmdzIjp7ImJlZm9yZSI6IjxoMj4iLCJhZnRlciI6IjwvaDI+In19@[\/et_pb_text][\/et_pb_column][\/et_pb_row][et_pb_row module_class=&#8221;btn-inline&#8221; _builder_version=&#8221;4.4.7&#8243; module_alignment=&#8221;center&#8221; custom_padding=&#8221;||0px||false|false&#8221; border_width_bottom=&#8221;3px&#8221; border_color_bottom=&#8221;rgba(51,51,51,0.1)&#8221;][et_pb_column type=&#8221;4_4&#8243; _builder_version=&#8221;4.4.7&#8243;][et_pb_button button_url=&#8221;@ET-DC@eyJkeW5hbWljIjp0cnVlLCJjb250ZW50IjoicG9zdF9saW5rX3VybF9wYWdlIiwic2V0dGluZ3MiOnsicG9zdF9pZCI6IjEzMjIifX0=@&#8221; button_text=&#8221;How does it work&#8221; module_class=&#8221;btn-inline&#8221; _builder_version=&#8221;4.4.7&#8243; _dynamic_attributes=&#8221;button_url&#8221; custom_button=&#8221;on&#8221; button_text_size=&#8221;18px&#8221; button_text_color=&#8221;rgba(12,113,195,0.39)&#8221; button_border_width=&#8221;0px&#8221; button_use_icon=&#8221;off&#8221; custom_margin=&#8221;|10px|0px|10px|false|false&#8221; custom_padding=&#8221;|0px||0px|false|false&#8221;][\/et_pb_button][et_pb_button button_url=&#8221;@ET-DC@eyJkeW5hbWljIjp0cnVlLCJjb250ZW50IjoicG9zdF9saW5rX3VybF9wYWdlIiwic2V0dGluZ3MiOnsicG9zdF9pZCI6IjEzMjQifX0=@&#8221; button_text=&#8221;Selection of Zerust products&#8221; module_class=&#8221;btn-inline&#8221; _builder_version=&#8221;4.4.7&#8243; _dynamic_attributes=&#8221;button_url&#8221; custom_button=&#8221;on&#8221; button_text_size=&#8221;18px&#8221; button_text_color=&#8221;rgba(12,113,195,0.39)&#8221; button_border_width=&#8221;0px&#8221; button_use_icon=&#8221;off&#8221; custom_margin=&#8221;|10px|0px|10px|false|false&#8221; custom_padding=&#8221;|0px||0px|false|false&#8221;][\/et_pb_button][et_pb_button button_url=&#8221;@ET-DC@eyJkeW5hbWljIjp0cnVlLCJjb250ZW50IjoicG9zdF9saW5rX3VybF9wYWdlIiwic2V0dGluZ3MiOnsicG9zdF9pZCI6IjEzMjYifX0=@&#8221; button_text=&#8221;Anti-corrosion Film Applications&#8221; module_class=&#8221;btn-inline&#8221; _builder_version=&#8221;4.4.7&#8243; _dynamic_attributes=&#8221;button_url&#8221; custom_button=&#8221;on&#8221; button_text_size=&#8221;18px&#8221; button_text_color=&#8221;rgba(12,113,195,0.39)&#8221; button_border_width=&#8221;0px&#8221; button_use_icon=&#8221;off&#8221; custom_margin=&#8221;|10px|0px|10px|false|false&#8221; custom_padding=&#8221;|0px||0px|false|false&#8221;][\/et_pb_button][\/et_pb_column][\/et_pb_row][et_pb_row column_structure=&#8221;1_2,1_2&#8243; _builder_version=&#8221;4.4.7&#8243; custom_padding=&#8221;46px|||||&#8221;][et_pb_column type=&#8221;1_2&#8243; _builder_version=&#8221;4.4.7&#8243;][et_pb_text _builder_version=&#8221;4.4.7&#8243;]<\/p>\n<p><strong>Packaging systems ZERUST will solve your problems with corrosion and increase profitability of your business by lowering running costs, increasing revenues and increasing your customers&#8217; satisfaction.<\/strong><\/p>\n<p><span>The ZERUST team of distinguished scientists and experts all over the world make sure our protective products are the most reliable, cost-effective and eco-friendly.<\/span><\/p>\n<p>[\/et_pb_text][\/et_pb_column][et_pb_column type=&#8221;1_2&#8243; _builder_version=&#8221;4.4.7&#8243;][et_pb_image src=&#8221;https:\/\/www.europlast.cz\/wp-content\/uploads\/2020\/08\/Folie-Zerust.jpg&#8221; title_text=&#8221;Folie Zerust&#8221; _builder_version=&#8221;4.4.7&#8243; custom_margin=&#8221;-7px|||||&#8221; custom_padding=&#8221;8px||||false|false&#8221;][\/et_pb_image][\/et_pb_column][\/et_pb_row][et_pb_row column_structure=&#8221;1_2,1_2&#8243; _builder_version=&#8221;4.4.7&#8243; custom_padding=&#8221;46px|||||&#8221;][et_pb_column type=&#8221;1_2&#8243; _builder_version=&#8221;4.4.7&#8243;][et_pb_image src=&#8221;https:\/\/www.europlast.cz\/wp-content\/uploads\/2020\/08\/Prutazna-stretch-folia-zerust.jpg&#8221; title_text=&#8221;Prutazna stretch folia zerust&#8221; _builder_version=&#8221;4.4.7&#8243; custom_margin=&#8221;-7px|||||&#8221; custom_padding=&#8221;8px||||false|false&#8221;][\/et_pb_image][\/et_pb_column][et_pb_column type=&#8221;1_2&#8243; _builder_version=&#8221;4.4.7&#8243;][et_pb_text _builder_version=&#8221;4.4.7&#8243;]<\/p>\n<p><strong>The ZERUST team of technicians exploits knowledge and experience acquired over several decades which enable us to:<\/strong><\/p>\n<ul>\n<li>identify and solve the cause of corrosion our customers are having problems with<\/li>\n<li>eliminate inefficient methods connected with manipulation and packaging of material<\/li>\n<li>design optimal packaging solution with corrosion inhibitors<\/li>\n<li>ensure thorough service to customers in more then 40 countries around the world<\/li>\n<\/ul>\n<p>[\/et_pb_text][et_pb_text _builder_version=&#8221;4.4.7&#8243; header_text_color=&#8221;#005795&#8243; header_3_text_color=&#8221;#005795&#8243;]<\/p>\n<h3>The natural process of metal ageing<\/h3>\n<p>[\/et_pb_text][et_pb_text _builder_version=&#8221;4.4.7&#8243;]<\/p>\n<p><span>Generally, corrosion is a process initiated by exposure of metal surface to moisture in the air. This moisture conducts flow of electrons between cathodic and anodic areas on the metal surface, which is an electro-chemical process resulting in visible oxidation, loss of gloss, corrosion or rust.<\/span><\/p>\n<p>[\/et_pb_text][\/et_pb_column][\/et_pb_row][\/et_pb_section]<\/p>\n","protected":false},"excerpt":{"rendered":"<p>[et_pb_section fb_built=&#8221;1&#8243; _builder_version=&#8221;4.4.7&#8243;][et_pb_row _builder_version=&#8221;4.4.7&#8243;][et_pb_column type=&#8221;4_4&#8243; _builder_version=&#8221;4.4.7&#8243;][et_pb_text _builder_version=&#8221;4.4.7&#8243; _dynamic_attributes=&#8221;content&#8221;]@ET-DC@eyJkeW5hbWljIjp0cnVlLCJjb250ZW50IjoicG9zdF90aXRsZSIsInNldHRpbmdzIjp7ImJlZm9yZSI6IjxoMj4iLCJhZnRlciI6IjwvaDI+In19@[\/et_pb_text][\/et_pb_column][\/et_pb_row][et_pb_row module_class=&#8221;btn-inline&#8221; _builder_version=&#8221;4.4.7&#8243; module_alignment=&#8221;center&#8221; custom_padding=&#8221;||0px||false|false&#8221; border_width_bottom=&#8221;3px&#8221; border_color_bottom=&#8221;rgba(51,51,51,0.1)&#8221;][et_pb_column type=&#8221;4_4&#8243; _builder_version=&#8221;4.4.7&#8243;][et_pb_button button_url=&#8221;@ET-DC@eyJkeW5hbWljIjp0cnVlLCJjb250ZW50IjoicG9zdF9saW5rX3VybF9wYWdlIiwic2V0dGluZ3MiOnsicG9zdF9pZCI6IjEzMjIifX0=@&#8221; button_text=&#8221;How does it work&#8221; module_class=&#8221;btn-inline&#8221; _builder_version=&#8221;4.4.7&#8243; _dynamic_attributes=&#8221;button_url&#8221; custom_button=&#8221;on&#8221; button_text_size=&#8221;18px&#8221; button_text_color=&#8221;rgba(12,113,195,0.39)&#8221; button_border_width=&#8221;0px&#8221; button_use_icon=&#8221;off&#8221; custom_margin=&#8221;|10px|0px|10px|false|false&#8221; custom_padding=&#8221;|0px||0px|false|false&#8221;][\/et_pb_button][et_pb_button button_url=&#8221;@ET-DC@eyJkeW5hbWljIjp0cnVlLCJjb250ZW50IjoicG9zdF9saW5rX3VybF9wYWdlIiwic2V0dGluZ3MiOnsicG9zdF9pZCI6IjEzMjQifX0=@&#8221; button_text=&#8221;Selection of Zerust products&#8221; module_class=&#8221;btn-inline&#8221; _builder_version=&#8221;4.4.7&#8243; _dynamic_attributes=&#8221;button_url&#8221; custom_button=&#8221;on&#8221; button_text_size=&#8221;18px&#8221; button_text_color=&#8221;rgba(12,113,195,0.39)&#8221; button_border_width=&#8221;0px&#8221; button_use_icon=&#8221;off&#8221; custom_margin=&#8221;|10px|0px|10px|false|false&#8221; custom_padding=&#8221;|0px||0px|false|false&#8221;][\/et_pb_button][et_pb_button button_url=&#8221;@ET-DC@eyJkeW5hbWljIjp0cnVlLCJjb250ZW50IjoicG9zdF9saW5rX3VybF9wYWdlIiwic2V0dGluZ3MiOnsicG9zdF9pZCI6IjEzMjYifX0=@&#8221; button_text=&#8221;Anti-corrosion Film Applications&#8221; module_class=&#8221;btn-inline&#8221; _builder_version=&#8221;4.4.7&#8243; _dynamic_attributes=&#8221;button_url&#8221; custom_button=&#8221;on&#8221; button_text_size=&#8221;18px&#8221; [&hellip;]<\/p>\n","protected":false},"author":1,"featured_media":0,"parent":797,"menu_order":0,"comment_status":"closed","ping_status":"closed","template":"","meta":{"_acf_changed":false,"_et_pb_use_builder":"on","_et_pb_old_content":"<!-- wp:divi\/placeholder \/-->","_et_gb_content_width":"","footnotes":""},"class_list":["post-1868","page","type-page","status-publish","hentry"],"acf":[],"yoast_head":"<!-- This site is optimized with the Yoast SEO plugin v23.7 - https:\/\/yoast.com\/wordpress\/plugins\/seo\/ -->\n<title>Anti-corrosion Film | Europlast<\/title>\n<meta name=\"robots\" content=\"index, follow, max-snippet:-1, max-image-preview:large, max-video-preview:-1\" \/>\n<link rel=\"canonical\" href=\"https:\/\/www.europlast.cz\/en\/product-range\/anti-corrosion-film\/\" \/>\n<meta property=\"og:locale\" content=\"en_US\" \/>\n<meta property=\"og:type\" content=\"article\" \/>\n<meta property=\"og:title\" content=\"Anti-corrosion Film | Europlast\" \/>\n<meta property=\"og:description\" content=\"[et_pb_section fb_built=&#8221;1&#8243; _builder_version=&#8221;4.4.7&#8243;][et_pb_row _builder_version=&#8221;4.4.7&#8243;][et_pb_column type=&#8221;4_4&#8243; _builder_version=&#8221;4.4.7&#8243;][et_pb_text _builder_version=&#8221;4.4.7&#8243; _dynamic_attributes=&#8221;content&#8221;]@ET-DC@eyJkeW5hbWljIjp0cnVlLCJjb250ZW50IjoicG9zdF90aXRsZSIsInNldHRpbmdzIjp7ImJlZm9yZSI6IjxoMj4iLCJhZnRlciI6IjwvaDI+In19@[\/et_pb_text][\/et_pb_column][\/et_pb_row][et_pb_row module_class=&#8221;btn-inline&#8221; _builder_version=&#8221;4.4.7&#8243; module_alignment=&#8221;center&#8221; custom_padding=&#8221;||0px||false|false&#8221; border_width_bottom=&#8221;3px&#8221; border_color_bottom=&#8221;rgba(51,51,51,0.1)&#8221;][et_pb_column type=&#8221;4_4&#8243; _builder_version=&#8221;4.4.7&#8243;][et_pb_button button_url=&#8221;@ET-DC@eyJkeW5hbWljIjp0cnVlLCJjb250ZW50IjoicG9zdF9saW5rX3VybF9wYWdlIiwic2V0dGluZ3MiOnsicG9zdF9pZCI6IjEzMjIifX0=@&#8221; button_text=&#8221;How does it work&#8221; module_class=&#8221;btn-inline&#8221; _builder_version=&#8221;4.4.7&#8243; _dynamic_attributes=&#8221;button_url&#8221; custom_button=&#8221;on&#8221; button_text_size=&#8221;18px&#8221; button_text_color=&#8221;rgba(12,113,195,0.39)&#8221; button_border_width=&#8221;0px&#8221; button_use_icon=&#8221;off&#8221; custom_margin=&#8221;|10px|0px|10px|false|false&#8221; custom_padding=&#8221;|0px||0px|false|false&#8221;][\/et_pb_button][et_pb_button button_url=&#8221;@ET-DC@eyJkeW5hbWljIjp0cnVlLCJjb250ZW50IjoicG9zdF9saW5rX3VybF9wYWdlIiwic2V0dGluZ3MiOnsicG9zdF9pZCI6IjEzMjQifX0=@&#8221; button_text=&#8221;Selection of Zerust products&#8221; module_class=&#8221;btn-inline&#8221; _builder_version=&#8221;4.4.7&#8243; _dynamic_attributes=&#8221;button_url&#8221; custom_button=&#8221;on&#8221; button_text_size=&#8221;18px&#8221; button_text_color=&#8221;rgba(12,113,195,0.39)&#8221; button_border_width=&#8221;0px&#8221; button_use_icon=&#8221;off&#8221; custom_margin=&#8221;|10px|0px|10px|false|false&#8221; custom_padding=&#8221;|0px||0px|false|false&#8221;][\/et_pb_button][et_pb_button button_url=&#8221;@ET-DC@eyJkeW5hbWljIjp0cnVlLCJjb250ZW50IjoicG9zdF9saW5rX3VybF9wYWdlIiwic2V0dGluZ3MiOnsicG9zdF9pZCI6IjEzMjYifX0=@&#8221; button_text=&#8221;Anti-corrosion Film Applications&#8221; module_class=&#8221;btn-inline&#8221; _builder_version=&#8221;4.4.7&#8243; _dynamic_attributes=&#8221;button_url&#8221; custom_button=&#8221;on&#8221; button_text_size=&#8221;18px&#8221; [&hellip;]\" \/>\n<meta property=\"og:url\" content=\"https:\/\/www.europlast.cz\/en\/product-range\/anti-corrosion-film\/\" \/>\n<meta property=\"og:site_name\" content=\"Europlast\" \/>\n<meta property=\"article:modified_time\" content=\"2020-10-11T10:23:02+00:00\" \/>\n<meta property=\"og:image\" content=\"https:\/\/www.europlast.cz\/wp-content\/uploads\/2020\/06\/ep_Logo.png\" \/>\n\t<meta property=\"og:image:width\" content=\"381\" \/>\n\t<meta property=\"og:image:height\" content=\"144\" \/>\n\t<meta property=\"og:image:type\" content=\"image\/png\" \/>\n<meta name=\"twitter:card\" content=\"summary_large_image\" \/>\n<meta name=\"twitter:label1\" content=\"Est. reading time\" \/>\n\t<meta name=\"twitter:data1\" content=\"3 minutes\" \/>\n<script type=\"application\/ld+json\" class=\"yoast-schema-graph\">{\"@context\":\"https:\/\/schema.org\",\"@graph\":[{\"@type\":\"WebPage\",\"@id\":\"https:\/\/www.europlast.cz\/en\/product-range\/anti-corrosion-film\/\",\"url\":\"https:\/\/www.europlast.cz\/en\/product-range\/anti-corrosion-film\/\",\"name\":\"Anti-corrosion Film | Europlast\",\"isPartOf\":{\"@id\":\"https:\/\/www.europlast.cz\/#website\"},\"datePublished\":\"2020-05-27T10:49:27+00:00\",\"dateModified\":\"2020-10-11T10:23:02+00:00\",\"breadcrumb\":{\"@id\":\"https:\/\/www.europlast.cz\/en\/product-range\/anti-corrosion-film\/#breadcrumb\"},\"inLanguage\":\"en-US\",\"potentialAction\":[{\"@type\":\"ReadAction\",\"target\":[\"https:\/\/www.europlast.cz\/en\/product-range\/anti-corrosion-film\/\"]}]},{\"@type\":\"BreadcrumbList\",\"@id\":\"https:\/\/www.europlast.cz\/en\/product-range\/anti-corrosion-film\/#breadcrumb\",\"itemListElement\":[{\"@type\":\"ListItem\",\"position\":1,\"name\":\"Home\",\"item\":\"https:\/\/www.europlast.cz\/en\/\"},{\"@type\":\"ListItem\",\"position\":2,\"name\":\"Product range\",\"item\":\"https:\/\/www.europlast.cz\/en\/product-range\/\"},{\"@type\":\"ListItem\",\"position\":3,\"name\":\"Anti-corrosion Film\"}]},{\"@type\":\"WebSite\",\"@id\":\"https:\/\/www.europlast.cz\/#website\",\"url\":\"https:\/\/www.europlast.cz\/\",\"name\":\"Europlast\",\"description\":\"Obalov\u00e9 materi\u00e1ly a PE f\u00f3lie v prvot\u0159\u00eddn\u00ed kvalit\u011b\",\"potentialAction\":[{\"@type\":\"SearchAction\",\"target\":{\"@type\":\"EntryPoint\",\"urlTemplate\":\"https:\/\/www.europlast.cz\/?s={search_term_string}\"},\"query-input\":{\"@type\":\"PropertyValueSpecification\",\"valueRequired\":true,\"valueName\":\"search_term_string\"}}],\"inLanguage\":\"en-US\"}]}<\/script>\n<!-- \/ Yoast SEO plugin. -->","yoast_head_json":{"title":"Anti-corrosion Film | Europlast","robots":{"index":"index","follow":"follow","max-snippet":"max-snippet:-1","max-image-preview":"max-image-preview:large","max-video-preview":"max-video-preview:-1"},"canonical":"https:\/\/www.europlast.cz\/en\/product-range\/anti-corrosion-film\/","og_locale":"en_US","og_type":"article","og_title":"Anti-corrosion Film | Europlast","og_description":"[et_pb_section fb_built=&#8221;1&#8243; _builder_version=&#8221;4.4.7&#8243;][et_pb_row _builder_version=&#8221;4.4.7&#8243;][et_pb_column type=&#8221;4_4&#8243; _builder_version=&#8221;4.4.7&#8243;][et_pb_text _builder_version=&#8221;4.4.7&#8243; _dynamic_attributes=&#8221;content&#8221;]@ET-DC@eyJkeW5hbWljIjp0cnVlLCJjb250ZW50IjoicG9zdF90aXRsZSIsInNldHRpbmdzIjp7ImJlZm9yZSI6IjxoMj4iLCJhZnRlciI6IjwvaDI+In19@[\/et_pb_text][\/et_pb_column][\/et_pb_row][et_pb_row module_class=&#8221;btn-inline&#8221; _builder_version=&#8221;4.4.7&#8243; module_alignment=&#8221;center&#8221; custom_padding=&#8221;||0px||false|false&#8221; border_width_bottom=&#8221;3px&#8221; border_color_bottom=&#8221;rgba(51,51,51,0.1)&#8221;][et_pb_column type=&#8221;4_4&#8243; _builder_version=&#8221;4.4.7&#8243;][et_pb_button button_url=&#8221;@ET-DC@eyJkeW5hbWljIjp0cnVlLCJjb250ZW50IjoicG9zdF9saW5rX3VybF9wYWdlIiwic2V0dGluZ3MiOnsicG9zdF9pZCI6IjEzMjIifX0=@&#8221; button_text=&#8221;How does it work&#8221; module_class=&#8221;btn-inline&#8221; _builder_version=&#8221;4.4.7&#8243; _dynamic_attributes=&#8221;button_url&#8221; custom_button=&#8221;on&#8221; button_text_size=&#8221;18px&#8221; button_text_color=&#8221;rgba(12,113,195,0.39)&#8221; button_border_width=&#8221;0px&#8221; button_use_icon=&#8221;off&#8221; custom_margin=&#8221;|10px|0px|10px|false|false&#8221; custom_padding=&#8221;|0px||0px|false|false&#8221;][\/et_pb_button][et_pb_button button_url=&#8221;@ET-DC@eyJkeW5hbWljIjp0cnVlLCJjb250ZW50IjoicG9zdF9saW5rX3VybF9wYWdlIiwic2V0dGluZ3MiOnsicG9zdF9pZCI6IjEzMjQifX0=@&#8221; button_text=&#8221;Selection of Zerust products&#8221; module_class=&#8221;btn-inline&#8221; _builder_version=&#8221;4.4.7&#8243; _dynamic_attributes=&#8221;button_url&#8221; custom_button=&#8221;on&#8221; button_text_size=&#8221;18px&#8221; button_text_color=&#8221;rgba(12,113,195,0.39)&#8221; button_border_width=&#8221;0px&#8221; button_use_icon=&#8221;off&#8221; custom_margin=&#8221;|10px|0px|10px|false|false&#8221; custom_padding=&#8221;|0px||0px|false|false&#8221;][\/et_pb_button][et_pb_button button_url=&#8221;@ET-DC@eyJkeW5hbWljIjp0cnVlLCJjb250ZW50IjoicG9zdF9saW5rX3VybF9wYWdlIiwic2V0dGluZ3MiOnsicG9zdF9pZCI6IjEzMjYifX0=@&#8221; button_text=&#8221;Anti-corrosion Film Applications&#8221; module_class=&#8221;btn-inline&#8221; _builder_version=&#8221;4.4.7&#8243; _dynamic_attributes=&#8221;button_url&#8221; custom_button=&#8221;on&#8221; button_text_size=&#8221;18px&#8221; [&hellip;]","og_url":"https:\/\/www.europlast.cz\/en\/product-range\/anti-corrosion-film\/","og_site_name":"Europlast","article_modified_time":"2020-10-11T10:23:02+00:00","og_image":[{"width":381,"height":144,"url":"https:\/\/www.europlast.cz\/wp-content\/uploads\/2020\/06\/ep_Logo.png","type":"image\/png"}],"twitter_card":"summary_large_image","twitter_misc":{"Est. reading time":"3 minutes"},"schema":{"@context":"https:\/\/schema.org","@graph":[{"@type":"WebPage","@id":"https:\/\/www.europlast.cz\/en\/product-range\/anti-corrosion-film\/","url":"https:\/\/www.europlast.cz\/en\/product-range\/anti-corrosion-film\/","name":"Anti-corrosion Film | Europlast","isPartOf":{"@id":"https:\/\/www.europlast.cz\/#website"},"datePublished":"2020-05-27T10:49:27+00:00","dateModified":"2020-10-11T10:23:02+00:00","breadcrumb":{"@id":"https:\/\/www.europlast.cz\/en\/product-range\/anti-corrosion-film\/#breadcrumb"},"inLanguage":"en-US","potentialAction":[{"@type":"ReadAction","target":["https:\/\/www.europlast.cz\/en\/product-range\/anti-corrosion-film\/"]}]},{"@type":"BreadcrumbList","@id":"https:\/\/www.europlast.cz\/en\/product-range\/anti-corrosion-film\/#breadcrumb","itemListElement":[{"@type":"ListItem","position":1,"name":"Home","item":"https:\/\/www.europlast.cz\/en\/"},{"@type":"ListItem","position":2,"name":"Product range","item":"https:\/\/www.europlast.cz\/en\/product-range\/"},{"@type":"ListItem","position":3,"name":"Anti-corrosion Film"}]},{"@type":"WebSite","@id":"https:\/\/www.europlast.cz\/#website","url":"https:\/\/www.europlast.cz\/","name":"Europlast","description":"Obalov\u00e9 materi\u00e1ly a PE f\u00f3lie v prvot\u0159\u00eddn\u00ed kvalit\u011b","potentialAction":[{"@type":"SearchAction","target":{"@type":"EntryPoint","urlTemplate":"https:\/\/www.europlast.cz\/?s={search_term_string}"},"query-input":{"@type":"PropertyValueSpecification","valueRequired":true,"valueName":"search_term_string"}}],"inLanguage":"en-US"}]}},"_links":{"self":[{"href":"https:\/\/www.europlast.cz\/en\/wp-json\/wp\/v2\/pages\/1868"}],"collection":[{"href":"https:\/\/www.europlast.cz\/en\/wp-json\/wp\/v2\/pages"}],"about":[{"href":"https:\/\/www.europlast.cz\/en\/wp-json\/wp\/v2\/types\/page"}],"author":[{"embeddable":true,"href":"https:\/\/www.europlast.cz\/en\/wp-json\/wp\/v2\/users\/1"}],"replies":[{"embeddable":true,"href":"https:\/\/www.europlast.cz\/en\/wp-json\/wp\/v2\/comments?post=1868"}],"version-history":[{"count":5,"href":"https:\/\/www.europlast.cz\/en\/wp-json\/wp\/v2\/pages\/1868\/revisions"}],"predecessor-version":[{"id":2517,"href":"https:\/\/www.europlast.cz\/en\/wp-json\/wp\/v2\/pages\/1868\/revisions\/2517"}],"up":[{"embeddable":true,"href":"https:\/\/www.europlast.cz\/en\/wp-json\/wp\/v2\/pages\/797"}],"wp:attachment":[{"href":"https:\/\/www.europlast.cz\/en\/wp-json\/wp\/v2\/media?parent=1868"}],"curies":[{"name":"wp","href":"https:\/\/api.w.org\/{rel}","templated":true}]}}