{"id":1832,"date":"2020-05-27T12:48:47","date_gmt":"2020-05-27T10:48:47","guid":{"rendered":"https:\/\/www.europlast.cz\/product-range\/polyolefinove-folie\/"},"modified":"2020-08-13T19:36:03","modified_gmt":"2020-08-13T17:36:03","slug":"polyoelfin-films","status":"publish","type":"page","link":"https:\/\/www.europlast.cz\/en\/product-range\/polyoelfin-films\/","title":{"rendered":"Polyolefin films"},"content":{"rendered":"<p>[et_pb_section fb_built=&#8221;1&#8243; _builder_version=&#8221;4.4.7&#8243;][et_pb_row _builder_version=&#8221;4.4.7&#8243;][et_pb_column type=&#8221;4_4&#8243; _builder_version=&#8221;4.4.7&#8243;][et_pb_text _builder_version=&#8221;4.4.7&#8243; _dynamic_attributes=&#8221;content&#8221;]@ET-DC@eyJkeW5hbWljIjp0cnVlLCJjb250ZW50IjoicG9zdF90aXRsZSIsInNldHRpbmdzIjp7ImJlZm9yZSI6IjxoMj4iLCJhZnRlciI6IjwvaDI+In19@[\/et_pb_text][\/et_pb_column][\/et_pb_row][et_pb_row column_structure=&#8221;1_2,1_2&#8243; _builder_version=&#8221;4.4.7&#8243; custom_padding=&#8221;49px|||||&#8221;][et_pb_column type=&#8221;1_2&#8243; _builder_version=&#8221;4.4.7&#8243;][et_pb_text _builder_version=&#8221;4.4.7&#8243; hover_enabled=&#8221;0&#8243;]<\/p>\n<p><strong>Multi-layered polyolefin shrinkable foils<\/strong> meet the requirements for higher utility level of the packaging, that being the attractive design and also the highest standard of protection. It substitutes the PVC foils.<\/p>\n<p>[\/et_pb_text][et_pb_text _builder_version=&#8221;4.4.7&#8243; hover_enabled=&#8221;0&#8243;]<\/p>\n<p><strong>Polyolefin foils <\/strong>have great optical qualities and complete transparency \u2013 the packaging points out the appearance of the good, makes it more attractive and by that promotes its sales. Thanks to its unique qualities the polyolefin foils can be used as the only wrapping material for individual or group packaging of goods of various shapes. The unique temperature stability (-40 \u00b0C to +150 \u00b0C) allows the use of polyolefin foils for packaging of the frozen goods.<\/p>\n<p>[\/et_pb_text][\/et_pb_column][et_pb_column type=&#8221;1_2&#8243; _builder_version=&#8221;4.4.7&#8243;][et_pb_image src=&#8221;https:\/\/www.europlast.cz\/wp-content\/uploads\/2020\/08\/Polyolefin.jpg&#8221; title_text=&#8221;OLYMPUS DIGITAL CAMERA&#8221; _builder_version=&#8221;4.4.7&#8243;][\/et_pb_image][\/et_pb_column][\/et_pb_row][et_pb_row column_structure=&#8221;1_2,1_2&#8243; _builder_version=&#8221;4.4.7&#8243; custom_padding=&#8221;49px|||||&#8221;][et_pb_column type=&#8221;1_2&#8243; _builder_version=&#8221;4.4.7&#8243;][et_pb_image src=&#8221;https:\/\/www.europlast.cz\/wp-content\/uploads\/2020\/08\/Polyolefin-mikroperforace.gif&#8221; title_text=&#8221;Polyolefin- mikroperforace&#8221; _builder_version=&#8221;4.4.7&#8243;][\/et_pb_image][\/et_pb_column][et_pb_column type=&#8221;1_2&#8243; _builder_version=&#8221;4.4.7&#8243;][et_pb_text _builder_version=&#8221;4.4.7&#8243; hover_enabled=&#8221;0&#8243;]<\/p>\n<p><strong>Flat films or center-folded films (half-sleeve) <\/strong>can be supplied in large range of sizes and on request they can be perforated or printed.<\/p>\n<p>[\/et_pb_text][et_pb_text _builder_version=&#8221;4.4.7&#8243; hover_enabled=&#8221;0&#8243;]<\/p>\n<p><strong>Polyolefin films <\/strong>are multi-usable packaging foils suitable for manual packaging and packaging on semi-automatic and automatic machines.<\/p>\n<p>[\/et_pb_text][et_pb_text _builder_version=&#8221;4.4.7&#8243; hover_enabled=&#8221;0&#8243;]<\/p>\n<p>Suitable for individual or group packaging of food and other goods, f. e. cosmetics, toys, printing products, candies, chemicals for cleaning, etc. They can be weld by hot welding wire and also by hot welding wedge.<\/p>\n<p>[\/et_pb_text][\/et_pb_column][\/et_pb_row][et_pb_row _builder_version=&#8221;4.4.7&#8243;][et_pb_column type=&#8221;4_4&#8243; _builder_version=&#8221;4.4.7&#8243;][et_pb_text _builder_version=&#8221;4.4.7&#8243; header_3_text_color=&#8221;#005795&#8243; hover_enabled=&#8221;0&#8243;]<\/p>\n<table width=\"654\">\n<tbody>\n<tr>\n<td width=\"371\">\n<p><strong>Power<\/strong><\/p>\n<\/td>\n<td width=\"97\">\n<p>\u00b5<\/p>\n<\/td>\n<td width=\"185\">\n<p>10; 12; 15; 19; 25; 30<\/p>\n<\/td>\n<\/tr>\n<tr>\n<td width=\"371\">\n<p><strong>Thickness<\/strong><\/p>\n<\/td>\n<td width=\"97\">\n<p>g\/cm3<\/p>\n<\/td>\n<td width=\"185\">\n<p>0,912<\/p>\n<\/td>\n<\/tr>\n<tr>\n<td width=\"371\">\n<p><strong>Inner diameter<\/strong><\/p>\n<\/td>\n<td width=\"97\">\n<p>mm<\/p>\n<\/td>\n<td width=\"185\">\n<p>76<\/p>\n<\/td>\n<\/tr>\n<tr>\n<td width=\"371\">\n<p><strong>Width of foil<\/strong><\/p>\n<\/td>\n<td width=\"97\">\n<p>mm<\/p>\n<\/td>\n<td width=\"185\">\n<p>150 \u2013 1800<\/p>\n<\/td>\n<\/tr>\n<tr>\n<td width=\"371\">\n<p><strong>Wirth of foil with folds<\/strong><\/p>\n<\/td>\n<td width=\"97\">\n<p>mm<\/p>\n<\/td>\n<td width=\"185\">\n<p>150 &#8211; 750<\/p>\n<\/td>\n<\/tr>\n<tr>\n<td width=\"371\">\n<p><strong>Spontaneous shrinkage at 120 \u00b0C<\/strong><\/p>\n<\/td>\n<td width=\"97\">\n<p>%<\/p>\n<\/td>\n<td width=\"185\">\n<p>57\/57<\/p>\n<\/td>\n<\/tr>\n<tr>\n<td width=\"371\">\n<p><strong>Fogging<\/strong><\/p>\n<\/td>\n<td width=\"97\">\n<p>%<\/p>\n<\/td>\n<td width=\"185\">\n<p>&lt; 2,6<\/p>\n<\/td>\n<\/tr>\n<tr>\n<td width=\"371\">\n<p><strong>Gloss<\/strong><\/p>\n<\/td>\n<td width=\"97\">\n<p>%<\/p>\n<\/td>\n<td width=\"185\">\n<p>&gt; 85<\/p>\n<\/td>\n<\/tr>\n<tr>\n<td width=\"371\">\n<p><strong>Shrinking temperature<\/strong><\/p>\n<\/td>\n<td width=\"97\">\n<p>\u00b0C<\/p>\n<\/td>\n<td width=\"185\">\n<p>120 &#8211; 180<\/p>\n<\/td>\n<\/tr>\n<tr>\n<td width=\"371\">\n<p><strong>Penetration resistence<\/strong><\/p>\n<\/td>\n<td width=\"97\">\n<p>kJ\/m<\/p>\n<\/td>\n<td width=\"185\">\n<p>90 &#8211; 160<\/p>\n<\/td>\n<\/tr>\n<\/tbody>\n<\/table>\n<p>[\/et_pb_text][\/et_pb_column][\/et_pb_row][et_pb_row column_structure=&#8221;1_2,1_2&#8243; _builder_version=&#8221;4.4.7&#8243;][et_pb_column type=&#8221;1_2&#8243; _builder_version=&#8221;4.4.7&#8243;][et_pb_image src=&#8221;https:\/\/www.europlast.cz\/wp-content\/uploads\/2020\/08\/Polyolefin-3.jpg&#8221; title_text=&#8221;OLYMPUS DIGITAL CAMERA&#8221; _builder_version=&#8221;4.4.7&#8243;][\/et_pb_image][\/et_pb_column][et_pb_column type=&#8221;1_2&#8243; _builder_version=&#8221;4.4.7&#8243;][et_pb_image src=&#8221;https:\/\/www.europlast.cz\/wp-content\/uploads\/2020\/08\/Polyolefin-1.jpg&#8221; title_text=&#8221;OLYMPUS DIGITAL CAMERA&#8221; _builder_version=&#8221;4.4.7&#8243;][\/et_pb_image][\/et_pb_column][\/et_pb_row][\/et_pb_section]<\/p>\n","protected":false},"excerpt":{"rendered":"<p>[et_pb_section fb_built=&#8221;1&#8243; _builder_version=&#8221;4.4.7&#8243;][et_pb_row _builder_version=&#8221;4.4.7&#8243;][et_pb_column type=&#8221;4_4&#8243; _builder_version=&#8221;4.4.7&#8243;][et_pb_text _builder_version=&#8221;4.4.7&#8243; _dynamic_attributes=&#8221;content&#8221;]@ET-DC@eyJkeW5hbWljIjp0cnVlLCJjb250ZW50IjoicG9zdF90aXRsZSIsInNldHRpbmdzIjp7ImJlZm9yZSI6IjxoMj4iLCJhZnRlciI6IjwvaDI+In19@[\/et_pb_text][\/et_pb_column][\/et_pb_row][et_pb_row column_structure=&#8221;1_2,1_2&#8243; _builder_version=&#8221;4.4.7&#8243; custom_padding=&#8221;49px|||||&#8221;][et_pb_column type=&#8221;1_2&#8243; _builder_version=&#8221;4.4.7&#8243;][et_pb_text _builder_version=&#8221;4.4.7&#8243; hover_enabled=&#8221;0&#8243;] Multi-layered polyolefin shrinkable foils meet the requirements for higher utility level of the packaging, that being the attractive design and also the highest standard of protection. It substitutes the PVC foils. [\/et_pb_text][et_pb_text _builder_version=&#8221;4.4.7&#8243; hover_enabled=&#8221;0&#8243;] Polyolefin foils have great optical qualities [&hellip;]<\/p>\n","protected":false},"author":1,"featured_media":0,"parent":797,"menu_order":0,"comment_status":"closed","ping_status":"closed","template":"","meta":{"_acf_changed":false,"_et_pb_use_builder":"on","_et_pb_old_content":"<!-- wp:divi\/placeholder \/-->","_et_gb_content_width":"","footnotes":""},"class_list":["post-1832","page","type-page","status-publish","hentry"],"acf":[],"yoast_head":"<!-- This site is optimized with the Yoast SEO plugin v23.7 - https:\/\/yoast.com\/wordpress\/plugins\/seo\/ -->\n<title>Polyolefin films | Europlast<\/title>\n<meta name=\"robots\" content=\"index, follow, max-snippet:-1, max-image-preview:large, max-video-preview:-1\" \/>\n<link rel=\"canonical\" href=\"https:\/\/www.europlast.cz\/en\/product-range\/polyoelfin-films\/\" \/>\n<meta property=\"og:locale\" content=\"en_US\" \/>\n<meta property=\"og:type\" content=\"article\" \/>\n<meta property=\"og:title\" content=\"Polyolefin films | Europlast\" \/>\n<meta property=\"og:description\" content=\"[et_pb_section fb_built=&#8221;1&#8243; _builder_version=&#8221;4.4.7&#8243;][et_pb_row _builder_version=&#8221;4.4.7&#8243;][et_pb_column type=&#8221;4_4&#8243; _builder_version=&#8221;4.4.7&#8243;][et_pb_text _builder_version=&#8221;4.4.7&#8243; _dynamic_attributes=&#8221;content&#8221;]@ET-DC@eyJkeW5hbWljIjp0cnVlLCJjb250ZW50IjoicG9zdF90aXRsZSIsInNldHRpbmdzIjp7ImJlZm9yZSI6IjxoMj4iLCJhZnRlciI6IjwvaDI+In19@[\/et_pb_text][\/et_pb_column][\/et_pb_row][et_pb_row column_structure=&#8221;1_2,1_2&#8243; _builder_version=&#8221;4.4.7&#8243; custom_padding=&#8221;49px|||||&#8221;][et_pb_column type=&#8221;1_2&#8243; _builder_version=&#8221;4.4.7&#8243;][et_pb_text _builder_version=&#8221;4.4.7&#8243; hover_enabled=&#8221;0&#8243;] Multi-layered polyolefin shrinkable foils meet the requirements for higher utility level of the packaging, that being the attractive design and also the highest standard of protection. It substitutes the PVC foils. [\/et_pb_text][et_pb_text _builder_version=&#8221;4.4.7&#8243; hover_enabled=&#8221;0&#8243;] Polyolefin foils have great optical qualities [&hellip;]\" \/>\n<meta property=\"og:url\" content=\"https:\/\/www.europlast.cz\/en\/product-range\/polyoelfin-films\/\" \/>\n<meta property=\"og:site_name\" content=\"Europlast\" \/>\n<meta property=\"article:modified_time\" content=\"2020-08-13T17:36:03+00:00\" \/>\n<meta property=\"og:image\" content=\"https:\/\/www.europlast.cz\/wp-content\/uploads\/2020\/06\/ep_Logo.png\" \/>\n\t<meta property=\"og:image:width\" content=\"381\" \/>\n\t<meta property=\"og:image:height\" content=\"144\" \/>\n\t<meta property=\"og:image:type\" content=\"image\/png\" \/>\n<meta name=\"twitter:card\" content=\"summary_large_image\" \/>\n<meta name=\"twitter:label1\" content=\"Est. reading time\" \/>\n\t<meta name=\"twitter:data1\" content=\"3 minutes\" \/>\n<script type=\"application\/ld+json\" class=\"yoast-schema-graph\">{\"@context\":\"https:\/\/schema.org\",\"@graph\":[{\"@type\":\"WebPage\",\"@id\":\"https:\/\/www.europlast.cz\/en\/product-range\/polyoelfin-films\/\",\"url\":\"https:\/\/www.europlast.cz\/en\/product-range\/polyoelfin-films\/\",\"name\":\"Polyolefin films | Europlast\",\"isPartOf\":{\"@id\":\"https:\/\/www.europlast.cz\/#website\"},\"datePublished\":\"2020-05-27T10:48:47+00:00\",\"dateModified\":\"2020-08-13T17:36:03+00:00\",\"breadcrumb\":{\"@id\":\"https:\/\/www.europlast.cz\/en\/product-range\/polyoelfin-films\/#breadcrumb\"},\"inLanguage\":\"en-US\",\"potentialAction\":[{\"@type\":\"ReadAction\",\"target\":[\"https:\/\/www.europlast.cz\/en\/product-range\/polyoelfin-films\/\"]}]},{\"@type\":\"BreadcrumbList\",\"@id\":\"https:\/\/www.europlast.cz\/en\/product-range\/polyoelfin-films\/#breadcrumb\",\"itemListElement\":[{\"@type\":\"ListItem\",\"position\":1,\"name\":\"Home\",\"item\":\"https:\/\/www.europlast.cz\/en\/\"},{\"@type\":\"ListItem\",\"position\":2,\"name\":\"Product range\",\"item\":\"https:\/\/www.europlast.cz\/en\/product-range\/\"},{\"@type\":\"ListItem\",\"position\":3,\"name\":\"Polyolefin films\"}]},{\"@type\":\"WebSite\",\"@id\":\"https:\/\/www.europlast.cz\/#website\",\"url\":\"https:\/\/www.europlast.cz\/\",\"name\":\"Europlast\",\"description\":\"Obalov\u00e9 materi\u00e1ly a PE f\u00f3lie v prvot\u0159\u00eddn\u00ed kvalit\u011b\",\"potentialAction\":[{\"@type\":\"SearchAction\",\"target\":{\"@type\":\"EntryPoint\",\"urlTemplate\":\"https:\/\/www.europlast.cz\/?s={search_term_string}\"},\"query-input\":{\"@type\":\"PropertyValueSpecification\",\"valueRequired\":true,\"valueName\":\"search_term_string\"}}],\"inLanguage\":\"en-US\"}]}<\/script>\n<!-- \/ Yoast SEO plugin. -->","yoast_head_json":{"title":"Polyolefin films | Europlast","robots":{"index":"index","follow":"follow","max-snippet":"max-snippet:-1","max-image-preview":"max-image-preview:large","max-video-preview":"max-video-preview:-1"},"canonical":"https:\/\/www.europlast.cz\/en\/product-range\/polyoelfin-films\/","og_locale":"en_US","og_type":"article","og_title":"Polyolefin films | Europlast","og_description":"[et_pb_section fb_built=&#8221;1&#8243; _builder_version=&#8221;4.4.7&#8243;][et_pb_row _builder_version=&#8221;4.4.7&#8243;][et_pb_column type=&#8221;4_4&#8243; _builder_version=&#8221;4.4.7&#8243;][et_pb_text _builder_version=&#8221;4.4.7&#8243; _dynamic_attributes=&#8221;content&#8221;]@ET-DC@eyJkeW5hbWljIjp0cnVlLCJjb250ZW50IjoicG9zdF90aXRsZSIsInNldHRpbmdzIjp7ImJlZm9yZSI6IjxoMj4iLCJhZnRlciI6IjwvaDI+In19@[\/et_pb_text][\/et_pb_column][\/et_pb_row][et_pb_row column_structure=&#8221;1_2,1_2&#8243; _builder_version=&#8221;4.4.7&#8243; custom_padding=&#8221;49px|||||&#8221;][et_pb_column type=&#8221;1_2&#8243; _builder_version=&#8221;4.4.7&#8243;][et_pb_text _builder_version=&#8221;4.4.7&#8243; hover_enabled=&#8221;0&#8243;] Multi-layered polyolefin shrinkable foils meet the requirements for higher utility level of the packaging, that being the attractive design and also the highest standard of protection. It substitutes the PVC foils. [\/et_pb_text][et_pb_text _builder_version=&#8221;4.4.7&#8243; hover_enabled=&#8221;0&#8243;] Polyolefin foils have great optical qualities [&hellip;]","og_url":"https:\/\/www.europlast.cz\/en\/product-range\/polyoelfin-films\/","og_site_name":"Europlast","article_modified_time":"2020-08-13T17:36:03+00:00","og_image":[{"width":381,"height":144,"url":"https:\/\/www.europlast.cz\/wp-content\/uploads\/2020\/06\/ep_Logo.png","type":"image\/png"}],"twitter_card":"summary_large_image","twitter_misc":{"Est. reading time":"3 minutes"},"schema":{"@context":"https:\/\/schema.org","@graph":[{"@type":"WebPage","@id":"https:\/\/www.europlast.cz\/en\/product-range\/polyoelfin-films\/","url":"https:\/\/www.europlast.cz\/en\/product-range\/polyoelfin-films\/","name":"Polyolefin films | Europlast","isPartOf":{"@id":"https:\/\/www.europlast.cz\/#website"},"datePublished":"2020-05-27T10:48:47+00:00","dateModified":"2020-08-13T17:36:03+00:00","breadcrumb":{"@id":"https:\/\/www.europlast.cz\/en\/product-range\/polyoelfin-films\/#breadcrumb"},"inLanguage":"en-US","potentialAction":[{"@type":"ReadAction","target":["https:\/\/www.europlast.cz\/en\/product-range\/polyoelfin-films\/"]}]},{"@type":"BreadcrumbList","@id":"https:\/\/www.europlast.cz\/en\/product-range\/polyoelfin-films\/#breadcrumb","itemListElement":[{"@type":"ListItem","position":1,"name":"Home","item":"https:\/\/www.europlast.cz\/en\/"},{"@type":"ListItem","position":2,"name":"Product range","item":"https:\/\/www.europlast.cz\/en\/product-range\/"},{"@type":"ListItem","position":3,"name":"Polyolefin films"}]},{"@type":"WebSite","@id":"https:\/\/www.europlast.cz\/#website","url":"https:\/\/www.europlast.cz\/","name":"Europlast","description":"Obalov\u00e9 materi\u00e1ly a PE f\u00f3lie v prvot\u0159\u00eddn\u00ed kvalit\u011b","potentialAction":[{"@type":"SearchAction","target":{"@type":"EntryPoint","urlTemplate":"https:\/\/www.europlast.cz\/?s={search_term_string}"},"query-input":{"@type":"PropertyValueSpecification","valueRequired":true,"valueName":"search_term_string"}}],"inLanguage":"en-US"}]}},"_links":{"self":[{"href":"https:\/\/www.europlast.cz\/en\/wp-json\/wp\/v2\/pages\/1832"}],"collection":[{"href":"https:\/\/www.europlast.cz\/en\/wp-json\/wp\/v2\/pages"}],"about":[{"href":"https:\/\/www.europlast.cz\/en\/wp-json\/wp\/v2\/types\/page"}],"author":[{"embeddable":true,"href":"https:\/\/www.europlast.cz\/en\/wp-json\/wp\/v2\/users\/1"}],"replies":[{"embeddable":true,"href":"https:\/\/www.europlast.cz\/en\/wp-json\/wp\/v2\/comments?post=1832"}],"version-history":[{"count":5,"href":"https:\/\/www.europlast.cz\/en\/wp-json\/wp\/v2\/pages\/1832\/revisions"}],"predecessor-version":[{"id":1850,"href":"https:\/\/www.europlast.cz\/en\/wp-json\/wp\/v2\/pages\/1832\/revisions\/1850"}],"up":[{"embeddable":true,"href":"https:\/\/www.europlast.cz\/en\/wp-json\/wp\/v2\/pages\/797"}],"wp:attachment":[{"href":"https:\/\/www.europlast.cz\/en\/wp-json\/wp\/v2\/media?parent=1832"}],"curies":[{"name":"wp","href":"https:\/\/api.w.org\/{rel}","templated":true}]}}