{"id":786,"date":"2020-05-27T08:29:13","date_gmt":"2020-05-27T06:29:13","guid":{"rendered":"https:\/\/www.europlast.cz\/kontakt\/"},"modified":"2020-12-18T10:27:42","modified_gmt":"2020-12-18T09:27:42","slug":"kontakt","status":"publish","type":"page","link":"https:\/\/www.europlast.cz\/de\/kontakt\/","title":{"rendered":"Kontakt"},"content":{"rendered":"<p>[et_pb_section fb_built=&#8220;1&#8243; _builder_version=&#8220;4.4.7&#8243; background_color=&#8220;#eaeaea&#8220; use_background_color_gradient=&#8220;on&#8220; background_image=&#8220;https:\/\/www.europlast.cz\/wp-content\/uploads\/2020\/06\/kontakt-banner.jpg&#8220; overflow-x=&#8220;hidden&#8220; overflow-y=&#8220;hidden&#8220;][et_pb_row _builder_version=&#8220;4.4.7&#8243;][et_pb_column type=&#8220;4_4&#8243; _builder_version=&#8220;4.4.7&#8243;][et_pb_text _builder_version=&#8220;4.4.7&#8243;]<\/p>\n<h2>Kontakt<\/h2>\n<p>[\/et_pb_text][\/et_pb_column][\/et_pb_row][\/et_pb_section][et_pb_section fb_built=&#8220;1&#8243; disabled_on=&#8220;off|off|on&#8220; module_class=&#8220;contact-map-box even&#8220; _builder_version=&#8220;4.4.7&#8243; custom_margin=&#8220;0px|0px|0px|0px|false|false&#8220; custom_padding=&#8220;0px|0px|0px|0px|false|false&#8220;][et_pb_row column_structure=&#8220;2_3,1_3&#8243; make_equal=&#8220;on&#8220; _builder_version=&#8220;4.4.7&#8243; width=&#8220;100%&#8220; max_width=&#8220;100%&#8220; custom_margin=&#8220;0px|0px|0px|0px|false|false&#8220; custom_padding=&#8220;0px|0px|0px|0px|false|false&#8220;][et_pb_column type=&#8220;2_3&#8243; _builder_version=&#8220;4.4.7&#8243;][et_pb_map address=&#8220;Velk\u00e9 N\u011bm\u010dice &#8211; Zele\u0148\u00e1k, 691 63 Nosislav, \u010cesko&#8220; zoom_level=&#8220;17&#8243; address_lat=&#8220;49.0160533&#8243; address_lng=&#8220;16.6844601&#8243; mouse_wheel=&#8220;off&#8220; _builder_version=&#8220;4.4.7&#8243;][\/et_pb_map][\/et_pb_column][et_pb_column type=&#8220;1_3&#8243; _builder_version=&#8220;4.4.7&#8243; z_index=&#8220;262&#8243; custom_padding=&#8220;80px||50px||false|false&#8220; custom_padding_tablet=&#8220;30px|50px||50px|false|false&#8220; custom_padding_phone=&#8220;30px|50px|80px|50px|false|false&#8220; custom_padding_last_edited=&#8220;on|phone&#8220;][et_pb_text _builder_version=&#8220;4.4.7&#8243; module_alignment=&#8220;left&#8220; custom_margin=&#8220;|0px||0px|false|false&#8220; custom_padding=&#8220;|0px||0px|false|false&#8220;]<\/p>\n<p><strong>E U R O P L A S T, s.r.o.<br \/><\/strong><span>Korrespondenzadresse des Unternehmens<\/span>:<br \/> Velk\u00e9 N\u011bm\u010dice &#8211; Zele\u0148\u00e1k<br \/> 691 64 Nosislav<br \/> tel.: +420 515 158 412 &#8211; 415<br \/> tel.: +420 515 158 418<br \/> fax: +420 515 158 411<br \/> e-mail: europlastbrno@europlast.cz<br \/> www.europlast.cz<\/p>\n<p>[\/et_pb_text][\/et_pb_column][\/et_pb_row][\/et_pb_section][et_pb_section fb_built=&#8220;1&#8243; custom_padding_last_edited=&#8220;on|phone&#8220; module_class=&#8220;contact-map-box odd&#8220; _builder_version=&#8220;4.4.7&#8243; background_enable_color=&#8220;off&#8220; custom_margin=&#8220;|0px||0px|false|false&#8220; custom_padding=&#8220;0px|0px|0px|0px|false|false&#8220; custom_padding_tablet=&#8220;&#8220; custom_padding_phone=&#8220;||||false|false&#8220; animation_style=&#8220;fade&#8220; hover_enabled=&#8220;0&#8243; disabled_on=&#8220;on|on|off&#8220;][et_pb_row column_structure=&#8220;1_3,2_3&#8243; make_equal=&#8220;on&#8220; _builder_version=&#8220;4.4.7&#8243; width=&#8220;100%&#8220; max_width=&#8220;100%&#8220; custom_padding=&#8220;0px|0px|0px|0px|false|false&#8220;][et_pb_column type=&#8220;1_3&#8243; _builder_version=&#8220;4.4.7&#8243; z_index=&#8220;194&#8243; custom_padding=&#8220;80px|0px|50px|0px|false|false&#8220; custom_padding_tablet=&#8220;|50px||50px|false|false&#8220; custom_padding_phone=&#8220;100px|50px|100px|50px|false|false&#8220; custom_padding_last_edited=&#8220;on|tablet&#8220;][et_pb_text _builder_version=&#8220;4.4.7&#8243; custom_margin=&#8220;|||165px|false|false&#8220; custom_margin_tablet=&#8220;|||0px|false|false&#8220; custom_margin_phone=&#8220;|||0px|false|false&#8220; custom_margin_last_edited=&#8220;on|phone&#8220; custom_padding=&#8220;0px|||0px|false|false&#8220; custom_padding_phone=&#8220;0px|||0px|false|false&#8220; custom_padding_last_edited=&#8220;off|desktop&#8220;]<\/p>\n<p><strong>E U R O P L A S T, s.r.o.<br \/><\/strong><span>Korrespondenzadresse des Unternehmens<\/span>:<br \/> Velk\u00e9 N\u011bm\u010dice &#8211; Zele\u0148\u00e1k<br \/> 691 64 Nosislav<br \/> tel.: +420 515 158 412 &#8211; 415<br \/> tel.: +420 515 158 418<br \/> fax: +420 515 158 411<br \/> e-mail: europlastbrno@europlast.cz<br \/> www.europlast.cz<\/p>\n<p>[\/et_pb_text][\/et_pb_column][et_pb_column type=&#8220;2_3&#8243; _builder_version=&#8220;4.4.7&#8243;][et_pb_map address=&#8220;Velk\u00e9 N\u011bm\u010dice &#8211; Zele\u0148\u00e1k, 691 63 Nosislav, Czechia&#8220; zoom_level=&#8220;17&#8243; address_lat=&#8220;49.0160533&#8243; address_lng=&#8220;16.6844601&#8243; mouse_wheel=&#8220;off&#8220; _builder_version=&#8220;4.4.7&#8243;][\/et_pb_map][\/et_pb_column][\/et_pb_row][\/et_pb_section][et_pb_section fb_built=&#8220;1&#8243; disabled_on=&#8220;off|off|off&#8220; module_class=&#8220;contact-map-box even&#8220; _builder_version=&#8220;4.4.7&#8243; custom_margin=&#8220;0px|0px|0px|0px|false|false&#8220; custom_padding=&#8220;0px|0px|0px|0px|false|false&#8220; hover_enabled=&#8220;0&#8243;][et_pb_row column_structure=&#8220;2_3,1_3&#8243; make_equal=&#8220;on&#8220; _builder_version=&#8220;4.4.7&#8243; width=&#8220;100%&#8220; max_width=&#8220;100%&#8220; custom_margin=&#8220;0px|0px|0px|0px|false|false&#8220; custom_padding=&#8220;0px|0px|0px|0px|false|false&#8220;][et_pb_column type=&#8220;2_3&#8243; _builder_version=&#8220;4.4.7&#8243;][et_pb_map address=&#8220;V\u00edt\u011bzn\u00e1 183, Sedlec, 284 03 Kutn\u00e1 Hora, \u010cesko&#8220; zoom_level=&#8220;17&#8243; address_lat=&#8220;49.9620787&#8243; address_lng=&#8220;15.2916529&#8243; mouse_wheel=&#8220;off&#8220; _builder_version=&#8220;4.4.7&#8243; hover_enabled=&#8220;0&#8243;][\/et_pb_map][\/et_pb_column][et_pb_column type=&#8220;1_3&#8243; _builder_version=&#8220;4.4.7&#8243; z_index=&#8220;262&#8243; custom_padding=&#8220;80px||50px||false|false&#8220; custom_padding_tablet=&#8220;30px|50px||50px|false|false&#8220; custom_padding_phone=&#8220;30px|50px|80px|50px|false|false&#8220; custom_padding_last_edited=&#8220;on|phone&#8220;][et_pb_text _builder_version=&#8220;4.4.7&#8243; module_alignment=&#8220;left&#8220; custom_margin=&#8220;|0px||0px|false|false&#8220; custom_padding=&#8220;|0px||0px|false|false&#8220;]<\/p>\n<p><strong>E U R O P L A S T, s.r.o.<br \/> <\/strong>V\u00edt\u011bzn\u00e1 183<br \/> 284 03 Kutn\u00e1 Hora &#8211; Sedlec<br \/> tel.: +420 322 310 311<br \/> tel.: +420 322 310 315<br \/> fax: +420 322 310 327<br \/> e-mail: europlastkhora@europlast.cz<br \/> www.europlast.cz<\/p>\n<p>[\/et_pb_text][\/et_pb_column][\/et_pb_row][\/et_pb_section][et_pb_section fb_built=&#8220;1&#8243; disabled_on=&#8220;off|off|on&#8220; module_class=&#8220;contact-map-box even&#8220; _builder_version=&#8220;4.4.7&#8243; custom_margin=&#8220;0px|0px|0px|0px|false|false&#8220; custom_padding=&#8220;0px|0px|0px|0px|false|false&#8220;][et_pb_row column_structure=&#8220;2_3,1_3&#8243; make_equal=&#8220;on&#8220; _builder_version=&#8220;4.4.7&#8243; width=&#8220;100%&#8220; max_width=&#8220;100%&#8220; custom_margin=&#8220;0px|0px|0px|0px|false|false&#8220; custom_padding=&#8220;0px|0px|0px|0px|false|false&#8220;][et_pb_column type=&#8220;2_3&#8243; _builder_version=&#8220;4.4.7&#8243;][et_pb_map address=&#8220;Opavsk\u00e1 3376\/18, 831 01 Bratislava, Slovensko&#8220; zoom_level=&#8220;17&#8243; address_lat=&#8220;48.1643653&#8243; address_lng=&#8220;17.0887092&#8243; mouse_wheel=&#8220;off&#8220; _builder_version=&#8220;4.4.7&#8243; hover_enabled=&#8220;0&#8243;][\/et_pb_map][\/et_pb_column][et_pb_column type=&#8220;1_3&#8243; _builder_version=&#8220;4.4.7&#8243; z_index=&#8220;262&#8243; custom_padding=&#8220;80px||50px||false|false&#8220; custom_padding_tablet=&#8220;30px|50px||50px|false|false&#8220; custom_padding_phone=&#8220;30px|50px|80px|50px|false|false&#8220; custom_padding_last_edited=&#8220;on|phone&#8220;][et_pb_text _builder_version=&#8220;4.4.7&#8243; module_alignment=&#8220;left&#8220; custom_margin=&#8220;|0px||0px|false|false&#8220; custom_padding=&#8220;|0px||0px|false|false&#8220;]<\/p>\n<p><strong>MIROPLAST, s.r.o.<\/strong><br \/> Opavsk\u00e1 3376\/18<br \/> 831 01 Bratislava<br \/> tel.: +421 904 394 937<br \/> e-mail: adam.cizek@miroplast.sk<\/p>\n<p>[\/et_pb_text][\/et_pb_column][\/et_pb_row][\/et_pb_section][et_pb_section fb_built=&#8220;1&#8243; module_class=&#8220;contact-map-box odd&#8220; _builder_version=&#8220;4.4.7&#8243; background_enable_color=&#8220;off&#8220; custom_margin=&#8220;0px||0px||false|false&#8220; custom_padding=&#8220;0px||0px||false|false&#8220; animation_style=&#8220;fade&#8220; animation_delay=&#8220;200ms&#8220; hover_enabled=&#8220;0&#8243; disabled_on=&#8220;on|on|off&#8220;][et_pb_row column_structure=&#8220;1_3,2_3&#8243; make_equal=&#8220;on&#8220; _builder_version=&#8220;4.4.7&#8243; width=&#8220;100%&#8220; max_width=&#8220;100%&#8220; custom_margin=&#8220;|0px|||false|false&#8220; custom_padding=&#8220;0px|0px|0px||false|false&#8220;][et_pb_column type=&#8220;1_3&#8243; _builder_version=&#8220;4.4.7&#8243; z_index=&#8220;73&#8243; custom_padding=&#8220;100px||50px||false|false&#8220; custom_padding_tablet=&#8220;|50px||50px|false|false&#8220; custom_padding_phone=&#8220;100px|50px|100px|50px|false|false&#8220; custom_padding_last_edited=&#8220;on|phone&#8220;][et_pb_text _builder_version=&#8220;4.4.7&#8243; positioning=&#8220;relative&#8220; z_index=&#8220;117&#8243; custom_margin=&#8220;0px|0px|0px|165px|false|false&#8220; custom_margin_tablet=&#8220;|||0px|false|false&#8220; custom_margin_phone=&#8220;0px|0px||0px|false|false&#8220; custom_margin_last_edited=&#8220;on|tablet&#8220; custom_padding=&#8220;0px||0px||false|false&#8220;]<\/p>\n<p><strong>MIROPLAST, s.r.o.<\/strong><br \/> Opavsk\u00e1 3376\/18<br \/> 831 01 Bratislava<br \/> tel.: +421 904 394 937<br \/> e-mail: adam.cizek@miroplast.sk<\/p>\n<p>[\/et_pb_text][\/et_pb_column][et_pb_column type=&#8220;2_3&#8243; _builder_version=&#8220;4.4.7&#8243;][et_pb_map address=&#8220;Opavsk\u00e1 3376\/18, 831 01 Bratislava, Slovakia&#8220; zoom_level=&#8220;17&#8243; address_lat=&#8220;48.1643653&#8243; address_lng=&#8220;17.0887092&#8243; mouse_wheel=&#8220;off&#8220; _builder_version=&#8220;4.4.7&#8243; width=&#8220;100%&#8220; max_width=&#8220;100%&#8220; module_alignment=&#8220;right&#8220; custom_margin=&#8220;|0px|||false|false&#8220; custom_padding=&#8220;|0px||||&#8220; hover_enabled=&#8220;0&#8243;][\/et_pb_map][\/et_pb_column][\/et_pb_row][\/et_pb_section][et_pb_section fb_built=&#8220;1&#8243; _builder_version=&#8220;4.4.7&#8243; background_color=&#8220;rgba(0,0,0,0)&#8220; custom_margin=&#8220;0px||0px||false|false&#8220; custom_padding=&#8220;0px||||false|false&#8220;][et_pb_row column_structure=&#8220;3_5,2_5&#8243; use_custom_gutter=&#8220;on&#8220; gutter_width=&#8220;1&#8243; make_equal=&#8220;on&#8220; _builder_version=&#8220;4.4.7&#8243; width=&#8220;70%&#8220; max_width=&#8220;827px&#8220; custom_margin=&#8220;-50px||||false|false&#8220; custom_padding=&#8220;0px||70px||false|false&#8220; animation_direction=&#8220;bottom&#8220;][et_pb_column type=&#8220;3_5&#8243; _builder_version=&#8220;4.4.7&#8243; background_color=&#8220;#012f51&#8243; custom_padding=&#8220;70px|50px|70px|50px|false|false&#8220;][et_pb_text _builder_version=&#8220;4.4.7&#8243; text_text_color=&#8220;#FFFFFF&#8220; background_layout=&#8220;dark&#8220; custom_margin=&#8220;||33px||false|false&#8220; custom_css_before=&#8220;||&#8220; custom_css_after=&#8220;content: %22%22;||display: block;||height: 3px;||width: 45%;||background: #e30613;||&#8220; border_color_bottom=&#8220;#E02B20&#8243;]<\/p>\n<h2>Faktura\u010dn\u00ed adresa, registrace<\/h2>\n<p>[\/et_pb_text][et_pb_text _builder_version=&#8220;4.4.7&#8243; text_text_color=&#8220;#FFFFFF&#8220;]<\/p>\n<p>Firma E U R O P L A S T, s.r.o. je registrov\u00e1na u M\u011bstsk\u00e9ho soudu v Praze, pod \u010d\u00edslem jednac\u00edm Odd. C, vlo\u017eka 17977, datum z\u00e1pisu 24.2.1993<\/p>\n<p>[\/et_pb_text][\/et_pb_column][et_pb_column type=&#8220;2_5&#8243; _builder_version=&#8220;4.4.7&#8243; background_color=&#8220;#eaeaea&#8220; custom_padding=&#8220;70px|50px|70px|50px|false|false&#8220;][et_pb_text _builder_version=&#8220;4.4.7&#8243; text_text_color=&#8220;#000000&#8243;]<\/p>\n<p><strong>Adresa pro fakturaci:<\/strong><\/p>\n<p>[\/et_pb_text][et_pb_text _builder_version=&#8220;4.4.7&#8243;]<\/p>\n<p>E U R O P L A S T, s.r.o.<br \/> K\u0159\u00ed\u017eikova 41\/153<br \/> 186 00 Praha 8 &#8211; Karl\u00edn<br \/> I\u010c 48587010<br \/> DI\u010c CZ48587010<\/p>\n<p>[\/et_pb_text][\/et_pb_column][\/et_pb_row][\/et_pb_section]<\/p>\n","protected":false},"excerpt":{"rendered":"<p>[et_pb_section fb_built=&#8220;1&#8243; _builder_version=&#8220;4.4.7&#8243; background_color=&#8220;#eaeaea&#8220; use_background_color_gradient=&#8220;on&#8220; background_image=&#8220;https:\/\/www.europlast.cz\/wp-content\/uploads\/2020\/06\/kontakt-banner.jpg&#8220; overflow-x=&#8220;hidden&#8220; overflow-y=&#8220;hidden&#8220;][et_pb_row _builder_version=&#8220;4.4.7&#8243;][et_pb_column type=&#8220;4_4&#8243; _builder_version=&#8220;4.4.7&#8243;][et_pb_text _builder_version=&#8220;4.4.7&#8243;] Kontakt [\/et_pb_text][\/et_pb_column][\/et_pb_row][\/et_pb_section][et_pb_section fb_built=&#8220;1&#8243; disabled_on=&#8220;off|off|on&#8220; module_class=&#8220;contact-map-box even&#8220; _builder_version=&#8220;4.4.7&#8243; custom_margin=&#8220;0px|0px|0px|0px|false|false&#8220; custom_padding=&#8220;0px|0px|0px|0px|false|false&#8220;][et_pb_row column_structure=&#8220;2_3,1_3&#8243; make_equal=&#8220;on&#8220; _builder_version=&#8220;4.4.7&#8243; width=&#8220;100%&#8220; max_width=&#8220;100%&#8220; custom_margin=&#8220;0px|0px|0px|0px|false|false&#8220; custom_padding=&#8220;0px|0px|0px|0px|false|false&#8220;][et_pb_column type=&#8220;2_3&#8243; _builder_version=&#8220;4.4.7&#8243;][et_pb_map address=&#8220;Velk\u00e9 N\u011bm\u010dice &#8211; Zele\u0148\u00e1k, 691 63 Nosislav, \u010cesko&#8220; zoom_level=&#8220;17&#8243; address_lat=&#8220;49.0160533&#8243; address_lng=&#8220;16.6844601&#8243; mouse_wheel=&#8220;off&#8220; _builder_version=&#8220;4.4.7&#8243;][\/et_pb_map][\/et_pb_column][et_pb_column type=&#8220;1_3&#8243; _builder_version=&#8220;4.4.7&#8243; z_index=&#8220;262&#8243; custom_padding=&#8220;80px||50px||false|false&#8220; custom_padding_tablet=&#8220;30px|50px||50px|false|false&#8220; custom_padding_phone=&#8220;30px|50px|80px|50px|false|false&#8220; custom_padding_last_edited=&#8220;on|phone&#8220;][et_pb_text _builder_version=&#8220;4.4.7&#8243; module_alignment=&#8220;left&#8220; custom_margin=&#8220;|0px||0px|false|false&#8220; custom_padding=&#8220;|0px||0px|false|false&#8220;] E [&hellip;]<\/p>\n","protected":false},"author":1,"featured_media":0,"parent":0,"menu_order":0,"comment_status":"closed","ping_status":"closed","template":"","meta":{"_acf_changed":false,"_et_pb_use_builder":"on","_et_pb_old_content":"<!-- wp:divi\/placeholder \/-->","_et_gb_content_width":"","footnotes":""},"class_list":["post-786","page","type-page","status-publish","hentry"],"acf":[],"yoast_head":"<!-- This site is optimized with the Yoast SEO plugin v23.7 - https:\/\/yoast.com\/wordpress\/plugins\/seo\/ -->\n<title>Kontakt | Europlast<\/title>\n<meta name=\"robots\" content=\"index, follow, max-snippet:-1, max-image-preview:large, max-video-preview:-1\" \/>\n<link rel=\"canonical\" href=\"https:\/\/www.europlast.cz\/de\/kontakt\/\" \/>\n<meta property=\"og:locale\" content=\"de_DE\" \/>\n<meta property=\"og:type\" content=\"article\" \/>\n<meta property=\"og:title\" content=\"Kontakt | Europlast\" \/>\n<meta property=\"og:description\" content=\"[et_pb_section fb_built=&#8220;1&#8243; _builder_version=&#8220;4.4.7&#8243; background_color=&#8220;#eaeaea&#8220; use_background_color_gradient=&#8220;on&#8220; background_image=&#8220;https:\/\/www.europlast.cz\/wp-content\/uploads\/2020\/06\/kontakt-banner.jpg&#8220; overflow-x=&#8220;hidden&#8220; overflow-y=&#8220;hidden&#8220;][et_pb_row _builder_version=&#8220;4.4.7&#8243;][et_pb_column type=&#8220;4_4&#8243; _builder_version=&#8220;4.4.7&#8243;][et_pb_text _builder_version=&#8220;4.4.7&#8243;] Kontakt [\/et_pb_text][\/et_pb_column][\/et_pb_row][\/et_pb_section][et_pb_section fb_built=&#8220;1&#8243; disabled_on=&#8220;off|off|on&#8220; module_class=&#8220;contact-map-box even&#8220; _builder_version=&#8220;4.4.7&#8243; custom_margin=&#8220;0px|0px|0px|0px|false|false&#8220; custom_padding=&#8220;0px|0px|0px|0px|false|false&#8220;][et_pb_row column_structure=&#8220;2_3,1_3&#8243; make_equal=&#8220;on&#8220; _builder_version=&#8220;4.4.7&#8243; width=&#8220;100%&#8220; max_width=&#8220;100%&#8220; custom_margin=&#8220;0px|0px|0px|0px|false|false&#8220; custom_padding=&#8220;0px|0px|0px|0px|false|false&#8220;][et_pb_column type=&#8220;2_3&#8243; _builder_version=&#8220;4.4.7&#8243;][et_pb_map address=&#8220;Velk\u00e9 N\u011bm\u010dice &#8211; Zele\u0148\u00e1k, 691 63 Nosislav, \u010cesko&#8220; zoom_level=&#8220;17&#8243; address_lat=&#8220;49.0160533&#8243; address_lng=&#8220;16.6844601&#8243; mouse_wheel=&#8220;off&#8220; _builder_version=&#8220;4.4.7&#8243;][\/et_pb_map][\/et_pb_column][et_pb_column type=&#8220;1_3&#8243; _builder_version=&#8220;4.4.7&#8243; z_index=&#8220;262&#8243; custom_padding=&#8220;80px||50px||false|false&#8220; custom_padding_tablet=&#8220;30px|50px||50px|false|false&#8220; custom_padding_phone=&#8220;30px|50px|80px|50px|false|false&#8220; custom_padding_last_edited=&#8220;on|phone&#8220;][et_pb_text _builder_version=&#8220;4.4.7&#8243; module_alignment=&#8220;left&#8220; custom_margin=&#8220;|0px||0px|false|false&#8220; custom_padding=&#8220;|0px||0px|false|false&#8220;] E [&hellip;]\" \/>\n<meta property=\"og:url\" content=\"https:\/\/www.europlast.cz\/de\/kontakt\/\" \/>\n<meta property=\"og:site_name\" content=\"Europlast\" \/>\n<meta property=\"article:modified_time\" content=\"2020-12-18T09:27:42+00:00\" \/>\n<meta property=\"og:image\" content=\"https:\/\/www.europlast.cz\/wp-content\/uploads\/2020\/06\/ep_Logo.png\" \/>\n\t<meta property=\"og:image:width\" content=\"381\" \/>\n\t<meta property=\"og:image:height\" content=\"144\" \/>\n\t<meta property=\"og:image:type\" content=\"image\/png\" \/>\n<meta name=\"twitter:card\" content=\"summary_large_image\" \/>\n<meta name=\"twitter:label1\" content=\"Gesch\u00e4tzte Lesezeit\" \/>\n\t<meta name=\"twitter:data1\" content=\"7\u00a0Minuten\" \/>\n<script type=\"application\/ld+json\" class=\"yoast-schema-graph\">{\"@context\":\"https:\/\/schema.org\",\"@graph\":[{\"@type\":\"WebPage\",\"@id\":\"https:\/\/www.europlast.cz\/de\/kontakt\/\",\"url\":\"https:\/\/www.europlast.cz\/de\/kontakt\/\",\"name\":\"Kontakt | Europlast\",\"isPartOf\":{\"@id\":\"https:\/\/www.europlast.cz\/#website\"},\"datePublished\":\"2020-05-27T06:29:13+00:00\",\"dateModified\":\"2020-12-18T09:27:42+00:00\",\"breadcrumb\":{\"@id\":\"https:\/\/www.europlast.cz\/de\/kontakt\/#breadcrumb\"},\"inLanguage\":\"de\",\"potentialAction\":[{\"@type\":\"ReadAction\",\"target\":[\"https:\/\/www.europlast.cz\/de\/kontakt\/\"]}]},{\"@type\":\"BreadcrumbList\",\"@id\":\"https:\/\/www.europlast.cz\/de\/kontakt\/#breadcrumb\",\"itemListElement\":[{\"@type\":\"ListItem\",\"position\":1,\"name\":\"Zuhause\",\"item\":\"https:\/\/www.europlast.cz\/de\/domov\/\"},{\"@type\":\"ListItem\",\"position\":2,\"name\":\"Kontakt\"}]},{\"@type\":\"WebSite\",\"@id\":\"https:\/\/www.europlast.cz\/#website\",\"url\":\"https:\/\/www.europlast.cz\/\",\"name\":\"Europlast\",\"description\":\"Obalov\u00e9 materi\u00e1ly a PE f\u00f3lie v prvot\u0159\u00eddn\u00ed kvalit\u011b\",\"potentialAction\":[{\"@type\":\"SearchAction\",\"target\":{\"@type\":\"EntryPoint\",\"urlTemplate\":\"https:\/\/www.europlast.cz\/?s={search_term_string}\"},\"query-input\":{\"@type\":\"PropertyValueSpecification\",\"valueRequired\":true,\"valueName\":\"search_term_string\"}}],\"inLanguage\":\"de\"}]}<\/script>\n<!-- \/ Yoast SEO plugin. -->","yoast_head_json":{"title":"Kontakt | Europlast","robots":{"index":"index","follow":"follow","max-snippet":"max-snippet:-1","max-image-preview":"max-image-preview:large","max-video-preview":"max-video-preview:-1"},"canonical":"https:\/\/www.europlast.cz\/de\/kontakt\/","og_locale":"de_DE","og_type":"article","og_title":"Kontakt | Europlast","og_description":"[et_pb_section fb_built=&#8220;1&#8243; _builder_version=&#8220;4.4.7&#8243; background_color=&#8220;#eaeaea&#8220; use_background_color_gradient=&#8220;on&#8220; background_image=&#8220;https:\/\/www.europlast.cz\/wp-content\/uploads\/2020\/06\/kontakt-banner.jpg&#8220; overflow-x=&#8220;hidden&#8220; overflow-y=&#8220;hidden&#8220;][et_pb_row _builder_version=&#8220;4.4.7&#8243;][et_pb_column type=&#8220;4_4&#8243; _builder_version=&#8220;4.4.7&#8243;][et_pb_text _builder_version=&#8220;4.4.7&#8243;] Kontakt [\/et_pb_text][\/et_pb_column][\/et_pb_row][\/et_pb_section][et_pb_section fb_built=&#8220;1&#8243; disabled_on=&#8220;off|off|on&#8220; module_class=&#8220;contact-map-box even&#8220; _builder_version=&#8220;4.4.7&#8243; custom_margin=&#8220;0px|0px|0px|0px|false|false&#8220; custom_padding=&#8220;0px|0px|0px|0px|false|false&#8220;][et_pb_row column_structure=&#8220;2_3,1_3&#8243; make_equal=&#8220;on&#8220; _builder_version=&#8220;4.4.7&#8243; width=&#8220;100%&#8220; max_width=&#8220;100%&#8220; custom_margin=&#8220;0px|0px|0px|0px|false|false&#8220; custom_padding=&#8220;0px|0px|0px|0px|false|false&#8220;][et_pb_column type=&#8220;2_3&#8243; _builder_version=&#8220;4.4.7&#8243;][et_pb_map address=&#8220;Velk\u00e9 N\u011bm\u010dice &#8211; Zele\u0148\u00e1k, 691 63 Nosislav, \u010cesko&#8220; zoom_level=&#8220;17&#8243; address_lat=&#8220;49.0160533&#8243; address_lng=&#8220;16.6844601&#8243; mouse_wheel=&#8220;off&#8220; _builder_version=&#8220;4.4.7&#8243;][\/et_pb_map][\/et_pb_column][et_pb_column type=&#8220;1_3&#8243; _builder_version=&#8220;4.4.7&#8243; z_index=&#8220;262&#8243; custom_padding=&#8220;80px||50px||false|false&#8220; custom_padding_tablet=&#8220;30px|50px||50px|false|false&#8220; custom_padding_phone=&#8220;30px|50px|80px|50px|false|false&#8220; custom_padding_last_edited=&#8220;on|phone&#8220;][et_pb_text _builder_version=&#8220;4.4.7&#8243; module_alignment=&#8220;left&#8220; custom_margin=&#8220;|0px||0px|false|false&#8220; custom_padding=&#8220;|0px||0px|false|false&#8220;] E [&hellip;]","og_url":"https:\/\/www.europlast.cz\/de\/kontakt\/","og_site_name":"Europlast","article_modified_time":"2020-12-18T09:27:42+00:00","og_image":[{"width":381,"height":144,"url":"https:\/\/www.europlast.cz\/wp-content\/uploads\/2020\/06\/ep_Logo.png","type":"image\/png"}],"twitter_card":"summary_large_image","twitter_misc":{"Gesch\u00e4tzte Lesezeit":"7\u00a0Minuten"},"schema":{"@context":"https:\/\/schema.org","@graph":[{"@type":"WebPage","@id":"https:\/\/www.europlast.cz\/de\/kontakt\/","url":"https:\/\/www.europlast.cz\/de\/kontakt\/","name":"Kontakt | Europlast","isPartOf":{"@id":"https:\/\/www.europlast.cz\/#website"},"datePublished":"2020-05-27T06:29:13+00:00","dateModified":"2020-12-18T09:27:42+00:00","breadcrumb":{"@id":"https:\/\/www.europlast.cz\/de\/kontakt\/#breadcrumb"},"inLanguage":"de","potentialAction":[{"@type":"ReadAction","target":["https:\/\/www.europlast.cz\/de\/kontakt\/"]}]},{"@type":"BreadcrumbList","@id":"https:\/\/www.europlast.cz\/de\/kontakt\/#breadcrumb","itemListElement":[{"@type":"ListItem","position":1,"name":"Zuhause","item":"https:\/\/www.europlast.cz\/de\/domov\/"},{"@type":"ListItem","position":2,"name":"Kontakt"}]},{"@type":"WebSite","@id":"https:\/\/www.europlast.cz\/#website","url":"https:\/\/www.europlast.cz\/","name":"Europlast","description":"Obalov\u00e9 materi\u00e1ly a PE f\u00f3lie v prvot\u0159\u00eddn\u00ed kvalit\u011b","potentialAction":[{"@type":"SearchAction","target":{"@type":"EntryPoint","urlTemplate":"https:\/\/www.europlast.cz\/?s={search_term_string}"},"query-input":{"@type":"PropertyValueSpecification","valueRequired":true,"valueName":"search_term_string"}}],"inLanguage":"de"}]}},"_links":{"self":[{"href":"https:\/\/www.europlast.cz\/de\/wp-json\/wp\/v2\/pages\/786"}],"collection":[{"href":"https:\/\/www.europlast.cz\/de\/wp-json\/wp\/v2\/pages"}],"about":[{"href":"https:\/\/www.europlast.cz\/de\/wp-json\/wp\/v2\/types\/page"}],"author":[{"embeddable":true,"href":"https:\/\/www.europlast.cz\/de\/wp-json\/wp\/v2\/users\/1"}],"replies":[{"embeddable":true,"href":"https:\/\/www.europlast.cz\/de\/wp-json\/wp\/v2\/comments?post=786"}],"version-history":[{"count":46,"href":"https:\/\/www.europlast.cz\/de\/wp-json\/wp\/v2\/pages\/786\/revisions"}],"predecessor-version":[{"id":2962,"href":"https:\/\/www.europlast.cz\/de\/wp-json\/wp\/v2\/pages\/786\/revisions\/2962"}],"wp:attachment":[{"href":"https:\/\/www.europlast.cz\/de\/wp-json\/wp\/v2\/media?parent=786"}],"curies":[{"name":"wp","href":"https:\/\/api.w.org\/{rel}","templated":true}]}}