{"id":780,"date":"2020-05-27T08:28:02","date_gmt":"2020-05-27T06:28:02","guid":{"rendered":"https:\/\/www.europlast.cz\/certifikace\/"},"modified":"2020-11-13T14:23:23","modified_gmt":"2020-11-13T13:23:23","slug":"zertifizierung","status":"publish","type":"page","link":"https:\/\/www.europlast.cz\/de\/zertifizierung\/","title":{"rendered":"Zertifizierung"},"content":{"rendered":"<p>[et_pb_section fb_built=&#8220;1&#8243; _builder_version=&#8220;4.4.7&#8243;][et_pb_row _builder_version=&#8220;4.4.7&#8243;][et_pb_column type=&#8220;4_4&#8243; _builder_version=&#8220;4.4.7&#8243;][et_pb_text _builder_version=&#8220;4.4.7&#8243;]<\/p>\n<h2>Zertifikate<\/h2>\n<p>[\/et_pb_text][et_pb_text _builder_version=&#8220;4.4.7&#8243; custom_margin=&#8220;||4px|||&#8220;]<\/p>\n<p><strong>Integriertes Qualit\u00e4tsmanagementsystem<\/strong><\/p>\n<p>[\/et_pb_text][et_pb_text _builder_version=&#8220;4.4.7&#8243; custom_margin=&#8220;14px||40px|||&#8220;]<\/p>\n<p>Die Einf\u00fchrung des Qualit\u00e4tsmanagementsystems und seine anschlie\u00dfende Zertifizierung gem\u00e4\u00df der Norm \u010cSN EN ISO 9001 beweisen den Kunden, dass die Prinzipien des modernen Managements eingehalten werden und dass eine hohe Qualit\u00e4t der Produkte und Dienstleistungen im Bereich Verpackungsmaterialien garantiert wird.<\/p>\n<p>[\/et_pb_text][et_pb_text _builder_version=&#8220;4.4.7&#8243; custom_margin=&#8220;||4px|||&#8220;]<\/p>\n<p><strong>EKO-KOM<\/strong><\/p>\n<p>[\/et_pb_text][et_pb_text _builder_version=&#8220;4.4.7&#8243; custom_margin=&#8220;14px||40px|||&#8220;]<\/p>\n<p>Das Zertifikat der Firma EKO-KOM, a.s. wird an im Bereich der R\u00fccknahme und Verwertung von Verpackungsabf\u00e4llen t\u00e4tige Firmen erteilt.<\/p>\n<p>[\/et_pb_text][et_pb_text _builder_version=&#8220;4.4.7&#8243; custom_margin=&#8220;||4px|||&#8220;]<\/p>\n<p><strong>Goldkunde der Tschechischen Sparkasse<\/strong><\/p>\n<p>[\/et_pb_text][et_pb_text _builder_version=&#8220;4.4.7&#8243; custom_margin=&#8220;14px||40px|||&#8220;]<\/p>\n<p>Das Zertifikat \u201eGoldkunde\u201c, erteilt die Tschechische Sparkasse an ihre wichtigen Kunden. Die Firma E U R O P L A S T, s.r.o. erhielt dieses Zertifikat im Dezember 2007.<\/p>\n<p>[\/et_pb_text][et_pb_text _builder_version=&#8220;4.4.7&#8243; custom_margin=&#8220;||4px|||&#8220;]<\/p>\n<p><strong>TESA<\/strong><\/p>\n<p>[\/et_pb_text][et_pb_text _builder_version=&#8220;4.4.7&#8243; custom_margin=&#8220;14px||40px|||&#8220; hover_enabled=&#8220;0&#8243;]<\/p>\n<p>Die Firma E U R O P L A S T, s.r.o. ist autorisierter Vertragsh\u00e4ndler der Produkte der Gesellschaft Tesa tape s.r.o. f\u00fcr die Tschechische Republik<\/p>\n<p>[\/et_pb_text][\/et_pb_column][\/et_pb_row][et_pb_row column_structure=&#8220;1_4,1_4,1_4,1_4&#8243; _builder_version=&#8220;4.4.7&#8243;][et_pb_column type=&#8220;1_4&#8243; _builder_version=&#8220;4.4.7&#8243;][et_pb_image src=&#8220;https:\/\/www.europlast.cz\/wp-content\/uploads\/2020\/05\/HR-Certifikat-ISO_9001-2009_zlaty_2017.jpg&#8220; title_text=&#8220;HR-Certifikat-ISO_9001-2009_zlaty_2017&#8243; _builder_version=&#8220;4.4.7&#8243;][\/et_pb_image][et_pb_text _builder_version=&#8220;4.4.7&#8243;]<\/p>\n<p style=\"text-align: center;\"><strong>Certifik\u00e1t ISO 9001:2009 zlat\u00fd<\/strong><\/p>\n<p>[\/et_pb_text][\/et_pb_column][et_pb_column type=&#8220;1_4&#8243; _builder_version=&#8220;4.4.7&#8243;][et_pb_image src=&#8220;https:\/\/www.europlast.cz\/wp-content\/uploads\/2020\/05\/HR-Certifikat-ISO_14001-2005_2017.jpg&#8220; title_text=&#8220;HR-Certifikat-ISO_14001-2005_2017&#8243; _builder_version=&#8220;4.4.7&#8243;][\/et_pb_image][et_pb_text _builder_version=&#8220;4.4.7&#8243;]<\/p>\n<p style=\"text-align: center;\"><strong>Certifik\u00e1t ISO 14001:2005<\/strong><\/p>\n<p>[\/et_pb_text][\/et_pb_column][et_pb_column type=&#8220;1_4&#8243; _builder_version=&#8220;4.4.7&#8243;][et_pb_image src=&#8220;https:\/\/www.europlast.cz\/wp-content\/uploads\/2020\/05\/HR-Certifikat-ISO_14001-2005_zlaty_2017.jpg&#8220; title_text=&#8220;HR-Certifikat-ISO_14001-2005_zlaty_2017&#8243; _builder_version=&#8220;4.4.7&#8243;][\/et_pb_image][et_pb_text _builder_version=&#8220;4.4.7&#8243;]<\/p>\n<p style=\"text-align: center;\"><strong>Certifik\u00e1t ISO 14001:2005 zlat\u00fd<\/strong><\/p>\n<p>[\/et_pb_text][\/et_pb_column][et_pb_column type=&#8220;1_4&#8243; _builder_version=&#8220;4.4.7&#8243;][et_pb_image src=&#8220;https:\/\/www.europlast.cz\/wp-content\/uploads\/2020\/05\/HR-Certifikat-tesa-tape.jpg&#8220; title_text=&#8220;HR-Certifikat-tesa-tape&#8220; _builder_version=&#8220;4.4.7&#8243;][\/et_pb_image][et_pb_text _builder_version=&#8220;4.4.7&#8243;]<\/p>\n<p style=\"text-align: center;\"><strong>Certifik\u00e1t TESA tape<\/strong><\/p>\n<p>[\/et_pb_text][\/et_pb_column][\/et_pb_row][et_pb_row column_structure=&#8220;1_4,1_4,1_4,1_4&#8243; _builder_version=&#8220;4.4.7&#8243;][et_pb_column type=&#8220;1_4&#8243; _builder_version=&#8220;4.4.7&#8243;][et_pb_image src=&#8220;https:\/\/www.europlast.cz\/wp-content\/uploads\/2020\/05\/HR-Osvedceni-EKO-KOM.jpg&#8220; title_text=&#8220;HR-Osvedceni-EKO-KOM&#8220; _builder_version=&#8220;4.4.7&#8243;][\/et_pb_image][et_pb_text _builder_version=&#8220;4.4.7&#8243;]<\/p>\n<p style=\"text-align: center;\"><strong>Certifik\u00e1t EKO-KOM, a.s.<\/strong><\/p>\n<p>[\/et_pb_text][\/et_pb_column][et_pb_column type=&#8220;1_4&#8243; _builder_version=&#8220;4.4.7&#8243;][et_pb_image src=&#8220;https:\/\/www.europlast.cz\/wp-content\/uploads\/2020\/05\/HR-Zlaty-klient-CS.jpg&#8220; title_text=&#8220;HR-Zlaty-klient-CS&#8220; _builder_version=&#8220;4.4.7&#8243;][\/et_pb_image][et_pb_text _builder_version=&#8220;4.4.7&#8243;]<\/p>\n<p style=\"text-align: center;\"><strong>Zlat\u00fd klient \u010cS, a.s.<\/strong><\/p>\n<p>[\/et_pb_text][\/et_pb_column][et_pb_column type=&#8220;1_4&#8243; _builder_version=&#8220;4.4.7&#8243;][\/et_pb_column][et_pb_column type=&#8220;1_4&#8243; _builder_version=&#8220;4.4.7&#8243;][\/et_pb_column][\/et_pb_row][\/et_pb_section][et_pb_section fb_built=&#8220;1&#8243; _builder_version=&#8220;4.4.7&#8243; positioning=&#8220;none&#8220;][et_pb_row column_structure=&#8220;1_2,1_2&#8243; _builder_version=&#8220;4.4.7&#8243; positioning=&#8220;none&#8220;][et_pb_column type=&#8220;1_2&#8243; _builder_version=&#8220;4.4.7&#8243;][et_pb_image src=&#8220;https:\/\/www.europlast.cz\/wp-content\/uploads\/2020\/06\/textura-1.svg&#8220; title_text=&#8220;textura 1&#8243; disabled_on=&#8220;on|on|off&#8220; _builder_version=&#8220;4.4.7&#8243; positioning=&#8220;absolute&#8220; vertical_offset=&#8220;-797px&#8220; horizontal_offset=&#8220;-30.78vw&#8220; width=&#8220;100%&#8220;][\/et_pb_image][\/et_pb_column][et_pb_column type=&#8220;1_2&#8243; _builder_version=&#8220;4.4.7&#8243;][et_pb_image src=&#8220;https:\/\/www.europlast.cz\/wp-content\/uploads\/2020\/06\/textura-2.svg&#8220; title_text=&#8220;textura 2&#8243; disabled_on=&#8220;on|on|off&#8220; _builder_version=&#8220;4.4.7&#8243; positioning=&#8220;absolute&#8220; vertical_offset=&#8220;-1409px&#8220; horizontal_offset=&#8220;35vw&#8220; width=&#8220;100%&#8220;][\/et_pb_image][\/et_pb_column][\/et_pb_row][\/et_pb_section]<\/p>\n","protected":false},"excerpt":{"rendered":"<p>[et_pb_section fb_built=&#8220;1&#8243; _builder_version=&#8220;4.4.7&#8243;][et_pb_row _builder_version=&#8220;4.4.7&#8243;][et_pb_column type=&#8220;4_4&#8243; _builder_version=&#8220;4.4.7&#8243;][et_pb_text _builder_version=&#8220;4.4.7&#8243;] Zertifikate [\/et_pb_text][et_pb_text _builder_version=&#8220;4.4.7&#8243; custom_margin=&#8220;||4px|||&#8220;] Integriertes Qualit\u00e4tsmanagementsystem [\/et_pb_text][et_pb_text _builder_version=&#8220;4.4.7&#8243; custom_margin=&#8220;14px||40px|||&#8220;] Die Einf\u00fchrung des Qualit\u00e4tsmanagementsystems und seine anschlie\u00dfende Zertifizierung gem\u00e4\u00df der Norm \u010cSN EN ISO 9001 beweisen den Kunden, dass die Prinzipien des modernen Managements eingehalten werden und dass eine hohe Qualit\u00e4t der Produkte und Dienstleistungen im Bereich Verpackungsmaterialien garantiert [&hellip;]<\/p>\n","protected":false},"author":1,"featured_media":0,"parent":0,"menu_order":0,"comment_status":"closed","ping_status":"closed","template":"","meta":{"_acf_changed":false,"_et_pb_use_builder":"on","_et_pb_old_content":"<!-- wp:divi\/placeholder \/-->","_et_gb_content_width":"","footnotes":""},"class_list":["post-780","page","type-page","status-publish","hentry"],"acf":[],"yoast_head":"<!-- This site is optimized with the Yoast SEO plugin v23.7 - https:\/\/yoast.com\/wordpress\/plugins\/seo\/ -->\n<title>Zertifizierung | Europlast<\/title>\n<meta name=\"robots\" content=\"index, follow, max-snippet:-1, max-image-preview:large, max-video-preview:-1\" \/>\n<link rel=\"canonical\" href=\"https:\/\/www.europlast.cz\/de\/zertifizierung\/\" \/>\n<meta property=\"og:locale\" content=\"de_DE\" \/>\n<meta property=\"og:type\" content=\"article\" \/>\n<meta property=\"og:title\" content=\"Zertifizierung | Europlast\" \/>\n<meta property=\"og:description\" content=\"[et_pb_section fb_built=&#8220;1&#8243; _builder_version=&#8220;4.4.7&#8243;][et_pb_row _builder_version=&#8220;4.4.7&#8243;][et_pb_column type=&#8220;4_4&#8243; _builder_version=&#8220;4.4.7&#8243;][et_pb_text _builder_version=&#8220;4.4.7&#8243;] Zertifikate [\/et_pb_text][et_pb_text _builder_version=&#8220;4.4.7&#8243; custom_margin=&#8220;||4px|||&#8220;] Integriertes Qualit\u00e4tsmanagementsystem [\/et_pb_text][et_pb_text _builder_version=&#8220;4.4.7&#8243; custom_margin=&#8220;14px||40px|||&#8220;] Die Einf\u00fchrung des Qualit\u00e4tsmanagementsystems und seine anschlie\u00dfende Zertifizierung gem\u00e4\u00df der Norm \u010cSN EN ISO 9001 beweisen den Kunden, dass die Prinzipien des modernen Managements eingehalten werden und dass eine hohe Qualit\u00e4t der Produkte und Dienstleistungen im Bereich Verpackungsmaterialien garantiert [&hellip;]\" \/>\n<meta property=\"og:url\" content=\"https:\/\/www.europlast.cz\/de\/zertifizierung\/\" \/>\n<meta property=\"og:site_name\" content=\"Europlast\" \/>\n<meta property=\"article:modified_time\" content=\"2020-11-13T13:23:23+00:00\" \/>\n<meta property=\"og:image\" content=\"https:\/\/www.europlast.cz\/wp-content\/uploads\/2020\/06\/ep_Logo.png\" \/>\n\t<meta property=\"og:image:width\" content=\"381\" \/>\n\t<meta property=\"og:image:height\" content=\"144\" \/>\n\t<meta property=\"og:image:type\" content=\"image\/png\" \/>\n<meta name=\"twitter:card\" content=\"summary_large_image\" \/>\n<meta name=\"twitter:label1\" content=\"Gesch\u00e4tzte Lesezeit\" \/>\n\t<meta name=\"twitter:data1\" content=\"3\u00a0Minuten\" \/>\n<script type=\"application\/ld+json\" class=\"yoast-schema-graph\">{\"@context\":\"https:\/\/schema.org\",\"@graph\":[{\"@type\":\"WebPage\",\"@id\":\"https:\/\/www.europlast.cz\/de\/zertifizierung\/\",\"url\":\"https:\/\/www.europlast.cz\/de\/zertifizierung\/\",\"name\":\"Zertifizierung | Europlast\",\"isPartOf\":{\"@id\":\"https:\/\/www.europlast.cz\/#website\"},\"datePublished\":\"2020-05-27T06:28:02+00:00\",\"dateModified\":\"2020-11-13T13:23:23+00:00\",\"breadcrumb\":{\"@id\":\"https:\/\/www.europlast.cz\/de\/zertifizierung\/#breadcrumb\"},\"inLanguage\":\"de\",\"potentialAction\":[{\"@type\":\"ReadAction\",\"target\":[\"https:\/\/www.europlast.cz\/de\/zertifizierung\/\"]}]},{\"@type\":\"BreadcrumbList\",\"@id\":\"https:\/\/www.europlast.cz\/de\/zertifizierung\/#breadcrumb\",\"itemListElement\":[{\"@type\":\"ListItem\",\"position\":1,\"name\":\"Zuhause\",\"item\":\"https:\/\/www.europlast.cz\/de\/domov\/\"},{\"@type\":\"ListItem\",\"position\":2,\"name\":\"Zertifizierung\"}]},{\"@type\":\"WebSite\",\"@id\":\"https:\/\/www.europlast.cz\/#website\",\"url\":\"https:\/\/www.europlast.cz\/\",\"name\":\"Europlast\",\"description\":\"Obalov\u00e9 materi\u00e1ly a PE f\u00f3lie v prvot\u0159\u00eddn\u00ed kvalit\u011b\",\"potentialAction\":[{\"@type\":\"SearchAction\",\"target\":{\"@type\":\"EntryPoint\",\"urlTemplate\":\"https:\/\/www.europlast.cz\/?s={search_term_string}\"},\"query-input\":{\"@type\":\"PropertyValueSpecification\",\"valueRequired\":true,\"valueName\":\"search_term_string\"}}],\"inLanguage\":\"de\"}]}<\/script>\n<!-- \/ Yoast SEO plugin. -->","yoast_head_json":{"title":"Zertifizierung | Europlast","robots":{"index":"index","follow":"follow","max-snippet":"max-snippet:-1","max-image-preview":"max-image-preview:large","max-video-preview":"max-video-preview:-1"},"canonical":"https:\/\/www.europlast.cz\/de\/zertifizierung\/","og_locale":"de_DE","og_type":"article","og_title":"Zertifizierung | Europlast","og_description":"[et_pb_section fb_built=&#8220;1&#8243; _builder_version=&#8220;4.4.7&#8243;][et_pb_row _builder_version=&#8220;4.4.7&#8243;][et_pb_column type=&#8220;4_4&#8243; _builder_version=&#8220;4.4.7&#8243;][et_pb_text _builder_version=&#8220;4.4.7&#8243;] Zertifikate [\/et_pb_text][et_pb_text _builder_version=&#8220;4.4.7&#8243; custom_margin=&#8220;||4px|||&#8220;] Integriertes Qualit\u00e4tsmanagementsystem [\/et_pb_text][et_pb_text _builder_version=&#8220;4.4.7&#8243; custom_margin=&#8220;14px||40px|||&#8220;] Die Einf\u00fchrung des Qualit\u00e4tsmanagementsystems und seine anschlie\u00dfende Zertifizierung gem\u00e4\u00df der Norm \u010cSN EN ISO 9001 beweisen den Kunden, dass die Prinzipien des modernen Managements eingehalten werden und dass eine hohe Qualit\u00e4t der Produkte und Dienstleistungen im Bereich Verpackungsmaterialien garantiert [&hellip;]","og_url":"https:\/\/www.europlast.cz\/de\/zertifizierung\/","og_site_name":"Europlast","article_modified_time":"2020-11-13T13:23:23+00:00","og_image":[{"width":381,"height":144,"url":"https:\/\/www.europlast.cz\/wp-content\/uploads\/2020\/06\/ep_Logo.png","type":"image\/png"}],"twitter_card":"summary_large_image","twitter_misc":{"Gesch\u00e4tzte Lesezeit":"3\u00a0Minuten"},"schema":{"@context":"https:\/\/schema.org","@graph":[{"@type":"WebPage","@id":"https:\/\/www.europlast.cz\/de\/zertifizierung\/","url":"https:\/\/www.europlast.cz\/de\/zertifizierung\/","name":"Zertifizierung | Europlast","isPartOf":{"@id":"https:\/\/www.europlast.cz\/#website"},"datePublished":"2020-05-27T06:28:02+00:00","dateModified":"2020-11-13T13:23:23+00:00","breadcrumb":{"@id":"https:\/\/www.europlast.cz\/de\/zertifizierung\/#breadcrumb"},"inLanguage":"de","potentialAction":[{"@type":"ReadAction","target":["https:\/\/www.europlast.cz\/de\/zertifizierung\/"]}]},{"@type":"BreadcrumbList","@id":"https:\/\/www.europlast.cz\/de\/zertifizierung\/#breadcrumb","itemListElement":[{"@type":"ListItem","position":1,"name":"Zuhause","item":"https:\/\/www.europlast.cz\/de\/domov\/"},{"@type":"ListItem","position":2,"name":"Zertifizierung"}]},{"@type":"WebSite","@id":"https:\/\/www.europlast.cz\/#website","url":"https:\/\/www.europlast.cz\/","name":"Europlast","description":"Obalov\u00e9 materi\u00e1ly a PE f\u00f3lie v prvot\u0159\u00eddn\u00ed kvalit\u011b","potentialAction":[{"@type":"SearchAction","target":{"@type":"EntryPoint","urlTemplate":"https:\/\/www.europlast.cz\/?s={search_term_string}"},"query-input":{"@type":"PropertyValueSpecification","valueRequired":true,"valueName":"search_term_string"}}],"inLanguage":"de"}]}},"_links":{"self":[{"href":"https:\/\/www.europlast.cz\/de\/wp-json\/wp\/v2\/pages\/780"}],"collection":[{"href":"https:\/\/www.europlast.cz\/de\/wp-json\/wp\/v2\/pages"}],"about":[{"href":"https:\/\/www.europlast.cz\/de\/wp-json\/wp\/v2\/types\/page"}],"author":[{"embeddable":true,"href":"https:\/\/www.europlast.cz\/de\/wp-json\/wp\/v2\/users\/1"}],"replies":[{"embeddable":true,"href":"https:\/\/www.europlast.cz\/de\/wp-json\/wp\/v2\/comments?post=780"}],"version-history":[{"count":5,"href":"https:\/\/www.europlast.cz\/de\/wp-json\/wp\/v2\/pages\/780\/revisions"}],"predecessor-version":[{"id":2886,"href":"https:\/\/www.europlast.cz\/de\/wp-json\/wp\/v2\/pages\/780\/revisions\/2886"}],"wp:attachment":[{"href":"https:\/\/www.europlast.cz\/de\/wp-json\/wp\/v2\/media?parent=780"}],"curies":[{"name":"wp","href":"https:\/\/api.w.org\/{rel}","templated":true}]}}