{"id":751,"date":"2020-05-27T08:28:38","date_gmt":"2020-05-27T06:28:38","guid":{"rendered":"https:\/\/www.europlast.cz\/poptavka\/"},"modified":"2021-01-14T16:10:38","modified_gmt":"2021-01-14T15:10:38","slug":"anfrage","status":"publish","type":"page","link":"https:\/\/www.europlast.cz\/de\/anfrage\/","title":{"rendered":"Anfrage"},"content":{"rendered":"<p>[et_pb_section fb_built=&#8220;1&#8243; _builder_version=&#8220;4.4.7&#8243;][et_pb_row _builder_version=&#8220;4.4.7&#8243;][et_pb_column type=&#8220;4_4&#8243; _builder_version=&#8220;4.4.7&#8243;][et_pb_text _builder_version=&#8220;4.4.7&#8243; _dynamic_attributes=&#8220;content&#8220;]@ET-DC@eyJkeW5hbWljIjp0cnVlLCJjb250ZW50IjoicG9zdF90aXRsZSIsInNldHRpbmdzIjp7ImJlZm9yZSI6IjxoMj4iLCJhZnRlciI6IjwvaDI+In19@[\/et_pb_text][\/et_pb_column][\/et_pb_row][et_pb_row column_structure=&#8220;1_2,1_2&#8243; use_custom_gutter=&#8220;on&#8220; gutter_width=&#8220;4&#8243; _builder_version=&#8220;4.4.7&#8243;][et_pb_column type=&#8220;1_2&#8243; _builder_version=&#8220;4.4.7&#8243;][et_pb_text _builder_version=&#8220;4.4.7&#8243;]<\/p>\n<p><span style=\"font-weight: 400;\">Falls Sie weitere Informationen brauchen oder uns Ihre Nachfrage schicken wollen, k\u00f6nnen Sie dieses Formular ausf\u00fcllen. F\u00fcllen Sie bitte alle Felder ein. Im Falle, dass f\u00fcr die Antwort Beratung erforderlich w\u00e4re, rufen wir Sie an. Die Sicherheit Ihrer Daten ist bei uns gew\u00e4hrleistet und die Daten werden gesetzm\u00e4\u00dfig verwendet. Wir werden Ihre Anfragen so bald wie m\u00f6glich beantworten.<\/span><\/p>\n<p>[\/et_pb_text][\/et_pb_column][et_pb_column type=&#8220;1_2&#8243; _builder_version=&#8220;4.4.7&#8243;][et_pb_text _builder_version=&#8220;4.4.7&#8243; custom_margin=&#8220;||10px|||&#8220; hover_enabled=&#8220;0&#8243;]<strong>Hinterlassen Sie uns eine Nachricht<\/strong>[\/et_pb_text][et_pb_text _builder_version=&#8220;4.4.7&#8243;]<\/p>\n<div class=\"caldera-grid\" id=\"caldera_form_1\" data-cf-ver=\"1.9.2\" data-cf-form-id=\"CF5f3806c24f1fb\"><div id=\"caldera_notices_1\" data-spinner=\"https:\/\/www.europlast.cz\/wp-admin\/images\/spinner.gif\"><\/div><form data-instance=\"1\" class=\"CF5f3806c24f1fb caldera_forms_form cfajax-trigger\" method=\"POST\" enctype=\"multipart\/form-data\" id=\"CF5f3806c24f1fb_1\" data-form-id=\"CF5f3806c24f1fb\" aria-label=\"Anfrage - poptavka DE\" data-target=\"#caldera_notices_1\" data-template=\"#cfajax_CF5f3806c24f1fb-tmpl\" data-cfajax=\"CF5f3806c24f1fb\" data-load-element=\"_parent\" data-load-class=\"cf_processing\" data-post-disable=\"0\" data-action=\"cf_process_ajax_submit\" data-request=\"https:\/\/www.europlast.cz\/de\/\/cf-api\/CF5f3806c24f1fb\" data-hiderows=\"true\">\r\n<input type=\"hidden\" id=\"_cf_verify_CF5f3806c24f1fb\" name=\"_cf_verify\" value=\"e94449d850\"  data-nonce-time=\"1777634264\" \/><input type=\"hidden\" name=\"_wp_http_referer\" value=\"\/de\/wp-json\/wp\/v2\/pages\/751\" \/><div id=\"cf2-CF5f3806c24f1fb_1\"><\/div><input type=\"hidden\" name=\"_cf_frm_id\" value=\"CF5f3806c24f1fb\">\r\n<input type=\"hidden\" name=\"_cf_frm_ct\" value=\"1\">\r\n<input type=\"hidden\" name=\"cfajax\" value=\"CF5f3806c24f1fb\">\r\n<input type=\"hidden\" name=\"_cf_cr_pst\" value=\"751\">\r\n<div class=\"hide\" style=\"display:none; overflow:hidden;height:0;width:0;\">\r\n<label>Name<\/label><input type=\"text\" name=\"name\" value=\"\" autocomplete=\"off\">\r\n<\/div><div id=\"CF5f3806c24f1fb_1-row-1\"  class=\"row  first_row\"><div  class=\"col-sm-6  first_col\"><div data-field-wrapper=\"fld_8768091\" class=\"form-group\" id=\"fld_8768091_1-wrap\">\r\n\t<label id=\"fld_8768091Label\" for=\"fld_8768091_1\" class=\"control-label screen-reader-text sr-only\">Name<\/label>\r\n\t<div class=\"\">\r\n\t\t<input placeholder=\"Name\"  required type=\"text\" data-field=\"fld_8768091\" class=\" form-control\" id=\"fld_8768091_1\" name=\"fld_8768091\" value=\"\" data-type=\"text\" aria-required=\"true\"   aria-labelledby=\"fld_8768091Label\" >\t\t\t<\/div>\r\n<\/div>\r\n<\/div><div  class=\"col-sm-6  last_col\"><div data-field-wrapper=\"fld_9970286\" class=\"form-group\" id=\"fld_9970286_1-wrap\">\r\n\t<label id=\"fld_9970286Label\" for=\"fld_9970286_1\" class=\"control-label screen-reader-text sr-only\">Nachname<\/label>\r\n\t<div class=\"\">\r\n\t\t<input placeholder=\"Nachname\"  required type=\"text\" data-field=\"fld_9970286\" class=\" form-control\" id=\"fld_9970286_1\" name=\"fld_9970286\" value=\"\" data-type=\"text\" aria-required=\"true\"   aria-labelledby=\"fld_9970286Label\" >\t\t\t<\/div>\r\n<\/div>\r\n<\/div><\/div><div id=\"CF5f3806c24f1fb_1-row-2\"  class=\"row \"><div  class=\"col-sm-12  single\"><div data-field-wrapper=\"fld_6009157\" class=\"form-group\" id=\"fld_6009157_1-wrap\">\r\n\t<label id=\"fld_6009157Label\" for=\"fld_6009157_1\" class=\"control-label screen-reader-text sr-only\">Email<\/label>\r\n\t<div class=\"\">\r\n\t\t<input placeholder=\"Email\"  required type=\"email\" data-field=\"fld_6009157\" class=\" form-control\" id=\"fld_6009157_1\" name=\"fld_6009157\" value=\"\" data-type=\"email\" aria-required=\"true\"   aria-labelledby=\"fld_6009157Label\" >\t\t\t<\/div>\r\n<\/div>\r\n<\/div><\/div><div id=\"CF5f3806c24f1fb_1-row-3\"  class=\"row \"><div  class=\"col-sm-12  single\"><div id=\"cf2-fld_8294890_1\" class=\"cf2-field-wrapper\" data-field-id=\"fld_8294890_1\"><\/div><div data-field-wrapper=\"fld_7683514\" class=\"form-group\" id=\"fld_7683514_1-wrap\">\r\n\t<label id=\"fld_7683514Label\" for=\"fld_7683514_1\" class=\"control-label screen-reader-text sr-only\">Botschaft<\/label>\r\n\t<div class=\"\">\r\n\t\t<textarea name=\"fld_7683514\" value=\"\" data-field=\"fld_7683514\" class=\"form-control\" id=\"fld_7683514_1\" rows=\"4\" placeholder=\"Botschaft\"  required=\"required\"  aria-labelledby=\"fld_7683514Label\" ><\/textarea>\n\t\t\t<\/div>\r\n<\/div>\r\n<div data-field-wrapper=\"fld_6617730\" class=\"form-group\" id=\"fld_6617730_1-wrap\">\r\n\n\n<div class=\"\">\r\n\n<input   required type=\"hidden\" data-field=\"fld_6617730\" class=\" form-control\" id=\"fld_6617730_1\" name=\"fld_6617730\" value=\"\" data-type=\"recaptcha\" aria-required=\"true\"   aria-labelledby=\"fld_6617730Label\" >\n\t<div id=\"capfld_6617730_1\"><\/div>\n\n\n<\/div>\r\n\n<\/div>\r\n<\/div><\/div><div id=\"CF5f3806c24f1fb_1-row-4\"  class=\"row  last_row\"><div  class=\"col-sm-12  single\"><div data-field-wrapper=\"fld_7908577\" class=\"form-group\" id=\"fld_7908577_1-wrap\">\r\n<div class=\"\">\r\n\t<input  class=\"btn btn-default\" type=\"submit\" name=\"fld_7908577\" id=\"fld_7908577_1\" value=\"SENDEN\" data-field=\"fld_7908577\"  >\n<\/div>\r\n<\/div>\r\n\t<input class=\"button_trigger_1\" type=\"hidden\" name=\"fld_7908577\" id=\"fld_7908577_1_btn\" value=\"\" data-field=\"fld_7908577\"  \/>\n<\/div><\/div><\/form>\r\n<\/div>\r\n\n<p>[\/et_pb_text][\/et_pb_column][\/et_pb_row][\/et_pb_section][et_pb_section fb_built=&#8220;1&#8243; _builder_version=&#8220;4.4.7&#8243; positioning=&#8220;none&#8220;][et_pb_row column_structure=&#8220;1_2,1_2&#8243; _builder_version=&#8220;4.4.7&#8243; positioning=&#8220;none&#8220;][et_pb_column type=&#8220;1_2&#8243; _builder_version=&#8220;4.4.7&#8243;][et_pb_image src=&#8220;https:\/\/www.europlast.cz\/wp-content\/uploads\/2020\/06\/textura-1.svg&#8220; title_text=&#8220;textura 1&#8243; disabled_on=&#8220;on|on|off&#8220; _builder_version=&#8220;4.4.7&#8243; positioning=&#8220;absolute&#8220; vertical_offset=&#8220;-374px&#8220; horizontal_offset=&#8220;-311px&#8220; width=&#8220;100%&#8220;][\/et_pb_image][\/et_pb_column][et_pb_column type=&#8220;1_2&#8243; _builder_version=&#8220;4.4.7&#8243;][et_pb_image src=&#8220;https:\/\/www.europlast.cz\/wp-content\/uploads\/2020\/06\/textura-2.svg&#8220; title_text=&#8220;textura 2&#8243; disabled_on=&#8220;on|on|off&#8220; _builder_version=&#8220;4.4.7&#8243; positioning=&#8220;absolute&#8220; vertical_offset=&#8220;-636px&#8220; horizontal_offset=&#8220;35vw&#8220; width=&#8220;100%&#8220; overflow-x=&#8220;hidden&#8220; overflow-y=&#8220;hidden&#8220;][\/et_pb_image][\/et_pb_column][\/et_pb_row][\/et_pb_section]<\/p>\n","protected":false},"excerpt":{"rendered":"<p>[et_pb_section fb_built=&#8220;1&#8243; _builder_version=&#8220;4.4.7&#8243;][et_pb_row _builder_version=&#8220;4.4.7&#8243;][et_pb_column type=&#8220;4_4&#8243; _builder_version=&#8220;4.4.7&#8243;][et_pb_text _builder_version=&#8220;4.4.7&#8243; _dynamic_attributes=&#8220;content&#8220;]@ET-DC@eyJkeW5hbWljIjp0cnVlLCJjb250ZW50IjoicG9zdF90aXRsZSIsInNldHRpbmdzIjp7ImJlZm9yZSI6IjxoMj4iLCJhZnRlciI6IjwvaDI+In19@[\/et_pb_text][\/et_pb_column][\/et_pb_row][et_pb_row column_structure=&#8220;1_2,1_2&#8243; use_custom_gutter=&#8220;on&#8220; gutter_width=&#8220;4&#8243; _builder_version=&#8220;4.4.7&#8243;][et_pb_column type=&#8220;1_2&#8243; _builder_version=&#8220;4.4.7&#8243;][et_pb_text _builder_version=&#8220;4.4.7&#8243;] Falls Sie weitere Informationen brauchen oder uns Ihre Nachfrage schicken wollen, k\u00f6nnen Sie dieses Formular ausf\u00fcllen. F\u00fcllen Sie bitte alle Felder ein. Im Falle, dass f\u00fcr die Antwort Beratung erforderlich w\u00e4re, rufen wir Sie an. Die Sicherheit Ihrer Daten ist [&hellip;]<\/p>\n","protected":false},"author":1,"featured_media":0,"parent":0,"menu_order":0,"comment_status":"closed","ping_status":"closed","template":"","meta":{"_acf_changed":false,"_et_pb_use_builder":"on","_et_pb_old_content":"<!-- wp:divi\/placeholder \/-->","_et_gb_content_width":"","footnotes":""},"class_list":["post-751","page","type-page","status-publish","hentry"],"acf":[],"yoast_head":"<!-- This site is optimized with the Yoast SEO plugin v23.7 - https:\/\/yoast.com\/wordpress\/plugins\/seo\/ -->\n<title>Anfrage | Europlast<\/title>\n<meta name=\"robots\" content=\"index, follow, max-snippet:-1, max-image-preview:large, max-video-preview:-1\" \/>\n<link rel=\"canonical\" href=\"https:\/\/www.europlast.cz\/de\/anfrage\/\" \/>\n<meta property=\"og:locale\" content=\"de_DE\" \/>\n<meta property=\"og:type\" content=\"article\" \/>\n<meta property=\"og:title\" content=\"Anfrage | Europlast\" \/>\n<meta property=\"og:description\" content=\"[et_pb_section fb_built=&#8220;1&#8243; _builder_version=&#8220;4.4.7&#8243;][et_pb_row _builder_version=&#8220;4.4.7&#8243;][et_pb_column type=&#8220;4_4&#8243; _builder_version=&#8220;4.4.7&#8243;][et_pb_text _builder_version=&#8220;4.4.7&#8243; _dynamic_attributes=&#8220;content&#8220;]@ET-DC@eyJkeW5hbWljIjp0cnVlLCJjb250ZW50IjoicG9zdF90aXRsZSIsInNldHRpbmdzIjp7ImJlZm9yZSI6IjxoMj4iLCJhZnRlciI6IjwvaDI+In19@[\/et_pb_text][\/et_pb_column][\/et_pb_row][et_pb_row column_structure=&#8220;1_2,1_2&#8243; use_custom_gutter=&#8220;on&#8220; gutter_width=&#8220;4&#8243; _builder_version=&#8220;4.4.7&#8243;][et_pb_column type=&#8220;1_2&#8243; _builder_version=&#8220;4.4.7&#8243;][et_pb_text _builder_version=&#8220;4.4.7&#8243;] Falls Sie weitere Informationen brauchen oder uns Ihre Nachfrage schicken wollen, k\u00f6nnen Sie dieses Formular ausf\u00fcllen. F\u00fcllen Sie bitte alle Felder ein. Im Falle, dass f\u00fcr die Antwort Beratung erforderlich w\u00e4re, rufen wir Sie an. Die Sicherheit Ihrer Daten ist [&hellip;]\" \/>\n<meta property=\"og:url\" content=\"https:\/\/www.europlast.cz\/de\/anfrage\/\" \/>\n<meta property=\"og:site_name\" content=\"Europlast\" \/>\n<meta property=\"article:modified_time\" content=\"2021-01-14T15:10:38+00:00\" \/>\n<meta property=\"og:image\" content=\"https:\/\/www.europlast.cz\/wp-content\/uploads\/2020\/06\/ep_Logo.png\" \/>\n\t<meta property=\"og:image:width\" content=\"381\" \/>\n\t<meta property=\"og:image:height\" content=\"144\" \/>\n\t<meta property=\"og:image:type\" content=\"image\/png\" \/>\n<meta name=\"twitter:card\" content=\"summary_large_image\" \/>\n<meta name=\"twitter:label1\" content=\"Gesch\u00e4tzte Lesezeit\" \/>\n\t<meta name=\"twitter:data1\" content=\"2\u00a0Minuten\" \/>\n<script type=\"application\/ld+json\" class=\"yoast-schema-graph\">{\"@context\":\"https:\/\/schema.org\",\"@graph\":[{\"@type\":\"WebPage\",\"@id\":\"https:\/\/www.europlast.cz\/de\/anfrage\/\",\"url\":\"https:\/\/www.europlast.cz\/de\/anfrage\/\",\"name\":\"Anfrage | Europlast\",\"isPartOf\":{\"@id\":\"https:\/\/www.europlast.cz\/#website\"},\"datePublished\":\"2020-05-27T06:28:38+00:00\",\"dateModified\":\"2021-01-14T15:10:38+00:00\",\"breadcrumb\":{\"@id\":\"https:\/\/www.europlast.cz\/de\/anfrage\/#breadcrumb\"},\"inLanguage\":\"de\",\"potentialAction\":[{\"@type\":\"ReadAction\",\"target\":[\"https:\/\/www.europlast.cz\/de\/anfrage\/\"]}]},{\"@type\":\"BreadcrumbList\",\"@id\":\"https:\/\/www.europlast.cz\/de\/anfrage\/#breadcrumb\",\"itemListElement\":[{\"@type\":\"ListItem\",\"position\":1,\"name\":\"Zuhause\",\"item\":\"https:\/\/www.europlast.cz\/de\/domov\/\"},{\"@type\":\"ListItem\",\"position\":2,\"name\":\"Anfrage\"}]},{\"@type\":\"WebSite\",\"@id\":\"https:\/\/www.europlast.cz\/#website\",\"url\":\"https:\/\/www.europlast.cz\/\",\"name\":\"Europlast\",\"description\":\"Obalov\u00e9 materi\u00e1ly a PE f\u00f3lie v prvot\u0159\u00eddn\u00ed kvalit\u011b\",\"potentialAction\":[{\"@type\":\"SearchAction\",\"target\":{\"@type\":\"EntryPoint\",\"urlTemplate\":\"https:\/\/www.europlast.cz\/?s={search_term_string}\"},\"query-input\":{\"@type\":\"PropertyValueSpecification\",\"valueRequired\":true,\"valueName\":\"search_term_string\"}}],\"inLanguage\":\"de\"}]}<\/script>\n<!-- \/ Yoast SEO plugin. -->","yoast_head_json":{"title":"Anfrage | Europlast","robots":{"index":"index","follow":"follow","max-snippet":"max-snippet:-1","max-image-preview":"max-image-preview:large","max-video-preview":"max-video-preview:-1"},"canonical":"https:\/\/www.europlast.cz\/de\/anfrage\/","og_locale":"de_DE","og_type":"article","og_title":"Anfrage | Europlast","og_description":"[et_pb_section fb_built=&#8220;1&#8243; _builder_version=&#8220;4.4.7&#8243;][et_pb_row _builder_version=&#8220;4.4.7&#8243;][et_pb_column type=&#8220;4_4&#8243; _builder_version=&#8220;4.4.7&#8243;][et_pb_text _builder_version=&#8220;4.4.7&#8243; _dynamic_attributes=&#8220;content&#8220;]@ET-DC@eyJkeW5hbWljIjp0cnVlLCJjb250ZW50IjoicG9zdF90aXRsZSIsInNldHRpbmdzIjp7ImJlZm9yZSI6IjxoMj4iLCJhZnRlciI6IjwvaDI+In19@[\/et_pb_text][\/et_pb_column][\/et_pb_row][et_pb_row column_structure=&#8220;1_2,1_2&#8243; use_custom_gutter=&#8220;on&#8220; gutter_width=&#8220;4&#8243; _builder_version=&#8220;4.4.7&#8243;][et_pb_column type=&#8220;1_2&#8243; _builder_version=&#8220;4.4.7&#8243;][et_pb_text _builder_version=&#8220;4.4.7&#8243;] Falls Sie weitere Informationen brauchen oder uns Ihre Nachfrage schicken wollen, k\u00f6nnen Sie dieses Formular ausf\u00fcllen. F\u00fcllen Sie bitte alle Felder ein. Im Falle, dass f\u00fcr die Antwort Beratung erforderlich w\u00e4re, rufen wir Sie an. Die Sicherheit Ihrer Daten ist [&hellip;]","og_url":"https:\/\/www.europlast.cz\/de\/anfrage\/","og_site_name":"Europlast","article_modified_time":"2021-01-14T15:10:38+00:00","og_image":[{"width":381,"height":144,"url":"https:\/\/www.europlast.cz\/wp-content\/uploads\/2020\/06\/ep_Logo.png","type":"image\/png"}],"twitter_card":"summary_large_image","twitter_misc":{"Gesch\u00e4tzte Lesezeit":"2\u00a0Minuten"},"schema":{"@context":"https:\/\/schema.org","@graph":[{"@type":"WebPage","@id":"https:\/\/www.europlast.cz\/de\/anfrage\/","url":"https:\/\/www.europlast.cz\/de\/anfrage\/","name":"Anfrage | Europlast","isPartOf":{"@id":"https:\/\/www.europlast.cz\/#website"},"datePublished":"2020-05-27T06:28:38+00:00","dateModified":"2021-01-14T15:10:38+00:00","breadcrumb":{"@id":"https:\/\/www.europlast.cz\/de\/anfrage\/#breadcrumb"},"inLanguage":"de","potentialAction":[{"@type":"ReadAction","target":["https:\/\/www.europlast.cz\/de\/anfrage\/"]}]},{"@type":"BreadcrumbList","@id":"https:\/\/www.europlast.cz\/de\/anfrage\/#breadcrumb","itemListElement":[{"@type":"ListItem","position":1,"name":"Zuhause","item":"https:\/\/www.europlast.cz\/de\/domov\/"},{"@type":"ListItem","position":2,"name":"Anfrage"}]},{"@type":"WebSite","@id":"https:\/\/www.europlast.cz\/#website","url":"https:\/\/www.europlast.cz\/","name":"Europlast","description":"Obalov\u00e9 materi\u00e1ly a PE f\u00f3lie v prvot\u0159\u00eddn\u00ed kvalit\u011b","potentialAction":[{"@type":"SearchAction","target":{"@type":"EntryPoint","urlTemplate":"https:\/\/www.europlast.cz\/?s={search_term_string}"},"query-input":{"@type":"PropertyValueSpecification","valueRequired":true,"valueName":"search_term_string"}}],"inLanguage":"de"}]}},"_links":{"self":[{"href":"https:\/\/www.europlast.cz\/de\/wp-json\/wp\/v2\/pages\/751"}],"collection":[{"href":"https:\/\/www.europlast.cz\/de\/wp-json\/wp\/v2\/pages"}],"about":[{"href":"https:\/\/www.europlast.cz\/de\/wp-json\/wp\/v2\/types\/page"}],"author":[{"embeddable":true,"href":"https:\/\/www.europlast.cz\/de\/wp-json\/wp\/v2\/users\/1"}],"replies":[{"embeddable":true,"href":"https:\/\/www.europlast.cz\/de\/wp-json\/wp\/v2\/comments?post=751"}],"version-history":[{"count":9,"href":"https:\/\/www.europlast.cz\/de\/wp-json\/wp\/v2\/pages\/751\/revisions"}],"predecessor-version":[{"id":2970,"href":"https:\/\/www.europlast.cz\/de\/wp-json\/wp\/v2\/pages\/751\/revisions\/2970"}],"wp:attachment":[{"href":"https:\/\/www.europlast.cz\/de\/wp-json\/wp\/v2\/media?parent=751"}],"curies":[{"name":"wp","href":"https:\/\/api.w.org\/{rel}","templated":true}]}}