{"id":1929,"date":"2020-05-27T12:50:53","date_gmt":"2020-05-27T10:50:53","guid":{"rendered":"https:\/\/www.europlast.cz\/sortiment\/vazaci-pasky\/"},"modified":"2020-08-14T09:14:34","modified_gmt":"2020-08-14T07:14:34","slug":"umreifungsbande","status":"publish","type":"page","link":"https:\/\/www.europlast.cz\/de\/sortiment\/umreifungsbande\/","title":{"rendered":"Umreifungsb\u00e4nde"},"content":{"rendered":"<p>[et_pb_section fb_built=&#8220;1&#8243; _builder_version=&#8220;4.4.7&#8243;][et_pb_row _builder_version=&#8220;4.4.7&#8243;][et_pb_column type=&#8220;4_4&#8243; _builder_version=&#8220;4.4.7&#8243;][et_pb_text _builder_version=&#8220;4.4.7&#8243; _dynamic_attributes=&#8220;content&#8220;]@ET-DC@eyJkeW5hbWljIjp0cnVlLCJjb250ZW50IjoicG9zdF90aXRsZSIsInNldHRpbmdzIjp7ImJlZm9yZSI6IjxoMj4iLCJhZnRlciI6IjwvaDI+In19@[\/et_pb_text][\/et_pb_column][\/et_pb_row][et_pb_row column_structure=&#8220;3_5,2_5&#8243; _builder_version=&#8220;4.4.7&#8243;][et_pb_column type=&#8220;3_5&#8243; _builder_version=&#8220;4.4.7&#8243;][et_pb_text _builder_version=&#8220;4.4.7&#8243; hover_enabled=&#8220;0&#8243;]<\/p>\n<p><strong>Bindeb\u00e4nder aus Polypropylen und Polyester<\/strong><span>\u00a0sind voll recyclingf\u00e4hig und erf\u00fcllen die internationalen Umweltanforderungen an die Sammlung und Lagerung von Kunststoffverpackungen (Gesetz GBl. Nr. 477\/2001- Verpackungsgesetz).<\/span><\/p>\n<p>[\/et_pb_text][\/et_pb_column][et_pb_column type=&#8220;2_5&#8243; _builder_version=&#8220;4.4.7&#8243;][\/et_pb_column][\/et_pb_row][et_pb_row column_structure=&#8220;1_2,1_2&#8243; _builder_version=&#8220;4.4.7&#8243; custom_padding=&#8220;63px|||||&#8220;][et_pb_column type=&#8220;1_2&#8243; _builder_version=&#8220;4.4.7&#8243;][et_pb_text _builder_version=&#8220;4.4.7&#8243; header_text_color=&#8220;#005795&#8243; header_3_text_color=&#8220;#005795&#8243; hover_enabled=&#8220;0&#8243;]<\/p>\n<h3>Polypropylen-PP-B\u00e4nder<\/h3>\n<p>[\/et_pb_text][et_pb_text _builder_version=&#8220;4.4.7&#8243; hover_enabled=&#8220;0&#8243;]<\/p>\n<p><span>Hochqualitative\u00a0<\/span><strong>Kunststoffb\u00e4nder aus 100 % Polypropylen<\/strong><span>\u00a0sind f\u00fcr alle Sorten von handbedienten Apparaten und halbautomatisierten Maschinen oder Automaten bestimmt. Verbindung m\u00f6glich durch Ultraschall- oder W\u00e4rmen\u00e4hte, mit Hilfe von Metallklammern oder Kunststoffklammern zum Durchziehen.<\/span><\/p>\n<p><strong>Sie werden folgenderma\u00dfen verwendet:<\/strong><br \/><span>&#8211; f\u00fcr die Umreifung von Kartonverpackungen<\/span><br \/><span>&#8211; f\u00fcr Ware in der M\u00f6bel- und Verbraucherindustrie, in Druckereien<\/span><br \/><span>&#8211; f\u00fcr das B\u00fcndeln von Materialien und Profilen<\/span><br \/><span>&#8211; f\u00fcr die Fixierung von Palettenfrachten einschlie\u00dflich Ziegel- und Betonprodukten<\/span><\/p>\n<p><span>Das komplette Angebot von\u00a0<\/span><strong>PP-Bindeb\u00e4ndern<\/strong><span>\u00a0umfasst Bandbreiten von 5 &#8211; 19 mm und Bandst\u00e4rken von 0,35 &#8211; 1 mm.<\/span><br \/><span>Die am h\u00e4ufigsten benutzten Breiten sind 12 und 15 mm, zu denen wir Metallklammern und handbediente Bindezangen inklusive Schwei\u00dfautomaten und Handabrollern liefern.<\/span><\/p>\n<p><strong>Bandfarben<\/strong><span>: schwarz, wei\u00df, gelb, rot; einfarbiger Aufdruck<\/span><\/p>\n<p>[\/et_pb_text][\/et_pb_column][et_pb_column type=&#8220;1_2&#8243; _builder_version=&#8220;4.4.7&#8243;][et_pb_image src=&#8220;https:\/\/www.europlast.cz\/wp-content\/uploads\/2020\/08\/Vazaci-pasky-1.png&#8220; title_text=&#8220;Vazaci pasky 1&#8243; _builder_version=&#8220;4.4.7&#8243; custom_margin=&#8220;-7px|||||&#8220; custom_padding=&#8220;8px||||false|false&#8220;][\/et_pb_image][et_pb_image src=&#8220;https:\/\/www.europlast.cz\/wp-content\/uploads\/2020\/08\/Vazaci-p\u00faasky-hlavny-obrazok.jpg&#8220; title_text=&#8220;OLYMPUS DIGITAL CAMERA&#8220; _builder_version=&#8220;4.4.7&#8243; custom_margin=&#8220;-7px|||||&#8220; custom_padding=&#8220;8px||||false|false&#8220;][\/et_pb_image][\/et_pb_column][\/et_pb_row][et_pb_row column_structure=&#8220;1_2,1_2&#8243; _builder_version=&#8220;4.4.7&#8243; custom_padding=&#8220;67px|||||&#8220;][et_pb_column type=&#8220;1_2&#8243; _builder_version=&#8220;4.4.7&#8243;][et_pb_image src=&#8220;https:\/\/www.europlast.cz\/wp-content\/uploads\/2020\/08\/Vazaci_paska_PP_cerna_d200.png&#8220; title_text=&#8220;Vazaci_paska_PP_cerna_d200&#8243; _builder_version=&#8220;4.4.7&#8243; custom_margin=&#8220;-7px|||||&#8220; custom_padding=&#8220;8px||||false|false&#8220;][\/et_pb_image][\/et_pb_column][et_pb_column type=&#8220;1_2&#8243; _builder_version=&#8220;4.4.7&#8243;][et_pb_text _builder_version=&#8220;4.4.7&#8243; header_text_color=&#8220;#005795&#8243; header_3_text_color=&#8220;#005795&#8243; hover_enabled=&#8220;0&#8243;]<\/p>\n<h3>Elastische EPP-Bindeb\u00e4nder<\/h3>\n<p>[\/et_pb_text][et_pb_text _builder_version=&#8220;4.4.7&#8243; hover_enabled=&#8220;0&#8243;]<\/p>\n<p><strong>Gepr\u00e4gte PP-B\u00e4nder<\/strong><span>\u00a0mit hoher R\u00fcckdehnf\u00e4higkeit.<\/span><br \/><span>Sie werden f\u00fcr den Transport von Material, das seinen Umfang und sein Volumen beim Transport durch R\u00fctteln verkleinert, verwendet.<\/span><\/p>\n<p>[\/et_pb_text][\/et_pb_column][\/et_pb_row][et_pb_row column_structure=&#8220;1_2,1_2&#8243; _builder_version=&#8220;4.4.7&#8243; custom_padding=&#8220;64px|||||&#8220;][et_pb_column type=&#8220;1_2&#8243; _builder_version=&#8220;4.4.7&#8243;][et_pb_text _builder_version=&#8220;4.4.7&#8243; header_text_color=&#8220;#005795&#8243; header_3_text_color=&#8220;#005795&#8243; hover_enabled=&#8220;0&#8243;]<\/p>\n<h3>Bindeb\u00e4nder aus Polyester-PET<\/h3>\n<p>[\/et_pb_text][et_pb_text _builder_version=&#8220;4.4.7&#8243; hover_enabled=&#8220;0&#8243;]<\/p>\n<p><span>Zur Fixierung und Umreifung von schweren und hochinstabilen Produkten. Gr\u00fcn als Standardfarbe.<\/span><\/p>\n<p>[\/et_pb_text][\/et_pb_column][et_pb_column type=&#8220;1_2&#8243; _builder_version=&#8220;4.4.7&#8243;][et_pb_image src=&#8220;https:\/\/www.europlast.cz\/wp-content\/uploads\/2020\/08\/Vazaci_paska_PET_zelena_d400.png&#8220; title_text=&#8220;Vazaci_paska_PET_zelena_d400&#8243; _builder_version=&#8220;4.4.7&#8243; custom_margin=&#8220;-7px|||||&#8220; custom_padding=&#8220;2px||||false|false&#8220;][\/et_pb_image][\/et_pb_column][\/et_pb_row][et_pb_row column_structure=&#8220;1_2,1_2&#8243; _builder_version=&#8220;4.4.7&#8243; custom_padding=&#8220;64px|||||&#8220;][et_pb_column type=&#8220;1_2&#8243; _builder_version=&#8220;4.4.7&#8243;][et_pb_image src=&#8220;https:\/\/www.europlast.cz\/wp-content\/uploads\/2020\/08\/Ocelove_vazaci_pasky.jpg&#8220; title_text=&#8220;-Ocelove_vazaci_pasky&#8220; _builder_version=&#8220;4.4.7&#8243; custom_margin=&#8220;-7px|||||&#8220; custom_padding=&#8220;8px||||false|false&#8220;][\/et_pb_image][\/et_pb_column][et_pb_column type=&#8220;1_2&#8243; _builder_version=&#8220;4.4.7&#8243;][et_pb_text _builder_version=&#8220;4.4.7&#8243; header_text_color=&#8220;#005795&#8243; header_3_text_color=&#8220;#005795&#8243; hover_enabled=&#8220;0&#8243;]<\/p>\n<h3>Stahlbindeb\u00e4nder<\/h3>\n<p>[\/et_pb_text][et_pb_text _builder_version=&#8220;4.4.7&#8243; hover_enabled=&#8220;0&#8243;]<\/p>\n<p><span>F\u00fcr kompromisslose Qualit\u00e4t und Effektivit\u00e4t der Verpackung.<\/span><br \/> <strong>Stahlband<\/strong><span>\u00a0besitzt dauerhaft optimale physikalische und geometrische Eigenschaften.<\/span><br \/> <span>F\u00fcr problemlose Umreifung und maximale Sicherheit.<\/span><\/p>\n<p><span><\/span><\/p>\n<h4>Stahlband-Verpackung<\/h4>\n<p><span>Hochfeste Umreifung. Kaltgewalztes Stahlband mit mittlerem Kohlenstoffgehalt.<\/span><\/p>\n<p><strong>Gebl\u00e4utes und lackiertes Band<\/strong><span>\u00a0&#8211; Anstrich und Lackierung des Bandes garantiert Best\u00e4ndigkeit gegen Korrosion.<\/span><br \/> <strong><br \/> Verzinktes und lackiertes Band<\/strong><span>\u00a0&#8211; ist lackiert und hat einen durch Zink angereicherten \u00dcberzug, der ausgezeichnete Best\u00e4ndigkeit gegen Korrosion garantiert.<\/span><\/p>\n<p>[\/et_pb_text][\/et_pb_column][\/et_pb_row][\/et_pb_section]<\/p>\n","protected":false},"excerpt":{"rendered":"<p>[et_pb_section fb_built=&#8220;1&#8243; _builder_version=&#8220;4.4.7&#8243;][et_pb_row _builder_version=&#8220;4.4.7&#8243;][et_pb_column type=&#8220;4_4&#8243; _builder_version=&#8220;4.4.7&#8243;][et_pb_text _builder_version=&#8220;4.4.7&#8243; _dynamic_attributes=&#8220;content&#8220;]@ET-DC@eyJkeW5hbWljIjp0cnVlLCJjb250ZW50IjoicG9zdF90aXRsZSIsInNldHRpbmdzIjp7ImJlZm9yZSI6IjxoMj4iLCJhZnRlciI6IjwvaDI+In19@[\/et_pb_text][\/et_pb_column][\/et_pb_row][et_pb_row column_structure=&#8220;3_5,2_5&#8243; _builder_version=&#8220;4.4.7&#8243;][et_pb_column type=&#8220;3_5&#8243; _builder_version=&#8220;4.4.7&#8243;][et_pb_text _builder_version=&#8220;4.4.7&#8243; hover_enabled=&#8220;0&#8243;] Bindeb\u00e4nder aus Polypropylen und Polyester\u00a0sind voll recyclingf\u00e4hig und erf\u00fcllen die internationalen Umweltanforderungen an die Sammlung und Lagerung von Kunststoffverpackungen (Gesetz GBl. Nr. 477\/2001- Verpackungsgesetz). [\/et_pb_text][\/et_pb_column][et_pb_column type=&#8220;2_5&#8243; _builder_version=&#8220;4.4.7&#8243;][\/et_pb_column][\/et_pb_row][et_pb_row column_structure=&#8220;1_2,1_2&#8243; _builder_version=&#8220;4.4.7&#8243; custom_padding=&#8220;63px|||||&#8220;][et_pb_column type=&#8220;1_2&#8243; _builder_version=&#8220;4.4.7&#8243;][et_pb_text _builder_version=&#8220;4.4.7&#8243; header_text_color=&#8220;#005795&#8243; header_3_text_color=&#8220;#005795&#8243; hover_enabled=&#8220;0&#8243;] Polypropylen-PP-B\u00e4nder [\/et_pb_text][et_pb_text _builder_version=&#8220;4.4.7&#8243; hover_enabled=&#8220;0&#8243;] Hochqualitative\u00a0Kunststoffb\u00e4nder [&hellip;]<\/p>\n","protected":false},"author":1,"featured_media":0,"parent":798,"menu_order":0,"comment_status":"closed","ping_status":"closed","template":"","meta":{"_acf_changed":false,"_et_pb_use_builder":"on","_et_pb_old_content":"<!-- wp:divi\/placeholder \/-->","_et_gb_content_width":"","footnotes":""},"class_list":["post-1929","page","type-page","status-publish","hentry"],"acf":[],"yoast_head":"<!-- This site is optimized with the Yoast SEO plugin v23.7 - https:\/\/yoast.com\/wordpress\/plugins\/seo\/ -->\n<title>Umreifungsb\u00e4nde | Europlast<\/title>\n<meta name=\"robots\" content=\"index, follow, max-snippet:-1, max-image-preview:large, max-video-preview:-1\" \/>\n<link rel=\"canonical\" href=\"https:\/\/www.europlast.cz\/de\/sortiment\/umreifungsbande\/\" \/>\n<meta property=\"og:locale\" content=\"de_DE\" \/>\n<meta property=\"og:type\" content=\"article\" \/>\n<meta property=\"og:title\" content=\"Umreifungsb\u00e4nde | Europlast\" \/>\n<meta property=\"og:description\" content=\"[et_pb_section fb_built=&#8220;1&#8243; _builder_version=&#8220;4.4.7&#8243;][et_pb_row _builder_version=&#8220;4.4.7&#8243;][et_pb_column type=&#8220;4_4&#8243; _builder_version=&#8220;4.4.7&#8243;][et_pb_text _builder_version=&#8220;4.4.7&#8243; _dynamic_attributes=&#8220;content&#8220;]@ET-DC@eyJkeW5hbWljIjp0cnVlLCJjb250ZW50IjoicG9zdF90aXRsZSIsInNldHRpbmdzIjp7ImJlZm9yZSI6IjxoMj4iLCJhZnRlciI6IjwvaDI+In19@[\/et_pb_text][\/et_pb_column][\/et_pb_row][et_pb_row column_structure=&#8220;3_5,2_5&#8243; _builder_version=&#8220;4.4.7&#8243;][et_pb_column type=&#8220;3_5&#8243; _builder_version=&#8220;4.4.7&#8243;][et_pb_text _builder_version=&#8220;4.4.7&#8243; hover_enabled=&#8220;0&#8243;] Bindeb\u00e4nder aus Polypropylen und Polyester\u00a0sind voll recyclingf\u00e4hig und erf\u00fcllen die internationalen Umweltanforderungen an die Sammlung und Lagerung von Kunststoffverpackungen (Gesetz GBl. Nr. 477\/2001- Verpackungsgesetz). [\/et_pb_text][\/et_pb_column][et_pb_column type=&#8220;2_5&#8243; _builder_version=&#8220;4.4.7&#8243;][\/et_pb_column][\/et_pb_row][et_pb_row column_structure=&#8220;1_2,1_2&#8243; _builder_version=&#8220;4.4.7&#8243; custom_padding=&#8220;63px|||||&#8220;][et_pb_column type=&#8220;1_2&#8243; _builder_version=&#8220;4.4.7&#8243;][et_pb_text _builder_version=&#8220;4.4.7&#8243; header_text_color=&#8220;#005795&#8243; header_3_text_color=&#8220;#005795&#8243; hover_enabled=&#8220;0&#8243;] Polypropylen-PP-B\u00e4nder [\/et_pb_text][et_pb_text _builder_version=&#8220;4.4.7&#8243; hover_enabled=&#8220;0&#8243;] Hochqualitative\u00a0Kunststoffb\u00e4nder [&hellip;]\" \/>\n<meta property=\"og:url\" content=\"https:\/\/www.europlast.cz\/de\/sortiment\/umreifungsbande\/\" \/>\n<meta property=\"og:site_name\" content=\"Europlast\" \/>\n<meta property=\"article:modified_time\" content=\"2020-08-14T07:14:34+00:00\" \/>\n<meta property=\"og:image\" content=\"https:\/\/www.europlast.cz\/wp-content\/uploads\/2020\/06\/ep_Logo.png\" \/>\n\t<meta property=\"og:image:width\" content=\"381\" \/>\n\t<meta property=\"og:image:height\" content=\"144\" \/>\n\t<meta property=\"og:image:type\" content=\"image\/png\" \/>\n<meta name=\"twitter:card\" content=\"summary_large_image\" \/>\n<meta name=\"twitter:label1\" content=\"Gesch\u00e4tzte Lesezeit\" \/>\n\t<meta name=\"twitter:data1\" content=\"4\u00a0Minuten\" \/>\n<script type=\"application\/ld+json\" class=\"yoast-schema-graph\">{\"@context\":\"https:\/\/schema.org\",\"@graph\":[{\"@type\":\"WebPage\",\"@id\":\"https:\/\/www.europlast.cz\/de\/sortiment\/umreifungsbande\/\",\"url\":\"https:\/\/www.europlast.cz\/de\/sortiment\/umreifungsbande\/\",\"name\":\"Umreifungsb\u00e4nde | Europlast\",\"isPartOf\":{\"@id\":\"https:\/\/www.europlast.cz\/#website\"},\"datePublished\":\"2020-05-27T10:50:53+00:00\",\"dateModified\":\"2020-08-14T07:14:34+00:00\",\"breadcrumb\":{\"@id\":\"https:\/\/www.europlast.cz\/de\/sortiment\/umreifungsbande\/#breadcrumb\"},\"inLanguage\":\"de\",\"potentialAction\":[{\"@type\":\"ReadAction\",\"target\":[\"https:\/\/www.europlast.cz\/de\/sortiment\/umreifungsbande\/\"]}]},{\"@type\":\"BreadcrumbList\",\"@id\":\"https:\/\/www.europlast.cz\/de\/sortiment\/umreifungsbande\/#breadcrumb\",\"itemListElement\":[{\"@type\":\"ListItem\",\"position\":1,\"name\":\"Zuhause\",\"item\":\"https:\/\/www.europlast.cz\/de\/domov\/\"},{\"@type\":\"ListItem\",\"position\":2,\"name\":\"Sortiment\",\"item\":\"https:\/\/www.europlast.cz\/de\/sortiment\/\"},{\"@type\":\"ListItem\",\"position\":3,\"name\":\"Umreifungsb\u00e4nde\"}]},{\"@type\":\"WebSite\",\"@id\":\"https:\/\/www.europlast.cz\/#website\",\"url\":\"https:\/\/www.europlast.cz\/\",\"name\":\"Europlast\",\"description\":\"Obalov\u00e9 materi\u00e1ly a PE f\u00f3lie v prvot\u0159\u00eddn\u00ed kvalit\u011b\",\"potentialAction\":[{\"@type\":\"SearchAction\",\"target\":{\"@type\":\"EntryPoint\",\"urlTemplate\":\"https:\/\/www.europlast.cz\/?s={search_term_string}\"},\"query-input\":{\"@type\":\"PropertyValueSpecification\",\"valueRequired\":true,\"valueName\":\"search_term_string\"}}],\"inLanguage\":\"de\"}]}<\/script>\n<!-- \/ Yoast SEO plugin. -->","yoast_head_json":{"title":"Umreifungsb\u00e4nde | Europlast","robots":{"index":"index","follow":"follow","max-snippet":"max-snippet:-1","max-image-preview":"max-image-preview:large","max-video-preview":"max-video-preview:-1"},"canonical":"https:\/\/www.europlast.cz\/de\/sortiment\/umreifungsbande\/","og_locale":"de_DE","og_type":"article","og_title":"Umreifungsb\u00e4nde | Europlast","og_description":"[et_pb_section fb_built=&#8220;1&#8243; _builder_version=&#8220;4.4.7&#8243;][et_pb_row _builder_version=&#8220;4.4.7&#8243;][et_pb_column type=&#8220;4_4&#8243; _builder_version=&#8220;4.4.7&#8243;][et_pb_text _builder_version=&#8220;4.4.7&#8243; _dynamic_attributes=&#8220;content&#8220;]@ET-DC@eyJkeW5hbWljIjp0cnVlLCJjb250ZW50IjoicG9zdF90aXRsZSIsInNldHRpbmdzIjp7ImJlZm9yZSI6IjxoMj4iLCJhZnRlciI6IjwvaDI+In19@[\/et_pb_text][\/et_pb_column][\/et_pb_row][et_pb_row column_structure=&#8220;3_5,2_5&#8243; _builder_version=&#8220;4.4.7&#8243;][et_pb_column type=&#8220;3_5&#8243; _builder_version=&#8220;4.4.7&#8243;][et_pb_text _builder_version=&#8220;4.4.7&#8243; hover_enabled=&#8220;0&#8243;] Bindeb\u00e4nder aus Polypropylen und Polyester\u00a0sind voll recyclingf\u00e4hig und erf\u00fcllen die internationalen Umweltanforderungen an die Sammlung und Lagerung von Kunststoffverpackungen (Gesetz GBl. Nr. 477\/2001- Verpackungsgesetz). [\/et_pb_text][\/et_pb_column][et_pb_column type=&#8220;2_5&#8243; _builder_version=&#8220;4.4.7&#8243;][\/et_pb_column][\/et_pb_row][et_pb_row column_structure=&#8220;1_2,1_2&#8243; _builder_version=&#8220;4.4.7&#8243; custom_padding=&#8220;63px|||||&#8220;][et_pb_column type=&#8220;1_2&#8243; _builder_version=&#8220;4.4.7&#8243;][et_pb_text _builder_version=&#8220;4.4.7&#8243; header_text_color=&#8220;#005795&#8243; header_3_text_color=&#8220;#005795&#8243; hover_enabled=&#8220;0&#8243;] Polypropylen-PP-B\u00e4nder [\/et_pb_text][et_pb_text _builder_version=&#8220;4.4.7&#8243; hover_enabled=&#8220;0&#8243;] Hochqualitative\u00a0Kunststoffb\u00e4nder [&hellip;]","og_url":"https:\/\/www.europlast.cz\/de\/sortiment\/umreifungsbande\/","og_site_name":"Europlast","article_modified_time":"2020-08-14T07:14:34+00:00","og_image":[{"width":381,"height":144,"url":"https:\/\/www.europlast.cz\/wp-content\/uploads\/2020\/06\/ep_Logo.png","type":"image\/png"}],"twitter_card":"summary_large_image","twitter_misc":{"Gesch\u00e4tzte Lesezeit":"4\u00a0Minuten"},"schema":{"@context":"https:\/\/schema.org","@graph":[{"@type":"WebPage","@id":"https:\/\/www.europlast.cz\/de\/sortiment\/umreifungsbande\/","url":"https:\/\/www.europlast.cz\/de\/sortiment\/umreifungsbande\/","name":"Umreifungsb\u00e4nde | Europlast","isPartOf":{"@id":"https:\/\/www.europlast.cz\/#website"},"datePublished":"2020-05-27T10:50:53+00:00","dateModified":"2020-08-14T07:14:34+00:00","breadcrumb":{"@id":"https:\/\/www.europlast.cz\/de\/sortiment\/umreifungsbande\/#breadcrumb"},"inLanguage":"de","potentialAction":[{"@type":"ReadAction","target":["https:\/\/www.europlast.cz\/de\/sortiment\/umreifungsbande\/"]}]},{"@type":"BreadcrumbList","@id":"https:\/\/www.europlast.cz\/de\/sortiment\/umreifungsbande\/#breadcrumb","itemListElement":[{"@type":"ListItem","position":1,"name":"Zuhause","item":"https:\/\/www.europlast.cz\/de\/domov\/"},{"@type":"ListItem","position":2,"name":"Sortiment","item":"https:\/\/www.europlast.cz\/de\/sortiment\/"},{"@type":"ListItem","position":3,"name":"Umreifungsb\u00e4nde"}]},{"@type":"WebSite","@id":"https:\/\/www.europlast.cz\/#website","url":"https:\/\/www.europlast.cz\/","name":"Europlast","description":"Obalov\u00e9 materi\u00e1ly a PE f\u00f3lie v prvot\u0159\u00eddn\u00ed kvalit\u011b","potentialAction":[{"@type":"SearchAction","target":{"@type":"EntryPoint","urlTemplate":"https:\/\/www.europlast.cz\/?s={search_term_string}"},"query-input":{"@type":"PropertyValueSpecification","valueRequired":true,"valueName":"search_term_string"}}],"inLanguage":"de"}]}},"_links":{"self":[{"href":"https:\/\/www.europlast.cz\/de\/wp-json\/wp\/v2\/pages\/1929"}],"collection":[{"href":"https:\/\/www.europlast.cz\/de\/wp-json\/wp\/v2\/pages"}],"about":[{"href":"https:\/\/www.europlast.cz\/de\/wp-json\/wp\/v2\/types\/page"}],"author":[{"embeddable":true,"href":"https:\/\/www.europlast.cz\/de\/wp-json\/wp\/v2\/users\/1"}],"replies":[{"embeddable":true,"href":"https:\/\/www.europlast.cz\/de\/wp-json\/wp\/v2\/comments?post=1929"}],"version-history":[{"count":5,"href":"https:\/\/www.europlast.cz\/de\/wp-json\/wp\/v2\/pages\/1929\/revisions"}],"predecessor-version":[{"id":2152,"href":"https:\/\/www.europlast.cz\/de\/wp-json\/wp\/v2\/pages\/1929\/revisions\/2152"}],"up":[{"embeddable":true,"href":"https:\/\/www.europlast.cz\/de\/wp-json\/wp\/v2\/pages\/798"}],"wp:attachment":[{"href":"https:\/\/www.europlast.cz\/de\/wp-json\/wp\/v2\/media?parent=1929"}],"curies":[{"name":"wp","href":"https:\/\/api.w.org\/{rel}","templated":true}]}}