{"id":1905,"date":"2020-05-27T12:46:55","date_gmt":"2020-05-27T10:46:55","guid":{"rendered":"https:\/\/www.europlast.cz\/sortiment\/odpady\/"},"modified":"2020-08-14T10:09:14","modified_gmt":"2020-08-14T08:09:14","slug":"abfalle","status":"publish","type":"page","link":"https:\/\/www.europlast.cz\/de\/sortiment\/abfalle\/","title":{"rendered":"Abf\u00e4lle"},"content":{"rendered":"<p>[et_pb_section fb_built=&#8220;1&#8243; _builder_version=&#8220;4.4.7&#8243;][et_pb_row _builder_version=&#8220;4.4.7&#8243;][et_pb_column type=&#8220;4_4&#8243; _builder_version=&#8220;4.4.7&#8243;][et_pb_text _builder_version=&#8220;4.4.7&#8243; hover_enabled=&#8220;0&#8243; _dynamic_attributes=&#8220;content&#8220;]@ET-DC@eyJkeW5hbWljIjp0cnVlLCJjb250ZW50IjoicG9zdF90aXRsZSIsInNldHRpbmdzIjp7ImJlZm9yZSI6IjxoMj4iLCJhZnRlciI6IjwvaDI+In19@[\/et_pb_text][\/et_pb_column][\/et_pb_row][et_pb_row _builder_version=&#8220;4.4.7&#8243;][et_pb_column type=&#8220;4_4&#8243; _builder_version=&#8220;4.4.7&#8243;][et_pb_text _builder_version=&#8220;4.4.7&#8243; text_text_color=&#8220;#005795&#8243; header_3_text_color=&#8220;#005795&#8243; hover_enabled=&#8220;0&#8243;]<\/p>\n<h3>Wir kaufen das folgende Sortiment von Abf\u00e4llen an:<\/h3>\n<p>[\/et_pb_text][et_pb_text _builder_version=&#8220;4.4.7&#8243; hover_enabled=&#8220;0&#8243;]<\/p>\n<ul>\n<li>farblose LDPE-Folie, ganz sauber<\/li>\n<li>farblose LDPE-Folie + Stretch-Folie<\/li>\n<li>LDPE-Farbfolie, Granulats\u00e4cke<\/li>\n<li>LDPE-Farbfolie oder Folie mit Aufdruck &#8211; Baufolie<\/li>\n<li>Polyolefin farblos<\/li>\n<li>Polypropylen farblos<\/li>\n<li>Polypropylen mit Farbe oder Aufdruck<\/li>\n<li>H\u00fclsen mit gro\u00dfem Durchmesser<\/li>\n<li>H\u00fclsen von Handstretchfolien<\/li>\n<li>Papierkanten<\/li>\n<li>Kartonpapier<\/li>\n<li>Wei\u00dfes holzfreies Papier<\/li>\n<li>Zeitungen und Zeitschriften<\/li>\n<li>EPS-Polystyren &#8211; in Transportboxen lassen<\/li>\n<li>Hartkunststoffe &#8211; ABS, PVC, PE, POM, PS, PET<\/li>\n<li>Paletten und Holz<\/li>\n<li>PP-Umreifungsb\u00e4nder<\/li>\n<li>Gr\u00fcne PET-B\u00e4nder (ohne Farbunterscheidung zu Paketen pressen)<\/li>\n<li>PE-Schaum (Mirelon) \u2013 nach wei\u00df und bunt sortieren und in Big-bags verpacken.<\/li>\n<\/ul>\n<p>[\/et_pb_text][et_pb_text _builder_version=&#8220;4.4.7&#8243; hover_enabled=&#8220;0&#8243;]<\/p>\n<p><span>Bei anderen Anforderungen kontaktieren Sie bitte unsere Gesch\u00e4ftsabteilung unter Tel.: 322 310 317.<\/span><\/p>\n<p>[\/et_pb_text][et_pb_image src=&#8220;https:\/\/www.europlast.cz\/wp-content\/uploads\/2020\/08\/velka-odpady.jpg&#8220; title_text=&#8220;velka-odpady&#8220; force_fullwidth=&#8220;on&#8220; _builder_version=&#8220;4.4.7&#8243; module_alignment=&#8220;center&#8220;][\/et_pb_image][\/et_pb_column][\/et_pb_row][\/et_pb_section]<\/p>\n","protected":false},"excerpt":{"rendered":"<p>[et_pb_section fb_built=&#8220;1&#8243; _builder_version=&#8220;4.4.7&#8243;][et_pb_row _builder_version=&#8220;4.4.7&#8243;][et_pb_column type=&#8220;4_4&#8243; _builder_version=&#8220;4.4.7&#8243;][et_pb_text _builder_version=&#8220;4.4.7&#8243; hover_enabled=&#8220;0&#8243; _dynamic_attributes=&#8220;content&#8220;]@ET-DC@eyJkeW5hbWljIjp0cnVlLCJjb250ZW50IjoicG9zdF90aXRsZSIsInNldHRpbmdzIjp7ImJlZm9yZSI6IjxoMj4iLCJhZnRlciI6IjwvaDI+In19@[\/et_pb_text][\/et_pb_column][\/et_pb_row][et_pb_row _builder_version=&#8220;4.4.7&#8243;][et_pb_column type=&#8220;4_4&#8243; _builder_version=&#8220;4.4.7&#8243;][et_pb_text _builder_version=&#8220;4.4.7&#8243; text_text_color=&#8220;#005795&#8243; header_3_text_color=&#8220;#005795&#8243; hover_enabled=&#8220;0&#8243;] Wir kaufen das folgende Sortiment von Abf\u00e4llen an: [\/et_pb_text][et_pb_text _builder_version=&#8220;4.4.7&#8243; hover_enabled=&#8220;0&#8243;] farblose LDPE-Folie, ganz sauber farblose LDPE-Folie + Stretch-Folie LDPE-Farbfolie, Granulats\u00e4cke LDPE-Farbfolie oder Folie mit Aufdruck &#8211; Baufolie Polyolefin farblos Polypropylen farblos Polypropylen mit Farbe oder Aufdruck H\u00fclsen mit [&hellip;]<\/p>\n","protected":false},"author":1,"featured_media":0,"parent":798,"menu_order":0,"comment_status":"closed","ping_status":"closed","template":"","meta":{"_acf_changed":false,"_et_pb_use_builder":"on","_et_pb_old_content":"<!-- wp:divi\/placeholder \/-->","_et_gb_content_width":"","footnotes":""},"class_list":["post-1905","page","type-page","status-publish","hentry"],"acf":[],"yoast_head":"<!-- This site is optimized with the Yoast SEO plugin v23.7 - https:\/\/yoast.com\/wordpress\/plugins\/seo\/ -->\n<title>Abf\u00e4lle | Europlast<\/title>\n<meta name=\"robots\" content=\"index, follow, max-snippet:-1, max-image-preview:large, max-video-preview:-1\" \/>\n<link rel=\"canonical\" href=\"https:\/\/www.europlast.cz\/de\/sortiment\/abfalle\/\" \/>\n<meta property=\"og:locale\" content=\"de_DE\" \/>\n<meta property=\"og:type\" content=\"article\" \/>\n<meta property=\"og:title\" content=\"Abf\u00e4lle | Europlast\" \/>\n<meta property=\"og:description\" content=\"[et_pb_section fb_built=&#8220;1&#8243; _builder_version=&#8220;4.4.7&#8243;][et_pb_row _builder_version=&#8220;4.4.7&#8243;][et_pb_column type=&#8220;4_4&#8243; _builder_version=&#8220;4.4.7&#8243;][et_pb_text _builder_version=&#8220;4.4.7&#8243; hover_enabled=&#8220;0&#8243; _dynamic_attributes=&#8220;content&#8220;]@ET-DC@eyJkeW5hbWljIjp0cnVlLCJjb250ZW50IjoicG9zdF90aXRsZSIsInNldHRpbmdzIjp7ImJlZm9yZSI6IjxoMj4iLCJhZnRlciI6IjwvaDI+In19@[\/et_pb_text][\/et_pb_column][\/et_pb_row][et_pb_row _builder_version=&#8220;4.4.7&#8243;][et_pb_column type=&#8220;4_4&#8243; _builder_version=&#8220;4.4.7&#8243;][et_pb_text _builder_version=&#8220;4.4.7&#8243; text_text_color=&#8220;#005795&#8243; header_3_text_color=&#8220;#005795&#8243; hover_enabled=&#8220;0&#8243;] Wir kaufen das folgende Sortiment von Abf\u00e4llen an: [\/et_pb_text][et_pb_text _builder_version=&#8220;4.4.7&#8243; hover_enabled=&#8220;0&#8243;] farblose LDPE-Folie, ganz sauber farblose LDPE-Folie + Stretch-Folie LDPE-Farbfolie, Granulats\u00e4cke LDPE-Farbfolie oder Folie mit Aufdruck &#8211; Baufolie Polyolefin farblos Polypropylen farblos Polypropylen mit Farbe oder Aufdruck H\u00fclsen mit [&hellip;]\" \/>\n<meta property=\"og:url\" content=\"https:\/\/www.europlast.cz\/de\/sortiment\/abfalle\/\" \/>\n<meta property=\"og:site_name\" content=\"Europlast\" \/>\n<meta property=\"article:modified_time\" content=\"2020-08-14T08:09:14+00:00\" \/>\n<meta property=\"og:image\" content=\"https:\/\/www.europlast.cz\/wp-content\/uploads\/2020\/06\/ep_Logo.png\" \/>\n\t<meta property=\"og:image:width\" content=\"381\" \/>\n\t<meta property=\"og:image:height\" content=\"144\" \/>\n\t<meta property=\"og:image:type\" content=\"image\/png\" \/>\n<meta name=\"twitter:card\" content=\"summary_large_image\" \/>\n<meta name=\"twitter:label1\" content=\"Gesch\u00e4tzte Lesezeit\" \/>\n\t<meta name=\"twitter:data1\" content=\"1\u00a0Minute\" \/>\n<script type=\"application\/ld+json\" class=\"yoast-schema-graph\">{\"@context\":\"https:\/\/schema.org\",\"@graph\":[{\"@type\":\"WebPage\",\"@id\":\"https:\/\/www.europlast.cz\/de\/sortiment\/abfalle\/\",\"url\":\"https:\/\/www.europlast.cz\/de\/sortiment\/abfalle\/\",\"name\":\"Abf\u00e4lle | Europlast\",\"isPartOf\":{\"@id\":\"https:\/\/www.europlast.cz\/#website\"},\"datePublished\":\"2020-05-27T10:46:55+00:00\",\"dateModified\":\"2020-08-14T08:09:14+00:00\",\"breadcrumb\":{\"@id\":\"https:\/\/www.europlast.cz\/de\/sortiment\/abfalle\/#breadcrumb\"},\"inLanguage\":\"de\",\"potentialAction\":[{\"@type\":\"ReadAction\",\"target\":[\"https:\/\/www.europlast.cz\/de\/sortiment\/abfalle\/\"]}]},{\"@type\":\"BreadcrumbList\",\"@id\":\"https:\/\/www.europlast.cz\/de\/sortiment\/abfalle\/#breadcrumb\",\"itemListElement\":[{\"@type\":\"ListItem\",\"position\":1,\"name\":\"Zuhause\",\"item\":\"https:\/\/www.europlast.cz\/de\/domov\/\"},{\"@type\":\"ListItem\",\"position\":2,\"name\":\"Sortiment\",\"item\":\"https:\/\/www.europlast.cz\/de\/sortiment\/\"},{\"@type\":\"ListItem\",\"position\":3,\"name\":\"Abf\u00e4lle\"}]},{\"@type\":\"WebSite\",\"@id\":\"https:\/\/www.europlast.cz\/#website\",\"url\":\"https:\/\/www.europlast.cz\/\",\"name\":\"Europlast\",\"description\":\"Obalov\u00e9 materi\u00e1ly a PE f\u00f3lie v prvot\u0159\u00eddn\u00ed kvalit\u011b\",\"potentialAction\":[{\"@type\":\"SearchAction\",\"target\":{\"@type\":\"EntryPoint\",\"urlTemplate\":\"https:\/\/www.europlast.cz\/?s={search_term_string}\"},\"query-input\":{\"@type\":\"PropertyValueSpecification\",\"valueRequired\":true,\"valueName\":\"search_term_string\"}}],\"inLanguage\":\"de\"}]}<\/script>\n<!-- \/ Yoast SEO plugin. -->","yoast_head_json":{"title":"Abf\u00e4lle | Europlast","robots":{"index":"index","follow":"follow","max-snippet":"max-snippet:-1","max-image-preview":"max-image-preview:large","max-video-preview":"max-video-preview:-1"},"canonical":"https:\/\/www.europlast.cz\/de\/sortiment\/abfalle\/","og_locale":"de_DE","og_type":"article","og_title":"Abf\u00e4lle | Europlast","og_description":"[et_pb_section fb_built=&#8220;1&#8243; _builder_version=&#8220;4.4.7&#8243;][et_pb_row _builder_version=&#8220;4.4.7&#8243;][et_pb_column type=&#8220;4_4&#8243; _builder_version=&#8220;4.4.7&#8243;][et_pb_text _builder_version=&#8220;4.4.7&#8243; hover_enabled=&#8220;0&#8243; _dynamic_attributes=&#8220;content&#8220;]@ET-DC@eyJkeW5hbWljIjp0cnVlLCJjb250ZW50IjoicG9zdF90aXRsZSIsInNldHRpbmdzIjp7ImJlZm9yZSI6IjxoMj4iLCJhZnRlciI6IjwvaDI+In19@[\/et_pb_text][\/et_pb_column][\/et_pb_row][et_pb_row _builder_version=&#8220;4.4.7&#8243;][et_pb_column type=&#8220;4_4&#8243; _builder_version=&#8220;4.4.7&#8243;][et_pb_text _builder_version=&#8220;4.4.7&#8243; text_text_color=&#8220;#005795&#8243; header_3_text_color=&#8220;#005795&#8243; hover_enabled=&#8220;0&#8243;] Wir kaufen das folgende Sortiment von Abf\u00e4llen an: [\/et_pb_text][et_pb_text _builder_version=&#8220;4.4.7&#8243; hover_enabled=&#8220;0&#8243;] farblose LDPE-Folie, ganz sauber farblose LDPE-Folie + Stretch-Folie LDPE-Farbfolie, Granulats\u00e4cke LDPE-Farbfolie oder Folie mit Aufdruck &#8211; Baufolie Polyolefin farblos Polypropylen farblos Polypropylen mit Farbe oder Aufdruck H\u00fclsen mit [&hellip;]","og_url":"https:\/\/www.europlast.cz\/de\/sortiment\/abfalle\/","og_site_name":"Europlast","article_modified_time":"2020-08-14T08:09:14+00:00","og_image":[{"width":381,"height":144,"url":"https:\/\/www.europlast.cz\/wp-content\/uploads\/2020\/06\/ep_Logo.png","type":"image\/png"}],"twitter_card":"summary_large_image","twitter_misc":{"Gesch\u00e4tzte Lesezeit":"1\u00a0Minute"},"schema":{"@context":"https:\/\/schema.org","@graph":[{"@type":"WebPage","@id":"https:\/\/www.europlast.cz\/de\/sortiment\/abfalle\/","url":"https:\/\/www.europlast.cz\/de\/sortiment\/abfalle\/","name":"Abf\u00e4lle | Europlast","isPartOf":{"@id":"https:\/\/www.europlast.cz\/#website"},"datePublished":"2020-05-27T10:46:55+00:00","dateModified":"2020-08-14T08:09:14+00:00","breadcrumb":{"@id":"https:\/\/www.europlast.cz\/de\/sortiment\/abfalle\/#breadcrumb"},"inLanguage":"de","potentialAction":[{"@type":"ReadAction","target":["https:\/\/www.europlast.cz\/de\/sortiment\/abfalle\/"]}]},{"@type":"BreadcrumbList","@id":"https:\/\/www.europlast.cz\/de\/sortiment\/abfalle\/#breadcrumb","itemListElement":[{"@type":"ListItem","position":1,"name":"Zuhause","item":"https:\/\/www.europlast.cz\/de\/domov\/"},{"@type":"ListItem","position":2,"name":"Sortiment","item":"https:\/\/www.europlast.cz\/de\/sortiment\/"},{"@type":"ListItem","position":3,"name":"Abf\u00e4lle"}]},{"@type":"WebSite","@id":"https:\/\/www.europlast.cz\/#website","url":"https:\/\/www.europlast.cz\/","name":"Europlast","description":"Obalov\u00e9 materi\u00e1ly a PE f\u00f3lie v prvot\u0159\u00eddn\u00ed kvalit\u011b","potentialAction":[{"@type":"SearchAction","target":{"@type":"EntryPoint","urlTemplate":"https:\/\/www.europlast.cz\/?s={search_term_string}"},"query-input":{"@type":"PropertyValueSpecification","valueRequired":true,"valueName":"search_term_string"}}],"inLanguage":"de"}]}},"_links":{"self":[{"href":"https:\/\/www.europlast.cz\/de\/wp-json\/wp\/v2\/pages\/1905"}],"collection":[{"href":"https:\/\/www.europlast.cz\/de\/wp-json\/wp\/v2\/pages"}],"about":[{"href":"https:\/\/www.europlast.cz\/de\/wp-json\/wp\/v2\/types\/page"}],"author":[{"embeddable":true,"href":"https:\/\/www.europlast.cz\/de\/wp-json\/wp\/v2\/users\/1"}],"replies":[{"embeddable":true,"href":"https:\/\/www.europlast.cz\/de\/wp-json\/wp\/v2\/comments?post=1905"}],"version-history":[{"count":3,"href":"https:\/\/www.europlast.cz\/de\/wp-json\/wp\/v2\/pages\/1905\/revisions"}],"predecessor-version":[{"id":2182,"href":"https:\/\/www.europlast.cz\/de\/wp-json\/wp\/v2\/pages\/1905\/revisions\/2182"}],"up":[{"embeddable":true,"href":"https:\/\/www.europlast.cz\/de\/wp-json\/wp\/v2\/pages\/798"}],"wp:attachment":[{"href":"https:\/\/www.europlast.cz\/de\/wp-json\/wp\/v2\/media?parent=1905"}],"curies":[{"name":"wp","href":"https:\/\/api.w.org\/{rel}","templated":true}]}}