{"id":1901,"date":"2020-05-27T12:51:38","date_gmt":"2020-05-27T10:51:38","guid":{"rendered":"https:\/\/www.europlast.cz\/sortiment\/kartonove-a-papirove-obaly\/krabice\/"},"modified":"2020-10-16T16:20:07","modified_gmt":"2020-10-16T14:20:07","slug":"kartons","status":"publish","type":"page","link":"https:\/\/www.europlast.cz\/de\/sortiment\/karton-und-papierverpackungen\/kartons\/","title":{"rendered":"Kartons"},"content":{"rendered":"<p>[et_pb_section fb_built=&#8220;1&#8243; _builder_version=&#8220;4.4.7&#8243;][et_pb_row _builder_version=&#8220;4.4.7&#8243;][et_pb_column type=&#8220;4_4&#8243; _builder_version=&#8220;4.4.7&#8243;][et_pb_text _builder_version=&#8220;4.4.7&#8243; hover_enabled=&#8220;0&#8243;]<\/p>\n<h2>Karton- und Papierverpackungen<\/h2>\n<p>[\/et_pb_text][\/et_pb_column][\/et_pb_row][et_pb_row module_class=&#8220;btn-inline&#8220; _builder_version=&#8220;4.4.7&#8243; module_alignment=&#8220;center&#8220; custom_padding=&#8220;||0px||false|false&#8220; border_width_bottom=&#8220;3px&#8220; border_color_bottom=&#8220;rgba(51,51,51,0.1)&#8220;][et_pb_column type=&#8220;4_4&#8243; _builder_version=&#8220;4.4.7&#8243;][et_pb_button button_url=&#8220;@ET-DC@eyJkeW5hbWljIjp0cnVlLCJjb250ZW50IjoicG9zdF9saW5rX3VybF9wYWdlIiwic2V0dGluZ3MiOnsicG9zdF9pZCI6Ijc3In19@&#8220; button_text=&#8220;Kartons&#8220; module_class=&#8220;btn-inline&#8220; _builder_version=&#8220;4.4.7&#8243; _dynamic_attributes=&#8220;button_url&#8220; custom_button=&#8220;on&#8220; button_text_size=&#8220;18px&#8220; button_text_color=&#8220;#000000&#8243; button_border_width=&#8220;3px&#8220; button_border_color=&#8220;#e02b20&#8243; button_border_radius=&#8220;0px&#8220; button_use_icon=&#8220;off&#8220; custom_margin=&#8220;|10px|-3px|10px|false|false&#8220; custom_padding=&#8220;|0px||0px|false|false&#8220; custom_css_main_element=&#8220;border-top: none !important;||border-left: none !important;||border-right: none !important;&#8220;][\/et_pb_button][et_pb_button button_url=&#8220;@ET-DC@eyJkeW5hbWljIjp0cnVlLCJjb250ZW50IjoicG9zdF9saW5rX3VybF9wYWdlIiwic2V0dGluZ3MiOnsicG9zdF9pZCI6Ijc5In19@&#8220; button_text=&#8220;Abstandshalter, Polsterung&#8220; module_class=&#8220;btn-inline&#8220; _builder_version=&#8220;4.4.7&#8243; _dynamic_attributes=&#8220;button_url&#8220; custom_button=&#8220;on&#8220; button_text_size=&#8220;18px&#8220; button_text_color=&#8220;rgba(12,113,195,0.39)&#8220; button_border_width=&#8220;0px&#8220; button_use_icon=&#8220;off&#8220; custom_margin=&#8220;|10px|0px|10px|false|false&#8220; custom_padding=&#8220;|0px||0px|false|false&#8220;][\/et_pb_button][et_pb_button button_url=&#8220;@ET-DC@eyJkeW5hbWljIjp0cnVlLCJjb250ZW50IjoicG9zdF9saW5rX3VybF9wYWdlIiwic2V0dGluZ3MiOnsicG9zdF9pZCI6IjgxIn19@&#8220; button_text=&#8220;Pappkanten&#8220; module_class=&#8220;btn-inline&#8220; _builder_version=&#8220;4.4.7&#8243; _dynamic_attributes=&#8220;button_url&#8220; custom_button=&#8220;on&#8220; button_text_size=&#8220;18px&#8220; button_text_color=&#8220;rgba(12,113,195,0.39)&#8220; button_border_width=&#8220;0px&#8220; button_use_icon=&#8220;off&#8220; custom_margin=&#8220;|10px|0px|10px|false|false&#8220; custom_padding=&#8220;|0px||0px|false|false&#8220;][\/et_pb_button][et_pb_button button_url=&#8220;@ET-DC@eyJkeW5hbWljIjp0cnVlLCJjb250ZW50IjoicG9zdF9saW5rX3VybF9wYWdlIiwic2V0dGluZ3MiOnsicG9zdF9pZCI6IjEzMzAifX0=@&#8220; button_text=&#8220;Wellpappe&#8220; module_class=&#8220;btn-inline&#8220; _builder_version=&#8220;4.4.7&#8243; _dynamic_attributes=&#8220;button_url&#8220; custom_button=&#8220;on&#8220; button_text_size=&#8220;18px&#8220; button_text_color=&#8220;rgba(12,113,195,0.39)&#8220; button_border_width=&#8220;0px&#8220; button_use_icon=&#8220;off&#8220; custom_margin=&#8220;|10px|0px|10px|false|false&#8220; custom_padding=&#8220;|0px||0px|false|false&#8220;][\/et_pb_button][\/et_pb_column][\/et_pb_row][et_pb_row column_structure=&#8220;1_2,1_2&#8243; _builder_version=&#8220;4.4.7&#8243; custom_padding=&#8220;56px|||||&#8220;][et_pb_column type=&#8220;1_2&#8243; _builder_version=&#8220;4.4.7&#8243;][et_pb_text _builder_version=&#8220;4.4.7&#8243; header_3_text_color=&#8220;#005795&#8243;]<\/p>\n<h3>Klappenkartons<\/h3>\n<p>[\/et_pb_text][et_pb_text _builder_version=&#8220;4.4.7&#8243;]<\/p>\n<p><strong><u>Klappenkartons <\/u><\/strong>helfen Ihnen beim Transport sowie bei der Lagerung der Produkte. Den geeigneten Typ des Klappenkartons empfehlen wir Ihnen je nach der Tragf\u00e4higkeit und dem Typ von Produkten. Wir bieten die Kartons von einigen Arten der Wellpappe an &#8211; dreischichtige Wellpappe, f\u00fcnfschichtige Wellpappe oder siebenschichtige Wellpappe. Wir richten uns nach der internationalen Norm FEFCO.<\/p>\n<p>[\/et_pb_text][et_pb_image src=&#8220;https:\/\/www.europlast.cz\/wp-content\/uploads\/2020\/08\/Klopove-krabice-1.jpg&#8220; title_text=&#8220;Klopove krabice 1&#8243; _builder_version=&#8220;4.4.7&#8243;][\/et_pb_image][\/et_pb_column][et_pb_column type=&#8220;1_2&#8243; _builder_version=&#8220;4.4.7&#8243;][et_pb_image src=&#8220;https:\/\/www.europlast.cz\/wp-content\/uploads\/2020\/08\/Klopova-krabica-3.png&#8220; title_text=&#8220;Klopova krabica 3&#8243; _builder_version=&#8220;4.4.7&#8243;][\/et_pb_image][\/et_pb_column][\/et_pb_row][et_pb_row column_structure=&#8220;1_2,1_2&#8243; _builder_version=&#8220;4.4.7&#8243; custom_padding=&#8220;56px|||||&#8220;][et_pb_column type=&#8220;1_2&#8243; _builder_version=&#8220;4.4.7&#8243;][et_pb_image src=&#8220;https:\/\/www.europlast.cz\/wp-content\/uploads\/2020\/08\/Prepravne-boxy.jpg&#8220; title_text=&#8220;Prepravne boxy&#8220; _builder_version=&#8220;4.4.7&#8243;][\/et_pb_image][\/et_pb_column][et_pb_column type=&#8220;1_2&#8243; _builder_version=&#8220;4.4.7&#8243;][et_pb_text _builder_version=&#8220;4.4.7&#8243; header_3_text_color=&#8220;#005795&#8243;]<\/p>\n<h3>Versandboxen<\/h3>\n<p>[\/et_pb_text][et_pb_text _builder_version=&#8220;4.4.7&#8243;]<\/p>\n<p><strong>Versandboxen <\/strong>dienen f\u00fcr diejenigen Waren, die in die Standardpappkartons nicht passen. Wir bieten die Boxen von f\u00fcnf- bis siebenschichtigen Wellpappe an, die Last bis von einer Tonne tragen k\u00f6nnen.<\/p>\n<p>[\/et_pb_text][\/et_pb_column][\/et_pb_row][et_pb_row column_structure=&#8220;1_2,1_2&#8243; _builder_version=&#8220;4.4.7&#8243; custom_padding=&#8220;56px|||||&#8220;][et_pb_column type=&#8220;1_2&#8243; _builder_version=&#8220;4.4.7&#8243;][et_pb_text _builder_version=&#8220;4.4.7&#8243; header_3_text_color=&#8220;#005795&#8243;]<\/p>\n<h3>Grossformatige Formausschnitte<\/h3>\n<p>[\/et_pb_text][et_pb_text _builder_version=&#8220;4.4.7&#8243;]<\/p>\n<p><strong>Grossformatige Formausschnitte<\/strong> &#8211; der Karton wird genau nach der Form Ihres Produkts konstruiert. Ihr Produkt wird sich also in dem Karton nicht bewegen, wodurch es beim Transport sowie bei der Lagerung vollkommen gesch\u00fctzt wird. Die Kartonausschnitte sind auf den Milimeter genau. Bei einem gut entworfenen Formausschnitt wird keine andere Fixierung ihres Produkts notwendig sein.<\/p>\n<p>[\/et_pb_text][\/et_pb_column][et_pb_column type=&#8220;1_2&#8243; _builder_version=&#8220;4.4.7&#8243;][et_pb_image src=&#8220;https:\/\/www.europlast.cz\/wp-content\/uploads\/2020\/08\/Velkoformatove-tvarove-vyseky.jpg&#8220; title_text=&#8220;Velkoformatove tvarove vyseky&#8220; _builder_version=&#8220;4.4.7&#8243;][\/et_pb_image][\/et_pb_column][\/et_pb_row][\/et_pb_section]<\/p>\n","protected":false},"excerpt":{"rendered":"<p>[et_pb_section fb_built=&#8220;1&#8243; _builder_version=&#8220;4.4.7&#8243;][et_pb_row _builder_version=&#8220;4.4.7&#8243;][et_pb_column type=&#8220;4_4&#8243; _builder_version=&#8220;4.4.7&#8243;][et_pb_text _builder_version=&#8220;4.4.7&#8243; hover_enabled=&#8220;0&#8243;] Karton- und Papierverpackungen [\/et_pb_text][\/et_pb_column][\/et_pb_row][et_pb_row module_class=&#8220;btn-inline&#8220; _builder_version=&#8220;4.4.7&#8243; module_alignment=&#8220;center&#8220; custom_padding=&#8220;||0px||false|false&#8220; border_width_bottom=&#8220;3px&#8220; border_color_bottom=&#8220;rgba(51,51,51,0.1)&#8220;][et_pb_column type=&#8220;4_4&#8243; _builder_version=&#8220;4.4.7&#8243;][et_pb_button button_url=&#8220;@ET-DC@eyJkeW5hbWljIjp0cnVlLCJjb250ZW50IjoicG9zdF9saW5rX3VybF9wYWdlIiwic2V0dGluZ3MiOnsicG9zdF9pZCI6Ijc3In19@&#8220; button_text=&#8220;Kartons&#8220; module_class=&#8220;btn-inline&#8220; _builder_version=&#8220;4.4.7&#8243; _dynamic_attributes=&#8220;button_url&#8220; custom_button=&#8220;on&#8220; button_text_size=&#8220;18px&#8220; button_text_color=&#8220;#000000&#8243; button_border_width=&#8220;3px&#8220; button_border_color=&#8220;#e02b20&#8243; button_border_radius=&#8220;0px&#8220; button_use_icon=&#8220;off&#8220; custom_margin=&#8220;|10px|-3px|10px|false|false&#8220; custom_padding=&#8220;|0px||0px|false|false&#8220; custom_css_main_element=&#8220;border-top: none !important;||border-left: none !important;||border-right: none !important;&#8220;][\/et_pb_button][et_pb_button button_url=&#8220;@ET-DC@eyJkeW5hbWljIjp0cnVlLCJjb250ZW50IjoicG9zdF9saW5rX3VybF9wYWdlIiwic2V0dGluZ3MiOnsicG9zdF9pZCI6Ijc5In19@&#8220; button_text=&#8220;Abstandshalter, Polsterung&#8220; module_class=&#8220;btn-inline&#8220; _builder_version=&#8220;4.4.7&#8243; _dynamic_attributes=&#8220;button_url&#8220; custom_button=&#8220;on&#8220; button_text_size=&#8220;18px&#8220; button_text_color=&#8220;rgba(12,113,195,0.39)&#8220; button_border_width=&#8220;0px&#8220; button_use_icon=&#8220;off&#8220; custom_margin=&#8220;|10px|0px|10px|false|false&#8220; custom_padding=&#8220;|0px||0px|false|false&#8220;][\/et_pb_button][et_pb_button button_url=&#8220;@ET-DC@eyJkeW5hbWljIjp0cnVlLCJjb250ZW50IjoicG9zdF9saW5rX3VybF9wYWdlIiwic2V0dGluZ3MiOnsicG9zdF9pZCI6IjgxIn19@&#8220; [&hellip;]<\/p>\n","protected":false},"author":1,"featured_media":0,"parent":1897,"menu_order":0,"comment_status":"closed","ping_status":"closed","template":"","meta":{"_acf_changed":false,"_et_pb_use_builder":"on","_et_pb_old_content":"<!-- wp:divi\/placeholder \/-->","_et_gb_content_width":"","footnotes":""},"class_list":["post-1901","page","type-page","status-publish","hentry"],"acf":[],"yoast_head":"<!-- This site is optimized with the Yoast SEO plugin v23.7 - https:\/\/yoast.com\/wordpress\/plugins\/seo\/ -->\n<title>Kartons | Europlast<\/title>\n<meta name=\"robots\" content=\"index, follow, max-snippet:-1, max-image-preview:large, max-video-preview:-1\" \/>\n<link rel=\"canonical\" href=\"https:\/\/www.europlast.cz\/de\/sortiment\/karton-und-papierverpackungen\/kartons\/\" \/>\n<meta property=\"og:locale\" content=\"de_DE\" \/>\n<meta property=\"og:type\" content=\"article\" \/>\n<meta property=\"og:title\" content=\"Kartons | Europlast\" \/>\n<meta property=\"og:description\" content=\"[et_pb_section fb_built=&#8220;1&#8243; _builder_version=&#8220;4.4.7&#8243;][et_pb_row _builder_version=&#8220;4.4.7&#8243;][et_pb_column type=&#8220;4_4&#8243; _builder_version=&#8220;4.4.7&#8243;][et_pb_text _builder_version=&#8220;4.4.7&#8243; hover_enabled=&#8220;0&#8243;] Karton- und Papierverpackungen [\/et_pb_text][\/et_pb_column][\/et_pb_row][et_pb_row module_class=&#8220;btn-inline&#8220; _builder_version=&#8220;4.4.7&#8243; module_alignment=&#8220;center&#8220; custom_padding=&#8220;||0px||false|false&#8220; border_width_bottom=&#8220;3px&#8220; border_color_bottom=&#8220;rgba(51,51,51,0.1)&#8220;][et_pb_column type=&#8220;4_4&#8243; _builder_version=&#8220;4.4.7&#8243;][et_pb_button button_url=&#8220;@ET-DC@eyJkeW5hbWljIjp0cnVlLCJjb250ZW50IjoicG9zdF9saW5rX3VybF9wYWdlIiwic2V0dGluZ3MiOnsicG9zdF9pZCI6Ijc3In19@&#8220; button_text=&#8220;Kartons&#8220; module_class=&#8220;btn-inline&#8220; _builder_version=&#8220;4.4.7&#8243; _dynamic_attributes=&#8220;button_url&#8220; custom_button=&#8220;on&#8220; button_text_size=&#8220;18px&#8220; button_text_color=&#8220;#000000&#8243; button_border_width=&#8220;3px&#8220; button_border_color=&#8220;#e02b20&#8243; button_border_radius=&#8220;0px&#8220; button_use_icon=&#8220;off&#8220; custom_margin=&#8220;|10px|-3px|10px|false|false&#8220; custom_padding=&#8220;|0px||0px|false|false&#8220; custom_css_main_element=&#8220;border-top: none !important;||border-left: none !important;||border-right: none !important;&#8220;][\/et_pb_button][et_pb_button button_url=&#8220;@ET-DC@eyJkeW5hbWljIjp0cnVlLCJjb250ZW50IjoicG9zdF9saW5rX3VybF9wYWdlIiwic2V0dGluZ3MiOnsicG9zdF9pZCI6Ijc5In19@&#8220; button_text=&#8220;Abstandshalter, Polsterung&#8220; module_class=&#8220;btn-inline&#8220; _builder_version=&#8220;4.4.7&#8243; _dynamic_attributes=&#8220;button_url&#8220; custom_button=&#8220;on&#8220; button_text_size=&#8220;18px&#8220; button_text_color=&#8220;rgba(12,113,195,0.39)&#8220; button_border_width=&#8220;0px&#8220; button_use_icon=&#8220;off&#8220; custom_margin=&#8220;|10px|0px|10px|false|false&#8220; custom_padding=&#8220;|0px||0px|false|false&#8220;][\/et_pb_button][et_pb_button button_url=&#8220;@ET-DC@eyJkeW5hbWljIjp0cnVlLCJjb250ZW50IjoicG9zdF9saW5rX3VybF9wYWdlIiwic2V0dGluZ3MiOnsicG9zdF9pZCI6IjgxIn19@&#8220; [&hellip;]\" \/>\n<meta property=\"og:url\" content=\"https:\/\/www.europlast.cz\/de\/sortiment\/karton-und-papierverpackungen\/kartons\/\" \/>\n<meta property=\"og:site_name\" content=\"Europlast\" \/>\n<meta property=\"article:modified_time\" content=\"2020-10-16T14:20:07+00:00\" \/>\n<meta property=\"og:image\" content=\"https:\/\/www.europlast.cz\/wp-content\/uploads\/2020\/06\/ep_Logo.png\" \/>\n\t<meta property=\"og:image:width\" content=\"381\" \/>\n\t<meta property=\"og:image:height\" content=\"144\" \/>\n\t<meta property=\"og:image:type\" content=\"image\/png\" \/>\n<meta name=\"twitter:card\" content=\"summary_large_image\" \/>\n<meta name=\"twitter:label1\" content=\"Gesch\u00e4tzte Lesezeit\" \/>\n\t<meta name=\"twitter:data1\" content=\"4\u00a0Minuten\" \/>\n<script type=\"application\/ld+json\" class=\"yoast-schema-graph\">{\"@context\":\"https:\/\/schema.org\",\"@graph\":[{\"@type\":\"WebPage\",\"@id\":\"https:\/\/www.europlast.cz\/de\/sortiment\/karton-und-papierverpackungen\/kartons\/\",\"url\":\"https:\/\/www.europlast.cz\/de\/sortiment\/karton-und-papierverpackungen\/kartons\/\",\"name\":\"Kartons | Europlast\",\"isPartOf\":{\"@id\":\"https:\/\/www.europlast.cz\/#website\"},\"datePublished\":\"2020-05-27T10:51:38+00:00\",\"dateModified\":\"2020-10-16T14:20:07+00:00\",\"breadcrumb\":{\"@id\":\"https:\/\/www.europlast.cz\/de\/sortiment\/karton-und-papierverpackungen\/kartons\/#breadcrumb\"},\"inLanguage\":\"de\",\"potentialAction\":[{\"@type\":\"ReadAction\",\"target\":[\"https:\/\/www.europlast.cz\/de\/sortiment\/karton-und-papierverpackungen\/kartons\/\"]}]},{\"@type\":\"BreadcrumbList\",\"@id\":\"https:\/\/www.europlast.cz\/de\/sortiment\/karton-und-papierverpackungen\/kartons\/#breadcrumb\",\"itemListElement\":[{\"@type\":\"ListItem\",\"position\":1,\"name\":\"Zuhause\",\"item\":\"https:\/\/www.europlast.cz\/de\/domov\/\"},{\"@type\":\"ListItem\",\"position\":2,\"name\":\"Sortiment\",\"item\":\"https:\/\/www.europlast.cz\/de\/sortiment\/\"},{\"@type\":\"ListItem\",\"position\":3,\"name\":\"Karton- und Papierverpackungen\",\"item\":\"https:\/\/www.europlast.cz\/de\/sortiment\/karton-und-papierverpackungen\/\"},{\"@type\":\"ListItem\",\"position\":4,\"name\":\"Kartons\"}]},{\"@type\":\"WebSite\",\"@id\":\"https:\/\/www.europlast.cz\/#website\",\"url\":\"https:\/\/www.europlast.cz\/\",\"name\":\"Europlast\",\"description\":\"Obalov\u00e9 materi\u00e1ly a PE f\u00f3lie v prvot\u0159\u00eddn\u00ed kvalit\u011b\",\"potentialAction\":[{\"@type\":\"SearchAction\",\"target\":{\"@type\":\"EntryPoint\",\"urlTemplate\":\"https:\/\/www.europlast.cz\/?s={search_term_string}\"},\"query-input\":{\"@type\":\"PropertyValueSpecification\",\"valueRequired\":true,\"valueName\":\"search_term_string\"}}],\"inLanguage\":\"de\"}]}<\/script>\n<!-- \/ Yoast SEO plugin. -->","yoast_head_json":{"title":"Kartons | Europlast","robots":{"index":"index","follow":"follow","max-snippet":"max-snippet:-1","max-image-preview":"max-image-preview:large","max-video-preview":"max-video-preview:-1"},"canonical":"https:\/\/www.europlast.cz\/de\/sortiment\/karton-und-papierverpackungen\/kartons\/","og_locale":"de_DE","og_type":"article","og_title":"Kartons | Europlast","og_description":"[et_pb_section fb_built=&#8220;1&#8243; _builder_version=&#8220;4.4.7&#8243;][et_pb_row _builder_version=&#8220;4.4.7&#8243;][et_pb_column type=&#8220;4_4&#8243; _builder_version=&#8220;4.4.7&#8243;][et_pb_text _builder_version=&#8220;4.4.7&#8243; hover_enabled=&#8220;0&#8243;] Karton- und Papierverpackungen [\/et_pb_text][\/et_pb_column][\/et_pb_row][et_pb_row module_class=&#8220;btn-inline&#8220; _builder_version=&#8220;4.4.7&#8243; module_alignment=&#8220;center&#8220; custom_padding=&#8220;||0px||false|false&#8220; border_width_bottom=&#8220;3px&#8220; border_color_bottom=&#8220;rgba(51,51,51,0.1)&#8220;][et_pb_column type=&#8220;4_4&#8243; _builder_version=&#8220;4.4.7&#8243;][et_pb_button button_url=&#8220;@ET-DC@eyJkeW5hbWljIjp0cnVlLCJjb250ZW50IjoicG9zdF9saW5rX3VybF9wYWdlIiwic2V0dGluZ3MiOnsicG9zdF9pZCI6Ijc3In19@&#8220; button_text=&#8220;Kartons&#8220; module_class=&#8220;btn-inline&#8220; _builder_version=&#8220;4.4.7&#8243; _dynamic_attributes=&#8220;button_url&#8220; custom_button=&#8220;on&#8220; button_text_size=&#8220;18px&#8220; button_text_color=&#8220;#000000&#8243; button_border_width=&#8220;3px&#8220; button_border_color=&#8220;#e02b20&#8243; button_border_radius=&#8220;0px&#8220; button_use_icon=&#8220;off&#8220; custom_margin=&#8220;|10px|-3px|10px|false|false&#8220; custom_padding=&#8220;|0px||0px|false|false&#8220; custom_css_main_element=&#8220;border-top: none !important;||border-left: none !important;||border-right: none !important;&#8220;][\/et_pb_button][et_pb_button button_url=&#8220;@ET-DC@eyJkeW5hbWljIjp0cnVlLCJjb250ZW50IjoicG9zdF9saW5rX3VybF9wYWdlIiwic2V0dGluZ3MiOnsicG9zdF9pZCI6Ijc5In19@&#8220; button_text=&#8220;Abstandshalter, Polsterung&#8220; module_class=&#8220;btn-inline&#8220; _builder_version=&#8220;4.4.7&#8243; _dynamic_attributes=&#8220;button_url&#8220; custom_button=&#8220;on&#8220; button_text_size=&#8220;18px&#8220; button_text_color=&#8220;rgba(12,113,195,0.39)&#8220; button_border_width=&#8220;0px&#8220; button_use_icon=&#8220;off&#8220; custom_margin=&#8220;|10px|0px|10px|false|false&#8220; custom_padding=&#8220;|0px||0px|false|false&#8220;][\/et_pb_button][et_pb_button button_url=&#8220;@ET-DC@eyJkeW5hbWljIjp0cnVlLCJjb250ZW50IjoicG9zdF9saW5rX3VybF9wYWdlIiwic2V0dGluZ3MiOnsicG9zdF9pZCI6IjgxIn19@&#8220; [&hellip;]","og_url":"https:\/\/www.europlast.cz\/de\/sortiment\/karton-und-papierverpackungen\/kartons\/","og_site_name":"Europlast","article_modified_time":"2020-10-16T14:20:07+00:00","og_image":[{"width":381,"height":144,"url":"https:\/\/www.europlast.cz\/wp-content\/uploads\/2020\/06\/ep_Logo.png","type":"image\/png"}],"twitter_card":"summary_large_image","twitter_misc":{"Gesch\u00e4tzte Lesezeit":"4\u00a0Minuten"},"schema":{"@context":"https:\/\/schema.org","@graph":[{"@type":"WebPage","@id":"https:\/\/www.europlast.cz\/de\/sortiment\/karton-und-papierverpackungen\/kartons\/","url":"https:\/\/www.europlast.cz\/de\/sortiment\/karton-und-papierverpackungen\/kartons\/","name":"Kartons | Europlast","isPartOf":{"@id":"https:\/\/www.europlast.cz\/#website"},"datePublished":"2020-05-27T10:51:38+00:00","dateModified":"2020-10-16T14:20:07+00:00","breadcrumb":{"@id":"https:\/\/www.europlast.cz\/de\/sortiment\/karton-und-papierverpackungen\/kartons\/#breadcrumb"},"inLanguage":"de","potentialAction":[{"@type":"ReadAction","target":["https:\/\/www.europlast.cz\/de\/sortiment\/karton-und-papierverpackungen\/kartons\/"]}]},{"@type":"BreadcrumbList","@id":"https:\/\/www.europlast.cz\/de\/sortiment\/karton-und-papierverpackungen\/kartons\/#breadcrumb","itemListElement":[{"@type":"ListItem","position":1,"name":"Zuhause","item":"https:\/\/www.europlast.cz\/de\/domov\/"},{"@type":"ListItem","position":2,"name":"Sortiment","item":"https:\/\/www.europlast.cz\/de\/sortiment\/"},{"@type":"ListItem","position":3,"name":"Karton- und Papierverpackungen","item":"https:\/\/www.europlast.cz\/de\/sortiment\/karton-und-papierverpackungen\/"},{"@type":"ListItem","position":4,"name":"Kartons"}]},{"@type":"WebSite","@id":"https:\/\/www.europlast.cz\/#website","url":"https:\/\/www.europlast.cz\/","name":"Europlast","description":"Obalov\u00e9 materi\u00e1ly a PE f\u00f3lie v prvot\u0159\u00eddn\u00ed kvalit\u011b","potentialAction":[{"@type":"SearchAction","target":{"@type":"EntryPoint","urlTemplate":"https:\/\/www.europlast.cz\/?s={search_term_string}"},"query-input":{"@type":"PropertyValueSpecification","valueRequired":true,"valueName":"search_term_string"}}],"inLanguage":"de"}]}},"_links":{"self":[{"href":"https:\/\/www.europlast.cz\/de\/wp-json\/wp\/v2\/pages\/1901"}],"collection":[{"href":"https:\/\/www.europlast.cz\/de\/wp-json\/wp\/v2\/pages"}],"about":[{"href":"https:\/\/www.europlast.cz\/de\/wp-json\/wp\/v2\/types\/page"}],"author":[{"embeddable":true,"href":"https:\/\/www.europlast.cz\/de\/wp-json\/wp\/v2\/users\/1"}],"replies":[{"embeddable":true,"href":"https:\/\/www.europlast.cz\/de\/wp-json\/wp\/v2\/comments?post=1901"}],"version-history":[{"count":6,"href":"https:\/\/www.europlast.cz\/de\/wp-json\/wp\/v2\/pages\/1901\/revisions"}],"predecessor-version":[{"id":2797,"href":"https:\/\/www.europlast.cz\/de\/wp-json\/wp\/v2\/pages\/1901\/revisions\/2797"}],"up":[{"embeddable":true,"href":"https:\/\/www.europlast.cz\/de\/wp-json\/wp\/v2\/pages\/1897"}],"wp:attachment":[{"href":"https:\/\/www.europlast.cz\/de\/wp-json\/wp\/v2\/media?parent=1901"}],"curies":[{"name":"wp","href":"https:\/\/api.w.org\/{rel}","templated":true}]}}