{"id":1893,"date":"2020-08-11T13:04:23","date_gmt":"2020-08-11T11:04:23","guid":{"rendered":"https:\/\/www.europlast.cz\/vlnita-lepenka\/"},"modified":"2020-10-16T16:20:38","modified_gmt":"2020-10-16T14:20:38","slug":"wellpappe","status":"publish","type":"page","link":"https:\/\/www.europlast.cz\/de\/sortiment\/karton-und-papierverpackungen\/wellpappe\/","title":{"rendered":"Wellpappe"},"content":{"rendered":"<p>[et_pb_section fb_built=&#8220;1&#8243; _builder_version=&#8220;4.4.7&#8243;][et_pb_row _builder_version=&#8220;4.4.7&#8243;][et_pb_column type=&#8220;4_4&#8243; _builder_version=&#8220;4.4.7&#8243;][et_pb_text _builder_version=&#8220;4.4.7&#8243; hover_enabled=&#8220;0&#8243;]<\/p>\n<h2>Karton- und Papierverpackungen<\/h2>\n<p>[\/et_pb_text][\/et_pb_column][\/et_pb_row][et_pb_row module_class=&#8220;btn-inline&#8220; _builder_version=&#8220;4.4.7&#8243; module_alignment=&#8220;center&#8220; custom_padding=&#8220;||0px||false|false&#8220; border_width_bottom=&#8220;3px&#8220; border_color_bottom=&#8220;rgba(51,51,51,0.1)&#8220;][et_pb_column type=&#8220;4_4&#8243; _builder_version=&#8220;4.4.7&#8243;][et_pb_button button_url=&#8220;@ET-DC@eyJkeW5hbWljIjp0cnVlLCJjb250ZW50IjoicG9zdF9saW5rX3VybF9wYWdlIiwic2V0dGluZ3MiOnsicG9zdF9pZCI6Ijc3In19@&#8220; button_text=&#8220;Kartons&#8220; module_class=&#8220;btn-inline&#8220; _builder_version=&#8220;4.4.7&#8243; _dynamic_attributes=&#8220;button_url&#8220; custom_button=&#8220;on&#8220; button_text_size=&#8220;18px&#8220; button_text_color=&#8220;rgba(12,113,195,0.39)&#8220; button_border_width=&#8220;0px&#8220; button_use_icon=&#8220;off&#8220; custom_margin=&#8220;|10px|0px|10px|false|false&#8220; custom_padding=&#8220;|0px||0px|false|false&#8220;][\/et_pb_button][et_pb_button button_url=&#8220;@ET-DC@eyJkeW5hbWljIjp0cnVlLCJjb250ZW50IjoicG9zdF9saW5rX3VybF9wYWdlIiwic2V0dGluZ3MiOnsicG9zdF9pZCI6Ijc5In19@&#8220; button_text=&#8220;Abstandshalter, Polsterung&#8220; module_class=&#8220;btn-inline&#8220; _builder_version=&#8220;4.4.7&#8243; _dynamic_attributes=&#8220;button_url&#8220; custom_button=&#8220;on&#8220; button_text_size=&#8220;18px&#8220; button_text_color=&#8220;rgba(12,113,195,0.39)&#8220; button_border_width=&#8220;0px&#8220; button_use_icon=&#8220;off&#8220; custom_margin=&#8220;|10px|0px|10px|false|false&#8220; custom_padding=&#8220;|0px||0px|false|false&#8220;][\/et_pb_button][et_pb_button button_url=&#8220;@ET-DC@eyJkeW5hbWljIjp0cnVlLCJjb250ZW50IjoicG9zdF9saW5rX3VybF9wYWdlIiwic2V0dGluZ3MiOnsicG9zdF9pZCI6IjgxIn19@&#8220; button_text=&#8220;Pappkanten&#8220; module_class=&#8220;btn-inline&#8220; _builder_version=&#8220;4.4.7&#8243; _dynamic_attributes=&#8220;button_url&#8220; custom_button=&#8220;on&#8220; button_text_size=&#8220;18px&#8220; button_text_color=&#8220;rgba(12,113,195,0.39)&#8220; button_border_width=&#8220;0px&#8220; button_use_icon=&#8220;off&#8220; custom_margin=&#8220;|10px|0px|10px|false|false&#8220; custom_padding=&#8220;|0px||0px|false|false&#8220;][\/et_pb_button][et_pb_button button_url=&#8220;@ET-DC@eyJkeW5hbWljIjp0cnVlLCJjb250ZW50IjoicG9zdF9saW5rX3VybF9wYWdlIiwic2V0dGluZ3MiOnsicG9zdF9pZCI6IjEzMzAifX0=@&#8220; button_text=&#8220;Wellpappe&#8220; module_class=&#8220;btn-inline&#8220; _builder_version=&#8220;4.4.7&#8243; _dynamic_attributes=&#8220;button_url&#8220; custom_button=&#8220;on&#8220; button_text_size=&#8220;18px&#8220; button_text_color=&#8220;#000000&#8243; button_border_width=&#8220;3px&#8220; button_border_color=&#8220;#e02b20&#8243; button_border_radius=&#8220;0px&#8220; button_use_icon=&#8220;off&#8220; custom_margin=&#8220;|10px|-3px|10px|false|false&#8220; custom_padding=&#8220;|0px||0px|false|false&#8220; custom_css_main_element=&#8220;border-top: none !important;||border-left: none !important;||border-right: none !important;&#8220;][\/et_pb_button][\/et_pb_column][\/et_pb_row][et_pb_row column_structure=&#8220;1_2,1_2&#8243; _builder_version=&#8220;4.4.7&#8243; custom_padding=&#8220;56px|||||&#8220;][et_pb_column type=&#8220;1_2&#8243; _builder_version=&#8220;4.4.7&#8243;][et_pb_text _builder_version=&#8220;4.4.7&#8243;]<\/p>\n<p>Ein progressives Verpackungsmaterial, das durch das Verkleben von einer Wellenpapierschicht und einer glatten Deckenschicht mit einem St\u00e4rke-Klebstoff hergestellt wird.<\/p>\n<p>&nbsp;<\/p>\n<p>Die zweischichtige <strong>Rollen-Wellpappe <\/strong>ist ideal f\u00fcr die Verpackung und den Schutz von Waren oder Produkten, die stossempfindlich sind, z.B. Bilder, M\u00f6bel, Elektronik oder Industriewaren. Die geformte Welle d\u00e4mpft perfekt s\u00e4mtliche Ersch\u00fctterungen und fixiert die Produkte. Perfekt auch als F\u00fcllmaterial in den Kartons oder als Abstandshalter zwischen einzelnen Produkten. Die Wellpappe wird auch zum Schutz der Kanten und Ecken empfohlen. Sie ist umweltfreundlich und wird aus dem 100% recycelbaren Karton hergestellt.<\/p>\n<p>[\/et_pb_text][et_pb_image src=&#8220;https:\/\/www.europlast.cz\/wp-content\/uploads\/2020\/08\/Vlnita-lepenka-detail.png&#8220; title_text=&#8220;Vlnita lepenka detail&#8220; _builder_version=&#8220;4.4.7&#8243;][\/et_pb_image][\/et_pb_column][et_pb_column type=&#8220;1_2&#8243; _builder_version=&#8220;4.4.7&#8243;][et_pb_image src=&#8220;https:\/\/www.europlast.cz\/wp-content\/uploads\/2020\/08\/Vlnita-lepenka.png&#8220; title_text=&#8220;Vlnita lepenka&#8220; _builder_version=&#8220;4.4.7&#8243;][\/et_pb_image][et_pb_image src=&#8220;https:\/\/www.europlast.cz\/wp-content\/uploads\/2020\/08\/Vlnita-lepenka-detail-2.jpg&#8220; title_text=&#8220;OLYMPUS DIGITAL CAMERA&#8220; _builder_version=&#8220;4.4.7&#8243;][\/et_pb_image][\/et_pb_column][\/et_pb_row][\/et_pb_section]<\/p>\n","protected":false},"excerpt":{"rendered":"<p>[et_pb_section fb_built=&#8220;1&#8243; _builder_version=&#8220;4.4.7&#8243;][et_pb_row _builder_version=&#8220;4.4.7&#8243;][et_pb_column type=&#8220;4_4&#8243; _builder_version=&#8220;4.4.7&#8243;][et_pb_text _builder_version=&#8220;4.4.7&#8243; hover_enabled=&#8220;0&#8243;] Karton- und Papierverpackungen [\/et_pb_text][\/et_pb_column][\/et_pb_row][et_pb_row module_class=&#8220;btn-inline&#8220; _builder_version=&#8220;4.4.7&#8243; module_alignment=&#8220;center&#8220; custom_padding=&#8220;||0px||false|false&#8220; border_width_bottom=&#8220;3px&#8220; border_color_bottom=&#8220;rgba(51,51,51,0.1)&#8220;][et_pb_column type=&#8220;4_4&#8243; _builder_version=&#8220;4.4.7&#8243;][et_pb_button button_url=&#8220;@ET-DC@eyJkeW5hbWljIjp0cnVlLCJjb250ZW50IjoicG9zdF9saW5rX3VybF9wYWdlIiwic2V0dGluZ3MiOnsicG9zdF9pZCI6Ijc3In19@&#8220; button_text=&#8220;Kartons&#8220; module_class=&#8220;btn-inline&#8220; _builder_version=&#8220;4.4.7&#8243; _dynamic_attributes=&#8220;button_url&#8220; custom_button=&#8220;on&#8220; button_text_size=&#8220;18px&#8220; button_text_color=&#8220;rgba(12,113,195,0.39)&#8220; button_border_width=&#8220;0px&#8220; button_use_icon=&#8220;off&#8220; custom_margin=&#8220;|10px|0px|10px|false|false&#8220; custom_padding=&#8220;|0px||0px|false|false&#8220;][\/et_pb_button][et_pb_button button_url=&#8220;@ET-DC@eyJkeW5hbWljIjp0cnVlLCJjb250ZW50IjoicG9zdF9saW5rX3VybF9wYWdlIiwic2V0dGluZ3MiOnsicG9zdF9pZCI6Ijc5In19@&#8220; button_text=&#8220;Abstandshalter, Polsterung&#8220; module_class=&#8220;btn-inline&#8220; _builder_version=&#8220;4.4.7&#8243; _dynamic_attributes=&#8220;button_url&#8220; custom_button=&#8220;on&#8220; button_text_size=&#8220;18px&#8220; button_text_color=&#8220;rgba(12,113,195,0.39)&#8220; button_border_width=&#8220;0px&#8220; button_use_icon=&#8220;off&#8220; custom_margin=&#8220;|10px|0px|10px|false|false&#8220; custom_padding=&#8220;|0px||0px|false|false&#8220;][\/et_pb_button][et_pb_button button_url=&#8220;@ET-DC@eyJkeW5hbWljIjp0cnVlLCJjb250ZW50IjoicG9zdF9saW5rX3VybF9wYWdlIiwic2V0dGluZ3MiOnsicG9zdF9pZCI6IjgxIn19@&#8220; button_text=&#8220;Pappkanten&#8220; module_class=&#8220;btn-inline&#8220; _builder_version=&#8220;4.4.7&#8243; _dynamic_attributes=&#8220;button_url&#8220; custom_button=&#8220;on&#8220; button_text_size=&#8220;18px&#8220; button_text_color=&#8220;rgba(12,113,195,0.39)&#8220; button_border_width=&#8220;0px&#8220; button_use_icon=&#8220;off&#8220; [&hellip;]<\/p>\n","protected":false},"author":1,"featured_media":0,"parent":1897,"menu_order":0,"comment_status":"closed","ping_status":"closed","template":"","meta":{"_acf_changed":false,"_et_pb_use_builder":"on","_et_pb_old_content":"","_et_gb_content_width":"","footnotes":""},"class_list":["post-1893","page","type-page","status-publish","hentry"],"acf":[],"yoast_head":"<!-- This site is optimized with the Yoast SEO plugin v23.7 - https:\/\/yoast.com\/wordpress\/plugins\/seo\/ -->\n<title>Wellpappe | Europlast<\/title>\n<meta name=\"robots\" content=\"index, follow, max-snippet:-1, max-image-preview:large, max-video-preview:-1\" \/>\n<link rel=\"canonical\" href=\"https:\/\/www.europlast.cz\/de\/sortiment\/karton-und-papierverpackungen\/wellpappe\/\" \/>\n<meta property=\"og:locale\" content=\"de_DE\" \/>\n<meta property=\"og:type\" content=\"article\" \/>\n<meta property=\"og:title\" content=\"Wellpappe | Europlast\" \/>\n<meta property=\"og:description\" content=\"[et_pb_section fb_built=&#8220;1&#8243; _builder_version=&#8220;4.4.7&#8243;][et_pb_row _builder_version=&#8220;4.4.7&#8243;][et_pb_column type=&#8220;4_4&#8243; _builder_version=&#8220;4.4.7&#8243;][et_pb_text _builder_version=&#8220;4.4.7&#8243; hover_enabled=&#8220;0&#8243;] Karton- und Papierverpackungen [\/et_pb_text][\/et_pb_column][\/et_pb_row][et_pb_row module_class=&#8220;btn-inline&#8220; _builder_version=&#8220;4.4.7&#8243; module_alignment=&#8220;center&#8220; custom_padding=&#8220;||0px||false|false&#8220; border_width_bottom=&#8220;3px&#8220; border_color_bottom=&#8220;rgba(51,51,51,0.1)&#8220;][et_pb_column type=&#8220;4_4&#8243; _builder_version=&#8220;4.4.7&#8243;][et_pb_button button_url=&#8220;@ET-DC@eyJkeW5hbWljIjp0cnVlLCJjb250ZW50IjoicG9zdF9saW5rX3VybF9wYWdlIiwic2V0dGluZ3MiOnsicG9zdF9pZCI6Ijc3In19@&#8220; button_text=&#8220;Kartons&#8220; module_class=&#8220;btn-inline&#8220; _builder_version=&#8220;4.4.7&#8243; _dynamic_attributes=&#8220;button_url&#8220; custom_button=&#8220;on&#8220; button_text_size=&#8220;18px&#8220; button_text_color=&#8220;rgba(12,113,195,0.39)&#8220; button_border_width=&#8220;0px&#8220; button_use_icon=&#8220;off&#8220; custom_margin=&#8220;|10px|0px|10px|false|false&#8220; custom_padding=&#8220;|0px||0px|false|false&#8220;][\/et_pb_button][et_pb_button button_url=&#8220;@ET-DC@eyJkeW5hbWljIjp0cnVlLCJjb250ZW50IjoicG9zdF9saW5rX3VybF9wYWdlIiwic2V0dGluZ3MiOnsicG9zdF9pZCI6Ijc5In19@&#8220; button_text=&#8220;Abstandshalter, Polsterung&#8220; module_class=&#8220;btn-inline&#8220; _builder_version=&#8220;4.4.7&#8243; _dynamic_attributes=&#8220;button_url&#8220; custom_button=&#8220;on&#8220; button_text_size=&#8220;18px&#8220; button_text_color=&#8220;rgba(12,113,195,0.39)&#8220; button_border_width=&#8220;0px&#8220; button_use_icon=&#8220;off&#8220; custom_margin=&#8220;|10px|0px|10px|false|false&#8220; custom_padding=&#8220;|0px||0px|false|false&#8220;][\/et_pb_button][et_pb_button button_url=&#8220;@ET-DC@eyJkeW5hbWljIjp0cnVlLCJjb250ZW50IjoicG9zdF9saW5rX3VybF9wYWdlIiwic2V0dGluZ3MiOnsicG9zdF9pZCI6IjgxIn19@&#8220; button_text=&#8220;Pappkanten&#8220; module_class=&#8220;btn-inline&#8220; _builder_version=&#8220;4.4.7&#8243; _dynamic_attributes=&#8220;button_url&#8220; custom_button=&#8220;on&#8220; button_text_size=&#8220;18px&#8220; button_text_color=&#8220;rgba(12,113,195,0.39)&#8220; button_border_width=&#8220;0px&#8220; button_use_icon=&#8220;off&#8220; [&hellip;]\" \/>\n<meta property=\"og:url\" content=\"https:\/\/www.europlast.cz\/de\/sortiment\/karton-und-papierverpackungen\/wellpappe\/\" \/>\n<meta property=\"og:site_name\" content=\"Europlast\" \/>\n<meta property=\"article:modified_time\" content=\"2020-10-16T14:20:38+00:00\" \/>\n<meta property=\"og:image\" content=\"https:\/\/www.europlast.cz\/wp-content\/uploads\/2020\/06\/ep_Logo.png\" \/>\n\t<meta property=\"og:image:width\" content=\"381\" \/>\n\t<meta property=\"og:image:height\" content=\"144\" \/>\n\t<meta property=\"og:image:type\" content=\"image\/png\" \/>\n<meta name=\"twitter:card\" content=\"summary_large_image\" \/>\n<meta name=\"twitter:label1\" content=\"Gesch\u00e4tzte Lesezeit\" \/>\n\t<meta name=\"twitter:data1\" content=\"3\u00a0Minuten\" \/>\n<script type=\"application\/ld+json\" class=\"yoast-schema-graph\">{\"@context\":\"https:\/\/schema.org\",\"@graph\":[{\"@type\":\"WebPage\",\"@id\":\"https:\/\/www.europlast.cz\/de\/sortiment\/karton-und-papierverpackungen\/wellpappe\/\",\"url\":\"https:\/\/www.europlast.cz\/de\/sortiment\/karton-und-papierverpackungen\/wellpappe\/\",\"name\":\"Wellpappe | Europlast\",\"isPartOf\":{\"@id\":\"https:\/\/www.europlast.cz\/#website\"},\"datePublished\":\"2020-08-11T11:04:23+00:00\",\"dateModified\":\"2020-10-16T14:20:38+00:00\",\"breadcrumb\":{\"@id\":\"https:\/\/www.europlast.cz\/de\/sortiment\/karton-und-papierverpackungen\/wellpappe\/#breadcrumb\"},\"inLanguage\":\"de\",\"potentialAction\":[{\"@type\":\"ReadAction\",\"target\":[\"https:\/\/www.europlast.cz\/de\/sortiment\/karton-und-papierverpackungen\/wellpappe\/\"]}]},{\"@type\":\"BreadcrumbList\",\"@id\":\"https:\/\/www.europlast.cz\/de\/sortiment\/karton-und-papierverpackungen\/wellpappe\/#breadcrumb\",\"itemListElement\":[{\"@type\":\"ListItem\",\"position\":1,\"name\":\"Zuhause\",\"item\":\"https:\/\/www.europlast.cz\/de\/domov\/\"},{\"@type\":\"ListItem\",\"position\":2,\"name\":\"Sortiment\",\"item\":\"https:\/\/www.europlast.cz\/de\/sortiment\/\"},{\"@type\":\"ListItem\",\"position\":3,\"name\":\"Karton- und Papierverpackungen\",\"item\":\"https:\/\/www.europlast.cz\/de\/sortiment\/karton-und-papierverpackungen\/\"},{\"@type\":\"ListItem\",\"position\":4,\"name\":\"Wellpappe\"}]},{\"@type\":\"WebSite\",\"@id\":\"https:\/\/www.europlast.cz\/#website\",\"url\":\"https:\/\/www.europlast.cz\/\",\"name\":\"Europlast\",\"description\":\"Obalov\u00e9 materi\u00e1ly a PE f\u00f3lie v prvot\u0159\u00eddn\u00ed kvalit\u011b\",\"potentialAction\":[{\"@type\":\"SearchAction\",\"target\":{\"@type\":\"EntryPoint\",\"urlTemplate\":\"https:\/\/www.europlast.cz\/?s={search_term_string}\"},\"query-input\":{\"@type\":\"PropertyValueSpecification\",\"valueRequired\":true,\"valueName\":\"search_term_string\"}}],\"inLanguage\":\"de\"}]}<\/script>\n<!-- \/ Yoast SEO plugin. -->","yoast_head_json":{"title":"Wellpappe | Europlast","robots":{"index":"index","follow":"follow","max-snippet":"max-snippet:-1","max-image-preview":"max-image-preview:large","max-video-preview":"max-video-preview:-1"},"canonical":"https:\/\/www.europlast.cz\/de\/sortiment\/karton-und-papierverpackungen\/wellpappe\/","og_locale":"de_DE","og_type":"article","og_title":"Wellpappe | Europlast","og_description":"[et_pb_section fb_built=&#8220;1&#8243; _builder_version=&#8220;4.4.7&#8243;][et_pb_row _builder_version=&#8220;4.4.7&#8243;][et_pb_column type=&#8220;4_4&#8243; _builder_version=&#8220;4.4.7&#8243;][et_pb_text _builder_version=&#8220;4.4.7&#8243; hover_enabled=&#8220;0&#8243;] Karton- und Papierverpackungen [\/et_pb_text][\/et_pb_column][\/et_pb_row][et_pb_row module_class=&#8220;btn-inline&#8220; _builder_version=&#8220;4.4.7&#8243; module_alignment=&#8220;center&#8220; custom_padding=&#8220;||0px||false|false&#8220; border_width_bottom=&#8220;3px&#8220; border_color_bottom=&#8220;rgba(51,51,51,0.1)&#8220;][et_pb_column type=&#8220;4_4&#8243; _builder_version=&#8220;4.4.7&#8243;][et_pb_button button_url=&#8220;@ET-DC@eyJkeW5hbWljIjp0cnVlLCJjb250ZW50IjoicG9zdF9saW5rX3VybF9wYWdlIiwic2V0dGluZ3MiOnsicG9zdF9pZCI6Ijc3In19@&#8220; button_text=&#8220;Kartons&#8220; module_class=&#8220;btn-inline&#8220; _builder_version=&#8220;4.4.7&#8243; _dynamic_attributes=&#8220;button_url&#8220; custom_button=&#8220;on&#8220; button_text_size=&#8220;18px&#8220; button_text_color=&#8220;rgba(12,113,195,0.39)&#8220; button_border_width=&#8220;0px&#8220; button_use_icon=&#8220;off&#8220; custom_margin=&#8220;|10px|0px|10px|false|false&#8220; custom_padding=&#8220;|0px||0px|false|false&#8220;][\/et_pb_button][et_pb_button button_url=&#8220;@ET-DC@eyJkeW5hbWljIjp0cnVlLCJjb250ZW50IjoicG9zdF9saW5rX3VybF9wYWdlIiwic2V0dGluZ3MiOnsicG9zdF9pZCI6Ijc5In19@&#8220; button_text=&#8220;Abstandshalter, Polsterung&#8220; module_class=&#8220;btn-inline&#8220; _builder_version=&#8220;4.4.7&#8243; _dynamic_attributes=&#8220;button_url&#8220; custom_button=&#8220;on&#8220; button_text_size=&#8220;18px&#8220; button_text_color=&#8220;rgba(12,113,195,0.39)&#8220; button_border_width=&#8220;0px&#8220; button_use_icon=&#8220;off&#8220; custom_margin=&#8220;|10px|0px|10px|false|false&#8220; custom_padding=&#8220;|0px||0px|false|false&#8220;][\/et_pb_button][et_pb_button button_url=&#8220;@ET-DC@eyJkeW5hbWljIjp0cnVlLCJjb250ZW50IjoicG9zdF9saW5rX3VybF9wYWdlIiwic2V0dGluZ3MiOnsicG9zdF9pZCI6IjgxIn19@&#8220; button_text=&#8220;Pappkanten&#8220; module_class=&#8220;btn-inline&#8220; _builder_version=&#8220;4.4.7&#8243; _dynamic_attributes=&#8220;button_url&#8220; custom_button=&#8220;on&#8220; button_text_size=&#8220;18px&#8220; button_text_color=&#8220;rgba(12,113,195,0.39)&#8220; button_border_width=&#8220;0px&#8220; button_use_icon=&#8220;off&#8220; [&hellip;]","og_url":"https:\/\/www.europlast.cz\/de\/sortiment\/karton-und-papierverpackungen\/wellpappe\/","og_site_name":"Europlast","article_modified_time":"2020-10-16T14:20:38+00:00","og_image":[{"width":381,"height":144,"url":"https:\/\/www.europlast.cz\/wp-content\/uploads\/2020\/06\/ep_Logo.png","type":"image\/png"}],"twitter_card":"summary_large_image","twitter_misc":{"Gesch\u00e4tzte Lesezeit":"3\u00a0Minuten"},"schema":{"@context":"https:\/\/schema.org","@graph":[{"@type":"WebPage","@id":"https:\/\/www.europlast.cz\/de\/sortiment\/karton-und-papierverpackungen\/wellpappe\/","url":"https:\/\/www.europlast.cz\/de\/sortiment\/karton-und-papierverpackungen\/wellpappe\/","name":"Wellpappe | Europlast","isPartOf":{"@id":"https:\/\/www.europlast.cz\/#website"},"datePublished":"2020-08-11T11:04:23+00:00","dateModified":"2020-10-16T14:20:38+00:00","breadcrumb":{"@id":"https:\/\/www.europlast.cz\/de\/sortiment\/karton-und-papierverpackungen\/wellpappe\/#breadcrumb"},"inLanguage":"de","potentialAction":[{"@type":"ReadAction","target":["https:\/\/www.europlast.cz\/de\/sortiment\/karton-und-papierverpackungen\/wellpappe\/"]}]},{"@type":"BreadcrumbList","@id":"https:\/\/www.europlast.cz\/de\/sortiment\/karton-und-papierverpackungen\/wellpappe\/#breadcrumb","itemListElement":[{"@type":"ListItem","position":1,"name":"Zuhause","item":"https:\/\/www.europlast.cz\/de\/domov\/"},{"@type":"ListItem","position":2,"name":"Sortiment","item":"https:\/\/www.europlast.cz\/de\/sortiment\/"},{"@type":"ListItem","position":3,"name":"Karton- und Papierverpackungen","item":"https:\/\/www.europlast.cz\/de\/sortiment\/karton-und-papierverpackungen\/"},{"@type":"ListItem","position":4,"name":"Wellpappe"}]},{"@type":"WebSite","@id":"https:\/\/www.europlast.cz\/#website","url":"https:\/\/www.europlast.cz\/","name":"Europlast","description":"Obalov\u00e9 materi\u00e1ly a PE f\u00f3lie v prvot\u0159\u00eddn\u00ed kvalit\u011b","potentialAction":[{"@type":"SearchAction","target":{"@type":"EntryPoint","urlTemplate":"https:\/\/www.europlast.cz\/?s={search_term_string}"},"query-input":{"@type":"PropertyValueSpecification","valueRequired":true,"valueName":"search_term_string"}}],"inLanguage":"de"}]}},"_links":{"self":[{"href":"https:\/\/www.europlast.cz\/de\/wp-json\/wp\/v2\/pages\/1893"}],"collection":[{"href":"https:\/\/www.europlast.cz\/de\/wp-json\/wp\/v2\/pages"}],"about":[{"href":"https:\/\/www.europlast.cz\/de\/wp-json\/wp\/v2\/types\/page"}],"author":[{"embeddable":true,"href":"https:\/\/www.europlast.cz\/de\/wp-json\/wp\/v2\/users\/1"}],"replies":[{"embeddable":true,"href":"https:\/\/www.europlast.cz\/de\/wp-json\/wp\/v2\/comments?post=1893"}],"version-history":[{"count":6,"href":"https:\/\/www.europlast.cz\/de\/wp-json\/wp\/v2\/pages\/1893\/revisions"}],"predecessor-version":[{"id":2802,"href":"https:\/\/www.europlast.cz\/de\/wp-json\/wp\/v2\/pages\/1893\/revisions\/2802"}],"up":[{"embeddable":true,"href":"https:\/\/www.europlast.cz\/de\/wp-json\/wp\/v2\/pages\/1897"}],"wp:attachment":[{"href":"https:\/\/www.europlast.cz\/de\/wp-json\/wp\/v2\/media?parent=1893"}],"curies":[{"name":"wp","href":"https:\/\/api.w.org\/{rel}","templated":true}]}}