{"id":1865,"date":"2020-05-27T12:50:11","date_gmt":"2020-05-27T10:50:11","guid":{"rendered":"https:\/\/www.europlast.cz\/sortiment\/penovy-polyetylen\/"},"modified":"2020-08-14T08:38:09","modified_gmt":"2020-08-14T06:38:09","slug":"polyethylen-schaum","status":"publish","type":"page","link":"https:\/\/www.europlast.cz\/de\/sortiment\/polyethylen-schaum\/","title":{"rendered":"Polyethylen-Schaum"},"content":{"rendered":"<p>[et_pb_section fb_built=&#8220;1&#8243; _builder_version=&#8220;4.4.7&#8243;][et_pb_row _builder_version=&#8220;4.4.7&#8243;][et_pb_column type=&#8220;4_4&#8243; _builder_version=&#8220;4.4.7&#8243;][et_pb_text _builder_version=&#8220;4.4.7&#8243; _dynamic_attributes=&#8220;content&#8220;]@ET-DC@eyJkeW5hbWljIjp0cnVlLCJjb250ZW50IjoicG9zdF90aXRsZSIsInNldHRpbmdzIjp7ImJlZm9yZSI6IjxoMj4iLCJhZnRlciI6IjwvaDI+In19@[\/et_pb_text][\/et_pb_column][\/et_pb_row][et_pb_row column_structure=&#8220;1_2,1_2&#8243; _builder_version=&#8220;4.4.7&#8243; custom_padding=&#8220;46px|||||&#8220;][et_pb_column type=&#8220;1_2&#8243; _builder_version=&#8220;4.4.7&#8243;][et_pb_text _builder_version=&#8220;4.4.7&#8243; hover_enabled=&#8220;0&#8243;]<\/p>\n<p><strong>\u00a0<\/strong><strong>Verpackungsfolien und Folien zur W\u00e4rme- und Schallisolierung <\/strong>werden durch physikalische Sch\u00e4umung von LDPE mit geschlossener Zellenstruktur hergestellt. Sie sind leicht, biegsam, leicht zu bearbeiten, gesundheitlich unbedenklich, langlebig, mit hoher Temperaturresistenz von -40 \u00b0C bis +70 \u00b0C. Sie sind sto\u00dfd\u00e4mmend. <\/p>\n<p>[\/et_pb_text][et_pb_text _builder_version=&#8220;4.4.7&#8243; hover_enabled=&#8220;0&#8243;]<\/p>\n<p>Sie sind nicht umweltsch\u00e4dlich und zu 100% recyclingf\u00e4hig, der Abfall kann ebenfalls energiewirtschaftlich verwertet werden.<\/p>\n<p>[\/et_pb_text][et_pb_text _builder_version=&#8220;4.4.7&#8243; header_3_text_color=&#8220;#005795&#8243; hover_enabled=&#8220;0&#8243;]<\/p>\n<h3><span lang=\"cs\">Verpackungsmaterial:<o:p><\/o:p><\/span><\/h3>\n<p>[\/et_pb_text][et_pb_text _builder_version=&#8220;4.4.7&#8243; hover_enabled=&#8220;0&#8243;]<\/p>\n<ul>\n<li><span>zum unmittelbaren Schutz von zerbrechlichen Produkten vor Bruch und Besch\u00e4digung<\/span><\/li>\n<li><span>Fixierf\u00fcllungen und Einlagen f\u00fcr Kartons<\/span><\/li>\n<li><span>Schutzverpackungen f\u00fcr M\u00f6bel<\/span><\/li>\n<\/ul>\n<p>[\/et_pb_text][\/et_pb_column][et_pb_column type=&#8220;1_2&#8243; _builder_version=&#8220;4.4.7&#8243;][et_pb_image src=&#8220;https:\/\/www.europlast.cz\/wp-content\/uploads\/2020\/08\/Penova_folie_mirelon_baleni.png&#8220; title_text=&#8220;Penova_folie_mirelon_baleni&#8220; _builder_version=&#8220;4.4.7&#8243;][\/et_pb_image][\/et_pb_column][\/et_pb_row][et_pb_row column_structure=&#8220;1_2,1_2&#8243; _builder_version=&#8220;4.4.7&#8243;][et_pb_column type=&#8220;1_2&#8243; _builder_version=&#8220;4.4.7&#8243;][et_pb_image src=&#8220;https:\/\/www.europlast.cz\/wp-content\/uploads\/2020\/08\/PEE01173-Penova_folie_mirelon01.png&#8220; title_text=&#8220;PEE01173-Penova_folie_mirelon01&#8243; _builder_version=&#8220;4.4.7&#8243;][\/et_pb_image][\/et_pb_column][et_pb_column type=&#8220;1_2&#8243; _builder_version=&#8220;4.4.7&#8243;][et_pb_text _builder_version=&#8220;4.4.7&#8243; header_3_text_color=&#8220;#005795&#8243; hover_enabled=&#8220;0&#8243;]<\/p>\n<h3><span lang=\"cs\">Bodenschalld\u00e4mmung<o:p><\/o:p><\/span><\/h3>\n<p>[\/et_pb_text][et_pb_text _builder_version=&#8220;4.4.7&#8243; header_3_text_color=&#8220;#005795&#8243; hover_enabled=&#8220;0&#8243;]<\/p>\n<p>F\u00fcr eine hohe Effektivit\u00e4t der Trittschalld\u00e4mmung, niedrige Saugf\u00e4higkeit, niedrige Konstruktionsst\u00e4rke und hohe chemische Best\u00e4ndigkeit ist das Material zur Trittschalld\u00e4mmung in Bodenkonstruktionen von Wohn- und Gewerbebauten bestimmt, und zwar besonders f\u00fcr die Anwendung unter Beton, wo dann keine Schutzfolien mehr verwendet werden m\u00fcssen.<\/p>\n<p> Der PE-Schaum eignet sich auch f\u00fcr den Umbau von R\u00e4umen mit hoher Feuchtigkeit (Wasch- und Bader\u00e4ume), wo eine Erh\u00f6hung der Bodenkonstruktionsh\u00f6he Anpassungen von T\u00fcren oder Treppenhaus verursachen w\u00fcrde. <\/p>\n<p>[\/et_pb_text][\/et_pb_column][\/et_pb_row][et_pb_row column_structure=&#8220;1_2,1_2&#8243; _builder_version=&#8220;4.4.7&#8243; custom_padding=&#8220;46px|||||&#8220;][et_pb_column type=&#8220;1_2&#8243; _builder_version=&#8220;4.4.7&#8243;][et_pb_text _builder_version=&#8220;4.4.7&#8243; header_3_text_color=&#8220;#005795&#8243; custom_margin=&#8220;||22px|||&#8220; hover_enabled=&#8220;0&#8243;]<\/p>\n<h3>W\u00e4rmed\u00e4mmung im Bau- und Industriesektor<\/h3>\n<p>[\/et_pb_text][et_pb_text _builder_version=&#8220;4.4.7&#8243; hover_enabled=&#8220;0&#8243;]<\/p>\n<p>Der Schaum hat eine niedrige W\u00e4rmeleitf\u00e4higkeit und hohe W\u00e4rmeresistenz. Er muss vor Witterungseinfl\u00fcssen und mechanischer Besch\u00e4digung gesch\u00fctzt werden. <\/p>\n<p>[\/et_pb_text][et_pb_text _builder_version=&#8220;4.4.7&#8243; header_3_text_color=&#8220;#005795&#8243; custom_margin=&#8220;||21px|||&#8220; hover_enabled=&#8220;0&#8243;]<\/p>\n<h3>Ausgleichslagen im Bauwesen<\/h3>\n<p>[\/et_pb_text][et_pb_text _builder_version=&#8220;4.4.7&#8243; hover_enabled=&#8220;0&#8243;]<\/p>\n<p>unter Fu\u00dfbodenplatten <\/p>\n<p>[\/et_pb_text][et_pb_text _builder_version=&#8220;4.4.7&#8243; header_3_text_color=&#8220;#005795&#8243; custom_margin=&#8220;||21px|||&#8220; hover_enabled=&#8220;0&#8243;]<\/p>\n<h3>Thermoisolierb\u00e4nder gr\u00f6\u00dferer St\u00e4rken<\/h3>\n<p>[\/et_pb_text][et_pb_text _builder_version=&#8220;4.4.7&#8243; hover_enabled=&#8220;0&#8243;]<\/p>\n<p><span>Platten mit St\u00e4rken von 40 &#8211; 80 mm, Breiten von 100 cm und L\u00e4ngen bis 25 m sind besonders f\u00fcr Sport- und Gesundheitsmatratzen geeignet. <\/span><\/p>\n<p><span>mattresses. <\/span><\/p>\n<p>[\/et_pb_text][\/et_pb_column][et_pb_column type=&#8220;1_2&#8243; _builder_version=&#8220;4.4.7&#8243;][et_pb_image src=&#8220;https:\/\/www.europlast.cz\/wp-content\/uploads\/2020\/08\/PEE01173-Penova_folie_mirelon02.png&#8220; title_text=&#8220;PEE01173-Penova_folie_mirelon02&#8243; _builder_version=&#8220;4.4.7&#8243;][\/et_pb_image][\/et_pb_column][\/et_pb_row][et_pb_row _builder_version=&#8220;4.4.7&#8243;][et_pb_column type=&#8220;4_4&#8243; _builder_version=&#8220;4.4.7&#8243;][et_pb_image src=&#8220;https:\/\/www.europlast.cz\/wp-content\/uploads\/2020\/08\/velka-penova.jpg&#8220; title_text=&#8220;velka-penova&#8220; force_fullwidth=&#8220;on&#8220; _builder_version=&#8220;4.4.7&#8243;][\/et_pb_image][\/et_pb_column][\/et_pb_row][\/et_pb_section]<\/p>\n","protected":false},"excerpt":{"rendered":"<p>[et_pb_section fb_built=&#8220;1&#8243; _builder_version=&#8220;4.4.7&#8243;][et_pb_row _builder_version=&#8220;4.4.7&#8243;][et_pb_column type=&#8220;4_4&#8243; _builder_version=&#8220;4.4.7&#8243;][et_pb_text _builder_version=&#8220;4.4.7&#8243; _dynamic_attributes=&#8220;content&#8220;]@ET-DC@eyJkeW5hbWljIjp0cnVlLCJjb250ZW50IjoicG9zdF90aXRsZSIsInNldHRpbmdzIjp7ImJlZm9yZSI6IjxoMj4iLCJhZnRlciI6IjwvaDI+In19@[\/et_pb_text][\/et_pb_column][\/et_pb_row][et_pb_row column_structure=&#8220;1_2,1_2&#8243; _builder_version=&#8220;4.4.7&#8243; custom_padding=&#8220;46px|||||&#8220;][et_pb_column type=&#8220;1_2&#8243; _builder_version=&#8220;4.4.7&#8243;][et_pb_text _builder_version=&#8220;4.4.7&#8243; hover_enabled=&#8220;0&#8243;] \u00a0Verpackungsfolien und Folien zur W\u00e4rme- und Schallisolierung werden durch physikalische Sch\u00e4umung von LDPE mit geschlossener Zellenstruktur hergestellt. Sie sind leicht, biegsam, leicht zu bearbeiten, gesundheitlich unbedenklich, langlebig, mit hoher Temperaturresistenz von -40 \u00b0C bis +70 \u00b0C. Sie sind sto\u00dfd\u00e4mmend. [\/et_pb_text][et_pb_text [&hellip;]<\/p>\n","protected":false},"author":1,"featured_media":0,"parent":798,"menu_order":0,"comment_status":"closed","ping_status":"closed","template":"","meta":{"_acf_changed":false,"_et_pb_use_builder":"on","_et_pb_old_content":"<!-- wp:divi\/placeholder \/-->","_et_gb_content_width":"","footnotes":""},"class_list":["post-1865","page","type-page","status-publish","hentry"],"acf":[],"yoast_head":"<!-- This site is optimized with the Yoast SEO plugin v23.7 - https:\/\/yoast.com\/wordpress\/plugins\/seo\/ -->\n<title>Polyethylen-Schaum | Europlast<\/title>\n<meta name=\"robots\" content=\"index, follow, max-snippet:-1, max-image-preview:large, max-video-preview:-1\" \/>\n<link rel=\"canonical\" href=\"https:\/\/www.europlast.cz\/de\/sortiment\/polyethylen-schaum\/\" \/>\n<meta property=\"og:locale\" content=\"de_DE\" \/>\n<meta property=\"og:type\" content=\"article\" \/>\n<meta property=\"og:title\" content=\"Polyethylen-Schaum | Europlast\" \/>\n<meta property=\"og:description\" content=\"[et_pb_section fb_built=&#8220;1&#8243; _builder_version=&#8220;4.4.7&#8243;][et_pb_row _builder_version=&#8220;4.4.7&#8243;][et_pb_column type=&#8220;4_4&#8243; _builder_version=&#8220;4.4.7&#8243;][et_pb_text _builder_version=&#8220;4.4.7&#8243; _dynamic_attributes=&#8220;content&#8220;]@ET-DC@eyJkeW5hbWljIjp0cnVlLCJjb250ZW50IjoicG9zdF90aXRsZSIsInNldHRpbmdzIjp7ImJlZm9yZSI6IjxoMj4iLCJhZnRlciI6IjwvaDI+In19@[\/et_pb_text][\/et_pb_column][\/et_pb_row][et_pb_row column_structure=&#8220;1_2,1_2&#8243; _builder_version=&#8220;4.4.7&#8243; custom_padding=&#8220;46px|||||&#8220;][et_pb_column type=&#8220;1_2&#8243; _builder_version=&#8220;4.4.7&#8243;][et_pb_text _builder_version=&#8220;4.4.7&#8243; hover_enabled=&#8220;0&#8243;] \u00a0Verpackungsfolien und Folien zur W\u00e4rme- und Schallisolierung werden durch physikalische Sch\u00e4umung von LDPE mit geschlossener Zellenstruktur hergestellt. Sie sind leicht, biegsam, leicht zu bearbeiten, gesundheitlich unbedenklich, langlebig, mit hoher Temperaturresistenz von -40 \u00b0C bis +70 \u00b0C. Sie sind sto\u00dfd\u00e4mmend. [\/et_pb_text][et_pb_text [&hellip;]\" \/>\n<meta property=\"og:url\" content=\"https:\/\/www.europlast.cz\/de\/sortiment\/polyethylen-schaum\/\" \/>\n<meta property=\"og:site_name\" content=\"Europlast\" \/>\n<meta property=\"article:modified_time\" content=\"2020-08-14T06:38:09+00:00\" \/>\n<meta property=\"og:image\" content=\"https:\/\/www.europlast.cz\/wp-content\/uploads\/2020\/06\/ep_Logo.png\" \/>\n\t<meta property=\"og:image:width\" content=\"381\" \/>\n\t<meta property=\"og:image:height\" content=\"144\" \/>\n\t<meta property=\"og:image:type\" content=\"image\/png\" \/>\n<meta name=\"twitter:card\" content=\"summary_large_image\" \/>\n<meta name=\"twitter:label1\" content=\"Gesch\u00e4tzte Lesezeit\" \/>\n\t<meta name=\"twitter:data1\" content=\"3\u00a0Minuten\" \/>\n<script type=\"application\/ld+json\" class=\"yoast-schema-graph\">{\"@context\":\"https:\/\/schema.org\",\"@graph\":[{\"@type\":\"WebPage\",\"@id\":\"https:\/\/www.europlast.cz\/de\/sortiment\/polyethylen-schaum\/\",\"url\":\"https:\/\/www.europlast.cz\/de\/sortiment\/polyethylen-schaum\/\",\"name\":\"Polyethylen-Schaum | Europlast\",\"isPartOf\":{\"@id\":\"https:\/\/www.europlast.cz\/#website\"},\"datePublished\":\"2020-05-27T10:50:11+00:00\",\"dateModified\":\"2020-08-14T06:38:09+00:00\",\"breadcrumb\":{\"@id\":\"https:\/\/www.europlast.cz\/de\/sortiment\/polyethylen-schaum\/#breadcrumb\"},\"inLanguage\":\"de\",\"potentialAction\":[{\"@type\":\"ReadAction\",\"target\":[\"https:\/\/www.europlast.cz\/de\/sortiment\/polyethylen-schaum\/\"]}]},{\"@type\":\"BreadcrumbList\",\"@id\":\"https:\/\/www.europlast.cz\/de\/sortiment\/polyethylen-schaum\/#breadcrumb\",\"itemListElement\":[{\"@type\":\"ListItem\",\"position\":1,\"name\":\"Zuhause\",\"item\":\"https:\/\/www.europlast.cz\/de\/domov\/\"},{\"@type\":\"ListItem\",\"position\":2,\"name\":\"Sortiment\",\"item\":\"https:\/\/www.europlast.cz\/de\/sortiment\/\"},{\"@type\":\"ListItem\",\"position\":3,\"name\":\"Polyethylen-Schaum\"}]},{\"@type\":\"WebSite\",\"@id\":\"https:\/\/www.europlast.cz\/#website\",\"url\":\"https:\/\/www.europlast.cz\/\",\"name\":\"Europlast\",\"description\":\"Obalov\u00e9 materi\u00e1ly a PE f\u00f3lie v prvot\u0159\u00eddn\u00ed kvalit\u011b\",\"potentialAction\":[{\"@type\":\"SearchAction\",\"target\":{\"@type\":\"EntryPoint\",\"urlTemplate\":\"https:\/\/www.europlast.cz\/?s={search_term_string}\"},\"query-input\":{\"@type\":\"PropertyValueSpecification\",\"valueRequired\":true,\"valueName\":\"search_term_string\"}}],\"inLanguage\":\"de\"}]}<\/script>\n<!-- \/ Yoast SEO plugin. -->","yoast_head_json":{"title":"Polyethylen-Schaum | Europlast","robots":{"index":"index","follow":"follow","max-snippet":"max-snippet:-1","max-image-preview":"max-image-preview:large","max-video-preview":"max-video-preview:-1"},"canonical":"https:\/\/www.europlast.cz\/de\/sortiment\/polyethylen-schaum\/","og_locale":"de_DE","og_type":"article","og_title":"Polyethylen-Schaum | Europlast","og_description":"[et_pb_section fb_built=&#8220;1&#8243; _builder_version=&#8220;4.4.7&#8243;][et_pb_row _builder_version=&#8220;4.4.7&#8243;][et_pb_column type=&#8220;4_4&#8243; _builder_version=&#8220;4.4.7&#8243;][et_pb_text _builder_version=&#8220;4.4.7&#8243; _dynamic_attributes=&#8220;content&#8220;]@ET-DC@eyJkeW5hbWljIjp0cnVlLCJjb250ZW50IjoicG9zdF90aXRsZSIsInNldHRpbmdzIjp7ImJlZm9yZSI6IjxoMj4iLCJhZnRlciI6IjwvaDI+In19@[\/et_pb_text][\/et_pb_column][\/et_pb_row][et_pb_row column_structure=&#8220;1_2,1_2&#8243; _builder_version=&#8220;4.4.7&#8243; custom_padding=&#8220;46px|||||&#8220;][et_pb_column type=&#8220;1_2&#8243; _builder_version=&#8220;4.4.7&#8243;][et_pb_text _builder_version=&#8220;4.4.7&#8243; hover_enabled=&#8220;0&#8243;] \u00a0Verpackungsfolien und Folien zur W\u00e4rme- und Schallisolierung werden durch physikalische Sch\u00e4umung von LDPE mit geschlossener Zellenstruktur hergestellt. Sie sind leicht, biegsam, leicht zu bearbeiten, gesundheitlich unbedenklich, langlebig, mit hoher Temperaturresistenz von -40 \u00b0C bis +70 \u00b0C. Sie sind sto\u00dfd\u00e4mmend. [\/et_pb_text][et_pb_text [&hellip;]","og_url":"https:\/\/www.europlast.cz\/de\/sortiment\/polyethylen-schaum\/","og_site_name":"Europlast","article_modified_time":"2020-08-14T06:38:09+00:00","og_image":[{"width":381,"height":144,"url":"https:\/\/www.europlast.cz\/wp-content\/uploads\/2020\/06\/ep_Logo.png","type":"image\/png"}],"twitter_card":"summary_large_image","twitter_misc":{"Gesch\u00e4tzte Lesezeit":"3\u00a0Minuten"},"schema":{"@context":"https:\/\/schema.org","@graph":[{"@type":"WebPage","@id":"https:\/\/www.europlast.cz\/de\/sortiment\/polyethylen-schaum\/","url":"https:\/\/www.europlast.cz\/de\/sortiment\/polyethylen-schaum\/","name":"Polyethylen-Schaum | Europlast","isPartOf":{"@id":"https:\/\/www.europlast.cz\/#website"},"datePublished":"2020-05-27T10:50:11+00:00","dateModified":"2020-08-14T06:38:09+00:00","breadcrumb":{"@id":"https:\/\/www.europlast.cz\/de\/sortiment\/polyethylen-schaum\/#breadcrumb"},"inLanguage":"de","potentialAction":[{"@type":"ReadAction","target":["https:\/\/www.europlast.cz\/de\/sortiment\/polyethylen-schaum\/"]}]},{"@type":"BreadcrumbList","@id":"https:\/\/www.europlast.cz\/de\/sortiment\/polyethylen-schaum\/#breadcrumb","itemListElement":[{"@type":"ListItem","position":1,"name":"Zuhause","item":"https:\/\/www.europlast.cz\/de\/domov\/"},{"@type":"ListItem","position":2,"name":"Sortiment","item":"https:\/\/www.europlast.cz\/de\/sortiment\/"},{"@type":"ListItem","position":3,"name":"Polyethylen-Schaum"}]},{"@type":"WebSite","@id":"https:\/\/www.europlast.cz\/#website","url":"https:\/\/www.europlast.cz\/","name":"Europlast","description":"Obalov\u00e9 materi\u00e1ly a PE f\u00f3lie v prvot\u0159\u00eddn\u00ed kvalit\u011b","potentialAction":[{"@type":"SearchAction","target":{"@type":"EntryPoint","urlTemplate":"https:\/\/www.europlast.cz\/?s={search_term_string}"},"query-input":{"@type":"PropertyValueSpecification","valueRequired":true,"valueName":"search_term_string"}}],"inLanguage":"de"}]}},"_links":{"self":[{"href":"https:\/\/www.europlast.cz\/de\/wp-json\/wp\/v2\/pages\/1865"}],"collection":[{"href":"https:\/\/www.europlast.cz\/de\/wp-json\/wp\/v2\/pages"}],"about":[{"href":"https:\/\/www.europlast.cz\/de\/wp-json\/wp\/v2\/types\/page"}],"author":[{"embeddable":true,"href":"https:\/\/www.europlast.cz\/de\/wp-json\/wp\/v2\/users\/1"}],"replies":[{"embeddable":true,"href":"https:\/\/www.europlast.cz\/de\/wp-json\/wp\/v2\/comments?post=1865"}],"version-history":[{"count":4,"href":"https:\/\/www.europlast.cz\/de\/wp-json\/wp\/v2\/pages\/1865\/revisions"}],"predecessor-version":[{"id":2106,"href":"https:\/\/www.europlast.cz\/de\/wp-json\/wp\/v2\/pages\/1865\/revisions\/2106"}],"up":[{"embeddable":true,"href":"https:\/\/www.europlast.cz\/de\/wp-json\/wp\/v2\/pages\/798"}],"wp:attachment":[{"href":"https:\/\/www.europlast.cz\/de\/wp-json\/wp\/v2\/media?parent=1865"}],"curies":[{"name":"wp","href":"https:\/\/api.w.org\/{rel}","templated":true}]}}