{"id":1828,"date":"2020-05-27T12:50:37","date_gmt":"2020-05-27T10:50:37","guid":{"rendered":"https:\/\/www.europlast.cz\/sortiment\/lepici-pasky\/"},"modified":"2020-08-14T08:23:26","modified_gmt":"2020-08-14T06:23:26","slug":"verpackungsbande","status":"publish","type":"page","link":"https:\/\/www.europlast.cz\/de\/sortiment\/verpackungsbande\/","title":{"rendered":"Verpackungsb\u00e4nde"},"content":{"rendered":"<p>[et_pb_section fb_built=&#8220;1&#8243; _builder_version=&#8220;4.4.7&#8243;][et_pb_row _builder_version=&#8220;4.4.7&#8243;][et_pb_column type=&#8220;4_4&#8243; _builder_version=&#8220;4.4.7&#8243;][et_pb_text _builder_version=&#8220;4.4.7&#8243; _dynamic_attributes=&#8220;content&#8220;]@ET-DC@eyJkeW5hbWljIjp0cnVlLCJjb250ZW50IjoicG9zdF90aXRsZSIsInNldHRpbmdzIjp7ImJlZm9yZSI6IjxoMj4iLCJhZnRlciI6IjwvaDI+In19@[\/et_pb_text][\/et_pb_column][\/et_pb_row][et_pb_row column_structure=&#8220;1_2,1_2&#8243; _builder_version=&#8220;4.4.7&#8243; custom_padding=&#8220;49px|||||&#8220;][et_pb_column type=&#8220;1_2&#8243; _builder_version=&#8220;4.4.7&#8243;][et_pb_text _builder_version=&#8220;4.4.7&#8243; hover_enabled=&#8220;0&#8243;]<\/p>\n<p><strong>Selbstklebende Packb\u00e4nder<\/strong> sind ideal zum Zukleben von Kartons oder zum Zusammenkleben von Verpackungsfolien. Durch die Kombination eines geeigneten Tr\u00e4gers und Klebstoffs lassen sich optimale L\u00f6sungen f\u00fcr jede Anwendungsart erzielen. <\/p>\n<p>[\/et_pb_text][et_pb_text _builder_version=&#8220;4.4.7&#8243; hover_enabled=&#8220;0&#8243;]<\/p>\n<p><strong>Grundfarben<\/strong>: braun (Havanna), transparent, wei\u00df. <\/p>\n<p>[\/et_pb_text][\/et_pb_column][et_pb_column type=&#8220;1_2&#8243; _builder_version=&#8220;4.4.7&#8243;][et_pb_image src=&#8220;https:\/\/www.europlast.cz\/wp-content\/uploads\/2020\/08\/BPE00097-Tesa_vystrazna_paska_60760_01.png&#8220; title_text=&#8220;BPE00097-Tesa_vystrazna_paska_60760_01&#8243; _builder_version=&#8220;4.4.7&#8243;][\/et_pb_image][\/et_pb_column][\/et_pb_row][et_pb_row column_structure=&#8220;1_2,1_2&#8243; _builder_version=&#8220;4.4.7&#8243; custom_padding=&#8220;49px|||||&#8220;][et_pb_column type=&#8220;1_2&#8243; _builder_version=&#8220;4.4.7&#8243;][et_pb_image src=&#8220;https:\/\/www.europlast.cz\/wp-content\/uploads\/2020\/08\/BPE00290_Balici_paska_48x66_cervena_01.png&#8220; title_text=&#8220;BPE00290_Balici_paska_48x66_cervena_01&#8243; _builder_version=&#8220;4.4.7&#8243;][\/et_pb_image][\/et_pb_column][et_pb_column type=&#8220;1_2&#8243; _builder_version=&#8220;4.4.7&#8243;][et_pb_text _builder_version=&#8220;4.4.7&#8243; header_3_text_color=&#8220;#005795&#8243; hover_enabled=&#8220;0&#8243;]<\/p>\n<h3><span lang=\"cs\">Tr\u00e4ger<o:p><\/o:p><\/span><\/h3>\n<p>[\/et_pb_text][et_pb_text _builder_version=&#8220;4.4.7&#8243; hover_enabled=&#8220;0&#8243;]<\/p>\n<ul>\n<li><span>BOPP &#8211; biaxial orientiertes Polypropylen<\/span><\/li>\n<li><span>Papier<\/span><\/li>\n<li><span>PVC<\/span><\/li>\n<\/ul>\n<p>[\/et_pb_text][et_pb_text _builder_version=&#8220;4.4.7&#8243; header_3_text_color=&#8220;#005795&#8243; hover_enabled=&#8220;0&#8243;]<\/p>\n<h3><span lang=\"cs\">Klebstoff<o:p><\/o:p><\/span><\/h3>\n<p>[\/et_pb_text][et_pb_text _builder_version=&#8220;4.4.7&#8243; hover_enabled=&#8220;0&#8243;]<\/p>\n<ul>\n<li><span>Hotmelt &#8211; ideales Preis-Leistungs-Verh\u00e4ltnis, ausgezeichnete Klebekraft auf den meisten Materialien<\/span><\/li>\n<li><span>Solvent &#8211; anspruchsvolle Anwendung &#8211; Kleben von PE-Folien<\/span><\/li>\n<li><span>Akrylat \u2013 best\u00e4ndig gegen UV-Strahlung<\/span><\/li>\n<\/ul>\n<p>[\/et_pb_text][et_pb_text _builder_version=&#8220;4.4.7&#8243; hover_enabled=&#8220;0&#8243;]<\/p>\n<p><span><strong>Kunststoffb\u00e4nder mit Aufdruck<\/strong> &#8211; 1 bis 3 Farben<\/span><\/p>\n<p>[\/et_pb_text][\/et_pb_column][\/et_pb_row][et_pb_row _builder_version=&#8220;4.4.7&#8243; column_structure=&#8220;2_3,1_3&#8243; custom_padding=&#8220;51px|||||&#8220;][et_pb_column _builder_version=&#8220;4.4.7&#8243; type=&#8220;2_3&#8243;][et_pb_text _builder_version=&#8220;4.4.7&#8243; header_3_text_color=&#8220;#005795&#8243; hover_enabled=&#8220;0&#8243;]<\/p>\n<h3><span lang=\"cs\">Handabroller f\u00fcr selbstklebende Packb\u00e4nder<o:p><\/o:p><\/span><\/h3>\n<p>[\/et_pb_text][et_pb_text _builder_version=&#8220;4.4.7&#8243; header_3_text_color=&#8220;#005795&#8243; hover_enabled=&#8220;0&#8243;]<\/p>\n<p><span>Einfache Anwendung von<strong> PP-Klebeb\u00e4ndern<\/strong> f\u00fcr B\u00e4nder mit Breiten von 48 (50) oder 75 mm in Grundausf\u00fchrung oder mit Bremse zur optimalen Einstellung der Abrollung.<\/span><\/p>\n<p>[\/et_pb_text][\/et_pb_column][et_pb_column _builder_version=&#8220;4.4.7&#8243; type=&#8220;1_3&#8243;][\/et_pb_column][\/et_pb_row][et_pb_row column_structure=&#8220;1_2,1_2&#8243; _builder_version=&#8220;4.4.7&#8243; custom_padding=&#8220;58px|||||&#8220;][et_pb_column type=&#8220;1_2&#8243; _builder_version=&#8220;4.4.7&#8243;][et_pb_text _builder_version=&#8220;4.4.7&#8243; header_3_text_color=&#8220;#005795&#8243; hover_enabled=&#8220;0&#8243;]<\/p>\n<h3><span lang=\"cs\">Abmessungen der B\u00e4nder f\u00fcr Handverpackung:<o:p><\/o:p><\/span><\/h3>\n<p>[\/et_pb_text][et_pb_text _builder_version=&#8220;4.4.7&#8243; header_3_text_color=&#8220;#005795&#8243; hover_enabled=&#8220;0&#8243;]<\/p>\n<table width=\"100%\">\n<tbody>\n<tr>\n<td>\n<p><strong>B\u00e4nderbreiten<\/strong><\/p>\n<\/td>\n<td>\n<p><span>25, 38, 48, 75 mm<\/span><\/p>\n<\/td>\n<\/tr>\n<tr>\n<td>\n<p><strong>Rolle<\/strong><\/p>\n<\/td>\n<td>\n<p><span>60-66 m<\/span><\/p>\n<\/td>\n<\/tr>\n<\/tbody>\n<\/table>\n<p>[\/et_pb_text][et_pb_image src=&#8220;https:\/\/www.europlast.cz\/wp-content\/uploads\/2020\/08\/Rucni-Odvijec_lepici_pasky_K20.png&#8220; title_text=&#8220;Rucni-Odvijec_lepici_pasky_K20&#8243; _builder_version=&#8220;4.4.7&#8243;][\/et_pb_image][\/et_pb_column][et_pb_column type=&#8220;1_2&#8243; _builder_version=&#8220;4.4.7&#8243;][et_pb_text _builder_version=&#8220;4.4.7&#8243; header_3_text_color=&#8220;#005795&#8243; hover_enabled=&#8220;0&#8243;]<\/p>\n<h3>Abmessungen der B\u00e4nder f\u00fcr Maschinenverpackung:<\/h3>\n<p>[\/et_pb_text][et_pb_text _builder_version=&#8220;4.4.7&#8243; header_3_text_color=&#8220;#005795&#8243; hover_enabled=&#8220;0&#8243;]<\/p>\n<table width=\"100%\">\n<tbody>\n<tr>\n<td>\n<p><strong>B\u00e4nderbreite<\/strong><\/p>\n<\/td>\n<td>\n<p><span>48 mm<\/span><\/p>\n<\/td>\n<\/tr>\n<tr>\n<td>\n<p><strong>Rolle<\/strong><\/p>\n<\/td>\n<td>\n<p><span>990 m<\/span><\/p>\n<\/td>\n<\/tr>\n<\/tbody>\n<\/table>\n<p>[\/et_pb_text][et_pb_image src=&#8220;https:\/\/www.europlast.cz\/wp-content\/uploads\/2020\/08\/Lepici-pasky-strojne1.jpg&#8220; title_text=&#8220;OLYMPUS DIGITAL CAMERA&#8220; _builder_version=&#8220;4.4.7&#8243;][\/et_pb_image][\/et_pb_column][\/et_pb_row][et_pb_row _builder_version=&#8220;4.4.7&#8243;][et_pb_column type=&#8220;4_4&#8243; _builder_version=&#8220;4.4.7&#8243;][et_pb_image src=&#8220;https:\/\/www.europlast.cz\/wp-content\/uploads\/2020\/08\/Lepici-pasky-hlavni.jpg&#8220; title_text=&#8220;Lepici-pasky-hlavni&#8220; force_fullwidth=&#8220;on&#8220; _builder_version=&#8220;4.4.7&#8243; custom_padding=&#8220;5px|||||&#8220;][\/et_pb_image][\/et_pb_column][\/et_pb_row][\/et_pb_section]<\/p>\n","protected":false},"excerpt":{"rendered":"<p>[et_pb_section fb_built=&#8220;1&#8243; _builder_version=&#8220;4.4.7&#8243;][et_pb_row _builder_version=&#8220;4.4.7&#8243;][et_pb_column type=&#8220;4_4&#8243; _builder_version=&#8220;4.4.7&#8243;][et_pb_text _builder_version=&#8220;4.4.7&#8243; _dynamic_attributes=&#8220;content&#8220;]@ET-DC@eyJkeW5hbWljIjp0cnVlLCJjb250ZW50IjoicG9zdF90aXRsZSIsInNldHRpbmdzIjp7ImJlZm9yZSI6IjxoMj4iLCJhZnRlciI6IjwvaDI+In19@[\/et_pb_text][\/et_pb_column][\/et_pb_row][et_pb_row column_structure=&#8220;1_2,1_2&#8243; _builder_version=&#8220;4.4.7&#8243; custom_padding=&#8220;49px|||||&#8220;][et_pb_column type=&#8220;1_2&#8243; _builder_version=&#8220;4.4.7&#8243;][et_pb_text _builder_version=&#8220;4.4.7&#8243; hover_enabled=&#8220;0&#8243;] Selbstklebende Packb\u00e4nder sind ideal zum Zukleben von Kartons oder zum Zusammenkleben von Verpackungsfolien. Durch die Kombination eines geeigneten Tr\u00e4gers und Klebstoffs lassen sich optimale L\u00f6sungen f\u00fcr jede Anwendungsart erzielen. [\/et_pb_text][et_pb_text _builder_version=&#8220;4.4.7&#8243; hover_enabled=&#8220;0&#8243;] Grundfarben: braun (Havanna), transparent, wei\u00df. [\/et_pb_text][\/et_pb_column][et_pb_column type=&#8220;1_2&#8243; _builder_version=&#8220;4.4.7&#8243;][et_pb_image [&hellip;]<\/p>\n","protected":false},"author":1,"featured_media":0,"parent":798,"menu_order":0,"comment_status":"closed","ping_status":"closed","template":"","meta":{"_acf_changed":false,"_et_pb_use_builder":"on","_et_pb_old_content":"<!-- wp:divi\/placeholder \/-->","_et_gb_content_width":"","footnotes":""},"class_list":["post-1828","page","type-page","status-publish","hentry"],"acf":[],"yoast_head":"<!-- This site is optimized with the Yoast SEO plugin v23.7 - https:\/\/yoast.com\/wordpress\/plugins\/seo\/ -->\n<title>Verpackungsb\u00e4nde | Europlast<\/title>\n<meta name=\"robots\" content=\"index, follow, max-snippet:-1, max-image-preview:large, max-video-preview:-1\" \/>\n<link rel=\"canonical\" href=\"https:\/\/www.europlast.cz\/de\/sortiment\/verpackungsbande\/\" \/>\n<meta property=\"og:locale\" content=\"de_DE\" \/>\n<meta property=\"og:type\" content=\"article\" \/>\n<meta property=\"og:title\" content=\"Verpackungsb\u00e4nde | Europlast\" \/>\n<meta property=\"og:description\" content=\"[et_pb_section fb_built=&#8220;1&#8243; _builder_version=&#8220;4.4.7&#8243;][et_pb_row _builder_version=&#8220;4.4.7&#8243;][et_pb_column type=&#8220;4_4&#8243; _builder_version=&#8220;4.4.7&#8243;][et_pb_text _builder_version=&#8220;4.4.7&#8243; _dynamic_attributes=&#8220;content&#8220;]@ET-DC@eyJkeW5hbWljIjp0cnVlLCJjb250ZW50IjoicG9zdF90aXRsZSIsInNldHRpbmdzIjp7ImJlZm9yZSI6IjxoMj4iLCJhZnRlciI6IjwvaDI+In19@[\/et_pb_text][\/et_pb_column][\/et_pb_row][et_pb_row column_structure=&#8220;1_2,1_2&#8243; _builder_version=&#8220;4.4.7&#8243; custom_padding=&#8220;49px|||||&#8220;][et_pb_column type=&#8220;1_2&#8243; _builder_version=&#8220;4.4.7&#8243;][et_pb_text _builder_version=&#8220;4.4.7&#8243; hover_enabled=&#8220;0&#8243;] Selbstklebende Packb\u00e4nder sind ideal zum Zukleben von Kartons oder zum Zusammenkleben von Verpackungsfolien. Durch die Kombination eines geeigneten Tr\u00e4gers und Klebstoffs lassen sich optimale L\u00f6sungen f\u00fcr jede Anwendungsart erzielen. [\/et_pb_text][et_pb_text _builder_version=&#8220;4.4.7&#8243; hover_enabled=&#8220;0&#8243;] Grundfarben: braun (Havanna), transparent, wei\u00df. [\/et_pb_text][\/et_pb_column][et_pb_column type=&#8220;1_2&#8243; _builder_version=&#8220;4.4.7&#8243;][et_pb_image [&hellip;]\" \/>\n<meta property=\"og:url\" content=\"https:\/\/www.europlast.cz\/de\/sortiment\/verpackungsbande\/\" \/>\n<meta property=\"og:site_name\" content=\"Europlast\" \/>\n<meta property=\"article:modified_time\" content=\"2020-08-14T06:23:26+00:00\" \/>\n<meta property=\"og:image\" content=\"https:\/\/www.europlast.cz\/wp-content\/uploads\/2020\/06\/ep_Logo.png\" \/>\n\t<meta property=\"og:image:width\" content=\"381\" \/>\n\t<meta property=\"og:image:height\" content=\"144\" \/>\n\t<meta property=\"og:image:type\" content=\"image\/png\" \/>\n<meta name=\"twitter:card\" content=\"summary_large_image\" \/>\n<meta name=\"twitter:label1\" content=\"Gesch\u00e4tzte Lesezeit\" \/>\n\t<meta name=\"twitter:data1\" content=\"3\u00a0Minuten\" \/>\n<script type=\"application\/ld+json\" class=\"yoast-schema-graph\">{\"@context\":\"https:\/\/schema.org\",\"@graph\":[{\"@type\":\"WebPage\",\"@id\":\"https:\/\/www.europlast.cz\/de\/sortiment\/verpackungsbande\/\",\"url\":\"https:\/\/www.europlast.cz\/de\/sortiment\/verpackungsbande\/\",\"name\":\"Verpackungsb\u00e4nde | Europlast\",\"isPartOf\":{\"@id\":\"https:\/\/www.europlast.cz\/#website\"},\"datePublished\":\"2020-05-27T10:50:37+00:00\",\"dateModified\":\"2020-08-14T06:23:26+00:00\",\"breadcrumb\":{\"@id\":\"https:\/\/www.europlast.cz\/de\/sortiment\/verpackungsbande\/#breadcrumb\"},\"inLanguage\":\"de\",\"potentialAction\":[{\"@type\":\"ReadAction\",\"target\":[\"https:\/\/www.europlast.cz\/de\/sortiment\/verpackungsbande\/\"]}]},{\"@type\":\"BreadcrumbList\",\"@id\":\"https:\/\/www.europlast.cz\/de\/sortiment\/verpackungsbande\/#breadcrumb\",\"itemListElement\":[{\"@type\":\"ListItem\",\"position\":1,\"name\":\"Zuhause\",\"item\":\"https:\/\/www.europlast.cz\/de\/domov\/\"},{\"@type\":\"ListItem\",\"position\":2,\"name\":\"Sortiment\",\"item\":\"https:\/\/www.europlast.cz\/de\/sortiment\/\"},{\"@type\":\"ListItem\",\"position\":3,\"name\":\"Verpackungsb\u00e4nde\"}]},{\"@type\":\"WebSite\",\"@id\":\"https:\/\/www.europlast.cz\/#website\",\"url\":\"https:\/\/www.europlast.cz\/\",\"name\":\"Europlast\",\"description\":\"Obalov\u00e9 materi\u00e1ly a PE f\u00f3lie v prvot\u0159\u00eddn\u00ed kvalit\u011b\",\"potentialAction\":[{\"@type\":\"SearchAction\",\"target\":{\"@type\":\"EntryPoint\",\"urlTemplate\":\"https:\/\/www.europlast.cz\/?s={search_term_string}\"},\"query-input\":{\"@type\":\"PropertyValueSpecification\",\"valueRequired\":true,\"valueName\":\"search_term_string\"}}],\"inLanguage\":\"de\"}]}<\/script>\n<!-- \/ Yoast SEO plugin. -->","yoast_head_json":{"title":"Verpackungsb\u00e4nde | Europlast","robots":{"index":"index","follow":"follow","max-snippet":"max-snippet:-1","max-image-preview":"max-image-preview:large","max-video-preview":"max-video-preview:-1"},"canonical":"https:\/\/www.europlast.cz\/de\/sortiment\/verpackungsbande\/","og_locale":"de_DE","og_type":"article","og_title":"Verpackungsb\u00e4nde | Europlast","og_description":"[et_pb_section fb_built=&#8220;1&#8243; _builder_version=&#8220;4.4.7&#8243;][et_pb_row _builder_version=&#8220;4.4.7&#8243;][et_pb_column type=&#8220;4_4&#8243; _builder_version=&#8220;4.4.7&#8243;][et_pb_text _builder_version=&#8220;4.4.7&#8243; _dynamic_attributes=&#8220;content&#8220;]@ET-DC@eyJkeW5hbWljIjp0cnVlLCJjb250ZW50IjoicG9zdF90aXRsZSIsInNldHRpbmdzIjp7ImJlZm9yZSI6IjxoMj4iLCJhZnRlciI6IjwvaDI+In19@[\/et_pb_text][\/et_pb_column][\/et_pb_row][et_pb_row column_structure=&#8220;1_2,1_2&#8243; _builder_version=&#8220;4.4.7&#8243; custom_padding=&#8220;49px|||||&#8220;][et_pb_column type=&#8220;1_2&#8243; _builder_version=&#8220;4.4.7&#8243;][et_pb_text _builder_version=&#8220;4.4.7&#8243; hover_enabled=&#8220;0&#8243;] Selbstklebende Packb\u00e4nder sind ideal zum Zukleben von Kartons oder zum Zusammenkleben von Verpackungsfolien. Durch die Kombination eines geeigneten Tr\u00e4gers und Klebstoffs lassen sich optimale L\u00f6sungen f\u00fcr jede Anwendungsart erzielen. [\/et_pb_text][et_pb_text _builder_version=&#8220;4.4.7&#8243; hover_enabled=&#8220;0&#8243;] Grundfarben: braun (Havanna), transparent, wei\u00df. [\/et_pb_text][\/et_pb_column][et_pb_column type=&#8220;1_2&#8243; _builder_version=&#8220;4.4.7&#8243;][et_pb_image [&hellip;]","og_url":"https:\/\/www.europlast.cz\/de\/sortiment\/verpackungsbande\/","og_site_name":"Europlast","article_modified_time":"2020-08-14T06:23:26+00:00","og_image":[{"width":381,"height":144,"url":"https:\/\/www.europlast.cz\/wp-content\/uploads\/2020\/06\/ep_Logo.png","type":"image\/png"}],"twitter_card":"summary_large_image","twitter_misc":{"Gesch\u00e4tzte Lesezeit":"3\u00a0Minuten"},"schema":{"@context":"https:\/\/schema.org","@graph":[{"@type":"WebPage","@id":"https:\/\/www.europlast.cz\/de\/sortiment\/verpackungsbande\/","url":"https:\/\/www.europlast.cz\/de\/sortiment\/verpackungsbande\/","name":"Verpackungsb\u00e4nde | Europlast","isPartOf":{"@id":"https:\/\/www.europlast.cz\/#website"},"datePublished":"2020-05-27T10:50:37+00:00","dateModified":"2020-08-14T06:23:26+00:00","breadcrumb":{"@id":"https:\/\/www.europlast.cz\/de\/sortiment\/verpackungsbande\/#breadcrumb"},"inLanguage":"de","potentialAction":[{"@type":"ReadAction","target":["https:\/\/www.europlast.cz\/de\/sortiment\/verpackungsbande\/"]}]},{"@type":"BreadcrumbList","@id":"https:\/\/www.europlast.cz\/de\/sortiment\/verpackungsbande\/#breadcrumb","itemListElement":[{"@type":"ListItem","position":1,"name":"Zuhause","item":"https:\/\/www.europlast.cz\/de\/domov\/"},{"@type":"ListItem","position":2,"name":"Sortiment","item":"https:\/\/www.europlast.cz\/de\/sortiment\/"},{"@type":"ListItem","position":3,"name":"Verpackungsb\u00e4nde"}]},{"@type":"WebSite","@id":"https:\/\/www.europlast.cz\/#website","url":"https:\/\/www.europlast.cz\/","name":"Europlast","description":"Obalov\u00e9 materi\u00e1ly a PE f\u00f3lie v prvot\u0159\u00eddn\u00ed kvalit\u011b","potentialAction":[{"@type":"SearchAction","target":{"@type":"EntryPoint","urlTemplate":"https:\/\/www.europlast.cz\/?s={search_term_string}"},"query-input":{"@type":"PropertyValueSpecification","valueRequired":true,"valueName":"search_term_string"}}],"inLanguage":"de"}]}},"_links":{"self":[{"href":"https:\/\/www.europlast.cz\/de\/wp-json\/wp\/v2\/pages\/1828"}],"collection":[{"href":"https:\/\/www.europlast.cz\/de\/wp-json\/wp\/v2\/pages"}],"about":[{"href":"https:\/\/www.europlast.cz\/de\/wp-json\/wp\/v2\/types\/page"}],"author":[{"embeddable":true,"href":"https:\/\/www.europlast.cz\/de\/wp-json\/wp\/v2\/users\/1"}],"replies":[{"embeddable":true,"href":"https:\/\/www.europlast.cz\/de\/wp-json\/wp\/v2\/comments?post=1828"}],"version-history":[{"count":4,"href":"https:\/\/www.europlast.cz\/de\/wp-json\/wp\/v2\/pages\/1828\/revisions"}],"predecessor-version":[{"id":2089,"href":"https:\/\/www.europlast.cz\/de\/wp-json\/wp\/v2\/pages\/1828\/revisions\/2089"}],"up":[{"embeddable":true,"href":"https:\/\/www.europlast.cz\/de\/wp-json\/wp\/v2\/pages\/798"}],"wp:attachment":[{"href":"https:\/\/www.europlast.cz\/de\/wp-json\/wp\/v2\/media?parent=1828"}],"curies":[{"name":"wp","href":"https:\/\/api.w.org\/{rel}","templated":true}]}}