{"id":1463,"date":"2020-08-11T12:59:26","date_gmt":"2020-08-11T10:59:26","guid":{"rendered":"https:\/\/www.europlast.cz\/sortiment\/pe-folie\/aplikace\/"},"modified":"2020-10-16T16:15:05","modified_gmt":"2020-10-16T14:15:05","slug":"verwendung","status":"publish","type":"page","link":"https:\/\/www.europlast.cz\/de\/sortiment\/polyethylen-folien\/verwendung\/","title":{"rendered":"Verwendung"},"content":{"rendered":"<p>[et_pb_section fb_built=&#8220;1&#8243; _builder_version=&#8220;4.4.7&#8243;][et_pb_row _builder_version=&#8220;4.4.7&#8243;][et_pb_column type=&#8220;4_4&#8243; _builder_version=&#8220;4.4.7&#8243;][et_pb_text _builder_version=&#8220;4.4.7&#8243; hover_enabled=&#8220;0&#8243;]<\/p>\n<h2>PE-Folien (Polyethylen-Folien)<\/h2>\n<p>[\/et_pb_text][\/et_pb_column][\/et_pb_row][et_pb_row module_class=&#8220;btn-inline&#8220; _builder_version=&#8220;4.4.7&#8243; module_alignment=&#8220;center&#8220; custom_padding=&#8220;||0px||false|false&#8220; border_width_bottom=&#8220;3px&#8220; border_color_bottom=&#8220;rgba(51,51,51,0.1)&#8220;][et_pb_column type=&#8220;4_4&#8243; _builder_version=&#8220;4.4.7&#8243;][et_pb_button button_url=&#8220;@ET-DC@eyJkeW5hbWljIjp0cnVlLCJjb250ZW50IjoicG9zdF9saW5rX3VybF9wYWdlIiwic2V0dGluZ3MiOnsicG9zdF9pZCI6IjEzMDcifX0=@&#8220; button_text=&#8220;W\u00e4rmeschrumpffolien&#8220; module_class=&#8220;btn-inline&#8220; _builder_version=&#8220;4.4.7&#8243; _dynamic_attributes=&#8220;button_url&#8220; custom_button=&#8220;on&#8220; button_text_size=&#8220;18px&#8220; button_text_color=&#8220;rgba(12,113,195,0.39)&#8220; button_border_width=&#8220;0px&#8220; button_use_icon=&#8220;off&#8220; custom_margin=&#8220;|10px|0px|10px|false|false&#8220; custom_padding=&#8220;|0px||0px|false|false&#8220;][\/et_pb_button][et_pb_button button_url=&#8220;@ET-DC@eyJkeW5hbWljIjp0cnVlLCJjb250ZW50IjoicG9zdF9saW5rX3VybF9wYWdlIiwic2V0dGluZ3MiOnsicG9zdF9pZCI6IjEzMDkifX0=@&#8220; button_text=&#8220;Folie f\u00fcr Druck und Laminierung&#8220; module_class=&#8220;btn-inline&#8220; _builder_version=&#8220;4.4.7&#8243; _dynamic_attributes=&#8220;button_url&#8220; custom_button=&#8220;on&#8220; button_text_size=&#8220;18px&#8220; button_text_color=&#8220;rgba(12,113,195,0.39)&#8220; button_border_width=&#8220;0px&#8220; button_use_icon=&#8220;off&#8220; custom_margin=&#8220;|10px|0px|10px|false|false&#8220; custom_padding=&#8220;|0px||0px|false|false&#8220;][\/et_pb_button][et_pb_button button_url=&#8220;@ET-DC@eyJkeW5hbWljIjp0cnVlLCJjb250ZW50IjoicG9zdF9saW5rX3VybF9wYWdlIiwic2V0dGluZ3MiOnsicG9zdF9pZCI6IjEzMTEifX0=@&#8220; button_text=&#8220;Konfektion und Regranulat&#8220; module_class=&#8220;btn-inline&#8220; _builder_version=&#8220;4.4.7&#8243; _dynamic_attributes=&#8220;button_url&#8220; custom_button=&#8220;on&#8220; button_text_size=&#8220;18px&#8220; button_text_color=&#8220;rgba(12,113,195,0.39)&#8220; button_border_width=&#8220;0px&#8220; button_use_icon=&#8220;off&#8220; custom_margin=&#8220;|10px|0px|10px|false|false&#8220; custom_padding=&#8220;|0px||0px|false|false&#8220;][\/et_pb_button][et_pb_button button_url=&#8220;@ET-DC@eyJkeW5hbWljIjp0cnVlLCJjb250ZW50IjoicG9zdF9saW5rX3VybF9wYWdlIiwic2V0dGluZ3MiOnsicG9zdF9pZCI6IjEzMTMifX0=@&#8220; button_text=&#8220;Verwendung&#8220; module_class=&#8220;btn-inline&#8220; _builder_version=&#8220;4.4.7&#8243; _dynamic_attributes=&#8220;button_url&#8220; custom_button=&#8220;on&#8220; button_text_size=&#8220;18px&#8220; button_text_color=&#8220;#000000&#8243; button_border_width=&#8220;3px&#8220; button_border_color=&#8220;#e02b20&#8243; button_border_radius=&#8220;0px&#8220; button_use_icon=&#8220;off&#8220; custom_margin=&#8220;|10px|-3px|10px|false|false&#8220; custom_padding=&#8220;|0px||0px|false|false&#8220; custom_css_main_element=&#8220;border-top: none !important;||border-left: none !important;||border-right: none !important;&#8220;][\/et_pb_button][\/et_pb_column][\/et_pb_row][et_pb_row column_structure=&#8220;2_3,1_3&#8243; _builder_version=&#8220;4.4.7&#8243; custom_padding=&#8220;66px|||||&#8220;][et_pb_column type=&#8220;2_3&#8243; _builder_version=&#8220;4.4.7&#8243;][et_pb_text _builder_version=&#8220;4.4.7&#8243; text_text_color=&#8220;#005795&#8243; header_text_color=&#8220;#005795&#8243; header_3_text_color=&#8220;#005795&#8243;]<\/p>\n<h3>Die Verpackungen werden je nach Verwendung wie folgt eingeteilt:<\/h3>\n<p>[\/et_pb_text][et_pb_text _builder_version=&#8220;4.4.7&#8243;]<\/p>\n<ul>\n<li>Transportverpackungen<\/li>\n<li>Gruppenverpackungen<\/li>\n<li>Verbrauchsverpackungen f\u00fcr Druck und Laminierung<\/li>\n<li>Schutzverpackungen<\/li>\n<\/ul>\n<p>[\/et_pb_text][\/et_pb_column][et_pb_column type=&#8220;1_3&#8243; _builder_version=&#8220;4.4.7&#8243;][\/et_pb_column][\/et_pb_row][et_pb_row column_structure=&#8220;1_2,1_2&#8243; _builder_version=&#8220;4.4.7&#8243; custom_padding=&#8220;46px|||||&#8220;][et_pb_column type=&#8220;1_2&#8243; _builder_version=&#8220;4.4.7&#8243;][et_pb_text _builder_version=&#8220;4.4.7&#8243; text_text_color=&#8220;#005795&#8243; header_text_color=&#8220;#005795&#8243; header_3_text_color=&#8220;#005795&#8243;]<\/p>\n<h3>Transportverpackungen<\/h3>\n<p>[\/et_pb_text][et_pb_text _builder_version=&#8220;4.4.7&#8243;]<\/p>\n<p><span>Verpackung von:<\/span><br \/><span>&#8211; Ziegeln<\/span><br \/><span>&#8211; Dachtaschen<\/span><br \/><span>&#8211; Glaskartons<\/span><br \/><span>&#8211; S\u00e4cken mit Baumaterial<\/span><br \/><span>&#8211; Komponenten von Industrieprodukten<\/span><br \/><span>&#8211; Kunststoffeimern.<\/span><\/p>\n<p><strong>Schl\u00e4uche<\/strong><span>\u00a0oder\u00a0<\/span><strong>Foliens\u00e4cke<\/strong><span>\u00a0f\u00fcr Palettisierung mit St\u00e4rken von 60my bis 1200my. Breite je nach Art und Abmessung der verpackten Ware. Stretchhood-Schl\u00e4uche.<\/span><br \/><span>PE-Folien der neuen Generation. Sie werden f\u00fcr das Verpacken von Paletten vor allem im Bauwesen verwendet. Die Folien werden in St\u00e4rken von 80 my bis 130 my, je nach der Art der zu verpackenden Ware, angeboten.<\/span><\/p>\n<p>[\/et_pb_text][\/et_pb_column][et_pb_column type=&#8220;1_2&#8243; _builder_version=&#8220;4.4.7&#8243;][et_pb_image src=&#8220;https:\/\/www.europlast.cz\/wp-content\/uploads\/2020\/08\/PE-folia-Eudex-e1596695953979.jpg&#8220; title_text=&#8220;OLYMPUS DIGITAL CAMERA&#8220; _builder_version=&#8220;4.4.7&#8243; custom_margin=&#8220;-7px|||||&#8220; custom_padding=&#8220;8px||||false|false&#8220;][\/et_pb_image][\/et_pb_column][\/et_pb_row][et_pb_row column_structure=&#8220;1_2,1_2&#8243; _builder_version=&#8220;4.4.7&#8243; custom_padding=&#8220;46px|||||&#8220;][et_pb_column type=&#8220;1_2&#8243; _builder_version=&#8220;4.4.7&#8243;][et_pb_image src=&#8220;https:\/\/www.europlast.cz\/wp-content\/uploads\/2020\/08\/PE-folia-Tridex.jpg&#8220; title_text=&#8220;OLYMPUS DIGITAL CAMERA&#8220; _builder_version=&#8220;4.4.7&#8243; custom_margin=&#8220;-7px|||||&#8220; custom_padding=&#8220;8px||||false|false&#8220;][\/et_pb_image][\/et_pb_column][et_pb_column type=&#8220;1_2&#8243; _builder_version=&#8220;4.4.7&#8243;][et_pb_text _builder_version=&#8220;4.4.7&#8243; text_text_color=&#8220;#005795&#8243; header_text_color=&#8220;#005795&#8243; header_3_text_color=&#8220;#005795&#8243;]<\/p>\n<h3>Gruppenverpackungen<\/h3>\n<p>[\/et_pb_text][et_pb_text _builder_version=&#8220;4.4.7&#8243;]<\/p>\n<p><span>&#8211; PET-Wasserflaschen<\/span><br \/><span>&#8211; Konserven<\/span><br \/><span>&#8211; Mayonnaisen<\/span><br \/><span>&#8211; Papierprodukte<\/span><br \/><span>&#8211; Mehl, Zucker<\/span><br \/><span>&#8211; Isolierwatten<\/span><br \/><span>&#8211; Polystyrene<\/span><br \/><span>&#8211; Holzprofile<\/span><\/p>\n<p><strong>Flache Folien<\/strong><span>\u00a0oder\u00a0<\/span><strong>Halbschl\u00e4uche<\/strong><span>\u00a0f\u00fcr das Verpacken von Mineralwasser, Briketts, Mehl, Schokolade. Wir empfehlen\u00a0<\/span><strong>Folien<\/strong><span>\u00a0mit St\u00e4rken von 20my bis 80my.<\/span><br \/><span>Je nach Art der zu verpackenden Ware.<\/span><\/p>\n<p>[\/et_pb_text][\/et_pb_column][\/et_pb_row][et_pb_row column_structure=&#8220;1_2,1_2&#8243; _builder_version=&#8220;4.4.7&#8243; custom_padding=&#8220;46px|||||&#8220;][et_pb_column type=&#8220;1_2&#8243; _builder_version=&#8220;4.4.7&#8243;][et_pb_text _builder_version=&#8220;4.4.7&#8243; text_text_color=&#8220;#005795&#8243; header_text_color=&#8220;#005795&#8243; header_3_text_color=&#8220;#005795&#8243;]<\/p>\n<h3>Verbrauchsverpackungen f\u00fcr Druck und Laminierung<\/h3>\n<p>[\/et_pb_text][et_pb_text _builder_version=&#8220;4.4.7&#8243;]<\/p>\n<p><span>&#8211; Hygieneprogramm<\/span><br \/><span>&#8211; Zeitschriften und Flyer<\/span><br \/><span>&#8211; Waschpulver<\/span><br \/><span>&#8211; Tierfutter<\/span><br \/><span>&#8211; Trockenfr\u00fcchte<\/span><br \/><span>&#8211; Tiefk\u00fchlprodukte<\/span><br \/><span>&#8211; Erden<\/span><br \/><span>&#8211; Sch\u00fcttmischungen<\/span><\/p>\n<p><span>Speziell entwickelte Folien mit einer Sperre gegen aggressive Stoffe.<\/span><br \/><span>Verwendung finden sie beim Verpacken von Gem\u00fcse, Tierfutter, Waschmitteln. Sie besitzen eine ausgezeichnete Schwei\u00dfbarkeit. Folien je nach Art und Gewicht des zu verpackenden Produkts. Die Folien werden in St\u00e4rken von 50my bis 180 my hergestellt.<\/span><\/p>\n<p>[\/et_pb_text][\/et_pb_column][et_pb_column type=&#8220;1_2&#8243; _builder_version=&#8220;4.4.7&#8243;][et_pb_image src=&#8220;https:\/\/www.europlast.cz\/wp-content\/uploads\/2020\/08\/PE-folie-spotrebni-pro-tisk-a-laminaci.jpg&#8220; title_text=&#8220;g\u00d50&#8243; _builder_version=&#8220;4.4.7&#8243; custom_margin=&#8220;-7px|||||&#8220; custom_padding=&#8220;8px||||false|false&#8220;][\/et_pb_image][\/et_pb_column][\/et_pb_row][et_pb_row column_structure=&#8220;1_2,1_2&#8243; _builder_version=&#8220;4.4.7&#8243; custom_padding=&#8220;46px|||||&#8220;][et_pb_column type=&#8220;1_2&#8243; _builder_version=&#8220;4.4.7&#8243;][et_pb_image src=&#8220;https:\/\/www.europlast.cz\/wp-content\/uploads\/2020\/08\/PE-folie-ochranni.jpg&#8220; title_text=&#8220;OLYMPUS DIGITAL CAMERA&#8220; _builder_version=&#8220;4.4.7&#8243; custom_margin=&#8220;-7px|||||&#8220; custom_padding=&#8220;8px||||false|false&#8220;][\/et_pb_image][\/et_pb_column][et_pb_column type=&#8220;1_2&#8243; _builder_version=&#8220;4.4.7&#8243;][et_pb_text _builder_version=&#8220;4.4.7&#8243; text_text_color=&#8220;#005795&#8243; header_text_color=&#8220;#005795&#8243; header_3_text_color=&#8220;#005795&#8243;]<\/p>\n<h3>Schutzverpackungen<\/h3>\n<p>[\/et_pb_text][et_pb_text _builder_version=&#8220;4.4.7&#8243;]<\/p>\n<p><span>&#8211; Dachfolien<\/span><br \/><span>&#8211; M\u00f6belschutzfolien<\/span><br \/><span>&#8211; Abdeckfolien f\u00fcr das Bauwesen<\/span><br \/><span>&#8211; Gartenfolien<\/span><br \/><span>&#8211; Antirutschfolien<\/span><\/p>\n<p>[\/et_pb_text][\/et_pb_column][\/et_pb_row][\/et_pb_section]<\/p>\n","protected":false},"excerpt":{"rendered":"<p>[et_pb_section fb_built=&#8220;1&#8243; _builder_version=&#8220;4.4.7&#8243;][et_pb_row _builder_version=&#8220;4.4.7&#8243;][et_pb_column type=&#8220;4_4&#8243; _builder_version=&#8220;4.4.7&#8243;][et_pb_text _builder_version=&#8220;4.4.7&#8243; hover_enabled=&#8220;0&#8243;] PE-Folien (Polyethylen-Folien) [\/et_pb_text][\/et_pb_column][\/et_pb_row][et_pb_row module_class=&#8220;btn-inline&#8220; _builder_version=&#8220;4.4.7&#8243; module_alignment=&#8220;center&#8220; custom_padding=&#8220;||0px||false|false&#8220; border_width_bottom=&#8220;3px&#8220; border_color_bottom=&#8220;rgba(51,51,51,0.1)&#8220;][et_pb_column type=&#8220;4_4&#8243; _builder_version=&#8220;4.4.7&#8243;][et_pb_button button_url=&#8220;@ET-DC@eyJkeW5hbWljIjp0cnVlLCJjb250ZW50IjoicG9zdF9saW5rX3VybF9wYWdlIiwic2V0dGluZ3MiOnsicG9zdF9pZCI6IjEzMDcifX0=@&#8220; button_text=&#8220;W\u00e4rmeschrumpffolien&#8220; module_class=&#8220;btn-inline&#8220; _builder_version=&#8220;4.4.7&#8243; _dynamic_attributes=&#8220;button_url&#8220; custom_button=&#8220;on&#8220; button_text_size=&#8220;18px&#8220; button_text_color=&#8220;rgba(12,113,195,0.39)&#8220; button_border_width=&#8220;0px&#8220; button_use_icon=&#8220;off&#8220; custom_margin=&#8220;|10px|0px|10px|false|false&#8220; custom_padding=&#8220;|0px||0px|false|false&#8220;][\/et_pb_button][et_pb_button button_url=&#8220;@ET-DC@eyJkeW5hbWljIjp0cnVlLCJjb250ZW50IjoicG9zdF9saW5rX3VybF9wYWdlIiwic2V0dGluZ3MiOnsicG9zdF9pZCI6IjEzMDkifX0=@&#8220; button_text=&#8220;Folie f\u00fcr Druck und Laminierung&#8220; module_class=&#8220;btn-inline&#8220; _builder_version=&#8220;4.4.7&#8243; _dynamic_attributes=&#8220;button_url&#8220; custom_button=&#8220;on&#8220; button_text_size=&#8220;18px&#8220; button_text_color=&#8220;rgba(12,113,195,0.39)&#8220; button_border_width=&#8220;0px&#8220; button_use_icon=&#8220;off&#8220; custom_margin=&#8220;|10px|0px|10px|false|false&#8220; custom_padding=&#8220;|0px||0px|false|false&#8220;][\/et_pb_button][et_pb_button button_url=&#8220;@ET-DC@eyJkeW5hbWljIjp0cnVlLCJjb250ZW50IjoicG9zdF9saW5rX3VybF9wYWdlIiwic2V0dGluZ3MiOnsicG9zdF9pZCI6IjEzMTEifX0=@&#8220; button_text=&#8220;Konfektion und Regranulat&#8220; module_class=&#8220;btn-inline&#8220; _builder_version=&#8220;4.4.7&#8243; _dynamic_attributes=&#8220;button_url&#8220; custom_button=&#8220;on&#8220; [&hellip;]<\/p>\n","protected":false},"author":1,"featured_media":0,"parent":1440,"menu_order":0,"comment_status":"closed","ping_status":"closed","template":"","meta":{"_acf_changed":false,"_et_pb_use_builder":"on","_et_pb_old_content":"","_et_gb_content_width":"","footnotes":""},"class_list":["post-1463","page","type-page","status-publish","hentry"],"acf":[],"yoast_head":"<!-- This site is optimized with the Yoast SEO plugin v23.7 - https:\/\/yoast.com\/wordpress\/plugins\/seo\/ -->\n<title>Verwendung | Europlast<\/title>\n<meta name=\"robots\" content=\"index, follow, max-snippet:-1, max-image-preview:large, max-video-preview:-1\" \/>\n<link rel=\"canonical\" href=\"https:\/\/www.europlast.cz\/de\/sortiment\/polyethylen-folien\/verwendung\/\" \/>\n<meta property=\"og:locale\" content=\"de_DE\" \/>\n<meta property=\"og:type\" content=\"article\" \/>\n<meta property=\"og:title\" content=\"Verwendung | Europlast\" \/>\n<meta property=\"og:description\" content=\"[et_pb_section fb_built=&#8220;1&#8243; _builder_version=&#8220;4.4.7&#8243;][et_pb_row _builder_version=&#8220;4.4.7&#8243;][et_pb_column type=&#8220;4_4&#8243; _builder_version=&#8220;4.4.7&#8243;][et_pb_text _builder_version=&#8220;4.4.7&#8243; hover_enabled=&#8220;0&#8243;] PE-Folien (Polyethylen-Folien) [\/et_pb_text][\/et_pb_column][\/et_pb_row][et_pb_row module_class=&#8220;btn-inline&#8220; _builder_version=&#8220;4.4.7&#8243; module_alignment=&#8220;center&#8220; custom_padding=&#8220;||0px||false|false&#8220; border_width_bottom=&#8220;3px&#8220; border_color_bottom=&#8220;rgba(51,51,51,0.1)&#8220;][et_pb_column type=&#8220;4_4&#8243; _builder_version=&#8220;4.4.7&#8243;][et_pb_button button_url=&#8220;@ET-DC@eyJkeW5hbWljIjp0cnVlLCJjb250ZW50IjoicG9zdF9saW5rX3VybF9wYWdlIiwic2V0dGluZ3MiOnsicG9zdF9pZCI6IjEzMDcifX0=@&#8220; button_text=&#8220;W\u00e4rmeschrumpffolien&#8220; module_class=&#8220;btn-inline&#8220; _builder_version=&#8220;4.4.7&#8243; _dynamic_attributes=&#8220;button_url&#8220; custom_button=&#8220;on&#8220; button_text_size=&#8220;18px&#8220; button_text_color=&#8220;rgba(12,113,195,0.39)&#8220; button_border_width=&#8220;0px&#8220; button_use_icon=&#8220;off&#8220; custom_margin=&#8220;|10px|0px|10px|false|false&#8220; custom_padding=&#8220;|0px||0px|false|false&#8220;][\/et_pb_button][et_pb_button button_url=&#8220;@ET-DC@eyJkeW5hbWljIjp0cnVlLCJjb250ZW50IjoicG9zdF9saW5rX3VybF9wYWdlIiwic2V0dGluZ3MiOnsicG9zdF9pZCI6IjEzMDkifX0=@&#8220; button_text=&#8220;Folie f\u00fcr Druck und Laminierung&#8220; module_class=&#8220;btn-inline&#8220; _builder_version=&#8220;4.4.7&#8243; _dynamic_attributes=&#8220;button_url&#8220; custom_button=&#8220;on&#8220; button_text_size=&#8220;18px&#8220; button_text_color=&#8220;rgba(12,113,195,0.39)&#8220; button_border_width=&#8220;0px&#8220; button_use_icon=&#8220;off&#8220; custom_margin=&#8220;|10px|0px|10px|false|false&#8220; custom_padding=&#8220;|0px||0px|false|false&#8220;][\/et_pb_button][et_pb_button button_url=&#8220;@ET-DC@eyJkeW5hbWljIjp0cnVlLCJjb250ZW50IjoicG9zdF9saW5rX3VybF9wYWdlIiwic2V0dGluZ3MiOnsicG9zdF9pZCI6IjEzMTEifX0=@&#8220; button_text=&#8220;Konfektion und Regranulat&#8220; module_class=&#8220;btn-inline&#8220; _builder_version=&#8220;4.4.7&#8243; _dynamic_attributes=&#8220;button_url&#8220; custom_button=&#8220;on&#8220; [&hellip;]\" \/>\n<meta property=\"og:url\" content=\"https:\/\/www.europlast.cz\/de\/sortiment\/polyethylen-folien\/verwendung\/\" \/>\n<meta property=\"og:site_name\" content=\"Europlast\" \/>\n<meta property=\"article:modified_time\" content=\"2020-10-16T14:15:05+00:00\" \/>\n<meta property=\"og:image\" content=\"https:\/\/www.europlast.cz\/wp-content\/uploads\/2020\/06\/ep_Logo.png\" \/>\n\t<meta property=\"og:image:width\" content=\"381\" \/>\n\t<meta property=\"og:image:height\" content=\"144\" \/>\n\t<meta property=\"og:image:type\" content=\"image\/png\" \/>\n<meta name=\"twitter:card\" content=\"summary_large_image\" \/>\n<meta name=\"twitter:label1\" content=\"Gesch\u00e4tzte Lesezeit\" \/>\n\t<meta name=\"twitter:data1\" content=\"5\u00a0Minuten\" \/>\n<script type=\"application\/ld+json\" class=\"yoast-schema-graph\">{\"@context\":\"https:\/\/schema.org\",\"@graph\":[{\"@type\":\"WebPage\",\"@id\":\"https:\/\/www.europlast.cz\/de\/sortiment\/polyethylen-folien\/verwendung\/\",\"url\":\"https:\/\/www.europlast.cz\/de\/sortiment\/polyethylen-folien\/verwendung\/\",\"name\":\"Verwendung | Europlast\",\"isPartOf\":{\"@id\":\"https:\/\/www.europlast.cz\/#website\"},\"datePublished\":\"2020-08-11T10:59:26+00:00\",\"dateModified\":\"2020-10-16T14:15:05+00:00\",\"breadcrumb\":{\"@id\":\"https:\/\/www.europlast.cz\/de\/sortiment\/polyethylen-folien\/verwendung\/#breadcrumb\"},\"inLanguage\":\"de\",\"potentialAction\":[{\"@type\":\"ReadAction\",\"target\":[\"https:\/\/www.europlast.cz\/de\/sortiment\/polyethylen-folien\/verwendung\/\"]}]},{\"@type\":\"BreadcrumbList\",\"@id\":\"https:\/\/www.europlast.cz\/de\/sortiment\/polyethylen-folien\/verwendung\/#breadcrumb\",\"itemListElement\":[{\"@type\":\"ListItem\",\"position\":1,\"name\":\"Zuhause\",\"item\":\"https:\/\/www.europlast.cz\/de\/domov\/\"},{\"@type\":\"ListItem\",\"position\":2,\"name\":\"Sortiment\",\"item\":\"https:\/\/www.europlast.cz\/de\/sortiment\/\"},{\"@type\":\"ListItem\",\"position\":3,\"name\":\"PE-Folien (Polyethylen-Folien)\",\"item\":\"https:\/\/www.europlast.cz\/de\/sortiment\/polyethylen-folien\/\"},{\"@type\":\"ListItem\",\"position\":4,\"name\":\"Verwendung\"}]},{\"@type\":\"WebSite\",\"@id\":\"https:\/\/www.europlast.cz\/#website\",\"url\":\"https:\/\/www.europlast.cz\/\",\"name\":\"Europlast\",\"description\":\"Obalov\u00e9 materi\u00e1ly a PE f\u00f3lie v prvot\u0159\u00eddn\u00ed kvalit\u011b\",\"potentialAction\":[{\"@type\":\"SearchAction\",\"target\":{\"@type\":\"EntryPoint\",\"urlTemplate\":\"https:\/\/www.europlast.cz\/?s={search_term_string}\"},\"query-input\":{\"@type\":\"PropertyValueSpecification\",\"valueRequired\":true,\"valueName\":\"search_term_string\"}}],\"inLanguage\":\"de\"}]}<\/script>\n<!-- \/ Yoast SEO plugin. -->","yoast_head_json":{"title":"Verwendung | Europlast","robots":{"index":"index","follow":"follow","max-snippet":"max-snippet:-1","max-image-preview":"max-image-preview:large","max-video-preview":"max-video-preview:-1"},"canonical":"https:\/\/www.europlast.cz\/de\/sortiment\/polyethylen-folien\/verwendung\/","og_locale":"de_DE","og_type":"article","og_title":"Verwendung | Europlast","og_description":"[et_pb_section fb_built=&#8220;1&#8243; _builder_version=&#8220;4.4.7&#8243;][et_pb_row _builder_version=&#8220;4.4.7&#8243;][et_pb_column type=&#8220;4_4&#8243; _builder_version=&#8220;4.4.7&#8243;][et_pb_text _builder_version=&#8220;4.4.7&#8243; hover_enabled=&#8220;0&#8243;] PE-Folien (Polyethylen-Folien) [\/et_pb_text][\/et_pb_column][\/et_pb_row][et_pb_row module_class=&#8220;btn-inline&#8220; _builder_version=&#8220;4.4.7&#8243; module_alignment=&#8220;center&#8220; custom_padding=&#8220;||0px||false|false&#8220; border_width_bottom=&#8220;3px&#8220; border_color_bottom=&#8220;rgba(51,51,51,0.1)&#8220;][et_pb_column type=&#8220;4_4&#8243; _builder_version=&#8220;4.4.7&#8243;][et_pb_button button_url=&#8220;@ET-DC@eyJkeW5hbWljIjp0cnVlLCJjb250ZW50IjoicG9zdF9saW5rX3VybF9wYWdlIiwic2V0dGluZ3MiOnsicG9zdF9pZCI6IjEzMDcifX0=@&#8220; button_text=&#8220;W\u00e4rmeschrumpffolien&#8220; module_class=&#8220;btn-inline&#8220; _builder_version=&#8220;4.4.7&#8243; _dynamic_attributes=&#8220;button_url&#8220; custom_button=&#8220;on&#8220; button_text_size=&#8220;18px&#8220; button_text_color=&#8220;rgba(12,113,195,0.39)&#8220; button_border_width=&#8220;0px&#8220; button_use_icon=&#8220;off&#8220; custom_margin=&#8220;|10px|0px|10px|false|false&#8220; custom_padding=&#8220;|0px||0px|false|false&#8220;][\/et_pb_button][et_pb_button button_url=&#8220;@ET-DC@eyJkeW5hbWljIjp0cnVlLCJjb250ZW50IjoicG9zdF9saW5rX3VybF9wYWdlIiwic2V0dGluZ3MiOnsicG9zdF9pZCI6IjEzMDkifX0=@&#8220; button_text=&#8220;Folie f\u00fcr Druck und Laminierung&#8220; module_class=&#8220;btn-inline&#8220; _builder_version=&#8220;4.4.7&#8243; _dynamic_attributes=&#8220;button_url&#8220; custom_button=&#8220;on&#8220; button_text_size=&#8220;18px&#8220; button_text_color=&#8220;rgba(12,113,195,0.39)&#8220; button_border_width=&#8220;0px&#8220; button_use_icon=&#8220;off&#8220; custom_margin=&#8220;|10px|0px|10px|false|false&#8220; custom_padding=&#8220;|0px||0px|false|false&#8220;][\/et_pb_button][et_pb_button button_url=&#8220;@ET-DC@eyJkeW5hbWljIjp0cnVlLCJjb250ZW50IjoicG9zdF9saW5rX3VybF9wYWdlIiwic2V0dGluZ3MiOnsicG9zdF9pZCI6IjEzMTEifX0=@&#8220; button_text=&#8220;Konfektion und Regranulat&#8220; module_class=&#8220;btn-inline&#8220; _builder_version=&#8220;4.4.7&#8243; _dynamic_attributes=&#8220;button_url&#8220; custom_button=&#8220;on&#8220; [&hellip;]","og_url":"https:\/\/www.europlast.cz\/de\/sortiment\/polyethylen-folien\/verwendung\/","og_site_name":"Europlast","article_modified_time":"2020-10-16T14:15:05+00:00","og_image":[{"width":381,"height":144,"url":"https:\/\/www.europlast.cz\/wp-content\/uploads\/2020\/06\/ep_Logo.png","type":"image\/png"}],"twitter_card":"summary_large_image","twitter_misc":{"Gesch\u00e4tzte Lesezeit":"5\u00a0Minuten"},"schema":{"@context":"https:\/\/schema.org","@graph":[{"@type":"WebPage","@id":"https:\/\/www.europlast.cz\/de\/sortiment\/polyethylen-folien\/verwendung\/","url":"https:\/\/www.europlast.cz\/de\/sortiment\/polyethylen-folien\/verwendung\/","name":"Verwendung | Europlast","isPartOf":{"@id":"https:\/\/www.europlast.cz\/#website"},"datePublished":"2020-08-11T10:59:26+00:00","dateModified":"2020-10-16T14:15:05+00:00","breadcrumb":{"@id":"https:\/\/www.europlast.cz\/de\/sortiment\/polyethylen-folien\/verwendung\/#breadcrumb"},"inLanguage":"de","potentialAction":[{"@type":"ReadAction","target":["https:\/\/www.europlast.cz\/de\/sortiment\/polyethylen-folien\/verwendung\/"]}]},{"@type":"BreadcrumbList","@id":"https:\/\/www.europlast.cz\/de\/sortiment\/polyethylen-folien\/verwendung\/#breadcrumb","itemListElement":[{"@type":"ListItem","position":1,"name":"Zuhause","item":"https:\/\/www.europlast.cz\/de\/domov\/"},{"@type":"ListItem","position":2,"name":"Sortiment","item":"https:\/\/www.europlast.cz\/de\/sortiment\/"},{"@type":"ListItem","position":3,"name":"PE-Folien (Polyethylen-Folien)","item":"https:\/\/www.europlast.cz\/de\/sortiment\/polyethylen-folien\/"},{"@type":"ListItem","position":4,"name":"Verwendung"}]},{"@type":"WebSite","@id":"https:\/\/www.europlast.cz\/#website","url":"https:\/\/www.europlast.cz\/","name":"Europlast","description":"Obalov\u00e9 materi\u00e1ly a PE f\u00f3lie v prvot\u0159\u00eddn\u00ed kvalit\u011b","potentialAction":[{"@type":"SearchAction","target":{"@type":"EntryPoint","urlTemplate":"https:\/\/www.europlast.cz\/?s={search_term_string}"},"query-input":{"@type":"PropertyValueSpecification","valueRequired":true,"valueName":"search_term_string"}}],"inLanguage":"de"}]}},"_links":{"self":[{"href":"https:\/\/www.europlast.cz\/de\/wp-json\/wp\/v2\/pages\/1463"}],"collection":[{"href":"https:\/\/www.europlast.cz\/de\/wp-json\/wp\/v2\/pages"}],"about":[{"href":"https:\/\/www.europlast.cz\/de\/wp-json\/wp\/v2\/types\/page"}],"author":[{"embeddable":true,"href":"https:\/\/www.europlast.cz\/de\/wp-json\/wp\/v2\/users\/1"}],"replies":[{"embeddable":true,"href":"https:\/\/www.europlast.cz\/de\/wp-json\/wp\/v2\/comments?post=1463"}],"version-history":[{"count":6,"href":"https:\/\/www.europlast.cz\/de\/wp-json\/wp\/v2\/pages\/1463\/revisions"}],"predecessor-version":[{"id":2782,"href":"https:\/\/www.europlast.cz\/de\/wp-json\/wp\/v2\/pages\/1463\/revisions\/2782"}],"up":[{"embeddable":true,"href":"https:\/\/www.europlast.cz\/de\/wp-json\/wp\/v2\/pages\/1440"}],"wp:attachment":[{"href":"https:\/\/www.europlast.cz\/de\/wp-json\/wp\/v2\/media?parent=1463"}],"curies":[{"name":"wp","href":"https:\/\/api.w.org\/{rel}","templated":true}]}}