{"id":1455,"date":"2020-08-11T12:58:32","date_gmt":"2020-08-11T10:58:32","guid":{"rendered":"https:\/\/www.europlast.cz\/sortiment\/pe-folie\/ldpe-a-lldpe-folie-pro-tisk-a-laminaci\/"},"modified":"2020-10-16T16:14:48","modified_gmt":"2020-10-16T14:14:48","slug":"folie-fur-druck-und-laminierung","status":"publish","type":"page","link":"https:\/\/www.europlast.cz\/de\/sortiment\/polyethylen-folien\/folie-fur-druck-und-laminierung\/","title":{"rendered":"Folie f\u00fcr Druck und Laminierung"},"content":{"rendered":"<p>[et_pb_section fb_built=&#8220;1&#8243; _builder_version=&#8220;4.4.7&#8243;][et_pb_row _builder_version=&#8220;4.4.7&#8243;][et_pb_column type=&#8220;4_4&#8243; _builder_version=&#8220;4.4.7&#8243;][et_pb_text _builder_version=&#8220;4.4.7&#8243; hover_enabled=&#8220;0&#8243;]<\/p>\n<h2>PE-Folien (Polyethylen-Folien)<\/h2>\n<p>[\/et_pb_text][\/et_pb_column][\/et_pb_row][et_pb_row module_class=&#8220;btn-inline&#8220; _builder_version=&#8220;4.4.7&#8243; module_alignment=&#8220;center&#8220; custom_padding=&#8220;||0px||false|false&#8220; border_width_bottom=&#8220;3px&#8220; border_color_bottom=&#8220;rgba(51,51,51,0.1)&#8220;][et_pb_column type=&#8220;4_4&#8243; _builder_version=&#8220;4.4.7&#8243;][et_pb_button button_url=&#8220;@ET-DC@eyJkeW5hbWljIjp0cnVlLCJjb250ZW50IjoicG9zdF9saW5rX3VybF9wYWdlIiwic2V0dGluZ3MiOnsicG9zdF9pZCI6IjEzMDcifX0=@&#8220; button_text=&#8220;W\u00e4rmeschrumpffolien&#8220; module_class=&#8220;btn-inline&#8220; _builder_version=&#8220;4.4.7&#8243; _dynamic_attributes=&#8220;button_url&#8220; custom_button=&#8220;on&#8220; button_text_size=&#8220;18px&#8220; button_text_color=&#8220;rgba(12,113,195,0.39)&#8220; button_border_width=&#8220;0px&#8220; button_use_icon=&#8220;off&#8220; custom_margin=&#8220;|10px|0px|10px|false|false&#8220; custom_padding=&#8220;|0px||0px|false|false&#8220;][\/et_pb_button][et_pb_button button_url=&#8220;@ET-DC@eyJkeW5hbWljIjp0cnVlLCJjb250ZW50IjoicG9zdF9saW5rX3VybF9wYWdlIiwic2V0dGluZ3MiOnsicG9zdF9pZCI6IjU3In19@&#8220; button_text=&#8220;Folie f\u00fcr Druck und Laminierung&#8220; module_class=&#8220;btn-inline&#8220; _builder_version=&#8220;4.4.7&#8243; _dynamic_attributes=&#8220;button_url&#8220; custom_button=&#8220;on&#8220; button_text_size=&#8220;18px&#8220; button_text_color=&#8220;#000000&#8243; button_border_width=&#8220;3px&#8220; button_border_color=&#8220;#e02b20&#8243; button_border_radius=&#8220;0px&#8220; button_use_icon=&#8220;off&#8220; custom_margin=&#8220;|10px|-3px|10px|false|false&#8220; custom_padding=&#8220;|0px||0px|false|false&#8220; custom_css_main_element=&#8220;border-top: none !important;||border-left: none !important;||border-right: none !important;&#8220;][\/et_pb_button][et_pb_button button_url=&#8220;@ET-DC@eyJkeW5hbWljIjp0cnVlLCJjb250ZW50IjoicG9zdF9saW5rX3VybF9wYWdlIiwic2V0dGluZ3MiOnsicG9zdF9pZCI6IjEzMTEifX0=@&#8220; button_text=&#8220;Konfektion und Regranulat&#8220; module_class=&#8220;btn-inline&#8220; _builder_version=&#8220;4.4.7&#8243; _dynamic_attributes=&#8220;button_url&#8220; custom_button=&#8220;on&#8220; button_text_size=&#8220;18px&#8220; button_text_color=&#8220;rgba(12,113,195,0.39)&#8220; button_border_width=&#8220;0px&#8220; button_use_icon=&#8220;off&#8220; custom_margin=&#8220;|10px|0px|10px|false|false&#8220; custom_padding=&#8220;|0px||0px|false|false&#8220;][\/et_pb_button][et_pb_button button_url=&#8220;@ET-DC@eyJkeW5hbWljIjp0cnVlLCJjb250ZW50IjoicG9zdF9saW5rX3VybF9wYWdlIiwic2V0dGluZ3MiOnsicG9zdF9pZCI6IjEzMTMifX0=@&#8220; button_text=&#8220;Verwendung&#8220; module_class=&#8220;btn-inline&#8220; _builder_version=&#8220;4.4.7&#8243; _dynamic_attributes=&#8220;button_url&#8220; custom_button=&#8220;on&#8220; button_text_size=&#8220;18px&#8220; button_text_color=&#8220;rgba(12,113,195,0.39)&#8220; button_border_width=&#8220;0px&#8220; button_use_icon=&#8220;off&#8220; custom_margin=&#8220;|10px|0px|10px|false|false&#8220; custom_padding=&#8220;|0px||0px|false|false&#8220;][\/et_pb_button][\/et_pb_column][\/et_pb_row][et_pb_row column_structure=&#8220;1_2,1_2&#8243; _builder_version=&#8220;4.4.7&#8243; custom_padding=&#8220;46px|||||&#8220;][et_pb_column type=&#8220;1_2&#8243; _builder_version=&#8220;4.4.7&#8243;][et_pb_text _builder_version=&#8220;4.4.7&#8243;]<\/p>\n<h3>Allgemeine Eigenschaften<\/h3>\n<p><strong>Folien<\/strong><span>\u00a0werden aus LDPE- oder LLDPE-Granulaten, beziehungsweise ihren Copolymeren hergestellt. Sie lassen sich in transparenter oder farbiger Ausf\u00fchrung herstellen. Sie weisen eine hohe chemische Best\u00e4ndigkeit bei \u00fcblichen und hohen Temperaturen auf und haben gute elektrische Isoliereigenschaften. Sie werden mit Hilfe einer Backenanlage mit Impulsquelle warmgeschwei\u00dft.<\/span><\/p>\n<p><span>Es werden verschiedene Typen von\u00a0<\/span><strong>Folien<\/strong><span>\u00a0hergestellt, die sich voneinander durch die physikalischen Eigenschaften wie beispielweise Festigkeit, Gleitverhalten oder F\u00e4rbung unterscheiden und dadurch spezifischen Anforderungen an die Verpackungsart angepasst sind.<\/span><br \/><span>Bei einigen Folientypen lassen sich die Folieneigenschaften modifizieren. Die\u00a0<\/span><strong>Folien<\/strong><span>\u00a0werden mit Oberfl\u00e4chenbehandlung durch Ionisierung geliefert, damit ein guter Zusammenhalt mit Druckfarben erzielt wird. Der Ionisierungsgrad betr\u00e4gt mindestens 38 DIN.<\/span><\/p>\n<p>[\/et_pb_text][\/et_pb_column][et_pb_column type=&#8220;1_2&#8243; _builder_version=&#8220;4.4.7&#8243;][et_pb_image src=&#8220;https:\/\/www.europlast.cz\/wp-content\/uploads\/2020\/08\/PE-folie-spotrebni-pro-tisk-a-laminaci.jpg&#8220; title_text=&#8220;g\u00d50&#8243; _builder_version=&#8220;4.4.7&#8243; custom_margin=&#8220;-7px|||||&#8220; custom_padding=&#8220;8px||||false|false&#8220;][\/et_pb_image][\/et_pb_column][\/et_pb_row][et_pb_row column_structure=&#8220;2_3,1_3&#8243; _builder_version=&#8220;4.4.7&#8243;][et_pb_column type=&#8220;2_3&#8243; _builder_version=&#8220;4.4.7&#8243;][et_pb_text _builder_version=&#8220;4.4.7&#8243;]<\/p>\n<h3>Tridex Print<\/h3>\n<p><strong>Diese Folienart<\/strong><span>\u00a0wird durch Koextrusion von LLDPE in St\u00e4rken von 0,02 mm bis 0,15 mm hergestellt, wobei die Folienst\u00e4rke computergesteuert wird. Bei diesen Folien kann zu jeder Lieferung ein Kreisdiagramm beigelegt werden, das die Folienst\u00e4rke anzeigt.<\/span><\/p>\n<p><strong>Die Folien zeichnen sich durch hohe Festigkeit und Transparenz, sowie durch gutes Gleitverhalten aus<\/strong><span>, das sich modifizieren l\u00e4sst. Dank ausgezeichneten Schwei\u00dfeigenschaften werden sie in hoch frequentierten Verpackungslinien verwendet. Die empfohlene F\u00e4rbung liegt zwischen 3 % und 8 %, je nach Folienst\u00e4rke.<\/span><\/p>\n<p><strong>Die Folien eignen sich ebenfalls zum Laminieren mit BOPP, PET, AL, Papier oder PE<\/strong><span>. Sie zeichnen sich auch durch hohe Sperreigenschaften, dank derer sie auch f\u00fcr hochaggressive Stoffe, wie z.B. Waschmittel, Weichsp\u00fcler, Mayonnaisen, Ketchups u. \u00e4., verwendet werden k\u00f6nnen, aus.<\/span><\/p>\n<\/p>\n<h3>Tridex Print f\u00fcr das Hygieneprogramm<\/h3>\n<p><strong>D\u00fcnne, gl\u00e4nzende, gleitende und sehr feste Folien<\/strong><span>\u00a0mit perfekter Durchsichtigkeit, guter Schwei\u00dfbarkeit und der M\u00f6glichkeit eines hochqualitativen mehrfarbigen Flexodrucks.<\/span><br \/><span>Sie werden f\u00fcr Hand- und Maschinenverpackung vor allem von Hygieneprodukten und Lebensmitteln hergestellt.<\/span><\/p>\n<p>[\/et_pb_text][\/et_pb_column][et_pb_column type=&#8220;1_3&#8243; _builder_version=&#8220;4.4.7&#8243;][\/et_pb_column][\/et_pb_row][et_pb_row column_structure=&#8220;1_2,1_2&#8243; _builder_version=&#8220;4.4.7&#8243; custom_padding=&#8220;46px|||||&#8220;][et_pb_column type=&#8220;1_2&#8243; _builder_version=&#8220;4.4.7&#8243;][et_pb_image src=&#8220;https:\/\/www.europlast.cz\/wp-content\/uploads\/2020\/08\/PE-Folia-tisk-a-laminace-1.jpg&#8220; title_text=&#8220;SONY DSC&#8220; _builder_version=&#8220;4.4.7&#8243; custom_margin=&#8220;-7px|||||&#8220; custom_padding=&#8220;8px||||false|false&#8220;][\/et_pb_image][\/et_pb_column][et_pb_column type=&#8220;1_2&#8243; _builder_version=&#8220;4.4.7&#8243;][et_pb_image src=&#8220;https:\/\/www.europlast.cz\/wp-content\/uploads\/2020\/08\/PE-folia-tisk-a-laminace.jpg&#8220; title_text=&#8220;SONY DSC&#8220; _builder_version=&#8220;4.4.7&#8243; custom_margin=&#8220;-7px|||||&#8220; custom_padding=&#8220;8px||||false|false&#8220;][\/et_pb_image][et_pb_image src=&#8220;https:\/\/www.europlast.cz\/wp-content\/uploads\/2020\/08\/PE-folia-tisk-a-laminace1.jpg&#8220; title_text=&#8220;SONY DSC&#8220; _builder_version=&#8220;4.4.7&#8243;][\/et_pb_image][\/et_pb_column][\/et_pb_row][\/et_pb_section]<\/p>\n","protected":false},"excerpt":{"rendered":"<p>[et_pb_section fb_built=&#8220;1&#8243; _builder_version=&#8220;4.4.7&#8243;][et_pb_row _builder_version=&#8220;4.4.7&#8243;][et_pb_column type=&#8220;4_4&#8243; _builder_version=&#8220;4.4.7&#8243;][et_pb_text _builder_version=&#8220;4.4.7&#8243; hover_enabled=&#8220;0&#8243;] PE-Folien (Polyethylen-Folien) [\/et_pb_text][\/et_pb_column][\/et_pb_row][et_pb_row module_class=&#8220;btn-inline&#8220; _builder_version=&#8220;4.4.7&#8243; module_alignment=&#8220;center&#8220; custom_padding=&#8220;||0px||false|false&#8220; border_width_bottom=&#8220;3px&#8220; border_color_bottom=&#8220;rgba(51,51,51,0.1)&#8220;][et_pb_column type=&#8220;4_4&#8243; _builder_version=&#8220;4.4.7&#8243;][et_pb_button button_url=&#8220;@ET-DC@eyJkeW5hbWljIjp0cnVlLCJjb250ZW50IjoicG9zdF9saW5rX3VybF9wYWdlIiwic2V0dGluZ3MiOnsicG9zdF9pZCI6IjEzMDcifX0=@&#8220; button_text=&#8220;W\u00e4rmeschrumpffolien&#8220; module_class=&#8220;btn-inline&#8220; _builder_version=&#8220;4.4.7&#8243; _dynamic_attributes=&#8220;button_url&#8220; custom_button=&#8220;on&#8220; button_text_size=&#8220;18px&#8220; button_text_color=&#8220;rgba(12,113,195,0.39)&#8220; button_border_width=&#8220;0px&#8220; button_use_icon=&#8220;off&#8220; custom_margin=&#8220;|10px|0px|10px|false|false&#8220; custom_padding=&#8220;|0px||0px|false|false&#8220;][\/et_pb_button][et_pb_button button_url=&#8220;@ET-DC@eyJkeW5hbWljIjp0cnVlLCJjb250ZW50IjoicG9zdF9saW5rX3VybF9wYWdlIiwic2V0dGluZ3MiOnsicG9zdF9pZCI6IjU3In19@&#8220; button_text=&#8220;Folie f\u00fcr Druck und Laminierung&#8220; module_class=&#8220;btn-inline&#8220; _builder_version=&#8220;4.4.7&#8243; _dynamic_attributes=&#8220;button_url&#8220; custom_button=&#8220;on&#8220; button_text_size=&#8220;18px&#8220; button_text_color=&#8220;#000000&#8243; button_border_width=&#8220;3px&#8220; button_border_color=&#8220;#e02b20&#8243; button_border_radius=&#8220;0px&#8220; button_use_icon=&#8220;off&#8220; custom_margin=&#8220;|10px|-3px|10px|false|false&#8220; custom_padding=&#8220;|0px||0px|false|false&#8220; custom_css_main_element=&#8220;border-top: none !important;||border-left: none !important;||border-right: none [&hellip;]<\/p>\n","protected":false},"author":1,"featured_media":0,"parent":1440,"menu_order":0,"comment_status":"closed","ping_status":"closed","template":"","meta":{"_acf_changed":false,"_et_pb_use_builder":"on","_et_pb_old_content":"","_et_gb_content_width":"","footnotes":""},"class_list":["post-1455","page","type-page","status-publish","hentry"],"acf":[],"yoast_head":"<!-- This site is optimized with the Yoast SEO plugin v23.7 - https:\/\/yoast.com\/wordpress\/plugins\/seo\/ -->\n<title>Folie f\u00fcr Druck und Laminierung | Europlast<\/title>\n<meta name=\"robots\" content=\"index, follow, max-snippet:-1, max-image-preview:large, max-video-preview:-1\" \/>\n<link rel=\"canonical\" href=\"https:\/\/www.europlast.cz\/de\/sortiment\/polyethylen-folien\/folie-fur-druck-und-laminierung\/\" \/>\n<meta property=\"og:locale\" content=\"de_DE\" \/>\n<meta property=\"og:type\" content=\"article\" \/>\n<meta property=\"og:title\" content=\"Folie f\u00fcr Druck und Laminierung | Europlast\" \/>\n<meta property=\"og:description\" content=\"[et_pb_section fb_built=&#8220;1&#8243; _builder_version=&#8220;4.4.7&#8243;][et_pb_row _builder_version=&#8220;4.4.7&#8243;][et_pb_column type=&#8220;4_4&#8243; _builder_version=&#8220;4.4.7&#8243;][et_pb_text _builder_version=&#8220;4.4.7&#8243; hover_enabled=&#8220;0&#8243;] PE-Folien (Polyethylen-Folien) [\/et_pb_text][\/et_pb_column][\/et_pb_row][et_pb_row module_class=&#8220;btn-inline&#8220; _builder_version=&#8220;4.4.7&#8243; module_alignment=&#8220;center&#8220; custom_padding=&#8220;||0px||false|false&#8220; border_width_bottom=&#8220;3px&#8220; border_color_bottom=&#8220;rgba(51,51,51,0.1)&#8220;][et_pb_column type=&#8220;4_4&#8243; _builder_version=&#8220;4.4.7&#8243;][et_pb_button button_url=&#8220;@ET-DC@eyJkeW5hbWljIjp0cnVlLCJjb250ZW50IjoicG9zdF9saW5rX3VybF9wYWdlIiwic2V0dGluZ3MiOnsicG9zdF9pZCI6IjEzMDcifX0=@&#8220; button_text=&#8220;W\u00e4rmeschrumpffolien&#8220; module_class=&#8220;btn-inline&#8220; _builder_version=&#8220;4.4.7&#8243; _dynamic_attributes=&#8220;button_url&#8220; custom_button=&#8220;on&#8220; button_text_size=&#8220;18px&#8220; button_text_color=&#8220;rgba(12,113,195,0.39)&#8220; button_border_width=&#8220;0px&#8220; button_use_icon=&#8220;off&#8220; custom_margin=&#8220;|10px|0px|10px|false|false&#8220; custom_padding=&#8220;|0px||0px|false|false&#8220;][\/et_pb_button][et_pb_button button_url=&#8220;@ET-DC@eyJkeW5hbWljIjp0cnVlLCJjb250ZW50IjoicG9zdF9saW5rX3VybF9wYWdlIiwic2V0dGluZ3MiOnsicG9zdF9pZCI6IjU3In19@&#8220; button_text=&#8220;Folie f\u00fcr Druck und Laminierung&#8220; module_class=&#8220;btn-inline&#8220; _builder_version=&#8220;4.4.7&#8243; _dynamic_attributes=&#8220;button_url&#8220; custom_button=&#8220;on&#8220; button_text_size=&#8220;18px&#8220; button_text_color=&#8220;#000000&#8243; button_border_width=&#8220;3px&#8220; button_border_color=&#8220;#e02b20&#8243; button_border_radius=&#8220;0px&#8220; button_use_icon=&#8220;off&#8220; custom_margin=&#8220;|10px|-3px|10px|false|false&#8220; custom_padding=&#8220;|0px||0px|false|false&#8220; custom_css_main_element=&#8220;border-top: none !important;||border-left: none !important;||border-right: none [&hellip;]\" \/>\n<meta property=\"og:url\" content=\"https:\/\/www.europlast.cz\/de\/sortiment\/polyethylen-folien\/folie-fur-druck-und-laminierung\/\" \/>\n<meta property=\"og:site_name\" content=\"Europlast\" \/>\n<meta property=\"article:modified_time\" content=\"2020-10-16T14:14:48+00:00\" \/>\n<meta property=\"og:image\" content=\"https:\/\/www.europlast.cz\/wp-content\/uploads\/2020\/06\/ep_Logo.png\" \/>\n\t<meta property=\"og:image:width\" content=\"381\" \/>\n\t<meta property=\"og:image:height\" content=\"144\" \/>\n\t<meta property=\"og:image:type\" content=\"image\/png\" \/>\n<meta name=\"twitter:card\" content=\"summary_large_image\" \/>\n<meta name=\"twitter:label1\" content=\"Gesch\u00e4tzte Lesezeit\" \/>\n\t<meta name=\"twitter:data1\" content=\"4\u00a0Minuten\" \/>\n<script type=\"application\/ld+json\" class=\"yoast-schema-graph\">{\"@context\":\"https:\/\/schema.org\",\"@graph\":[{\"@type\":\"WebPage\",\"@id\":\"https:\/\/www.europlast.cz\/de\/sortiment\/polyethylen-folien\/folie-fur-druck-und-laminierung\/\",\"url\":\"https:\/\/www.europlast.cz\/de\/sortiment\/polyethylen-folien\/folie-fur-druck-und-laminierung\/\",\"name\":\"Folie f\u00fcr Druck und Laminierung | Europlast\",\"isPartOf\":{\"@id\":\"https:\/\/www.europlast.cz\/#website\"},\"datePublished\":\"2020-08-11T10:58:32+00:00\",\"dateModified\":\"2020-10-16T14:14:48+00:00\",\"breadcrumb\":{\"@id\":\"https:\/\/www.europlast.cz\/de\/sortiment\/polyethylen-folien\/folie-fur-druck-und-laminierung\/#breadcrumb\"},\"inLanguage\":\"de\",\"potentialAction\":[{\"@type\":\"ReadAction\",\"target\":[\"https:\/\/www.europlast.cz\/de\/sortiment\/polyethylen-folien\/folie-fur-druck-und-laminierung\/\"]}]},{\"@type\":\"BreadcrumbList\",\"@id\":\"https:\/\/www.europlast.cz\/de\/sortiment\/polyethylen-folien\/folie-fur-druck-und-laminierung\/#breadcrumb\",\"itemListElement\":[{\"@type\":\"ListItem\",\"position\":1,\"name\":\"Zuhause\",\"item\":\"https:\/\/www.europlast.cz\/de\/domov\/\"},{\"@type\":\"ListItem\",\"position\":2,\"name\":\"Sortiment\",\"item\":\"https:\/\/www.europlast.cz\/de\/sortiment\/\"},{\"@type\":\"ListItem\",\"position\":3,\"name\":\"PE-Folien (Polyethylen-Folien)\",\"item\":\"https:\/\/www.europlast.cz\/de\/sortiment\/polyethylen-folien\/\"},{\"@type\":\"ListItem\",\"position\":4,\"name\":\"Folie f\u00fcr Druck und Laminierung\"}]},{\"@type\":\"WebSite\",\"@id\":\"https:\/\/www.europlast.cz\/#website\",\"url\":\"https:\/\/www.europlast.cz\/\",\"name\":\"Europlast\",\"description\":\"Obalov\u00e9 materi\u00e1ly a PE f\u00f3lie v prvot\u0159\u00eddn\u00ed kvalit\u011b\",\"potentialAction\":[{\"@type\":\"SearchAction\",\"target\":{\"@type\":\"EntryPoint\",\"urlTemplate\":\"https:\/\/www.europlast.cz\/?s={search_term_string}\"},\"query-input\":{\"@type\":\"PropertyValueSpecification\",\"valueRequired\":true,\"valueName\":\"search_term_string\"}}],\"inLanguage\":\"de\"}]}<\/script>\n<!-- \/ Yoast SEO plugin. -->","yoast_head_json":{"title":"Folie f\u00fcr Druck und Laminierung | Europlast","robots":{"index":"index","follow":"follow","max-snippet":"max-snippet:-1","max-image-preview":"max-image-preview:large","max-video-preview":"max-video-preview:-1"},"canonical":"https:\/\/www.europlast.cz\/de\/sortiment\/polyethylen-folien\/folie-fur-druck-und-laminierung\/","og_locale":"de_DE","og_type":"article","og_title":"Folie f\u00fcr Druck und Laminierung | Europlast","og_description":"[et_pb_section fb_built=&#8220;1&#8243; _builder_version=&#8220;4.4.7&#8243;][et_pb_row _builder_version=&#8220;4.4.7&#8243;][et_pb_column type=&#8220;4_4&#8243; _builder_version=&#8220;4.4.7&#8243;][et_pb_text _builder_version=&#8220;4.4.7&#8243; hover_enabled=&#8220;0&#8243;] PE-Folien (Polyethylen-Folien) [\/et_pb_text][\/et_pb_column][\/et_pb_row][et_pb_row module_class=&#8220;btn-inline&#8220; _builder_version=&#8220;4.4.7&#8243; module_alignment=&#8220;center&#8220; custom_padding=&#8220;||0px||false|false&#8220; border_width_bottom=&#8220;3px&#8220; border_color_bottom=&#8220;rgba(51,51,51,0.1)&#8220;][et_pb_column type=&#8220;4_4&#8243; _builder_version=&#8220;4.4.7&#8243;][et_pb_button button_url=&#8220;@ET-DC@eyJkeW5hbWljIjp0cnVlLCJjb250ZW50IjoicG9zdF9saW5rX3VybF9wYWdlIiwic2V0dGluZ3MiOnsicG9zdF9pZCI6IjEzMDcifX0=@&#8220; button_text=&#8220;W\u00e4rmeschrumpffolien&#8220; module_class=&#8220;btn-inline&#8220; _builder_version=&#8220;4.4.7&#8243; _dynamic_attributes=&#8220;button_url&#8220; custom_button=&#8220;on&#8220; button_text_size=&#8220;18px&#8220; button_text_color=&#8220;rgba(12,113,195,0.39)&#8220; button_border_width=&#8220;0px&#8220; button_use_icon=&#8220;off&#8220; custom_margin=&#8220;|10px|0px|10px|false|false&#8220; custom_padding=&#8220;|0px||0px|false|false&#8220;][\/et_pb_button][et_pb_button button_url=&#8220;@ET-DC@eyJkeW5hbWljIjp0cnVlLCJjb250ZW50IjoicG9zdF9saW5rX3VybF9wYWdlIiwic2V0dGluZ3MiOnsicG9zdF9pZCI6IjU3In19@&#8220; button_text=&#8220;Folie f\u00fcr Druck und Laminierung&#8220; module_class=&#8220;btn-inline&#8220; _builder_version=&#8220;4.4.7&#8243; _dynamic_attributes=&#8220;button_url&#8220; custom_button=&#8220;on&#8220; button_text_size=&#8220;18px&#8220; button_text_color=&#8220;#000000&#8243; button_border_width=&#8220;3px&#8220; button_border_color=&#8220;#e02b20&#8243; button_border_radius=&#8220;0px&#8220; button_use_icon=&#8220;off&#8220; custom_margin=&#8220;|10px|-3px|10px|false|false&#8220; custom_padding=&#8220;|0px||0px|false|false&#8220; custom_css_main_element=&#8220;border-top: none !important;||border-left: none !important;||border-right: none [&hellip;]","og_url":"https:\/\/www.europlast.cz\/de\/sortiment\/polyethylen-folien\/folie-fur-druck-und-laminierung\/","og_site_name":"Europlast","article_modified_time":"2020-10-16T14:14:48+00:00","og_image":[{"width":381,"height":144,"url":"https:\/\/www.europlast.cz\/wp-content\/uploads\/2020\/06\/ep_Logo.png","type":"image\/png"}],"twitter_card":"summary_large_image","twitter_misc":{"Gesch\u00e4tzte Lesezeit":"4\u00a0Minuten"},"schema":{"@context":"https:\/\/schema.org","@graph":[{"@type":"WebPage","@id":"https:\/\/www.europlast.cz\/de\/sortiment\/polyethylen-folien\/folie-fur-druck-und-laminierung\/","url":"https:\/\/www.europlast.cz\/de\/sortiment\/polyethylen-folien\/folie-fur-druck-und-laminierung\/","name":"Folie f\u00fcr Druck und Laminierung | Europlast","isPartOf":{"@id":"https:\/\/www.europlast.cz\/#website"},"datePublished":"2020-08-11T10:58:32+00:00","dateModified":"2020-10-16T14:14:48+00:00","breadcrumb":{"@id":"https:\/\/www.europlast.cz\/de\/sortiment\/polyethylen-folien\/folie-fur-druck-und-laminierung\/#breadcrumb"},"inLanguage":"de","potentialAction":[{"@type":"ReadAction","target":["https:\/\/www.europlast.cz\/de\/sortiment\/polyethylen-folien\/folie-fur-druck-und-laminierung\/"]}]},{"@type":"BreadcrumbList","@id":"https:\/\/www.europlast.cz\/de\/sortiment\/polyethylen-folien\/folie-fur-druck-und-laminierung\/#breadcrumb","itemListElement":[{"@type":"ListItem","position":1,"name":"Zuhause","item":"https:\/\/www.europlast.cz\/de\/domov\/"},{"@type":"ListItem","position":2,"name":"Sortiment","item":"https:\/\/www.europlast.cz\/de\/sortiment\/"},{"@type":"ListItem","position":3,"name":"PE-Folien (Polyethylen-Folien)","item":"https:\/\/www.europlast.cz\/de\/sortiment\/polyethylen-folien\/"},{"@type":"ListItem","position":4,"name":"Folie f\u00fcr Druck und Laminierung"}]},{"@type":"WebSite","@id":"https:\/\/www.europlast.cz\/#website","url":"https:\/\/www.europlast.cz\/","name":"Europlast","description":"Obalov\u00e9 materi\u00e1ly a PE f\u00f3lie v prvot\u0159\u00eddn\u00ed kvalit\u011b","potentialAction":[{"@type":"SearchAction","target":{"@type":"EntryPoint","urlTemplate":"https:\/\/www.europlast.cz\/?s={search_term_string}"},"query-input":{"@type":"PropertyValueSpecification","valueRequired":true,"valueName":"search_term_string"}}],"inLanguage":"de"}]}},"_links":{"self":[{"href":"https:\/\/www.europlast.cz\/de\/wp-json\/wp\/v2\/pages\/1455"}],"collection":[{"href":"https:\/\/www.europlast.cz\/de\/wp-json\/wp\/v2\/pages"}],"about":[{"href":"https:\/\/www.europlast.cz\/de\/wp-json\/wp\/v2\/types\/page"}],"author":[{"embeddable":true,"href":"https:\/\/www.europlast.cz\/de\/wp-json\/wp\/v2\/users\/1"}],"replies":[{"embeddable":true,"href":"https:\/\/www.europlast.cz\/de\/wp-json\/wp\/v2\/comments?post=1455"}],"version-history":[{"count":6,"href":"https:\/\/www.europlast.cz\/de\/wp-json\/wp\/v2\/pages\/1455\/revisions"}],"predecessor-version":[{"id":2778,"href":"https:\/\/www.europlast.cz\/de\/wp-json\/wp\/v2\/pages\/1455\/revisions\/2778"}],"up":[{"embeddable":true,"href":"https:\/\/www.europlast.cz\/de\/wp-json\/wp\/v2\/pages\/1440"}],"wp:attachment":[{"href":"https:\/\/www.europlast.cz\/de\/wp-json\/wp\/v2\/media?parent=1455"}],"curies":[{"name":"wp","href":"https:\/\/api.w.org\/{rel}","templated":true}]}}