{"id":1451,"date":"2020-08-11T12:57:46","date_gmt":"2020-08-11T10:57:46","guid":{"rendered":"https:\/\/www.europlast.cz\/sortiment\/pe-folie\/teplem-smrstitelne-folie\/"},"modified":"2020-10-16T16:14:40","modified_gmt":"2020-10-16T14:14:40","slug":"warmerschrumpffolien","status":"publish","type":"page","link":"https:\/\/www.europlast.cz\/de\/sortiment\/polyethylen-folien\/warmerschrumpffolien\/","title":{"rendered":"W\u00e4rmeschrumpffolien"},"content":{"rendered":"<p>[et_pb_section fb_built=&#8220;1&#8243; _builder_version=&#8220;4.4.7&#8243;][et_pb_row _builder_version=&#8220;4.4.7&#8243;][et_pb_column type=&#8220;4_4&#8243; _builder_version=&#8220;4.4.7&#8243;][et_pb_text _builder_version=&#8220;4.4.7&#8243; hover_enabled=&#8220;0&#8243;]<\/p>\n<h2>PE-Folien (Polyethylen-Folien)<\/h2>\n<p>[\/et_pb_text][\/et_pb_column][\/et_pb_row][et_pb_row module_class=&#8220;btn-inline&#8220; _builder_version=&#8220;4.4.7&#8243; module_alignment=&#8220;center&#8220; custom_padding=&#8220;||0px||false|false&#8220; border_width_bottom=&#8220;3px&#8220; border_color_bottom=&#8220;rgba(51,51,51,0.1)&#8220;][et_pb_column type=&#8220;4_4&#8243; _builder_version=&#8220;4.4.7&#8243;][et_pb_button button_url=&#8220;@ET-DC@eyJkeW5hbWljIjp0cnVlLCJjb250ZW50IjoicG9zdF9saW5rX3VybF9wYWdlIiwic2V0dGluZ3MiOnsicG9zdF9pZCI6IjEzMDcifX0=@&#8220; button_text=&#8220;W\u00e4rmeschrumpffolien&#8220; module_class=&#8220;btn-inline&#8220; _builder_version=&#8220;4.4.7&#8243; _dynamic_attributes=&#8220;button_url&#8220; custom_button=&#8220;on&#8220; button_text_size=&#8220;18px&#8220; button_text_color=&#8220;#000000&#8243; button_border_width=&#8220;3px&#8220; button_border_color=&#8220;#e02b20&#8243; button_border_radius=&#8220;0px&#8220; button_use_icon=&#8220;off&#8220; custom_margin=&#8220;|10px|-3px|10px|false|false&#8220; custom_padding=&#8220;|0px||0px|false|false&#8220; custom_css_main_element=&#8220;border-top: none !important;||border-left: none !important;||border-right: none !important;&#8220;][\/et_pb_button][et_pb_button button_url=&#8220;@ET-DC@eyJkeW5hbWljIjp0cnVlLCJjb250ZW50IjoicG9zdF9saW5rX3VybF9wYWdlIiwic2V0dGluZ3MiOnsicG9zdF9pZCI6IjEzMDkifX0=@&#8220; button_text=&#8220;Folie f\u00fcr Druck und Laminierung&#8220; module_class=&#8220;btn-inline&#8220; _builder_version=&#8220;4.4.7&#8243; _dynamic_attributes=&#8220;button_url&#8220; custom_button=&#8220;on&#8220; button_text_size=&#8220;18px&#8220; button_text_color=&#8220;rgba(12,113,195,0.39)&#8220; button_border_width=&#8220;0px&#8220; button_use_icon=&#8220;off&#8220; custom_margin=&#8220;|10px|0px|10px|false|false&#8220; custom_padding=&#8220;|0px||0px|false|false&#8220;][\/et_pb_button][et_pb_button button_url=&#8220;@ET-DC@eyJkeW5hbWljIjp0cnVlLCJjb250ZW50IjoicG9zdF9saW5rX3VybF9wYWdlIiwic2V0dGluZ3MiOnsicG9zdF9pZCI6IjEzMTEifX0=@&#8220; button_text=&#8220;Konfektion und Regranulat&#8220; module_class=&#8220;btn-inline&#8220; _builder_version=&#8220;4.4.7&#8243; _dynamic_attributes=&#8220;button_url&#8220; custom_button=&#8220;on&#8220; button_text_size=&#8220;18px&#8220; button_text_color=&#8220;rgba(12,113,195,0.39)&#8220; button_border_width=&#8220;0px&#8220; button_use_icon=&#8220;off&#8220; custom_margin=&#8220;|10px|0px|10px|false|false&#8220; custom_padding=&#8220;|0px||0px|false|false&#8220;][\/et_pb_button][et_pb_button button_url=&#8220;@ET-DC@eyJkeW5hbWljIjp0cnVlLCJjb250ZW50IjoicG9zdF9saW5rX3VybF9wYWdlIiwic2V0dGluZ3MiOnsicG9zdF9pZCI6IjEzMTMifX0=@&#8220; button_text=&#8220;Verwendung&#8220; module_class=&#8220;btn-inline&#8220; _builder_version=&#8220;4.4.7&#8243; _dynamic_attributes=&#8220;button_url&#8220; custom_button=&#8220;on&#8220; button_text_size=&#8220;18px&#8220; button_text_color=&#8220;rgba(12,113,195,0.39)&#8220; button_border_width=&#8220;0px&#8220; button_use_icon=&#8220;off&#8220; custom_margin=&#8220;|10px|0px|10px|false|false&#8220; custom_padding=&#8220;|0px||0px|false|false&#8220;][\/et_pb_button][\/et_pb_column][\/et_pb_row][et_pb_row column_structure=&#8220;1_2,1_2&#8243; _builder_version=&#8220;4.4.7&#8243; custom_padding=&#8220;53px|||||&#8220;][et_pb_column type=&#8220;1_2&#8243; _builder_version=&#8220;4.4.7&#8243;][et_pb_text _builder_version=&#8220;4.4.7&#8243; text_text_color=&#8220;#005795&#8243; header_3_text_color=&#8220;#005795&#8243;]<\/p>\n<h3>EUDEX<\/h3>\n<p>[\/et_pb_text][et_pb_text _builder_version=&#8220;4.4.7&#8243;]<\/p>\n<p><strong>Einschichtige PE-Folie mit ausgezeichneter Schrumpff\u00e4higkeit<\/strong><span>\u00a0in L\u00e4ngs- und Querrichtung, geeignet f\u00fcr Gruppenverpackungen eines breiten Produktspektrums &#8211; Ziegel, Getr\u00e4nke, M\u00f6belkomponenten, Lebensmittel usw.<\/span><br \/><span>Die Festigkeitsmerkmale k\u00f6nnen durch einen genau gesteuerten Prozess erh\u00f6ht werden, und zwar durch Beimischung von getesteten Spitzenmaterialien<\/span><\/p>\n<p>[\/et_pb_text][\/et_pb_column][et_pb_column type=&#8220;1_2&#8243; _builder_version=&#8220;4.4.7&#8243;][et_pb_image src=&#8220;https:\/\/www.europlast.cz\/wp-content\/uploads\/2020\/08\/PE-folia-Eudex-e1596695953979.jpg&#8220; title_text=&#8220;OLYMPUS DIGITAL CAMERA&#8220; _builder_version=&#8220;4.4.7&#8243; custom_padding=&#8220;7px||||false|false&#8220;][\/et_pb_image][\/et_pb_column][\/et_pb_row][et_pb_row column_structure=&#8220;1_2,1_2&#8243; _builder_version=&#8220;4.4.7&#8243;][et_pb_column type=&#8220;1_2&#8243; _builder_version=&#8220;4.4.7&#8243;][et_pb_image src=&#8220;https:\/\/www.europlast.cz\/wp-content\/uploads\/2020\/08\/PE-folia-Tridex.jpg&#8220; title_text=&#8220;OLYMPUS DIGITAL CAMERA&#8220; _builder_version=&#8220;4.4.7&#8243;][\/et_pb_image][\/et_pb_column][et_pb_column type=&#8220;1_2&#8243; _builder_version=&#8220;4.4.7&#8243;][et_pb_text _builder_version=&#8220;4.4.7&#8243; text_text_color=&#8220;#005795&#8243; header_3_text_color=&#8220;#005795&#8243;]<\/p>\n<h3>TRIDEX<\/h3>\n<p>[\/et_pb_text][et_pb_text _builder_version=&#8220;4.4.7&#8243;]<\/p>\n<p><strong>Dreischichtige PE-Folie mit exzellenten Eigenschaften<\/strong><span>, die durch Koextrusion auf modernsten Maschinen erreicht werden: starke Schrumpfbarkeit, fehlerlose Schwei\u00dfung, extreme Festigkeit, ausgezeichnete Durchsichtigkeit und Glanz &#8211; alles in Standardausf\u00fchrung!<\/span><br \/><span>Die Nutzwerte k\u00f6nnen durch Beeinflussung der Eigenschaften jeder einzelnen Lage erh\u00f6ht werden, z. B. 1. Lage gleitf\u00e4hig, 2. geh\u00e4rtet, 3. aufgeraut.<\/span><\/p>\n<p>[\/et_pb_text][et_pb_text _builder_version=&#8220;4.4.7&#8243;]<\/p>\n<p><strong>TRIDEX-Folien stellen eine effektive L\u00f6sung bei der Minimierung des Verpackungsverbrauchs dar<\/strong><span>. Die oben genannten Eigenschaften erm\u00f6glichen die Anwendung von deutlich kleineren Folienst\u00e4rken als im Falle von einschichtigen Materialien. Weitere Einsparungen werden im Logistikbereich erzielt &#8211; der Umfang der Waren in der Bearbeitung, im Lager und beim Transport wird kleiner.<\/span><\/p>\n<p>[\/et_pb_text][\/et_pb_column][\/et_pb_row][et_pb_row _builder_version=&#8220;4.4.7&#8243;][et_pb_column type=&#8220;4_4&#8243; _builder_version=&#8220;4.4.7&#8243;][et_pb_text _builder_version=&#8220;4.4.7&#8243;]<\/p>\n<table border=\"0\" width=\"100%\">\n<tbody>\n<tr>\n<td><strong>Folienbreite<\/strong><\/td>\n<td>150 &#8211; 1.600 mm<\/td>\n<\/tr>\n<tr>\n<td><strong>Maximaler Umfang<\/strong><\/td>\n<td>3.200 mm<\/td>\n<\/tr>\n<tr>\n<td><strong>Folienst\u00e4rke<\/strong><\/td>\n<td>0,018 &#8211; 0,225 mm<\/td>\n<\/tr>\n<tr>\n<td><strong>Wicklung &#8211; Standardrolle<\/strong><\/td>\n<td>25 &#8211; 28 kg<\/td>\n<\/tr>\n<tr>\n<td><strong>Bei Rollen von gr\u00f6\u00dferen Breiten meistens<\/strong><\/td>\n<td>100 kg<\/td>\n<\/tr>\n<tr>\n<td colspan=\"2\">andere Rollenwicklungen k\u00f6nnen bestellt werden<\/td>\n<\/tr>\n<\/tbody>\n<\/table>\n<p>[\/et_pb_text][\/et_pb_column][\/et_pb_row][\/et_pb_section]<\/p>\n","protected":false},"excerpt":{"rendered":"<p>[et_pb_section fb_built=&#8220;1&#8243; _builder_version=&#8220;4.4.7&#8243;][et_pb_row _builder_version=&#8220;4.4.7&#8243;][et_pb_column type=&#8220;4_4&#8243; _builder_version=&#8220;4.4.7&#8243;][et_pb_text _builder_version=&#8220;4.4.7&#8243; hover_enabled=&#8220;0&#8243;] PE-Folien (Polyethylen-Folien) [\/et_pb_text][\/et_pb_column][\/et_pb_row][et_pb_row module_class=&#8220;btn-inline&#8220; _builder_version=&#8220;4.4.7&#8243; module_alignment=&#8220;center&#8220; custom_padding=&#8220;||0px||false|false&#8220; border_width_bottom=&#8220;3px&#8220; border_color_bottom=&#8220;rgba(51,51,51,0.1)&#8220;][et_pb_column type=&#8220;4_4&#8243; _builder_version=&#8220;4.4.7&#8243;][et_pb_button button_url=&#8220;@ET-DC@eyJkeW5hbWljIjp0cnVlLCJjb250ZW50IjoicG9zdF9saW5rX3VybF9wYWdlIiwic2V0dGluZ3MiOnsicG9zdF9pZCI6IjEzMDcifX0=@&#8220; button_text=&#8220;W\u00e4rmeschrumpffolien&#8220; module_class=&#8220;btn-inline&#8220; _builder_version=&#8220;4.4.7&#8243; _dynamic_attributes=&#8220;button_url&#8220; custom_button=&#8220;on&#8220; button_text_size=&#8220;18px&#8220; button_text_color=&#8220;#000000&#8243; button_border_width=&#8220;3px&#8220; button_border_color=&#8220;#e02b20&#8243; button_border_radius=&#8220;0px&#8220; button_use_icon=&#8220;off&#8220; custom_margin=&#8220;|10px|-3px|10px|false|false&#8220; custom_padding=&#8220;|0px||0px|false|false&#8220; custom_css_main_element=&#8220;border-top: none !important;||border-left: none !important;||border-right: none !important;&#8220;][\/et_pb_button][et_pb_button button_url=&#8220;@ET-DC@eyJkeW5hbWljIjp0cnVlLCJjb250ZW50IjoicG9zdF9saW5rX3VybF9wYWdlIiwic2V0dGluZ3MiOnsicG9zdF9pZCI6IjEzMDkifX0=@&#8220; button_text=&#8220;Folie f\u00fcr Druck und Laminierung&#8220; module_class=&#8220;btn-inline&#8220; _builder_version=&#8220;4.4.7&#8243; _dynamic_attributes=&#8220;button_url&#8220; custom_button=&#8220;on&#8220; button_text_size=&#8220;18px&#8220; button_text_color=&#8220;rgba(12,113,195,0.39)&#8220; button_border_width=&#8220;0px&#8220; button_use_icon=&#8220;off&#8220; custom_margin=&#8220;|10px|0px|10px|false|false&#8220; [&hellip;]<\/p>\n","protected":false},"author":1,"featured_media":0,"parent":1440,"menu_order":0,"comment_status":"closed","ping_status":"closed","template":"","meta":{"_acf_changed":false,"_et_pb_use_builder":"on","_et_pb_old_content":"","_et_gb_content_width":"","footnotes":""},"class_list":["post-1451","page","type-page","status-publish","hentry"],"acf":[],"yoast_head":"<!-- This site is optimized with the Yoast SEO plugin v23.7 - https:\/\/yoast.com\/wordpress\/plugins\/seo\/ -->\n<title>W\u00e4rmeschrumpffolien | Europlast<\/title>\n<meta name=\"robots\" content=\"index, follow, max-snippet:-1, max-image-preview:large, max-video-preview:-1\" \/>\n<link rel=\"canonical\" href=\"https:\/\/www.europlast.cz\/de\/sortiment\/polyethylen-folien\/warmerschrumpffolien\/\" \/>\n<meta property=\"og:locale\" content=\"de_DE\" \/>\n<meta property=\"og:type\" content=\"article\" \/>\n<meta property=\"og:title\" content=\"W\u00e4rmeschrumpffolien | Europlast\" \/>\n<meta property=\"og:description\" content=\"[et_pb_section fb_built=&#8220;1&#8243; _builder_version=&#8220;4.4.7&#8243;][et_pb_row _builder_version=&#8220;4.4.7&#8243;][et_pb_column type=&#8220;4_4&#8243; _builder_version=&#8220;4.4.7&#8243;][et_pb_text _builder_version=&#8220;4.4.7&#8243; hover_enabled=&#8220;0&#8243;] PE-Folien (Polyethylen-Folien) [\/et_pb_text][\/et_pb_column][\/et_pb_row][et_pb_row module_class=&#8220;btn-inline&#8220; _builder_version=&#8220;4.4.7&#8243; module_alignment=&#8220;center&#8220; custom_padding=&#8220;||0px||false|false&#8220; border_width_bottom=&#8220;3px&#8220; border_color_bottom=&#8220;rgba(51,51,51,0.1)&#8220;][et_pb_column type=&#8220;4_4&#8243; _builder_version=&#8220;4.4.7&#8243;][et_pb_button button_url=&#8220;@ET-DC@eyJkeW5hbWljIjp0cnVlLCJjb250ZW50IjoicG9zdF9saW5rX3VybF9wYWdlIiwic2V0dGluZ3MiOnsicG9zdF9pZCI6IjEzMDcifX0=@&#8220; button_text=&#8220;W\u00e4rmeschrumpffolien&#8220; module_class=&#8220;btn-inline&#8220; _builder_version=&#8220;4.4.7&#8243; _dynamic_attributes=&#8220;button_url&#8220; custom_button=&#8220;on&#8220; button_text_size=&#8220;18px&#8220; button_text_color=&#8220;#000000&#8243; button_border_width=&#8220;3px&#8220; button_border_color=&#8220;#e02b20&#8243; button_border_radius=&#8220;0px&#8220; button_use_icon=&#8220;off&#8220; custom_margin=&#8220;|10px|-3px|10px|false|false&#8220; custom_padding=&#8220;|0px||0px|false|false&#8220; custom_css_main_element=&#8220;border-top: none !important;||border-left: none !important;||border-right: none !important;&#8220;][\/et_pb_button][et_pb_button button_url=&#8220;@ET-DC@eyJkeW5hbWljIjp0cnVlLCJjb250ZW50IjoicG9zdF9saW5rX3VybF9wYWdlIiwic2V0dGluZ3MiOnsicG9zdF9pZCI6IjEzMDkifX0=@&#8220; button_text=&#8220;Folie f\u00fcr Druck und Laminierung&#8220; module_class=&#8220;btn-inline&#8220; _builder_version=&#8220;4.4.7&#8243; _dynamic_attributes=&#8220;button_url&#8220; custom_button=&#8220;on&#8220; button_text_size=&#8220;18px&#8220; button_text_color=&#8220;rgba(12,113,195,0.39)&#8220; button_border_width=&#8220;0px&#8220; button_use_icon=&#8220;off&#8220; custom_margin=&#8220;|10px|0px|10px|false|false&#8220; [&hellip;]\" \/>\n<meta property=\"og:url\" content=\"https:\/\/www.europlast.cz\/de\/sortiment\/polyethylen-folien\/warmerschrumpffolien\/\" \/>\n<meta property=\"og:site_name\" content=\"Europlast\" \/>\n<meta property=\"article:modified_time\" content=\"2020-10-16T14:14:40+00:00\" \/>\n<meta property=\"og:image\" content=\"https:\/\/www.europlast.cz\/wp-content\/uploads\/2020\/06\/ep_Logo.png\" \/>\n\t<meta property=\"og:image:width\" content=\"381\" \/>\n\t<meta property=\"og:image:height\" content=\"144\" \/>\n\t<meta property=\"og:image:type\" content=\"image\/png\" \/>\n<meta name=\"twitter:card\" content=\"summary_large_image\" \/>\n<meta name=\"twitter:label1\" content=\"Gesch\u00e4tzte Lesezeit\" \/>\n\t<meta name=\"twitter:data1\" content=\"4\u00a0Minuten\" \/>\n<script type=\"application\/ld+json\" class=\"yoast-schema-graph\">{\"@context\":\"https:\/\/schema.org\",\"@graph\":[{\"@type\":\"WebPage\",\"@id\":\"https:\/\/www.europlast.cz\/de\/sortiment\/polyethylen-folien\/warmerschrumpffolien\/\",\"url\":\"https:\/\/www.europlast.cz\/de\/sortiment\/polyethylen-folien\/warmerschrumpffolien\/\",\"name\":\"W\u00e4rmeschrumpffolien | Europlast\",\"isPartOf\":{\"@id\":\"https:\/\/www.europlast.cz\/#website\"},\"datePublished\":\"2020-08-11T10:57:46+00:00\",\"dateModified\":\"2020-10-16T14:14:40+00:00\",\"breadcrumb\":{\"@id\":\"https:\/\/www.europlast.cz\/de\/sortiment\/polyethylen-folien\/warmerschrumpffolien\/#breadcrumb\"},\"inLanguage\":\"de\",\"potentialAction\":[{\"@type\":\"ReadAction\",\"target\":[\"https:\/\/www.europlast.cz\/de\/sortiment\/polyethylen-folien\/warmerschrumpffolien\/\"]}]},{\"@type\":\"BreadcrumbList\",\"@id\":\"https:\/\/www.europlast.cz\/de\/sortiment\/polyethylen-folien\/warmerschrumpffolien\/#breadcrumb\",\"itemListElement\":[{\"@type\":\"ListItem\",\"position\":1,\"name\":\"Zuhause\",\"item\":\"https:\/\/www.europlast.cz\/de\/domov\/\"},{\"@type\":\"ListItem\",\"position\":2,\"name\":\"Sortiment\",\"item\":\"https:\/\/www.europlast.cz\/de\/sortiment\/\"},{\"@type\":\"ListItem\",\"position\":3,\"name\":\"PE-Folien (Polyethylen-Folien)\",\"item\":\"https:\/\/www.europlast.cz\/de\/sortiment\/polyethylen-folien\/\"},{\"@type\":\"ListItem\",\"position\":4,\"name\":\"W\u00e4rmeschrumpffolien\"}]},{\"@type\":\"WebSite\",\"@id\":\"https:\/\/www.europlast.cz\/#website\",\"url\":\"https:\/\/www.europlast.cz\/\",\"name\":\"Europlast\",\"description\":\"Obalov\u00e9 materi\u00e1ly a PE f\u00f3lie v prvot\u0159\u00eddn\u00ed kvalit\u011b\",\"potentialAction\":[{\"@type\":\"SearchAction\",\"target\":{\"@type\":\"EntryPoint\",\"urlTemplate\":\"https:\/\/www.europlast.cz\/?s={search_term_string}\"},\"query-input\":{\"@type\":\"PropertyValueSpecification\",\"valueRequired\":true,\"valueName\":\"search_term_string\"}}],\"inLanguage\":\"de\"}]}<\/script>\n<!-- \/ Yoast SEO plugin. -->","yoast_head_json":{"title":"W\u00e4rmeschrumpffolien | Europlast","robots":{"index":"index","follow":"follow","max-snippet":"max-snippet:-1","max-image-preview":"max-image-preview:large","max-video-preview":"max-video-preview:-1"},"canonical":"https:\/\/www.europlast.cz\/de\/sortiment\/polyethylen-folien\/warmerschrumpffolien\/","og_locale":"de_DE","og_type":"article","og_title":"W\u00e4rmeschrumpffolien | Europlast","og_description":"[et_pb_section fb_built=&#8220;1&#8243; _builder_version=&#8220;4.4.7&#8243;][et_pb_row _builder_version=&#8220;4.4.7&#8243;][et_pb_column type=&#8220;4_4&#8243; _builder_version=&#8220;4.4.7&#8243;][et_pb_text _builder_version=&#8220;4.4.7&#8243; hover_enabled=&#8220;0&#8243;] PE-Folien (Polyethylen-Folien) [\/et_pb_text][\/et_pb_column][\/et_pb_row][et_pb_row module_class=&#8220;btn-inline&#8220; _builder_version=&#8220;4.4.7&#8243; module_alignment=&#8220;center&#8220; custom_padding=&#8220;||0px||false|false&#8220; border_width_bottom=&#8220;3px&#8220; border_color_bottom=&#8220;rgba(51,51,51,0.1)&#8220;][et_pb_column type=&#8220;4_4&#8243; _builder_version=&#8220;4.4.7&#8243;][et_pb_button button_url=&#8220;@ET-DC@eyJkeW5hbWljIjp0cnVlLCJjb250ZW50IjoicG9zdF9saW5rX3VybF9wYWdlIiwic2V0dGluZ3MiOnsicG9zdF9pZCI6IjEzMDcifX0=@&#8220; button_text=&#8220;W\u00e4rmeschrumpffolien&#8220; module_class=&#8220;btn-inline&#8220; _builder_version=&#8220;4.4.7&#8243; _dynamic_attributes=&#8220;button_url&#8220; custom_button=&#8220;on&#8220; button_text_size=&#8220;18px&#8220; button_text_color=&#8220;#000000&#8243; button_border_width=&#8220;3px&#8220; button_border_color=&#8220;#e02b20&#8243; button_border_radius=&#8220;0px&#8220; button_use_icon=&#8220;off&#8220; custom_margin=&#8220;|10px|-3px|10px|false|false&#8220; custom_padding=&#8220;|0px||0px|false|false&#8220; custom_css_main_element=&#8220;border-top: none !important;||border-left: none !important;||border-right: none !important;&#8220;][\/et_pb_button][et_pb_button button_url=&#8220;@ET-DC@eyJkeW5hbWljIjp0cnVlLCJjb250ZW50IjoicG9zdF9saW5rX3VybF9wYWdlIiwic2V0dGluZ3MiOnsicG9zdF9pZCI6IjEzMDkifX0=@&#8220; button_text=&#8220;Folie f\u00fcr Druck und Laminierung&#8220; module_class=&#8220;btn-inline&#8220; _builder_version=&#8220;4.4.7&#8243; _dynamic_attributes=&#8220;button_url&#8220; custom_button=&#8220;on&#8220; button_text_size=&#8220;18px&#8220; button_text_color=&#8220;rgba(12,113,195,0.39)&#8220; button_border_width=&#8220;0px&#8220; button_use_icon=&#8220;off&#8220; custom_margin=&#8220;|10px|0px|10px|false|false&#8220; [&hellip;]","og_url":"https:\/\/www.europlast.cz\/de\/sortiment\/polyethylen-folien\/warmerschrumpffolien\/","og_site_name":"Europlast","article_modified_time":"2020-10-16T14:14:40+00:00","og_image":[{"width":381,"height":144,"url":"https:\/\/www.europlast.cz\/wp-content\/uploads\/2020\/06\/ep_Logo.png","type":"image\/png"}],"twitter_card":"summary_large_image","twitter_misc":{"Gesch\u00e4tzte Lesezeit":"4\u00a0Minuten"},"schema":{"@context":"https:\/\/schema.org","@graph":[{"@type":"WebPage","@id":"https:\/\/www.europlast.cz\/de\/sortiment\/polyethylen-folien\/warmerschrumpffolien\/","url":"https:\/\/www.europlast.cz\/de\/sortiment\/polyethylen-folien\/warmerschrumpffolien\/","name":"W\u00e4rmeschrumpffolien | Europlast","isPartOf":{"@id":"https:\/\/www.europlast.cz\/#website"},"datePublished":"2020-08-11T10:57:46+00:00","dateModified":"2020-10-16T14:14:40+00:00","breadcrumb":{"@id":"https:\/\/www.europlast.cz\/de\/sortiment\/polyethylen-folien\/warmerschrumpffolien\/#breadcrumb"},"inLanguage":"de","potentialAction":[{"@type":"ReadAction","target":["https:\/\/www.europlast.cz\/de\/sortiment\/polyethylen-folien\/warmerschrumpffolien\/"]}]},{"@type":"BreadcrumbList","@id":"https:\/\/www.europlast.cz\/de\/sortiment\/polyethylen-folien\/warmerschrumpffolien\/#breadcrumb","itemListElement":[{"@type":"ListItem","position":1,"name":"Zuhause","item":"https:\/\/www.europlast.cz\/de\/domov\/"},{"@type":"ListItem","position":2,"name":"Sortiment","item":"https:\/\/www.europlast.cz\/de\/sortiment\/"},{"@type":"ListItem","position":3,"name":"PE-Folien (Polyethylen-Folien)","item":"https:\/\/www.europlast.cz\/de\/sortiment\/polyethylen-folien\/"},{"@type":"ListItem","position":4,"name":"W\u00e4rmeschrumpffolien"}]},{"@type":"WebSite","@id":"https:\/\/www.europlast.cz\/#website","url":"https:\/\/www.europlast.cz\/","name":"Europlast","description":"Obalov\u00e9 materi\u00e1ly a PE f\u00f3lie v prvot\u0159\u00eddn\u00ed kvalit\u011b","potentialAction":[{"@type":"SearchAction","target":{"@type":"EntryPoint","urlTemplate":"https:\/\/www.europlast.cz\/?s={search_term_string}"},"query-input":{"@type":"PropertyValueSpecification","valueRequired":true,"valueName":"search_term_string"}}],"inLanguage":"de"}]}},"_links":{"self":[{"href":"https:\/\/www.europlast.cz\/de\/wp-json\/wp\/v2\/pages\/1451"}],"collection":[{"href":"https:\/\/www.europlast.cz\/de\/wp-json\/wp\/v2\/pages"}],"about":[{"href":"https:\/\/www.europlast.cz\/de\/wp-json\/wp\/v2\/types\/page"}],"author":[{"embeddable":true,"href":"https:\/\/www.europlast.cz\/de\/wp-json\/wp\/v2\/users\/1"}],"replies":[{"embeddable":true,"href":"https:\/\/www.europlast.cz\/de\/wp-json\/wp\/v2\/comments?post=1451"}],"version-history":[{"count":5,"href":"https:\/\/www.europlast.cz\/de\/wp-json\/wp\/v2\/pages\/1451\/revisions"}],"predecessor-version":[{"id":2776,"href":"https:\/\/www.europlast.cz\/de\/wp-json\/wp\/v2\/pages\/1451\/revisions\/2776"}],"up":[{"embeddable":true,"href":"https:\/\/www.europlast.cz\/de\/wp-json\/wp\/v2\/pages\/1440"}],"wp:attachment":[{"href":"https:\/\/www.europlast.cz\/de\/wp-json\/wp\/v2\/media?parent=1451"}],"curies":[{"name":"wp","href":"https:\/\/api.w.org\/{rel}","templated":true}]}}